{"id":38129,"date":"2026-03-06T16:08:24","date_gmt":"2026-03-06T16:08:24","guid":{"rendered":"https:\/\/comprasyconsejos.store\/product\/lg-49u950a-w-ultrawide-curved-monitor-49-nano-ips-5120x1440-329-144hz-hdr400-amd-freesync-premium-pro-ideal-multitasking-usb-c-pd-90w-tilt-height-adjustable-white\/"},"modified":"2026-03-06T16:08:44","modified_gmt":"2026-03-06T16:08:44","slug":"lg-49u950a-w-ultrawide-curved-monitor-49-nano-ips-5120x1440-329-144hz-hdr400-amd-freesync-premium-pro-ideal-multitasking-usb-c-pd-90w-tilt-height-adjustable-white","status":"publish","type":"product","link":"https:\/\/comprasyconsejos.store\/en\/product\/lg-49u950a-w-ultrawide-curved-monitor-49-nano-ips-5120x1440-329-144hz-hdr400-amd-freesync-premium-pro-ideal-multitasking-usb-c-pd-90w-tilt-height-adjustable-white\/","title":{"rendered":"LG 49U950A-W &#8211; UltraWide Curved Monitor, 49&#8243;, Nano IPS, (5120&#215;1440), 32:9, 144Hz, HDR400, AMD FreeSync Premium Pro\/Ideal Multitasking, USB-C (PD 90W), Tilt\/Height Adjustable, White"},"content":{"rendered":"<p>Price: <span style=\"color:#b12704\"><del>\u20ac1,499.00<\/del> - \u20ac1,199.00<\/span><br \/><i><small>(as of Mar 06, 2026 16:08:25 UTC &#8211; <span class=\"wp_automatic_amazon_disclaimer\" title=\"Product prices and availability are accurate as of the date\/time indicated and are subject to change. Any price and availability information displayed on [relevant Amazon Site(s), as applicable] at the time of purchase will apply to the purchase of this product.\">Details<\/span>)<\/small><\/i><\/p>\n<p><a href=\"https:\/\/amazon.es\/dp\/B0FKBNYF46?tag=man008-21\"><img decoding=\"async\" src=\"https:\/\/valvepress.s3.amazonaws.com\/imgs\/buy_now.png\"><\/a><br \/>\n<\/p>\n<p>                                             From the manufacturer   <\/p>\n<p>                                                                                                       <img decoding=\"async\" alt=\"El texto dice \u00abLG UltraWide Monitor Curved\u00bb. Pantalla ancha y curva que muestra una colorida interfaz de programaci\u00f3n y codificaci\u00f3n en un entorno de espacio de trabajo oscuro.\" src=\"https:\/\/images-na.ssl-images-amazon.com\/images\/G\/01\/x-locale\/common\/grey-pixel.gif\" class=\"a-lazy-loaded\" data-src=\"https:\/\/m.media-amazon.com\/images\/S\/aplus-media-library-service-media\/b5317778-59e4-43a9-ad08-029801eb3f12.__CR1,0,1464,600_PT0_SX1464_V1___.png\"><img decoding=\"async\" alt=\"El texto dice \u00abLG UltraWide Monitor Curved\u00bb. Pantalla ancha y curva que muestra una colorida interfaz de programaci\u00f3n y codificaci\u00f3n en un entorno de espacio de trabajo oscuro.\" src=\"https:\/\/m.media-amazon.com\/images\/S\/aplus-media-library-service-media\/b5317778-59e4-43a9-ad08-029801eb3f12.__CR1,0,1464,600_PT0_SX1464_V1___.png\">                                               <\/p>\n<p>                                                                                                       <img decoding=\"async\" alt=\"Pantalla digital que muestra m\u00faltiples pantallas de interfaz de videojuegos o streaming con fondos oscuros y gr\u00e1ficos de estilo ne\u00f3n\" src=\"https:\/\/images-na.ssl-images-amazon.com\/images\/G\/01\/x-locale\/common\/grey-pixel.gif\" class=\"a-lazy-loaded\" data-src=\"https:\/\/m.media-amazon.com\/images\/S\/aplus-media-library-service-media\/4bddc38a-22a4-44dc-b178-ec5e2767cc24.__CR1,0,1464,600_PT0_SX1464_V1___.png\"><img decoding=\"async\" alt=\"Pantalla digital que muestra m\u00faltiples pantallas de interfaz de videojuegos o streaming con fondos oscuros y gr\u00e1ficos de estilo ne\u00f3n\" src=\"https:\/\/m.media-amazon.com\/images\/S\/aplus-media-library-service-media\/4bddc38a-22a4-44dc-b178-ec5e2767cc24.__CR1,0,1464,600_PT0_SX1464_V1___.png\">                                               <\/p>\n<p>                                                                                  <img decoding=\"async\" alt=\"El texto dice \u00abVisualizaci\u00f3n ultrapanor\u00e1mica\u00bb. Pantalla de interfaz oscura que muestra varias pantallas con visualizaciones de datos e im\u00e1genes de puestas de sol sobre fondo negro.\" src=\"https:\/\/m.media-amazon.com\/images\/S\/aplus-media-library-service-media\/d5c237d9-9441-4b52-afd1-0d9881c2b954.__CR1,0,1464,600_PT0_SX1464_V1___.png\">       <\/p>\n<p>                                                                                  <img decoding=\"async\" alt=\"Varios paneles que muestran pantallas de dispositivos digitales con controles multimedia y elementos de interfaz. Ilustraci\u00f3n t\u00e9cnica que muestra varias configuraciones de pantalla y dise\u00f1os de control.\" src=\"https:\/\/m.media-amazon.com\/images\/S\/aplus-media-library-service-media\/e1d66129-4967-4e88-a5d8-3aa1c573f968.__CR1,0,1464,600_PT0_SX1464_V1___.png\">       <\/p>\n<p>                                                                                  <img decoding=\"async\" alt=\"El texto dice \u00ab\u00c1rea de visualizaci\u00f3n\u00bb. Interfaz de edici\u00f3n de v\u00eddeo profesional que muestra m\u00faltiples pantallas y paneles de control con herramientas de edici\u00f3n de formas de onda de audio y l\u00edneas de tiempo.\" src=\"https:\/\/m.media-amazon.com\/images\/S\/aplus-media-library-service-media\/d0c06a54-bccd-49ad-b991-4550be19389b.__CR1,0,1464,600_PT0_SX1464_V1___.png\">       <\/p>\n<p>                                                                                  <img decoding=\"async\" alt=\"El texto dice \u00abEscucha todos los detalles con la l\u00ednea de tiempo entre\u00bb. Interfaz de estaci\u00f3n de trabajo de audio digital que muestra pistas de l\u00ednea temporal multicolores y teclado musical.\" src=\"https:\/\/m.media-amazon.com\/images\/S\/aplus-media-library-service-media\/770be0df-6266-4ee1-b468-0466b1340611.__CR1,0,1464,600_PT0_SX1464_V1___.png\">       <\/p>\n<p>                                                                                  <img decoding=\"async\" alt=\"Pantalla de computadora que muestra un panel de an\u00e1lisis financiero o de datos con m\u00faltiples tablas, gr\u00e1ficos y visualizaciones de datos en un entorno oscuro.\" src=\"https:\/\/m.media-amazon.com\/images\/S\/aplus-media-library-service-media\/af2c106d-d5d2-4637-b0fd-94876f92d5ca.__CR1,0,1464,600_PT0_SX1464_V1___.png\">       <\/p>\n<p>                                                                                  <img decoding=\"async\" alt=\"Versi\u00f3n de pancarta ancha de la obra de arte del astronauta con casco que refleja burbujas de colores sobre un fondo c\u00f3smico\" src=\"https:\/\/m.media-amazon.com\/images\/S\/aplus-media-library-service-media\/b5273ba2-11f4-44d8-b9d6-17a8cb9b5531.__CR1,0,1464,600_PT0_SX1464_V1___.png\">       <\/p>\n<p>                                                                                  <img decoding=\"async\" alt=\"El texto dice \u00abNano IPS\u00bb, \u00abDCI-P3\u00bb, \u00abPantalla HDR\u00bb e iconos de calibraci\u00f3n de color. La interfaz del producto muestra varios logotipos de pantallas y tecnolog\u00edas de color dispuestos horizontalmente sobre un fondo negro.\" src=\"https:\/\/m.media-amazon.com\/images\/S\/aplus-media-library-service-media\/56f609bb-7e0e-41f8-b54d-816b70aa08e1.__CR1,0,1464,600_PT0_SX1464_V1___.png\">       <\/p>\n<p>                                                                                  <img decoding=\"async\" alt=\"El texto dice \u00ab500x1440\u00bb. Obra digital de color p\u00farpura que muestra un paisaje fant\u00e1stico con luces brillantes parecidas a las de una aurora en el cielo sobre un terreno monta\u00f1oso.\" src=\"https:\/\/m.media-amazon.com\/images\/S\/aplus-media-library-service-media\/9e45e2cf-f21a-4729-8f77-263e95b7d3b4.__CR1,0,1464,600_PT0_SX1464_V1___.png\">       <\/p>\n<p>                                                                                  <img decoding=\"async\" alt=\"El texto dice \u00abCargador USB universal\u00bb. Las im\u00e1genes del producto muestran un dispositivo de carga USB blanco con varios puertos y medidas dimensionales.\" src=\"https:\/\/m.media-amazon.com\/images\/S\/aplus-media-library-service-media\/9b0fa4c1-c039-4da9-a790-713d6764b8ab.__CR1,0,1464,600_PT0_SX1464_V1___.png\">       <\/p>\n<p>                                                                                  <img decoding=\"async\" alt=\"El texto dice: \u00abControl total de bordes a tus \u00f3rdenes\u00bb. Configuraci\u00f3n del equipo t\u00e9cnico que muestra el monitor del ordenador y la interfaz de control para el software o el sistema relacionados con el esqu\u00ed.\" src=\"https:\/\/m.media-amazon.com\/images\/S\/aplus-media-library-service-media\/b2507b7c-5fcf-4e7c-aca0-d9617cfae7b1.__CR1,0,1464,600_PT0_SX1464_V1___.png\">       <\/p>\n<p>                                                                                  <img decoding=\"async\" alt=\"Persona en el interior del autom\u00f3vil que extiende la mano para ajustar el dispositivo montado en el parabrisas o el espejo retrovisor en condiciones invernales nevadas.\" src=\"https:\/\/m.media-amazon.com\/images\/S\/aplus-media-library-service-media\/61c1b2bd-15b9-41cb-bada-23c59e69d52c.__CR1,0,1464,600_PT0_SX1464_V1___.png\">       <\/p>\n<p>                                                                                  <img decoding=\"async\" alt=\"Colecci\u00f3n de capturas de pantalla de la interfaz o maquetas digitales que muestran dise\u00f1os de aplicaciones o sitios web de tem\u00e1tica oscura con varios paneles.\" src=\"https:\/\/m.media-amazon.com\/images\/S\/aplus-media-library-service-media\/62563077-b459-4b2a-be6a-c08d4c7d483c.__CR1,0,1464,600_PT0_SX1464_V1___.png\">       <\/p>\n<p>                                                                                  <img decoding=\"async\" alt=\"Colecci\u00f3n de coloridos bloques de construcci\u00f3n o juguetes de construcci\u00f3n que se muestran en varios arreglos y configuraciones con diferentes patrones y dise\u00f1os.\" src=\"https:\/\/m.media-amazon.com\/images\/S\/aplus-media-library-service-media\/7ac6e7fb-b681-4022-9af7-7bcd85f8c012.__CR1,0,1464,600_PT0_SX1464_V1___.png\">       <\/p>\n<p>                                                                                                       <img decoding=\"async\" alt=\"El texto dice \u00abConfort ergon\u00f3mico\u00bb. Escritorio limpio y minimalista de color blanco con productos Apple, como el teclado, el rat\u00f3n y el monitor de pantalla, ordenados de forma ordenada.\" src=\"https:\/\/images-na.ssl-images-amazon.com\/images\/G\/01\/x-locale\/common\/grey-pixel.gif\" class=\"a-lazy-loaded\" data-src=\"https:\/\/m.media-amazon.com\/images\/S\/aplus-media-library-service-media\/dcf99323-723e-403d-b1b6-7ab44cb1accf.__CR1,0,1464,600_PT0_SX1464_V1___.png\"><img decoding=\"async\" alt=\"El texto dice \u00abConfort ergon\u00f3mico\u00bb. Escritorio limpio y minimalista de color blanco con productos Apple, como el teclado, el rat\u00f3n y el monitor de pantalla, ordenados de forma ordenada.\" src=\"https:\/\/m.media-amazon.com\/images\/S\/aplus-media-library-service-media\/dcf99323-723e-403d-b1b6-7ab44cb1accf.__CR1,0,1464,600_PT0_SX1464_V1___.png\">                                               <\/p>\n<p> Product Dimensions                                            \u200f                                            :                                            \u200e                                            26 x 121.5 x 59.8 cm; 17.3 kg   <br \/> Manufacturer                                            \u200f                                            :                                            \u200e                                            LG   <br \/> ASIN                                            \u200f                                            :                                            \u200e                                            B0FKBNYF46   <br \/> Item model number                                            \u200f                                            :                                            \u200e                                            49U950A-W.AEU   <br \/> Country of origin                                            \u200f                                            :                                            \u200e                                            Korea, Republic of   <br \/> Guaranteed software updates until                                            \u200f                                            :                                            \u200e                                            unknown   <br \/>  Customer reviews:                                                                                            4.4               4.4 out of 5 stars                                  (1,834)                                              var dpAcrHasRegisteredArcLinkClickAction;                    P.when(&#8216;A&#8217;, &#8216;ready&#8217;).execute(function(A) {                        if (dpAcrHasRegisteredArcLinkClickAction !== true) {                            dpAcrHasRegisteredArcLinkClickAction = true;                            A.declarative(                                &#8216;acrLink-click-metrics&#8217;, &#8216;click&#8217;,                                { \u00aballowLinkDefault\u00bb: true },                                function (event) {                                    if (window.ue) {                                        ue.count(\u00abacrLinkClickCount\u00bb, (ue.count(\u00abacrLinkClickCount\u00bb) || 0) + 1);                                    }                                }                            );                        }                    });                                             P.when(&#8216;A&#8217;, &#8216;cf&#8217;).execute(function(A) {                A.declarative(&#8216;acrStarsLink-click-metrics&#8217;, &#8216;click&#8217;, { \u00aballowLinkDefault\u00bb : true },  function(event){                    if(window.ue) {                        ue.count(\u00abacrStarsLinkWithPopoverClickCount\u00bb, (ue.count(\u00abacrStarsLinkWithPopoverClickCount\u00bb) || 0) + 1);                    }                });            });                          <\/p>\n<p>Double your usable surface thanks to the curved 32:9 format and the resolution of 5120x1440px, ideal for multitasking and maximum immersion.<br \/>Nano IPS panel with 144Hz frequency and 98% coverage of DCI-P3 spectrum, ensuring accurate colors and a smooth, realistic display.<br \/>AMD FreeSync Premium Pro to enjoy all the action in HDR without flickering, even at low refresh rates thanks to LFC.<br \/>A clearer desktop and compatibility with all brands thanks to USB-C, Image Transfer, Data Transfer and Charging (90W) with a single cable.<br \/>With LG Switch (1) switch between connected devices quickly and easily, and with Dual Controller you control both with a single keyboard and mouse, transferring files without hassle.<br \/>Built-in speakers (2pc, 10W) to be able to play audiovisual content in full and with the best quality.<\/p>\n\n","protected":false},"excerpt":{"rendered":"<p> From the manufacturer Product Dimensions \u200f : \u200e 26 x 121.5 x 59.8 cm; 17.3<\/p>","protected":false},"featured_media":38130,"comment_status":"open","ping_status":"closed","template":"","meta":[],"product_brand":[],"product_cat":[54],"product_tag":[853,1791,11483,7827,3143,876,530,1789,754,1787,1788,1792,1784,1786,1783,1790,1922,5533,703,844,11485,1205,1035,11484,7011,2920,1785,188,205],"class_list":{"0":"post-38129","1":"product","2":"type-product","3":"status-publish","4":"has-post-thumbnail","6":"product_cat-curved-monitors","7":"product_tag-144hz","8":"product_tag-144hz-curved-monitor","9":"product_tag-49u950aw","10":"product_tag-5120x1440","11":"product_tag-90w","12":"product_tag-adjustable","13":"product_tag-amd","14":"product_tag-best-curved-monitor","15":"product_tag-curved","16":"product_tag-curved-27-inch-monitor","17":"product_tag-curved-32-inch-monitor","18":"product_tag-curved-computer-monitor","19":"product_tag-curved-gaming-monitor","20":"product_tag-curved-led-monitor","21":"product_tag-curved-monitor","22":"product_tag-curved-monitor-price","23":"product_tag-freesync","24":"product_tag-hdr400","25":"product_tag-ips","26":"product_tag-monitor","27":"product_tag-multitasking","28":"product_tag-nano","29":"product_tag-premium","30":"product_tag-proideal","31":"product_tag-tiltheight","32":"product_tag-ultrawide","33":"product_tag-ultrawide-curved-monitor","34":"product_tag-usbc","35":"product_tag-white","37":"first","38":"instock","39":"sale","40":"shipping-taxable","41":"product-type-external"},"_links":{"self":[{"href":"https:\/\/comprasyconsejos.store\/en\/wp-json\/wp\/v2\/product\/38129","targetHints":{"allow":["GET"]}}],"collection":[{"href":"https:\/\/comprasyconsejos.store\/en\/wp-json\/wp\/v2\/product"}],"about":[{"href":"https:\/\/comprasyconsejos.store\/en\/wp-json\/wp\/v2\/types\/product"}],"replies":[{"embeddable":true,"href":"https:\/\/comprasyconsejos.store\/en\/wp-json\/wp\/v2\/comments?post=38129"}],"version-history":[{"count":0,"href":"https:\/\/comprasyconsejos.store\/en\/wp-json\/wp\/v2\/product\/38129\/revisions"}],"wp:featuredmedia":[{"embeddable":true,"href":"https:\/\/comprasyconsejos.store\/en\/wp-json\/wp\/v2\/media\/38130"}],"wp:attachment":[{"href":"https:\/\/comprasyconsejos.store\/en\/wp-json\/wp\/v2\/media?parent=38129"}],"wp:term":[{"taxonomy":"product_brand","embeddable":true,"href":"https:\/\/comprasyconsejos.store\/en\/wp-json\/wp\/v2\/product_brand?post=38129"},{"taxonomy":"product_cat","embeddable":true,"href":"https:\/\/comprasyconsejos.store\/en\/wp-json\/wp\/v2\/product_cat?post=38129"},{"taxonomy":"product_tag","embeddable":true,"href":"https:\/\/comprasyconsejos.store\/en\/wp-json\/wp\/v2\/product_tag?post=38129"}],"curies":[{"name":"wp","href":"https:\/\/api.w.org\/{rel}","templated":true}]}}