{"id":38207,"date":"2026-03-06T18:15:20","date_gmt":"2026-03-06T18:15:20","guid":{"rendered":"https:\/\/comprasyconsejos.store\/product\/support-gpu-graphics-card-video-card-supportgpu-holder-l70mm-120mm\/"},"modified":"2026-03-06T18:15:26","modified_gmt":"2026-03-06T18:15:26","slug":"support-gpu-graphics-card-video-card-supportgpu-holder-l70mm-120mm","status":"publish","type":"product","link":"https:\/\/comprasyconsejos.store\/en\/product\/support-gpu-graphics-card-video-card-supportgpu-holder-l70mm-120mm\/","title":{"rendered":"Support GPU Graphics Card, Video Card Support,GPU Holder, L(70mm-120mm)"},"content":{"rendered":"<p>Price: <span style=\"color:#b12704\"><del>\u20ac13.99<\/del> - \u20ac6.99<\/span><br \/><i><small>(as of Mar 06, 2026 18:15:20 UTC &#8211; <span class=\"wp_automatic_amazon_disclaimer\" title=\"Product prices and availability are accurate as of the date\/time indicated and are subject to change. Any price and availability information displayed on [relevant Amazon Site(s), as applicable] at the time of purchase will apply to the purchase of this product.\">Details<\/span>)<\/small><\/i><\/p>\n<p><a href=\"https:\/\/amazon.es\/dp\/B0BHZGT2FY?tag=man008-21\"><img decoding=\"async\" src=\"https:\/\/valvepress.s3.amazonaws.com\/imgs\/buy_now.png\"><\/a><br \/>\n<\/p>\n<p>                                             From the brand   <\/p>\n<p>                                              <img decoding=\"async\" alt=\"muestra ventiladores de refrigeraci\u00f3n RGB con efectos de iluminaci\u00f3n arco\u00edris y componentes internos visibles a trav\u00e9s del panel de vidrio templado.\" src=\"https:\/\/images-na.ssl-images-amazon.com\/images\/G\/01\/x-locale\/common\/grey-pixel.gif\" class=\"a-lazy-loaded\" data-src=\"https:\/\/m.media-amazon.com\/images\/S\/aplus-media-library-service-media\/77970b9f-98e8-413a-b8ab-95809567a42b.__CR0,0,2000,854_PT0_SX1464_V1___.png\"><img decoding=\"async\" alt=\"muestra ventiladores de refrigeraci\u00f3n RGB con efectos de iluminaci\u00f3n arco\u00edris y componentes internos visibles a trav\u00e9s del panel de vidrio templado.\" src=\"https:\/\/m.media-amazon.com\/images\/S\/aplus-media-library-service-media\/77970b9f-98e8-413a-b8ab-95809567a42b.__CR0,0,2000,854_PT0_SX1464_V1___.png\">  <\/p>\n<p>                                              <img decoding=\"async\" alt=\"\" src=\"https:\/\/images-na.ssl-images-amazon.com\/images\/G\/01\/x-locale\/common\/grey-pixel.gif\" class=\"a-lazy-loaded\" data-src=\"https:\/\/m.media-amazon.com\/images\/S\/aplus-media-library-service-media\/3254bf32-07f2-4e2e-a20d-cb5275ea256a.__CR0,0,999,460_PT0_SX315_V1___.png\"><img decoding=\"async\" alt=\"\" src=\"https:\/\/m.media-amazon.com\/images\/S\/aplus-media-library-service-media\/3254bf32-07f2-4e2e-a20d-cb5275ea256a.__CR0,0,999,460_PT0_SX315_V1___.png\">  <\/p>\n<p> Uyubao es una empresa dedicada al desarrollo de accesorios inform\u00e1ticos y electrodom\u00e9sticos. <\/p>\n<p> Facilitar la vida de los clientes con respecto a la prestaci\u00f3n de servicios de calidad. <\/p>\n<p> Si tiene alg\u00fan problema con los productos de Uyubao, h\u00e1ganoslo saber. Agradecemos sinceramente que venga a nosotros, lo que nos impulsa continuamente. <\/p>\n<p>                                              <img decoding=\"async\" alt=\"\" src=\"https:\/\/images-na.ssl-images-amazon.com\/images\/G\/01\/x-locale\/common\/grey-pixel.gif\" class=\"a-lazy-loaded\" data-src=\"https:\/\/m.media-amazon.com\/images\/S\/aplus-media-library-service-media\/47f76c7c-1d91-40bf-93db-517e2774bc3d.__CR0,0,600,751_PT0_SX362_V1___.png\"><img decoding=\"async\" alt=\"\" src=\"https:\/\/m.media-amazon.com\/images\/S\/aplus-media-library-service-media\/47f76c7c-1d91-40bf-93db-517e2774bc3d.__CR0,0,600,751_PT0_SX362_V1___.png\">  <\/p>\n<h3> Soporte de tarjeta gr\u00e1fica <\/h3>\n<p>                                              <img decoding=\"async\" alt=\"Tres cilindros de metal negro de altura creciente con empu\u00f1aduras texturizadas y tapas lisas, que se muestran sobre un fondo oscuro con elementos coloridos borrosos\" src=\"https:\/\/images-na.ssl-images-amazon.com\/images\/G\/01\/x-locale\/common\/grey-pixel.gif\" class=\"a-lazy-loaded\" data-src=\"https:\/\/m.media-amazon.com\/images\/S\/aplus-media-library-service-media\/fe3ce0e2-0855-4487-8283-da808b4f037e.__CR0,0,800,1001_PT0_SX362_V1___.png\"><img decoding=\"async\" alt=\"Tres cilindros de metal negro de altura creciente con empu\u00f1aduras texturizadas y tapas lisas, que se muestran sobre un fondo oscuro con elementos coloridos borrosos\" src=\"https:\/\/m.media-amazon.com\/images\/S\/aplus-media-library-service-media\/fe3ce0e2-0855-4487-8283-da808b4f037e.__CR0,0,800,1001_PT0_SX362_V1___.png\">  <\/p>\n<p>                                              <img decoding=\"async\" alt=\"con secciones de agarre moleteadas y una peque\u00f1a herramienta verde para nivelar burbujas\" src=\"https:\/\/images-na.ssl-images-amazon.com\/images\/G\/01\/x-locale\/common\/grey-pixel.gif\" class=\"a-lazy-loaded\" data-src=\"https:\/\/m.media-amazon.com\/images\/S\/aplus-media-library-service-media\/5de3388e-d7a7-46d6-8c86-26faf06fb554.__CR21,0,959,1200_PT0_SX362_V1___.png\"><img decoding=\"async\" alt=\"con secciones de agarre moleteadas y una peque\u00f1a herramienta verde para nivelar burbujas\" src=\"https:\/\/m.media-amazon.com\/images\/S\/aplus-media-library-service-media\/5de3388e-d7a7-46d6-8c86-26faf06fb554.__CR21,0,959,1200_PT0_SX362_V1___.png\">  <\/p>\n<p>                                              <img decoding=\"async\" alt=\"Dos objetos cil\u00edndricos blancos con extremos roscados, posiblemente para un montaje ajustable. Incluye un peque\u00f1o nivel de alcohol ecol\u00f3gico para una instalaci\u00f3n precisa.\" src=\"https:\/\/images-na.ssl-images-amazon.com\/images\/G\/01\/x-locale\/common\/grey-pixel.gif\" class=\"a-lazy-loaded\" data-src=\"https:\/\/m.media-amazon.com\/images\/S\/aplus-media-library-service-media\/662e61b5-19f7-43c8-bdfb-8828a105c606.__CR0,0,800,1001_PT0_SX362_V1___.png\"><img decoding=\"async\" alt=\"Dos objetos cil\u00edndricos blancos con extremos roscados, posiblemente para un montaje ajustable. Incluye un peque\u00f1o nivel de alcohol ecol\u00f3gico para una instalaci\u00f3n precisa.\" src=\"https:\/\/m.media-amazon.com\/images\/S\/aplus-media-library-service-media\/662e61b5-19f7-43c8-bdfb-8828a105c606.__CR0,0,800,1001_PT0_SX362_V1___.png\">  <\/p>\n<p>                                              <img decoding=\"async\" alt=\"Dos soportes para papel higi\u00e9nico, uno negro y otro blanco. Dise\u00f1o independiente con base circular y m\u00e1stil vertical con brazo horizontal\" src=\"https:\/\/images-na.ssl-images-amazon.com\/images\/G\/01\/x-locale\/common\/grey-pixel.gif\" class=\"a-lazy-loaded\" data-src=\"https:\/\/m.media-amazon.com\/images\/S\/aplus-media-library-service-media\/a682b0fc-a61f-47dc-aca7-7d63b8ed28a1.__CR0,0,800,1001_PT0_SX362_V1___.png\"><img decoding=\"async\" alt=\"Dos soportes para papel higi\u00e9nico, uno negro y otro blanco. Dise\u00f1o independiente con base circular y m\u00e1stil vertical con brazo horizontal\" src=\"https:\/\/m.media-amazon.com\/images\/S\/aplus-media-library-service-media\/a682b0fc-a61f-47dc-aca7-7d63b8ed28a1.__CR0,0,800,1001_PT0_SX362_V1___.png\">  <\/p>\n<h3> Soporte de tarjeta gr\u00e1fica <\/h3>\n<p>                                              <img decoding=\"async\" alt=\"\" src=\"https:\/\/images-na.ssl-images-amazon.com\/images\/G\/01\/x-locale\/common\/grey-pixel.gif\" class=\"a-lazy-loaded\" data-src=\"https:\/\/m.media-amazon.com\/images\/S\/aplus-media-library-service-media\/ad7dc7ba-d41f-4fb1-8a83-9cc6fcbd0f67.__CR0,0,780,976_PT0_SX362_V1___.png\"><img decoding=\"async\" alt=\"\" src=\"https:\/\/m.media-amazon.com\/images\/S\/aplus-media-library-service-media\/ad7dc7ba-d41f-4fb1-8a83-9cc6fcbd0f67.__CR0,0,780,976_PT0_SX362_V1___.png\">  <\/p>\n<h3> F\u00e1cil de instalar <\/h3>\n<p>                                              <img decoding=\"async\" alt=\"\" src=\"https:\/\/images-na.ssl-images-amazon.com\/images\/G\/01\/x-locale\/common\/grey-pixel.gif\" class=\"a-lazy-loaded\" data-src=\"https:\/\/m.media-amazon.com\/images\/S\/aplus-media-library-service-media\/37e65f0c-0fe1-49b8-8cd9-e1dd2d5925b9.__CR0,0,800,1001_PT0_SX362_V1___.png\"><img decoding=\"async\" alt=\"\" src=\"https:\/\/m.media-amazon.com\/images\/S\/aplus-media-library-service-media\/37e65f0c-0fe1-49b8-8cd9-e1dd2d5925b9.__CR0,0,800,1001_PT0_SX362_V1___.png\">  <\/p>\n<h3> F\u00e1cil de instalar <\/h3>\n<p>                                              <img decoding=\"async\" alt=\"\" src=\"https:\/\/images-na.ssl-images-amazon.com\/images\/G\/01\/x-locale\/common\/grey-pixel.gif\" class=\"a-lazy-loaded\" data-src=\"https:\/\/m.media-amazon.com\/images\/S\/aplus-media-library-service-media\/e2dc2e1a-7d81-4d12-9a85-af9ac26ad1db.__CR39,0,921,1153_PT0_SX362_V1___.png\"><img decoding=\"async\" alt=\"\" src=\"https:\/\/m.media-amazon.com\/images\/S\/aplus-media-library-service-media\/e2dc2e1a-7d81-4d12-9a85-af9ac26ad1db.__CR39,0,921,1153_PT0_SX362_V1___.png\">  <\/p>\n<h3> F\u00e1cil de instalar <\/h3>\n<p> Product Dimensions                                            \u200f                                            :                                            \u200e                                            11.99 x 7.01 x 0.1 cm; 32 g   <br \/> Manufacturer                                            \u200f                                            :                                            \u200e                                            Uyubao   <br \/> ASIN                                            \u200f                                            :                                            \u200e                                            B0BHZGT2FY   <br \/> Item model number                                            \u200f                                            :                                            \u200e                                            L   <br \/> Country\/Region of Origin                                            \u200f                                            :                                            \u200e                                            China   <br \/> Guaranteed software updates until                                            \u200f                                            :                                            \u200e                                            unknown   <br \/>  Customer reviews:                                                                                            4.7               4.7 out of 5 stars                                  (3,096)                                              var dpAcrHasRegisteredArcLinkClickAction;                    P.when(&#8216;A&#8217;, &#8216;ready&#8217;).execute(function(A) {                        if (dpAcrHasRegisteredArcLinkClickAction !== true) {                            dpAcrHasRegisteredArcLinkClickAction = true;                            A.declarative(                                &#8216;acrLink-click-metrics&#8217;, &#8216;click&#8217;,                                { \u00aballowLinkDefault\u00bb: true },                                function (event) {                                    if (window.ue) {                                        ue.count(\u00abacrLinkClickCount\u00bb, (ue.count(\u00abacrLinkClickCount\u00bb) || 0) + 1);                                    }                                }                            );                        }                    });                                             P.when(&#8216;A&#8217;, &#8216;cf&#8217;).execute(function(A) {                A.declarative(&#8216;acrStarsLink-click-metrics&#8217;, &#8216;click&#8217;, { \u00aballowLinkDefault\u00bb : true },  function(event){                    if(window.ue) {                        ue.count(\u00abacrStarsLinkWithPopoverClickCount\u00bb, (ue.count(\u00abacrStarsLinkWithPopoverClickCount\u00bb) || 0) + 1);                    }                });            });                          <\/p>\n<p>\u3010Graphics Card Support\u3011 &#8212; This graphics card holder is to provide support at the end of the graphics card, to keep the graphics card in a parallel state, and to prevent the graphics card from malfunction due to gravity deformation. If you have a large, heavy graphics card, you may need 2 or more GPU support.<br \/>\u3010Telescopic Screw Design\u3011 &#8212; The minimum size of the GPU holder is 2.76 inches, and the maximum size is 4.72 inches. The height can be flexibly adjusted to meet the needs of different chassis.<br \/>\u3010All-aluminum metal material\u3011&#8211; Upgraded graphics card holder, this GPU holder is made of quality aluminum metal material, provides strong and durable support.<br \/>\u3010Magnet Base Design\u3011 &#8212; Hidden magnets on the base of the GPU holder are designed for easy installation and a more stable position in the case. There is no slipping when using this GUP stand. Comes with a leveler to aid installation.<br \/>\u3010Satisfaction Guarantee\u3011&#8211; If for any reason you are not absolutely 100% satisfied by our GPU support, we will refund or replace a new graphics card support.All questions will be answered within 12 hours.After-sales email: uyubao@outlook.com<\/p>\n\n","protected":false},"excerpt":{"rendered":"<p> From the brand Uyubao es una empresa dedicada al desarrollo de accesorios inform\u00e1ticos y electrodom\u00e9sticos.<\/p>","protected":false},"featured_media":38208,"comment_status":"open","ping_status":"closed","template":"","meta":[],"product_brand":[],"product_cat":[75],"product_tag":[1432,1427,1433,1420,1428,599,644,1425,1566,11503,1426,1429,1430,1431,1098,11502,2230],"class_list":{"0":"post-38207","1":"product","2":"type-product","3":"status-publish","4":"has-post-thumbnail","6":"product_cat-graphics-cards","7":"product_tag-8gb-graphics-card","8":"product_tag-amd-radeon-gpu","9":"product_tag-best-gpu","10":"product_tag-card","11":"product_tag-gaming-graphics-card","12":"product_tag-gpu","13":"product_tag-graphics","14":"product_tag-graphics-card","15":"product_tag-holder","16":"product_tag-l70mm120mm","17":"product_tag-nvidia-rtx-graphics-card","18":"product_tag-rtx-4060","19":"product_tag-rtx-4070","20":"product_tag-rtx-4080","21":"product_tag-support","22":"product_tag-supportgpu","23":"product_tag-video","25":"first","26":"instock","27":"sale","28":"shipping-taxable","29":"product-type-external"},"_links":{"self":[{"href":"https:\/\/comprasyconsejos.store\/en\/wp-json\/wp\/v2\/product\/38207","targetHints":{"allow":["GET"]}}],"collection":[{"href":"https:\/\/comprasyconsejos.store\/en\/wp-json\/wp\/v2\/product"}],"about":[{"href":"https:\/\/comprasyconsejos.store\/en\/wp-json\/wp\/v2\/types\/product"}],"replies":[{"embeddable":true,"href":"https:\/\/comprasyconsejos.store\/en\/wp-json\/wp\/v2\/comments?post=38207"}],"version-history":[{"count":0,"href":"https:\/\/comprasyconsejos.store\/en\/wp-json\/wp\/v2\/product\/38207\/revisions"}],"wp:featuredmedia":[{"embeddable":true,"href":"https:\/\/comprasyconsejos.store\/en\/wp-json\/wp\/v2\/media\/38208"}],"wp:attachment":[{"href":"https:\/\/comprasyconsejos.store\/en\/wp-json\/wp\/v2\/media?parent=38207"}],"wp:term":[{"taxonomy":"product_brand","embeddable":true,"href":"https:\/\/comprasyconsejos.store\/en\/wp-json\/wp\/v2\/product_brand?post=38207"},{"taxonomy":"product_cat","embeddable":true,"href":"https:\/\/comprasyconsejos.store\/en\/wp-json\/wp\/v2\/product_cat?post=38207"},{"taxonomy":"product_tag","embeddable":true,"href":"https:\/\/comprasyconsejos.store\/en\/wp-json\/wp\/v2\/product_tag?post=38207"}],"curies":[{"name":"wp","href":"https:\/\/api.w.org\/{rel}","templated":true}]}}