{"id":38268,"date":"2026-03-06T20:20:40","date_gmt":"2026-03-06T20:20:40","guid":{"rendered":"https:\/\/comprasyconsejos.store\/product\/laptop-pc-gaming-15-6-inch-16gb-ram-1tb-ssd-laptop-processor-i3-1025g1-up-to-3-4-ghz-backlit-keyboard-metal-case-and-fingerprint-unlock\/"},"modified":"2026-03-06T20:20:49","modified_gmt":"2026-03-06T20:20:49","slug":"laptop-pc-gaming-15-6-inch-16gb-ram-1tb-ssd-laptop-processor-i3-1025g1-up-to-3-4-ghz-backlit-keyboard-metal-case-and-fingerprint-unlock","status":"publish","type":"product","link":"https:\/\/comprasyconsejos.store\/en\/product\/laptop-pc-gaming-15-6-inch-16gb-ram-1tb-ssd-laptop-processor-i3-1025g1-up-to-3-4-ghz-backlit-keyboard-metal-case-and-fingerprint-unlock\/","title":{"rendered":"Laptop PC Gaming 15.6 Inch 16GB RAM 1TB SSD Laptop Processor i3-1025G1 Up to 3.4 GHz, Backlit Keyboard, Metal Case and Fingerprint Unlock"},"content":{"rendered":"<p>Price: <span style=\"color:#b12704\">\u20ac559.99<\/span><br \/><i><small>(as of Mar 06, 2026 20:20:40 UTC &#8211; <span class=\"wp_automatic_amazon_disclaimer\" title=\"Product prices and availability are accurate as of the date\/time indicated and are subject to change. Any price and availability information displayed on [relevant Amazon Site(s), as applicable] at the time of purchase will apply to the purchase of this product.\">Details<\/span>)<\/small><\/i><\/p>\n<p><a href=\"https:\/\/amazon.es\/dp\/B0FY36ZDMF?tag=man008-21\"><img decoding=\"async\" src=\"https:\/\/valvepress.s3.amazonaws.com\/imgs\/buy_now.png\"><\/a><br \/>\n<\/p>\n<p>                                             Product Description   <\/p>\n<p>                                                                             <img decoding=\"async\" alt=\"aplus content image\" src=\"https:\/\/images-na.ssl-images-amazon.com\/images\/G\/01\/x-locale\/common\/grey-pixel.gif\" class=\"a-spacing-base a-lazy-loaded\" data-src=\"https:\/\/m.media-amazon.com\/images\/S\/aplus-media-library-service-media\/eaee7392-92d8-4d7c-96ed-781d1a7323d5.__CR0,0,970,600_PT0_SX970_V1___.jpg\"><img decoding=\"async\" alt=\"aplus content image\" src=\"https:\/\/m.media-amazon.com\/images\/S\/aplus-media-library-service-media\/eaee7392-92d8-4d7c-96ed-781d1a7323d5.__CR0,0,970,600_PT0_SX970_V1___.jpg\">                                                                    <\/p>\n<p>                                                                             <img decoding=\"async\" alt=\"aplus content image\" src=\"https:\/\/images-na.ssl-images-amazon.com\/images\/G\/01\/x-locale\/common\/grey-pixel.gif\" class=\"a-spacing-base a-lazy-loaded\" data-src=\"https:\/\/m.media-amazon.com\/images\/S\/aplus-media-library-service-media\/fb2436ee-8e95-41ba-8a50-b243d8f53a2d.__CR0,0,970,600_PT0_SX970_V1___.jpg\"><img decoding=\"async\" alt=\"aplus content image\" src=\"https:\/\/m.media-amazon.com\/images\/S\/aplus-media-library-service-media\/fb2436ee-8e95-41ba-8a50-b243d8f53a2d.__CR0,0,970,600_PT0_SX970_V1___.jpg\">                                                                    <\/p>\n<p>                                                                             <img decoding=\"async\" alt=\"aplus content image\" src=\"https:\/\/images-na.ssl-images-amazon.com\/images\/G\/01\/x-locale\/common\/grey-pixel.gif\" class=\"a-spacing-base a-lazy-loaded\" data-src=\"https:\/\/m.media-amazon.com\/images\/S\/aplus-media-library-service-media\/d4c5d997-c685-444f-b998-1976a67e0148.__CR0,0,970,600_PT0_SX970_V1___.jpg\"><img decoding=\"async\" alt=\"aplus content image\" src=\"https:\/\/m.media-amazon.com\/images\/S\/aplus-media-library-service-media\/d4c5d997-c685-444f-b998-1976a67e0148.__CR0,0,970,600_PT0_SX970_V1___.jpg\">                                                                    <\/p>\n<p>                                                                             <img decoding=\"async\" alt=\"aplus content image\" src=\"https:\/\/images-na.ssl-images-amazon.com\/images\/G\/01\/x-locale\/common\/grey-pixel.gif\" class=\"a-spacing-base a-lazy-loaded\" data-src=\"https:\/\/m.media-amazon.com\/images\/S\/aplus-media-library-service-media\/f780ed31-c61c-45ba-9c64-ff89d158a952.__CR0,0,970,600_PT0_SX970_V1___.jpg\"><img decoding=\"async\" alt=\"aplus content image\" src=\"https:\/\/m.media-amazon.com\/images\/S\/aplus-media-library-service-media\/f780ed31-c61c-45ba-9c64-ff89d158a952.__CR0,0,970,600_PT0_SX970_V1___.jpg\">                                                                    <\/p>\n<p>                                                                             <img decoding=\"async\" alt=\"El texto dice \u00abAltavoces est\u00e9reo de doble canal\u00bb y \u00abM\u00fasica 3D\u00bb. Imagen promocional que muestra efectos de iluminaci\u00f3n azul y una atm\u00f3sfera similar a la de un concierto con siluetas de p\u00fablico.\" src=\"https:\/\/images-na.ssl-images-amazon.com\/images\/G\/01\/x-locale\/common\/grey-pixel.gif\" class=\"a-spacing-base a-lazy-loaded\" data-src=\"https:\/\/m.media-amazon.com\/images\/S\/aplus-media-library-service-media\/2ef7aa82-a6b3-4cf9-9600-a0338b3b8633.__CR0,0,970,600_PT0_SX970_V1___.jpg\"><img decoding=\"async\" alt=\"El texto dice \u00abAltavoces est\u00e9reo de doble canal\u00bb y \u00abM\u00fasica 3D\u00bb. Imagen promocional que muestra efectos de iluminaci\u00f3n azul y una atm\u00f3sfera similar a la de un concierto con siluetas de p\u00fablico.\" src=\"https:\/\/m.media-amazon.com\/images\/S\/aplus-media-library-service-media\/2ef7aa82-a6b3-4cf9-9600-a0338b3b8633.__CR0,0,970,600_PT0_SX970_V1___.jpg\">                                                                    <\/p>\n<p>                                                                             <img decoding=\"async\" alt=\"El texto dice \u00abUSB 3.0\u00bb. Colecci\u00f3n de im\u00e1genes de configuraci\u00f3n de ordenadores port\u00e1tiles y port\u00e1tiles que muestran varios puertos USB y opciones de conectividad en dispositivos de sobremesa y port\u00e1tiles.\" src=\"https:\/\/images-na.ssl-images-amazon.com\/images\/G\/01\/x-locale\/common\/grey-pixel.gif\" class=\"a-spacing-base a-lazy-loaded\" data-src=\"https:\/\/m.media-amazon.com\/images\/S\/aplus-media-library-service-media\/8ba79311-a604-4bac-a379-cae1594bcede.__CR0,0,970,600_PT0_SX970_V1___.jpg\"><img decoding=\"async\" alt=\"El texto dice \u00abUSB 3.0\u00bb. Colecci\u00f3n de im\u00e1genes de configuraci\u00f3n de ordenadores port\u00e1tiles y port\u00e1tiles que muestran varios puertos USB y opciones de conectividad en dispositivos de sobremesa y port\u00e1tiles.\" src=\"https:\/\/m.media-amazon.com\/images\/S\/aplus-media-library-service-media\/8ba79311-a604-4bac-a379-cae1594bcede.__CR0,0,970,600_PT0_SX970_V1___.jpg\">                                                                    <\/p>\n<p> Batteries                                            \u200f                                            :                                            \u200e                                            1 12V batteries required. (included)   <br \/> Product Dimensions                                            \u200f                                            :                                            \u200e                                            35.7 x 25 x 2 cm; 1.8 kg   <br \/> Manufacturer                                            \u200f                                            :                                            \u200e                                            CHIFUYOU   <br \/> ASIN                                            \u200f                                            :                                            \u200e                                            B0FY36ZDMF   <br \/> Item model number                                            \u200f                                            :                                            \u200e                                            N150   <br \/> Guaranteed software updates until                                            \u200f                                            :                                            \u200e                                            unknown   <\/p>\n<p>\u3010Powerful Performance Experience\u3011CHIFUYOU portable is equipped with Core i3-1025G1 processor with enhanced Super Fin transistor technology, up to 3.4GHz, 4M cache. Higher performance than 12th generation (N100\/N97\/N95). Built-in graphic core and Win 11 Pro system pre-installed, quick response to easily deal with document processing, web browsing and multitasking office, whether for work or play, can provide unparalleled performance.<br \/>\u3010Large Storage Capacity\u3011 Equipped with 16GB single-channel memory (expandable to 32GB) + 1TB SSD (expandable to 2TB), dual SATA SSD configuration delivers transfer speeds up to 2.14GB\/s. This significantly increases efficiency in software loading and file transfer, allowing you to effortlessly handle large file processing or high-performance tasks. With an M.2 SSD interface compatible with SATA and NVMe drives, this high-capacity storage solution eliminates latency issues caused by lack of space, making learning and working more efficient.<br \/>\u301015.6 inch Full HD Display\u3011Featuring a 15.6 inch Full HD display and a resolution of 1920 x 1080, with a 16:9 aspect ratio and 4mm ultra-thin bezels for 90% screen-to-body ratio. This offers an immersive visual experience: text looks crisp and sharp, while images show a great level of detail. Whether for multimedia entertainment, competitive gaming, video editing or content creation, enjoy an immersive visual experience. A 1 megapixel HD camera is integrated at the top of the screen, allowing you to make instant video calls with friends and family.<br \/>\u3010Premium Experience\u3011Features a high-quality mechanical keyboard with comfortable key travel, complemented by an ergonomic backlit keyboard (two-level brightness adjustment) that adapts to different lighting conditions. The built-in fingerprint reader allows quick password-free access, while ensuring device security. Dual speakers (2\u00d78 \u03a9\/1W) deliver an immersive audio-visual experience. 5G Wi-Fi ensures exceptional network speeds, maintaining smooth and stable connectivity even when multiple devices share the connection.<br \/>\u3010Slim Metal Shell\u3011Weighing only 1.6kg and a thickness of just 19mm, the slim CHIFUYOU metal shell combines impact resistance with durability for easy carrying. Its built-in high-capacity 6000mAh\/46.2Wh battery offers extended battery life, while the plug-and-play design allows you to take full advantage of your performance, whether you&#8217;re working in the office, studying or enjoying mobile entertainment. The 180\u00b0 flat tilt hinge makes it easy to exchange contents without interruption.<br \/>\u3010Focused on User Needs\u3011 CHIFUYOU is committed to providing customers with premium products and services, ensuring that every equipment undergoes rigorous testing 24\/7 before shipping. In addition, we provide a one-year after-sales warranty and 24 hours a day customer support. If you have any questions, please feel free to contact us for clarification. If you encounter any problems during the use of the product, please contact us as soon as possible and we will do our best to help you solve it.<\/p>\n\n","protected":false},"excerpt":{"rendered":"<p> Product Description Batteries \u200f : \u200e 1 12V batteries required. (included) Product Dimensions \u200f :<\/p>","protected":false},"featured_media":38269,"comment_status":"open","ping_status":"closed","template":"","meta":[],"product_brand":[],"product_cat":[86],"product_tag":[526,509,602,830,520,994,1060,617,519,524,521,525,522,818,523,8042,584,518,159,2343,528,565,587,527,513,1061],"class_list":{"0":"post-38268","1":"product","2":"type-product","3":"status-publish","4":"has-post-thumbnail","6":"product_cat-gaming-laptop","7":"product_tag-144hz-gaming-laptop","8":"product_tag-16gb","9":"product_tag-1tb","10":"product_tag-backlit","11":"product_tag-best-gaming-laptop","12":"product_tag-case","13":"product_tag-fingerprint","14":"product_tag-gaming","15":"product_tag-gaming-laptop","16":"product_tag-gaming-laptop-16gb-ram","17":"product_tag-gaming-laptop-rtx","18":"product_tag-gaming-laptop-ssd","19":"product_tag-gaming-laptop-under-budget","20":"product_tag-ghz","21":"product_tag-high-performance-laptop","22":"product_tag-i31025g1","23":"product_tag-inch","24":"product_tag-keyboard","25":"product_tag-laptop","26":"product_tag-metal","27":"product_tag-portable-gaming-laptop","28":"product_tag-processor","29":"product_tag-ram","30":"product_tag-rgb-gaming-laptop","31":"product_tag-ssd","32":"product_tag-unlock","34":"first","35":"instock","36":"shipping-taxable","37":"product-type-external"},"_links":{"self":[{"href":"https:\/\/comprasyconsejos.store\/en\/wp-json\/wp\/v2\/product\/38268","targetHints":{"allow":["GET"]}}],"collection":[{"href":"https:\/\/comprasyconsejos.store\/en\/wp-json\/wp\/v2\/product"}],"about":[{"href":"https:\/\/comprasyconsejos.store\/en\/wp-json\/wp\/v2\/types\/product"}],"replies":[{"embeddable":true,"href":"https:\/\/comprasyconsejos.store\/en\/wp-json\/wp\/v2\/comments?post=38268"}],"version-history":[{"count":0,"href":"https:\/\/comprasyconsejos.store\/en\/wp-json\/wp\/v2\/product\/38268\/revisions"}],"wp:featuredmedia":[{"embeddable":true,"href":"https:\/\/comprasyconsejos.store\/en\/wp-json\/wp\/v2\/media\/38269"}],"wp:attachment":[{"href":"https:\/\/comprasyconsejos.store\/en\/wp-json\/wp\/v2\/media?parent=38268"}],"wp:term":[{"taxonomy":"product_brand","embeddable":true,"href":"https:\/\/comprasyconsejos.store\/en\/wp-json\/wp\/v2\/product_brand?post=38268"},{"taxonomy":"product_cat","embeddable":true,"href":"https:\/\/comprasyconsejos.store\/en\/wp-json\/wp\/v2\/product_cat?post=38268"},{"taxonomy":"product_tag","embeddable":true,"href":"https:\/\/comprasyconsejos.store\/en\/wp-json\/wp\/v2\/product_tag?post=38268"}],"curies":[{"name":"wp","href":"https:\/\/api.w.org\/{rel}","templated":true}]}}