{"id":38292,"date":"2026-03-06T20:58:43","date_gmt":"2026-03-06T20:58:43","guid":{"rendered":"https:\/\/comprasyconsejos.store\/product\/hychika-gato-hidraulico-para-coche-3t-gato-coche-altura-de-elevacion-135-370-mm-ruedas-giratorias-360-ligero-y-portatil-con-diseno-robusto-para-automovil-suv-cambio-de-neumaticos\/"},"modified":"2026-03-06T20:58:43","modified_gmt":"2026-03-06T20:58:43","slug":"hychika-gato-hidraulico-para-coche-3t-gato-coche-altura-de-elevacion-135-370-mm-ruedas-giratorias-360-ligero-y-portatil-con-diseno-robusto-para-automovil-suv-cambio-de-neumaticos","status":"publish","type":"product","link":"https:\/\/comprasyconsejos.store\/en\/product\/hychika-gato-hidraulico-para-coche-3t-gato-coche-altura-de-elevacion-135-370-mm-ruedas-giratorias-360-ligero-y-portatil-con-diseno-robusto-para-automovil-suv-cambio-de-neumaticos\/","title":{"rendered":"HYCHIKA Gato Hidraulico para Coche 3T, Gato Coche, Altura de Elevaci\u00f3n 135-370 MM, Ruedas Giratorias 360\u00b0, Ligero y Port\u00e1til con Dise\u00f1o Robusto, para Autom\u00f3vil, SUV, Cambio de Neum\u00e1ticos"},"content":{"rendered":"<p>&#8211; Gato de suelo: Los gatos hidr\u00e1ulicos para coches HYCHIKA est\u00e1n dise\u00f1ados para satisfacer las necesidades de elevaci\u00f3n de coches peque\u00f1os, con una capacidad de carga de hasta 3T, son ligeros y pr\u00e1cticos, ocupan poco espacio de almacenamiento y est\u00e1n equipados con un asa extendida de dise\u00f1o ergon\u00f3mico para facilitar la elevaci\u00f3n y el descenso preciso del veh\u00edculo.<br \/>\n&#8211; FIABLE Y SEGURO: La unidad gato hidraulico para coche para la elevaci\u00f3n r\u00e1pida, el lacre excelente asegura ninguna salida del aceite, y la v\u00e1lvula de seguridad proporciona la protecci\u00f3n autom\u00e1tica de la sobrecarga. Puede proporcionar amortiguaci\u00f3n adicional y el rendimiento anti-presi\u00f3n durante el proceso de elevaci\u00f3n, proteger el marco de ara\u00f1azos o da\u00f1os, y mejorar la seguridad general y la estabilidad durante el uso.<br \/>\n&#8211; GRAN ALCANCE DE ELEVACI\u00d3N: Con un alcance de elevaci\u00f3n de 135-370MM, nuestros gato coche pueden satisfacer una amplia gama de requisitos de elevaci\u00f3n. La altura ajustable libremente hace que sea el accesorio perfecto para ayudarle a cambiar un neum\u00e1tico o solucionar un problema con el tren de rodaje de su coche.<br \/>\n&#8211; F\u00c1CIL DE MOVER: Este gato hidraulico coche proporciona un apoyo fiable. Para un posicionamiento preciso. Equipado con un asa de transporte, 2 ruedas met\u00e1licas fijas y 2 ruedas met\u00e1licas orientables 360\u00b0 para facilitar la movilidad, le ayuda a transportar f\u00e1cilmente, maniobrar sin problemas y trabajar con eficacia.<br \/>\n&#8211; AMPLIA GAMA DE USOS: Los gatos hidraulicos para coches HYCHIKA est\u00e1n construidos con una robusta y duradera estructura de acero para un f\u00e1cil manejo y almacenamiento, ideal para los entusiastas del autom\u00f3vil, y se pueden utilizar durante el mantenimiento regular del coche, cambios de neum\u00e1ticos o reparaciones en talleres, garajes e industrias de reparaci\u00f3n de autom\u00f3viles.<\/p>","protected":false},"excerpt":{"rendered":"<p>&#8211; Gato de suelo: Los gatos hidr\u00e1ulicos para coches HYCHIKA est\u00e1n dise\u00f1ados para satisfacer las necesidades de elevaci\u00f3n de coches<\/p>","protected":false},"featured_media":0,"comment_status":"open","ping_status":"closed","template":"","meta":[],"product_brand":[],"product_cat":[101],"product_tag":[],"class_list":{"0":"post-38292","1":"product","2":"type-product","3":"status-publish","5":"product_cat-accessories","7":"first","8":"instock","9":"sale","10":"shipping-taxable","11":"product-type-external"},"_links":{"self":[{"href":"https:\/\/comprasyconsejos.store\/en\/wp-json\/wp\/v2\/product\/38292","targetHints":{"allow":["GET"]}}],"collection":[{"href":"https:\/\/comprasyconsejos.store\/en\/wp-json\/wp\/v2\/product"}],"about":[{"href":"https:\/\/comprasyconsejos.store\/en\/wp-json\/wp\/v2\/types\/product"}],"replies":[{"embeddable":true,"href":"https:\/\/comprasyconsejos.store\/en\/wp-json\/wp\/v2\/comments?post=38292"}],"version-history":[{"count":0,"href":"https:\/\/comprasyconsejos.store\/en\/wp-json\/wp\/v2\/product\/38292\/revisions"}],"wp:attachment":[{"href":"https:\/\/comprasyconsejos.store\/en\/wp-json\/wp\/v2\/media?parent=38292"}],"wp:term":[{"taxonomy":"product_brand","embeddable":true,"href":"https:\/\/comprasyconsejos.store\/en\/wp-json\/wp\/v2\/product_brand?post=38292"},{"taxonomy":"product_cat","embeddable":true,"href":"https:\/\/comprasyconsejos.store\/en\/wp-json\/wp\/v2\/product_cat?post=38292"},{"taxonomy":"product_tag","embeddable":true,"href":"https:\/\/comprasyconsejos.store\/en\/wp-json\/wp\/v2\/product_tag?post=38292"}],"curies":[{"name":"wp","href":"https:\/\/api.w.org\/{rel}","templated":true}]}}