{"id":38329,"date":"2026-03-06T21:40:55","date_gmt":"2026-03-06T21:40:55","guid":{"rendered":"https:\/\/comprasyconsejos.store\/product\/cudy-ax1500-wi-fi-6-dual-band-router-802-11ax-internet-router-access-point-with-4-antennas-5dbi-mu-mimo-beamforming-ofdma-and-wpa3-security-model-wr1500\/"},"modified":"2026-03-06T21:40:57","modified_gmt":"2026-03-06T21:40:57","slug":"cudy-ax1500-wi-fi-6-dual-band-router-802-11ax-internet-router-access-point-with-4-antennas-5dbi-mu-mimo-beamforming-ofdma-and-wpa3-security-model-wr1500","status":"publish","type":"product","link":"https:\/\/comprasyconsejos.store\/en\/product\/cudy-ax1500-wi-fi-6-dual-band-router-802-11ax-internet-router-access-point-with-4-antennas-5dbi-mu-mimo-beamforming-ofdma-and-wpa3-security-model-wr1500\/","title":{"rendered":"Cudy AX1500 Wi-Fi 6 Dual Band Router \u2013 802.11ax Internet Router Access Point with 4 Antennas 5dBi MU-MIMO Beamforming OFDMA and WPA3 Security Model WR1500"},"content":{"rendered":"<p>Price: <span style=\"color:#b12704\"><del>\u20ac34.90<\/del> - \u20ac31.26<\/span><br \/><i><small>(as of Mar 06, 2026 21:40:56 UTC &#8211; <span class=\"wp_automatic_amazon_disclaimer\" title=\"Product prices and availability are accurate as of the date\/time indicated and are subject to change. Any price and availability information displayed on [relevant Amazon Site(s), as applicable] at the time of purchase will apply to the purchase of this product.\">Details<\/span>)<\/small><\/i><\/p>\n<p><a href=\"https:\/\/amazon.es\/dp\/B0CLR13PVQ?tag=man008-21\"><img decoding=\"async\" src=\"https:\/\/valvepress.s3.amazonaws.com\/imgs\/buy_now.png\"><\/a><br \/>\n<\/p>\n<p>                                             Product Description   <\/p>\n<p>                                                                                                       <img decoding=\"async\" alt=\"WR1500\" src=\"https:\/\/images-na.ssl-images-amazon.com\/images\/G\/01\/x-locale\/common\/grey-pixel.gif\" class=\"a-lazy-loaded\" data-src=\"https:\/\/m.media-amazon.com\/images\/S\/aplus-media-library-service-media\/66ccc0e3-5c1d-4098-92df-470db45020de.__CR0,0,1464,600_PT0_SX1464_V1___.jpg\"><img decoding=\"async\" alt=\"WR1500\" src=\"https:\/\/m.media-amazon.com\/images\/S\/aplus-media-library-service-media\/66ccc0e3-5c1d-4098-92df-470db45020de.__CR0,0,1464,600_PT0_SX1464_V1___.jpg\">                                               <\/p>\n<p>                                                                                                       <img decoding=\"async\" alt=\"Speed\" src=\"https:\/\/images-na.ssl-images-amazon.com\/images\/G\/01\/x-locale\/common\/grey-pixel.gif\" class=\"a-lazy-loaded\" data-src=\"https:\/\/m.media-amazon.com\/images\/S\/aplus-media-library-service-media\/d2080a70-e444-4531-9046-cccea9013357.__CR0,0,1464,600_PT0_SX1464_V1___.jpg\"><img decoding=\"async\" alt=\"Speed\" src=\"https:\/\/m.media-amazon.com\/images\/S\/aplus-media-library-service-media\/d2080a70-e444-4531-9046-cccea9013357.__CR0,0,1464,600_PT0_SX1464_V1___.jpg\">                                                                                    Actualizar a Wi-Fi 6 para Gigabit+ Speed                                        <\/p>\n<p class=\"aplus-p2 aplus-module-2-description\"> Sigue amortiguando a raya con los est\u00e1ndares Wi-Fi 6. La modulaci\u00f3n avanzada de 1024-QAM y una tasa de s\u00edmbolos m\u00e1s alta aumentan la velocidad de 5 GHz en un 38%, ofreciendo una descarga s\u00faper r\u00e1pida que rivaliza con una red cableada de Gigabit Ethernet. <\/p>\n<p>                                                            Cobertura aumentada, menor latencia                                            <img decoding=\"async\" alt=\"Coverage\" src=\"https:\/\/images-na.ssl-images-amazon.com\/images\/G\/01\/x-locale\/common\/grey-pixel.gif\" class=\"a-lazy-loaded\" data-src=\"https:\/\/m.media-amazon.com\/images\/S\/aplus-media-library-service-media\/8956062c-a0ce-4613-8e91-2e520e6e517a.__CR0,0,650,350_PT0_SX650_V1___.jpg\"><img decoding=\"async\" alt=\"Coverage\" src=\"https:\/\/m.media-amazon.com\/images\/S\/aplus-media-library-service-media\/8956062c-a0ce-4613-8e91-2e520e6e517a.__CR0,0,650,350_PT0_SX650_V1___.jpg\">                                            Direcci\u00f3n detectada, Signal aumentada                                         <\/p>\n<p class=\"aplus-p3\"> La formaci\u00f3n de haz detecta la direcci\u00f3n de los dispositivos conectados y forma una se\u00f1al enfocada hacia ellos para mejorar la cobertura. <\/p>\n<p>                                           <img decoding=\"async\" alt=\"Efficiency\" src=\"https:\/\/images-na.ssl-images-amazon.com\/images\/G\/01\/x-locale\/common\/grey-pixel.gif\" class=\"a-lazy-loaded\" data-src=\"https:\/\/m.media-amazon.com\/images\/S\/aplus-media-library-service-media\/fe4ee128-484b-4c9b-a471-44a7b14b0bad.__CR0,0,650,350_PT0_SX650_V1___.jpg\"><img decoding=\"async\" alt=\"Efficiency\" src=\"https:\/\/m.media-amazon.com\/images\/S\/aplus-media-library-service-media\/fe4ee128-484b-4c9b-a471-44a7b14b0bad.__CR0,0,650,350_PT0_SX650_V1___.jpg\">                                            Combos m\u00e1s f\u00e1ciles en los juegos                                         <\/p>\n<p class=\"aplus-p3\"> El Wi-Fi 6 est\u00e1ndar actualizado de Wi-Fi, enlace descendente y enlace ascendente MU-MIMO y OFDMA, multiplicando la capacidad de la red para que responda m\u00e1s bajo un uso pesado. <\/p>\n<p>                                                            Enrutador y modo AP incorporado                                            <img decoding=\"async\" alt=\"Router\" src=\"https:\/\/images-na.ssl-images-amazon.com\/images\/G\/01\/x-locale\/common\/grey-pixel.gif\" class=\"a-lazy-loaded\" data-src=\"https:\/\/m.media-amazon.com\/images\/S\/aplus-media-library-service-media\/29957185-6e24-4f6a-a335-1b49c6d9b13b.__CR0,0,650,350_PT0_SX650_V1___.jpg\"><img decoding=\"async\" alt=\"Router\" src=\"https:\/\/m.media-amazon.com\/images\/S\/aplus-media-library-service-media\/29957185-6e24-4f6a-a335-1b49c6d9b13b.__CR0,0,650,350_PT0_SX650_V1___.jpg\">                                            Router de wifi                                         <\/p>\n<p class=\"aplus-p3\"> Cuando el acceso a Internet desde DSL o el m\u00f3dem de cable est\u00e1 disponible para un usuario, pero m\u00e1s usuarios deben compartir Internet, utilice el modo enrutador. <\/p>\n<p>                                           <img decoding=\"async\" alt=\"Access Point Mode\" src=\"https:\/\/images-na.ssl-images-amazon.com\/images\/G\/01\/x-locale\/common\/grey-pixel.gif\" class=\"a-lazy-loaded\" data-src=\"https:\/\/m.media-amazon.com\/images\/S\/aplus-media-library-service-media\/fca37cbf-c2c7-4816-80c9-0fdca392067e.__CR0,0,650,350_PT0_SX650_V1___.jpg\"><img decoding=\"async\" alt=\"Access Point Mode\" src=\"https:\/\/m.media-amazon.com\/images\/S\/aplus-media-library-service-media\/fca37cbf-c2c7-4816-80c9-0fdca392067e.__CR0,0,650,350_PT0_SX650_V1___.jpg\">                                            AP inal\u00e1mbrico                                         <\/p>\n<p class=\"aplus-p3\"> El modo AP inal\u00e1mbrico se usa m\u00e1s para transferir la conexi\u00f3n con cable a la inal\u00e1mbrica. Por lo general, est\u00e1 detr\u00e1s de un enrutador y no tiene un servidor DHCP. <\/p>\n<p>                                                                                                       <img decoding=\"async\" alt=\"WPA3\" src=\"https:\/\/images-na.ssl-images-amazon.com\/images\/G\/01\/x-locale\/common\/grey-pixel.gif\" class=\"a-lazy-loaded\" data-src=\"https:\/\/m.media-amazon.com\/images\/S\/aplus-media-library-service-media\/805cf457-3e09-45e2-9ecf-1cce9dae2436.__CR0,0,1464,600_PT0_SX1464_V1___.jpg\"><img decoding=\"async\" alt=\"WPA3\" src=\"https:\/\/m.media-amazon.com\/images\/S\/aplus-media-library-service-media\/805cf457-3e09-45e2-9ecf-1cce9dae2436.__CR0,0,1464,600_PT0_SX1464_V1___.jpg\">                                                                                    Cifre su Wi-Fi al m\u00e1s alto nivel                                        <\/p>\n<p class=\"aplus-p2 aplus-module-2-description\"> El legado WPA y WPA2 son d\u00e9biles bajo el riesgo de ataques de fuerza bruta. WPA3, como el \u00faltimo protocolo de cifrado, encripta su comunicaci\u00f3n inal\u00e1mbrica al mejor nivel, protegiendo sus datos de la fuga. <\/p>\n<h3 class=\"a-text-center aplus-h1 a-text-bold\"> Explorar enrutadores Wi-Fi Cudy <\/h3>\n<p>                         Add To Basket  <\/p>\n<p>                         Add To Basket  <\/p>\n<p>                         Add To Basket  <\/p>\n<p>                         Add To Basket  <\/p>\n<p>                         Add To Basket  <\/p>\n<p>                         Add To Basket  <\/p>\n<p>                                     Customer Reviews  <\/p>\n<p>                    4.3 out of 5 stars  96  <\/p>\n<p>                    4.4 out of 5 stars  377  <\/p>\n<p>                    4.1 out of 5 stars  773  <\/p>\n<p>                    4.2 out of 5 stars  287  <\/p>\n<p>                    4.1 out of 5 stars  313  <\/p>\n<p>                    4.6 out of 5 stars  888  <\/p>\n<p>                    4.6 out of 5 stars  254  <\/p>\n<p>                                     Price  <\/p>\n<p>                                                        \u20ac31.26\u20ac31.26     <\/p>\n<p>                                                        \u20ac21.76\u20ac21.76     <\/p>\n<p>                                                        \u2014    <\/p>\n<p>                                                        \u20ac29.90\u20ac29.90     <\/p>\n<p>                                                        \u20ac50.99\u20ac50.99     <\/p>\n<p>                                                        \u20ac39.90\u20ac39.90     <\/p>\n<p>                                                        \u20ac42.78\u20ac42.78     <\/p>\n<p>                                     Velocidad de Wi-Fi de 5 GHz  <\/p>\n<p>                                                1201 Mbps    <\/p>\n<p>                                                867 Mbps    <\/p>\n<p>                                                867 Mbps    <\/p>\n<p>                                                867 Mbps    <\/p>\n<p>                                                1201 Mbps    <\/p>\n<p>                                                2402 Mbps    <\/p>\n<p>                                                2402 Mbps    <\/p>\n<p>                                     Velocidad de Wi-Fi de 2.4 GHz  <\/p>\n<p>                                                300 Mbps    <\/p>\n<p>                                                300 Mbps    <\/p>\n<p>                                                300 Mbps    <\/p>\n<p>                                                300 Mbps    <\/p>\n<p>                                                574 Mbps    <\/p>\n<p>                                                574 Mbps    <\/p>\n<p>                                                574 Mbps    <\/p>\n<p>                                     \u00c9ternet  <\/p>\n<p>                                                3\u00d7 Gigabit    <\/p>\n<p>                                                5\u00d7 100 Mbps    <\/p>\n<p>                                                5\u00d7 Gigabit    <\/p>\n<p>                                                2\u00d7 100 Mbps    <\/p>\n<p>                                                5\u00d7 Gigabit    <\/p>\n<p>                                                4\u00d7 Gigabit    <\/p>\n<p>                                                1\u00d7 2.5 Gbps, 1\u00d7 Gigabit     <\/p>\n<p>                                     M\u00e1x\/Recd. Cliente  <\/p>\n<p>                                                128\/30    <\/p>\n<p>                                                128\/30    <\/p>\n<p>                                                128\/50    <\/p>\n<p>                                                128\/20    <\/p>\n<p>                                                256\/80    <\/p>\n<p>                                                512\/100    <\/p>\n<p>                                                512\/70    <\/p>\n<p>                                     Multi-Mode  <\/p>\n<p>                                                Router\/AP    <\/p>\n<p>                                                Router\/AP\/Extender\/WISP    <\/p>\n<p>                                                Router\/AP\/Extender\/WISP    <\/p>\n<p>                                                Router\/AP\/Extender\/WISP    <\/p>\n<p>                                                Router\/AP\/Extender\/WISP\/Client    <\/p>\n<p>                                                Router\/AP\/Extender\/WISP    <\/p>\n<p>                                                Router\/AP\/Extender\/WISP\/Client    <\/p>\n<p>                                     OpenVPN\/WireGuard  <\/p>\n<p>                                                \u2718    <\/p>\n<p>                                                \u2714 (Nur Client)    <\/p>\n<p>                                                \u2714    <\/p>\n<p>                                                \u2714    <\/p>\n<p>                                                \u2714    <\/p>\n<p>                                                \u2714    <\/p>\n<p>                                                \u2714    <\/p>\n<p>                                     ZeroTier\/IPSec  <\/p>\n<p>                                                    \u2718      <\/p>\n<p>                                                    \u2718      <\/p>\n<p>                                                    \u2714       <\/p>\n<p>                                                    \u2714       <\/p>\n<p>                                                    \u2714       <\/p>\n<p>                                                    \u2718      <\/p>\n<p>                                                    \u2714       <\/p>\n<p>                                     Cudy Mesh  <\/p>\n<p>                                                    \u2718      <\/p>\n<p>                                                    \u2718      <\/p>\n<p>                                                    \u2714       <\/p>\n<p>                                                    \u2714       <\/p>\n<p>                                                    \u2714       <\/p>\n<p>                                                    \u2714       <\/p>\n<p>                                                    \u2714       <\/p>\n<p>                                     Ventajas  <\/p>\n<p>                                                Wi-Fi 6 m\u00e1s afectable    <\/p>\n<p>                                                Banda dual r\u00e1pida    <\/p>\n<p>                                                Rica en funciones con VPN    <\/p>\n<p>                                                Potencia USB-C amigable    <\/p>\n<p>                                                Wi-Fi 6 en bandas duales    <\/p>\n<p>                                                Wi-Fi 6 m\u00e1s popular    <\/p>\n<p>                                                Potencia USB-C amigable    <\/p>\n<p> Product Dimensions                                            \u200f                                            :                                            \u200e                                            24 x 23 x 6 cm; 220 g   <br \/> Manufacturer                                            \u200f                                            :                                            \u200e                                            Shenzhen Cudy Technology Co., Ltd.   <br \/> ASIN                                            \u200f                                            :                                            \u200e                                            B0CLR13PVQ   <br \/> Item model number                                            \u200f                                            :                                            \u200e                                            WR1500   <br \/> Country\/Region of Origin                                            \u200f                                            :                                            \u200e                                            China   <br \/> Guaranteed software updates until                                            \u200f                                            :                                            \u200e                                            unknown   <br \/>  Customer reviews:                                                                                            4.3               4.3 out of 5 stars                                  (96)                                              var dpAcrHasRegisteredArcLinkClickAction;                    P.when(&#8216;A&#8217;, &#8216;ready&#8217;).execute(function(A) {                        if (dpAcrHasRegisteredArcLinkClickAction !== true) {                            dpAcrHasRegisteredArcLinkClickAction = true;                            A.declarative(                                &#8216;acrLink-click-metrics&#8217;, &#8216;click&#8217;,                                { \u00aballowLinkDefault\u00bb: true },                                function (event) {                                    if (window.ue) {                                        ue.count(\u00abacrLinkClickCount\u00bb, (ue.count(\u00abacrLinkClickCount\u00bb) || 0) + 1);                                    }                                }                            );                        }                    });                                             P.when(&#8216;A&#8217;, &#8216;cf&#8217;).execute(function(A) {                A.declarative(&#8216;acrStarsLink-click-metrics&#8217;, &#8216;click&#8217;, { \u00aballowLinkDefault\u00bb : true },  function(event){                    if(window.ue) {                        ue.count(\u00abacrStarsLinkWithPopoverClickCount\u00bb, (ue.count(\u00abacrStarsLinkWithPopoverClickCount\u00bb) || 0) + 1);                    }                });            });                          <\/p>\n<p>Upgrade your network to WiFi 6. With up to 1200Mbps on 5GHz and up to 300Mbps on 2.4GHz, WR1500 is 1.38x faster than WiFi 5 routers.<br \/>2 in 1 Wi-Fi Router\/Access Point Choose the mode according to your demands.<br \/>Designed for more devices. Designed to connect more than 60 devices, everyone can enjoy a more efficient network that charges faster without reducing performance.<br \/>Using beamforming technology, WR1500 detects where your device is and focuses a stronger signal in that direction, resulting in a better connection.<br \/>Multi-VPN support, making data transmission more secure and faster.<\/p>\n\n","protected":false},"excerpt":{"rendered":"<p> Product Description Actualizar a Wi-Fi 6 para Gigabit+ Speed Sigue amortiguando a raya con los<\/p>","protected":false},"featured_media":38330,"comment_status":"open","ping_status":"closed","template":"","meta":[],"product_brand":[],"product_cat":[71],"product_tag":[3708,2080,2220,2304,2093,2087,2217,2094,2084,5502,298,2078,2079,2081,2083,2436,2082,1170,2092,2091,2305,2088,2085,2096,543,2076,2077,2095,11527],"class_list":{"0":"post-38329","1":"product","2":"type-product","3":"status-publish","4":"has-post-thumbnail","6":"product_cat-wifi-routers","7":"product_tag-5dbi","8":"product_tag-5ghz-router","9":"product_tag-802-11ax","10":"product_tag-access","11":"product_tag-antennas","12":"product_tag-ax1500","13":"product_tag-band","14":"product_tag-beamforming","15":"product_tag-best-wifi-router","16":"product_tag-cudy","17":"product_tag-dual","18":"product_tag-dual-band-router","19":"product_tag-gaming-wifi-router","20":"product_tag-high-speed-router","21":"product_tag-home-wifi-router","22":"product_tag-internet","23":"product_tag-mesh-wifi-router","24":"product_tag-model","25":"product_tag-mumimo","26":"product_tag-ofdma","27":"product_tag-point","28":"product_tag-router","29":"product_tag-router-price","30":"product_tag-security","31":"product_tag-wifi","32":"product_tag-wifi-router","33":"product_tag-wireless-router","34":"product_tag-wpa3","35":"product_tag-wr1500","37":"first","38":"instock","39":"sale","40":"shipping-taxable","41":"product-type-external"},"_links":{"self":[{"href":"https:\/\/comprasyconsejos.store\/en\/wp-json\/wp\/v2\/product\/38329","targetHints":{"allow":["GET"]}}],"collection":[{"href":"https:\/\/comprasyconsejos.store\/en\/wp-json\/wp\/v2\/product"}],"about":[{"href":"https:\/\/comprasyconsejos.store\/en\/wp-json\/wp\/v2\/types\/product"}],"replies":[{"embeddable":true,"href":"https:\/\/comprasyconsejos.store\/en\/wp-json\/wp\/v2\/comments?post=38329"}],"version-history":[{"count":0,"href":"https:\/\/comprasyconsejos.store\/en\/wp-json\/wp\/v2\/product\/38329\/revisions"}],"wp:featuredmedia":[{"embeddable":true,"href":"https:\/\/comprasyconsejos.store\/en\/wp-json\/wp\/v2\/media\/38330"}],"wp:attachment":[{"href":"https:\/\/comprasyconsejos.store\/en\/wp-json\/wp\/v2\/media?parent=38329"}],"wp:term":[{"taxonomy":"product_brand","embeddable":true,"href":"https:\/\/comprasyconsejos.store\/en\/wp-json\/wp\/v2\/product_brand?post=38329"},{"taxonomy":"product_cat","embeddable":true,"href":"https:\/\/comprasyconsejos.store\/en\/wp-json\/wp\/v2\/product_cat?post=38329"},{"taxonomy":"product_tag","embeddable":true,"href":"https:\/\/comprasyconsejos.store\/en\/wp-json\/wp\/v2\/product_tag?post=38329"}],"curies":[{"name":"wp","href":"https:\/\/api.w.org\/{rel}","templated":true}]}}