{"id":38343,"date":"2026-03-06T21:49:18","date_gmt":"2026-03-06T21:49:18","guid":{"rendered":"https:\/\/comprasyconsejos.store\/product\/hub-with-4-ports-1-usb-3-0-and-3-usb-2-0-extender-multi-connector-for-macbook-pro-air-xbox-windows-ios-android-vista-multiple-port-for-pc\/"},"modified":"2026-03-06T21:49:20","modified_gmt":"2026-03-06T21:49:20","slug":"hub-with-4-ports-1-usb-3-0-and-3-usb-2-0-extender-multi-connector-for-macbook-pro-air-xbox-windows-ios-android-vista-multiple-port-for-pc","status":"publish","type":"product","link":"https:\/\/comprasyconsejos.store\/en\/product\/hub-with-4-ports-1-usb-3-0-and-3-usb-2-0-extender-multi-connector-for-macbook-pro-air-xbox-windows-ios-android-vista-multiple-port-for-pc\/","title":{"rendered":"Hub with 4 Ports &#8211; 1 USB 3.0 and 3 USB 2.0 Extender Multi Connector for Macbook Pro\/Air, Xbox, Windows, iOS, Android, Vista, Multiple Port for PC"},"content":{"rendered":"<p>Price: <span style=\"color:#b12704\">\u20ac5.99<\/span><br \/><i><small>(as of Mar 06, 2026 21:49:18 UTC &#8211; <span class=\"wp_automatic_amazon_disclaimer\" title=\"Product prices and availability are accurate as of the date\/time indicated and are subject to change. Any price and availability information displayed on [relevant Amazon Site(s), as applicable] at the time of purchase will apply to the purchase of this product.\">Details<\/span>)<\/small><\/i><\/p>\n<p><a href=\"https:\/\/amazon.es\/dp\/B0BJV2RLF8?tag=man008-21\"><img decoding=\"async\" src=\"https:\/\/valvepress.s3.amazonaws.com\/imgs\/buy_now.png\"><\/a><br \/>\n<\/p>\n<p>                                             Product Description   <\/p>\n<p>                                                                             <img decoding=\"async\" alt=\"Hub USB met\u00e1lico delgado con varios puertos, indicadores LED azules y cables USB conectados en una superficie oscura.\" src=\"https:\/\/images-na.ssl-images-amazon.com\/images\/G\/01\/x-locale\/common\/grey-pixel.gif\" class=\"a-spacing-base a-lazy-loaded\" data-src=\"https:\/\/m.media-amazon.com\/images\/S\/aplus-media-library-service-media\/8d80d26f-556c-4d3c-a82c-f990e372e4ad.__CR0,0,970,600_PT0_SX970_V1___.jpg\"><img decoding=\"async\" alt=\"Hub USB met\u00e1lico delgado con varios puertos, indicadores LED azules y cables USB conectados en una superficie oscura.\" src=\"https:\/\/m.media-amazon.com\/images\/S\/aplus-media-library-service-media\/8d80d26f-556c-4d3c-a82c-f990e372e4ad.__CR0,0,970,600_PT0_SX970_V1___.jpg\">                                         <\/p>\n<h3 class=\"a-spacing-mini\"> Hub USB con 1 puerto USB 3.0 y 3 puertos USB 2.0 <\/h3>\n<p class=\"a-spacing-base\"> Con 4 puertos USB: 1 USB 3.0 y 3 USB 2.0: 5,0 Gbps para el 3.0 y 480 Mbps para el 2.0. No recomendamos utilizar el puerto USB 3.0 para cargar el tel\u00e9fono o la tableta, ya que los 4 puertos USB A admiten la carga r\u00e1pida de 5V \/1,5A por separado. <\/p>\n<p>                                                                             <img decoding=\"async\" alt=\"con mandos Joy-Con de color azul ne\u00f3n y rojo. Conectado a un adaptador multipuerto con\" src=\"https:\/\/images-na.ssl-images-amazon.com\/images\/G\/01\/x-locale\/common\/grey-pixel.gif\" class=\"a-spacing-base a-lazy-loaded\" data-src=\"https:\/\/m.media-amazon.com\/images\/S\/aplus-media-library-service-media\/03da624f-87b3-427c-8919-b5aa6a6cb447.__CR0,0,970,600_PT0_SX970_V1___.jpg\"><img decoding=\"async\" alt=\"con mandos Joy-Con de color azul ne\u00f3n y rojo. Conectado a un adaptador multipuerto con\" src=\"https:\/\/m.media-amazon.com\/images\/S\/aplus-media-library-service-media\/03da624f-87b3-427c-8919-b5aa6a6cb447.__CR0,0,970,600_PT0_SX970_V1___.jpg\">                                                                     <\/p>\n<p class=\"a-spacing-base\"> M\u00e1s eficiente, sin lag: con\u00e9ctese a un teclado y rat\u00f3n externos sin lag, con\u00e9ctese f\u00e1cilmente a un teclado y rat\u00f3n inal\u00e1mbricos\/con cable para Internet\/juegos sin lag <\/p>\n<p class=\"apm-text-center\">\n                                                      <img decoding=\"async\" alt=\"Ordenador port\u00e1til conectado a un dispositivo externo, con el teclado visible sobre la superficie blanca del escritorio.\" src=\"https:\/\/images-na.ssl-images-amazon.com\/images\/G\/01\/x-locale\/common\/grey-pixel.gif\" class=\"a-spacing-mini a-lazy-loaded\" data-src=\"https:\/\/m.media-amazon.com\/images\/S\/aplus-media-library-service-media\/a204a636-40f1-44a5-88f0-81d9048ad8c0.__CR0,0,300,300_PT0_SX300_V1___.jpg\"><img decoding=\"async\" alt=\"Ordenador port\u00e1til conectado a un dispositivo externo, con el teclado visible sobre la superficie blanca del escritorio.\" src=\"https:\/\/m.media-amazon.com\/images\/S\/aplus-media-library-service-media\/a204a636-40f1-44a5-88f0-81d9048ad8c0.__CR0,0,300,300_PT0_SX300_V1___.jpg\">  <\/p>\n<p>                                                    Alta eficiencia, transmisi\u00f3n estable:                                       <\/p>\n<p> un n\u00facleo m\u00e1s grueso es m\u00e1s estable, utilizando un n\u00facleo de cobre esta\u00f1ado m\u00e1s grueso, m\u00e1s papel de aluminio, trenza de metal, etc. para formar una capa de blindaje de alta densidad, la p\u00e9rdida de se\u00f1al de transmisi\u00f3n es peque\u00f1a. Carcasa de aleaci\u00f3n de aluminio, r\u00e1pida disipaci\u00f3n del calor, transmisi\u00f3n m\u00e1s estable, textura met\u00e1lica, tacto delicado <\/p>\n<p class=\"apm-text-center\">\n                                                      <img decoding=\"async\" alt=\"con cuatro puertos, incluido un puerto USB 3.0. Los iconos que aparecen a continuaci\u00f3n indican la compatibilidad con varios dispositivos. Carcasa de metal gris oscuro.\" src=\"https:\/\/images-na.ssl-images-amazon.com\/images\/G\/01\/x-locale\/common\/grey-pixel.gif\" class=\"a-spacing-mini a-lazy-loaded\" data-src=\"https:\/\/m.media-amazon.com\/images\/S\/aplus-media-library-service-media\/2ad0693f-9d43-4674-819a-1c2730758e57.__CR0,0,300,300_PT0_SX300_V1___.jpg\"><img decoding=\"async\" alt=\"con cuatro puertos, incluido un puerto USB 3.0. Los iconos que aparecen a continuaci\u00f3n indican la compatibilidad con varios dispositivos. Carcasa de metal gris oscuro.\" src=\"https:\/\/m.media-amazon.com\/images\/S\/aplus-media-library-service-media\/2ad0693f-9d43-4674-819a-1c2730758e57.__CR0,0,300,300_PT0_SX300_V1___.jpg\">  <\/p>\n<p>                                                    Compacto y port\u00e1til:                                       <\/p>\n<p> con un peso aproximado de 19 g, el dise\u00f1o compacto del adaptador port\u00e1til, con una longitud de cable de 6,5 cm, permite conectar el adaptador a una longitud suficiente y llevarlo a todas partes <\/p>\n<p class=\"apm-text-center\">\n                                                      <img decoding=\"async\" alt=\"plateado con hub USB incorporado. El hub cuenta con varios puertos, incluidas las conexiones USB-A y USB-C\" src=\"https:\/\/images-na.ssl-images-amazon.com\/images\/G\/01\/x-locale\/common\/grey-pixel.gif\" class=\"a-spacing-mini a-lazy-loaded\" data-src=\"https:\/\/m.media-amazon.com\/images\/S\/aplus-media-library-service-media\/ed9927fc-950f-4f19-9ca1-0b1c498c32d1.__CR0,0,300,300_PT0_SX300_V1___.jpg\"><img decoding=\"async\" alt=\"plateado con hub USB incorporado. El hub cuenta con varios puertos, incluidas las conexiones USB-A y USB-C\" src=\"https:\/\/m.media-amazon.com\/images\/S\/aplus-media-library-service-media\/ed9927fc-950f-4f19-9ca1-0b1c498c32d1.__CR0,0,300,300_PT0_SX300_V1___.jpg\">  <\/p>\n<p>                                                    Resistente al desgarro y a la flexi\u00f3n, m\u00e1s duradero y robusto                                       <\/p>\n<p> Protecci\u00f3n de alambre engrosado, material de pvc engrosado, almacenamiento diario de flexi\u00f3n repetida, no tiene miedo de romperse, resistente a la flexi\u00f3n, mejora de refuerzo de las juntas, no se agrieta, cuerpo de alambre engrosado de 4,5 mm <\/p>\n<p> Product Dimensions                                            \u200f                                            :                                            \u200e                                            1 x 1 x 1 cm; 1 g   <br \/> Manufacturer                                            \u200f                                            :                                            \u200e                                            Unnderwiss   <br \/> ASIN                                            \u200f                                            :                                            \u200e                                            B0BJV2RLF8   <br \/> Item model number                                            \u200f                                            :                                            \u200e                                            4 Port USB 3.0 Hub Aluminum Alloy   <br \/> Guaranteed software updates until                                            \u200f                                            :                                            \u200e                                            unknown   <br \/>  Customer reviews:                                                                                            4.5               4.5 out of 5 stars                                  (6,701)                                              var dpAcrHasRegisteredArcLinkClickAction;                    P.when(&#8216;A&#8217;, &#8216;ready&#8217;).execute(function(A) {                        if (dpAcrHasRegisteredArcLinkClickAction !== true) {                            dpAcrHasRegisteredArcLinkClickAction = true;                            A.declarative(                                &#8216;acrLink-click-metrics&#8217;, &#8216;click&#8217;,                                { \u00aballowLinkDefault\u00bb: true },                                function (event) {                                    if (window.ue) {                                        ue.count(\u00abacrLinkClickCount\u00bb, (ue.count(\u00abacrLinkClickCount\u00bb) || 0) + 1);                                    }                                }                            );                        }                    });                                             P.when(&#8216;A&#8217;, &#8216;cf&#8217;).execute(function(A) {                A.declarative(&#8216;acrStarsLink-click-metrics&#8217;, &#8216;click&#8217;, { \u00aballowLinkDefault\u00bb : true },  function(event){                    if(window.ue) {                        ue.count(\u00abacrStarsLinkWithPopoverClickCount\u00bb, (ue.count(\u00abacrStarsLinkWithPopoverClickCount\u00bb) || 0) + 1);                    }                });            });                          <\/p>\n<p>Built for expansion Solve office problems: Expand 4 USB ports for your computer at the same time, solve the problem of few laptop interfaces, solve the problem of data exchange between hard drives, and say goodbye to repeated plugging and unplugging.<br \/>Wide Compatibility &#8211; Compatible with Windows, mac os, linux, Android and other source devices connected to the USB port. You can connect external keyboards, mice, removable hard drives, USB drives, card readers, refrigerators, digital boards, USB fans, gaming devices and more.<br \/>Effective Operation File transfer: no need to repeatedly unplug, easy file exchange between individual storage devices.<br \/>Lightweight and easy to carry: easily fits in your pocket, laptop bag or briefcase and accompanies you on your travels<br \/>NO DRIVERS REQUIRED PLUG AND PLAY &#8211; The ideal USB adapter for desktop, the USB hub is one of the most useful tech gadgets and desktop accessories. It fits anywhere, at school, at home, in the office or wherever you like. It is the perfect companion for your devices.<\/p>\n\n","protected":false},"excerpt":{"rendered":"<p> Product Description Hub USB con 1 puerto USB 3.0 y 3 puertos USB 2.0 Con<\/p>","protected":false},"featured_media":38344,"comment_status":"open","ping_status":"closed","template":"","meta":[],"product_brand":[],"product_cat":[69],"product_tag":[391,2047,314,2044,843,2052,2037,169,2810,160,311,241,2054,2046,153,382,2049,161,133,2050,2042,2040,7443,537,1079],"class_list":{"0":"post-38343","1":"product","2":"type-product","3":"status-publish","4":"has-post-thumbnail","6":"product_cat-cables-adapters","7":"product_tag-android","8":"product_tag-charging-cable","9":"product_tag-connector","10":"product_tag-displayport-cable","11":"product_tag-extender","12":"product_tag-hdmi-adapter","13":"product_tag-hdmi-cable","14":"product_tag-hub","15":"product_tag-ios","16":"product_tag-macbook","17":"product_tag-multi","18":"product_tag-multiple","19":"product_tag-multiport-adapter","20":"product_tag-network-cable","21":"product_tag-port","22":"product_tag-ports","23":"product_tag-power-cable","24":"product_tag-proair","25":"product_tag-usb","26":"product_tag-usb-adapter","27":"product_tag-usb-c-cable","28":"product_tag-usb-cable","29":"product_tag-vista","30":"product_tag-windows","31":"product_tag-xbox","33":"first","34":"instock","35":"shipping-taxable","36":"product-type-external"},"_links":{"self":[{"href":"https:\/\/comprasyconsejos.store\/en\/wp-json\/wp\/v2\/product\/38343","targetHints":{"allow":["GET"]}}],"collection":[{"href":"https:\/\/comprasyconsejos.store\/en\/wp-json\/wp\/v2\/product"}],"about":[{"href":"https:\/\/comprasyconsejos.store\/en\/wp-json\/wp\/v2\/types\/product"}],"replies":[{"embeddable":true,"href":"https:\/\/comprasyconsejos.store\/en\/wp-json\/wp\/v2\/comments?post=38343"}],"version-history":[{"count":0,"href":"https:\/\/comprasyconsejos.store\/en\/wp-json\/wp\/v2\/product\/38343\/revisions"}],"wp:featuredmedia":[{"embeddable":true,"href":"https:\/\/comprasyconsejos.store\/en\/wp-json\/wp\/v2\/media\/38344"}],"wp:attachment":[{"href":"https:\/\/comprasyconsejos.store\/en\/wp-json\/wp\/v2\/media?parent=38343"}],"wp:term":[{"taxonomy":"product_brand","embeddable":true,"href":"https:\/\/comprasyconsejos.store\/en\/wp-json\/wp\/v2\/product_brand?post=38343"},{"taxonomy":"product_cat","embeddable":true,"href":"https:\/\/comprasyconsejos.store\/en\/wp-json\/wp\/v2\/product_cat?post=38343"},{"taxonomy":"product_tag","embeddable":true,"href":"https:\/\/comprasyconsejos.store\/en\/wp-json\/wp\/v2\/product_tag?post=38343"}],"curies":[{"name":"wp","href":"https:\/\/api.w.org\/{rel}","templated":true}]}}