{"id":38397,"date":"2026-03-06T22:18:52","date_gmt":"2026-03-06T22:18:52","guid":{"rendered":"https:\/\/comprasyconsejos.store\/product\/benq-gw2491e-gaming-monitor-24-inch-100hz-ips-fhd-1080p-eye-care-hdmi-displayport-ultra-thin-bezel-tuv-certified-flicker-free-low-blue-light-plus-eye-careu-2025-new\/"},"modified":"2026-03-06T22:18:57","modified_gmt":"2026-03-06T22:18:57","slug":"benq-gw2491e-gaming-monitor-24-inch-100hz-ips-fhd-1080p-eye-care-hdmi-displayport-ultra-thin-bezel-tuv-certified-flicker-free-low-blue-light-plus-eye-careu-2025-new","status":"publish","type":"product","link":"https:\/\/comprasyconsejos.store\/en\/product\/benq-gw2491e-gaming-monitor-24-inch-100hz-ips-fhd-1080p-eye-care-hdmi-displayport-ultra-thin-bezel-tuv-certified-flicker-free-low-blue-light-plus-eye-careu-2025-new\/","title":{"rendered":"BenQ GW2491E Gaming Monitor 24 Inch, 100Hz, IPS, FHD 1080p, Eye-Care, HDMI, DisplayPort, Ultra-Thin Bezel, TUV Certified, Flicker-Free, Low Blue Light Plus, Eye-CareU (2025 New)"},"content":{"rendered":"<p>Price: <span style=\"color:#b12704\"><del>\u20ac99.00<\/del> - \u20ac89.99<\/span><br \/><i><small>(as of Mar 06, 2026 22:18:52 UTC &#8211; <span class=\"wp_automatic_amazon_disclaimer\" title=\"Product prices and availability are accurate as of the date\/time indicated and are subject to change. Any price and availability information displayed on [relevant Amazon Site(s), as applicable] at the time of purchase will apply to the purchase of this product.\">Details<\/span>)<\/small><\/i><\/p>\n<p><a href=\"https:\/\/amazon.es\/dp\/B0DVZ1R2W6?tag=man008-21\"><img decoding=\"async\" src=\"https:\/\/valvepress.s3.amazonaws.com\/imgs\/buy_now.png\"><\/a><br \/>\n<\/p>\n<p>                                             From the manufacturer   <\/p>\n<p>                                                                                                       <img decoding=\"async\" alt=\"Presentaci\u00f3n del producto con una pantalla de monitor con pantalla iluminada en un entorno oscuro, acompa\u00f1ada de iconos que indican varias especificaciones de conectividad y funciones.\" src=\"https:\/\/images-na.ssl-images-amazon.com\/images\/G\/01\/x-locale\/common\/grey-pixel.gif\" class=\"a-lazy-loaded\" data-src=\"https:\/\/m.media-amazon.com\/images\/S\/aplus-media-library-service-media\/065407d5-bcd2-407d-a846-527048115593.__CR0,0,1464,600_PT0_SX1464_V1___.jpg\"><img decoding=\"async\" alt=\"Presentaci\u00f3n del producto con una pantalla de monitor con pantalla iluminada en un entorno oscuro, acompa\u00f1ada de iconos que indican varias especificaciones de conectividad y funciones.\" src=\"https:\/\/m.media-amazon.com\/images\/S\/aplus-media-library-service-media\/065407d5-bcd2-407d-a846-527048115593.__CR0,0,1464,600_PT0_SX1464_V1___.jpg\">                                                 Monitor para el hogar BenQ                                             Im\u00e1genes fluidas e impresionantes para tu comodidad visual                                        <\/p>\n<p class=\"aplus-p2 aplus-module-2-description\"> Disfruta de colores vibrantes e im\u00e1genes n\u00edtidas con tecnolog\u00eda IPS y una cobertura del 99 % del espacio de color sRGB. El bisel ultrafino en los cuatro lados garantiza una vista elegante y sin distracciones <\/p>\n<p>                                                                                                       <img decoding=\"async\" alt=\"Dise\u00f1o de espacio de trabajo moderno con un monitor negro montado en un soporte, colocado sobre un escritorio de madera junto a una l\u00e1mpara de escritorio blanca y peque\u00f1os objetos decorativos.\" src=\"https:\/\/images-na.ssl-images-amazon.com\/images\/G\/01\/x-locale\/common\/grey-pixel.gif\" class=\"a-lazy-loaded\" data-src=\"https:\/\/m.media-amazon.com\/images\/S\/aplus-media-library-service-media\/b3450b0f-2e73-47aa-8a96-5715e8069e5c.__CR0,0,1464,600_PT0_SX1464_V1___.jpg\"><img decoding=\"async\" alt=\"Dise\u00f1o de espacio de trabajo moderno con un monitor negro montado en un soporte, colocado sobre un escritorio de madera junto a una l\u00e1mpara de escritorio blanca y peque\u00f1os objetos decorativos.\" src=\"https:\/\/m.media-amazon.com\/images\/S\/aplus-media-library-service-media\/b3450b0f-2e73-47aa-8a96-5715e8069e5c.__CR0,0,1464,600_PT0_SX1464_V1___.jpg\">                                                 Estilo y funcionalidad combinados                                             Bisel ultrafino en los cuatro lados                                        <\/p>\n<p class=\"aplus-p2 aplus-module-2-description\"> Es m\u00e1s que un dise\u00f1o elegante: l\u00edneas limpias y una experiencia de visualizaci\u00f3n inmersiva que mejoran el enfoque y eliminan distracciones, combinando estilo y funcionalidad <\/p>\n<p>                                                                                                              <img decoding=\"async\" alt=\"Configuraci\u00f3n de escritorio que muestra un monitor sobre un escritorio blanco limpio con un m\u00ednimo de accesorios y buena iluminaci\u00f3n.\" src=\"https:\/\/m.media-amazon.com\/images\/S\/aplus-media-library-service-media\/f1a58ab2-17b9-47ba-abaa-7e25e62e0e68.__CR0,0,1464,600_PT0_SX1464_V1___.png\">                                                                                            Movimiento fluido a 100Hz                                       <\/p>\n<p class=\"description aplus-p1\"> La frecuencia de actualizaci\u00f3n de 100Hz ofrece una experiencia m\u00e1s clara y fluida <\/p>\n<p>                                                      <img decoding=\"async\" alt=\"3-1\" src=\"https:\/\/m.media-amazon.com\/images\/S\/aplus-media-library-service-media\/6b7f9236-541e-4b36-9a3e-3311f0cff717.__CR0,0,1464,600_PT0_SX1464_V1___.jpg\">                                                                                           Modos ePaper f\u00e1ciles para la vista                                       <\/p>\n<p class=\"description aplus-p1\"> El modo ePaper garantiza una lectura sin esfuerzo y comodidad visual en todas tus necesidades <\/p>\n<p>                            1 Movimiento fluido a 100Hz <\/p>\n<p>                            2 Modos de color <\/p>\n<p>                                                                                                       <img decoding=\"async\" alt=\"5\" src=\"https:\/\/images-na.ssl-images-amazon.com\/images\/G\/01\/x-locale\/common\/grey-pixel.gif\" class=\"a-lazy-loaded\" data-src=\"https:\/\/m.media-amazon.com\/images\/S\/aplus-media-library-service-media\/851042e9-b7e9-4c38-83fd-cc88735817c2.__CR0,0,1464,600_PT0_SX1464_V1___.jpg\"><img decoding=\"async\" alt=\"5\" src=\"https:\/\/m.media-amazon.com\/images\/S\/aplus-media-library-service-media\/851042e9-b7e9-4c38-83fd-cc88735817c2.__CR0,0,1464,600_PT0_SX1464_V1___.jpg\">                                                 Tecnolog\u00eda BenQ Eye-Care                                              Bienestar duradero para tus ojos                                        <\/p>\n<p class=\"aplus-p2 aplus-module-2-description\"> Las tecnolog\u00edas Eye-Care de BenQ protegen la salud de tus ojos con m\u00faltiples funciones, asegurando que veas cada imagen con claridad y comodidad <\/p>\n<p>                                                                                                              <img decoding=\"async\" alt=\"5\" src=\"https:\/\/m.media-amazon.com\/images\/S\/aplus-media-library-service-media\/a847a399-591b-49a0-9e3e-60d8c533e34b.__CR0,0,1464,600_PT0_SX1464_V1___.jpg\">                                                                                           La tec. Low Blue Light Plus filtra la luz da\u00f1ina                                       <\/p>\n<p class=\"description aplus-p1\"> Filtra la luz  azul-violeta de alta energ\u00eda y longitud de onda corta que es da\u00f1ina para los ojos <\/p>\n<p>                                                      <img decoding=\"async\" alt=\"5-1\" src=\"https:\/\/m.media-amazon.com\/images\/S\/aplus-media-library-service-media\/5f442ad2-b36d-4ed0-9074-97d0ba2f9f91.__CR0,0,1464,600_PT0_SX1464_V1___.jpg\">                                                                                           La tecnolog\u00eda Flicker-Free elimina el parpadeo                                       <\/p>\n<p class=\"description aplus-p1\"> Elimina el parpadeo para reducir la fatiga ocular, el cansancio y los dolores de cabeza <\/p>\n<p>                            1 Tec. Low Blue Light Plus <\/p>\n<p>                            2 Tec. Flicker-Free  <\/p>\n<p>                                                                                                       <img decoding=\"async\" alt=\"6\" src=\"https:\/\/images-na.ssl-images-amazon.com\/images\/G\/01\/x-locale\/common\/grey-pixel.gif\" class=\"a-lazy-loaded\" data-src=\"https:\/\/m.media-amazon.com\/images\/S\/aplus-media-library-service-media\/644f5bb0-425d-4e49-95f1-2b15fd47908b.__CR0,0,1464,600_PT0_SX1464_V1___.jpg\"><img decoding=\"async\" alt=\"6\" src=\"https:\/\/m.media-amazon.com\/images\/S\/aplus-media-library-service-media\/644f5bb0-425d-4e49-95f1-2b15fd47908b.__CR0,0,1464,600_PT0_SX1464_V1___.jpg\">                                                 El mejor aliado de tu vista                                             BenQ Eye-Care U                                        <\/p>\n<p class=\"aplus-p2 aplus-module-2-description\"> Eye-Care U establece temporizadores, recordatorios de luz y de distancia para corregir tu postura mientras te concentras en lo que mejor sabes hacer. La ventana emergente permite una navegaci\u00f3n r\u00e1pida y ajustes mediante su control en pantalla f\u00e1cil de usar <\/p>\n<p> Language                                            \u200f                                            :                                            \u200e                                            English   <br \/> Product Dimensions                                            \u200f                                            :                                            \u200e                                            18.2 x 54.2 x 41.6 cm; 3.06 kg   <br \/> Manufacturer                                            \u200f                                            :                                            \u200e                                            BenQ   <br \/> ASIN                                            \u200f                                            :                                            \u200e                                            B0DVZ1R2W6   <br \/> Item model number                                            \u200f                                            :                                            \u200e                                            9H.LNHLJ.LBE   <br \/> Country of origin                                            \u200f                                            :                                            \u200e                                            China   <br \/> Guaranteed software updates until                                            \u200f                                            :                                            \u200e                                            unknown   <br \/>  Customer reviews:                                                                                            4.4               4.4 out of 5 stars                                  (3,117)                                              var dpAcrHasRegisteredArcLinkClickAction;                    P.when(&#8216;A&#8217;, &#8216;ready&#8217;).execute(function(A) {                        if (dpAcrHasRegisteredArcLinkClickAction !== true) {                            dpAcrHasRegisteredArcLinkClickAction = true;                            A.declarative(                                &#8216;acrLink-click-metrics&#8217;, &#8216;click&#8217;,                                { \u00aballowLinkDefault\u00bb: true },                                function (event) {                                    if (window.ue) {                                        ue.count(\u00abacrLinkClickCount\u00bb, (ue.count(\u00abacrLinkClickCount\u00bb) || 0) + 1);                                    }                                }                            );                        }                    });                                             P.when(&#8216;A&#8217;, &#8216;cf&#8217;).execute(function(A) {                A.declarative(&#8216;acrStarsLink-click-metrics&#8217;, &#8216;click&#8217;, { \u00aballowLinkDefault\u00bb : true },  function(event){                    if(window.ue) {                        ue.count(\u00abacrStarsLinkWithPopoverClickCount\u00bb, (ue.count(\u00abacrStarsLinkWithPopoverClickCount\u00bb) || 0) + 1);                    }                });            });                          <\/p>\n<p>STUNNING IMAGES: IPS panel delivers accurate color and image reproduction from any angle and 99% coverage of sRGB space<br \/>100HZ UPDATE FREQUENCY &#8211; Respond faster to changes, offering a smoother usage experience<br \/>ULTRA-FINE BEZEL DESIGN: Enjoy an immersive viewing experience with focus thanks to a frameless monitor<br \/>COLOR MODES: With ePaper mode, which ensures comfortable and prolonged reading effortlessly.<br \/>TUV CERTIFIED &#8211; TUV certified and designed to care for your eyes with Flicker-Free and Low Blue Light technology. Eyesafe 2.0 reduces blue light.<\/p>\n\n","protected":false},"excerpt":{"rendered":"<p> From the manufacturer Monitor para el hogar BenQ Im\u00e1genes fluidas e impresionantes para tu comodidad<\/p>","protected":false},"featured_media":38398,"comment_status":"open","ping_status":"closed","template":"","meta":[],"product_brand":[],"product_cat":[55],"product_tag":[2330,705,1934,1936,1935,1939,1802,5658,1940,11487,367,186,1784,1099,2925,11488,639,6368,617,1933,11541,544,584,703,1937,248,844,1938,8813,845],"class_list":{"0":"post-38397","1":"product","2":"type-product","3":"status-publish","4":"has-post-thumbnail","6":"product_cat-gaming-monitors","7":"product_tag-100hz","8":"product_tag-1080p","9":"product_tag-144hz-gaming-monitor","10":"product_tag-1ms-gaming-monitor","11":"product_tag-240hz-gaming-monitor","12":"product_tag-27-inch-gaming-monitor","13":"product_tag-4k-gaming-monitor","14":"product_tag-benq","15":"product_tag-best-gaming-monitor","16":"product_tag-bezel","17":"product_tag-blue","18":"product_tag-certified","19":"product_tag-curved-gaming-monitor","20":"product_tag-displayport","21":"product_tag-eyecare","22":"product_tag-eyecareu","23":"product_tag-fhd","24":"product_tag-flickerfree","25":"product_tag-gaming","26":"product_tag-gaming-monitor","27":"product_tag-gw2491e","28":"product_tag-hdmi","29":"product_tag-inch","30":"product_tag-ips","31":"product_tag-ips-gaming-monitor","32":"product_tag-light","33":"product_tag-monitor","34":"product_tag-rgb-gaming-monitor","35":"product_tag-tuv","36":"product_tag-ultrathin","38":"first","39":"instock","40":"sale","41":"shipping-taxable","42":"product-type-external"},"_links":{"self":[{"href":"https:\/\/comprasyconsejos.store\/en\/wp-json\/wp\/v2\/product\/38397","targetHints":{"allow":["GET"]}}],"collection":[{"href":"https:\/\/comprasyconsejos.store\/en\/wp-json\/wp\/v2\/product"}],"about":[{"href":"https:\/\/comprasyconsejos.store\/en\/wp-json\/wp\/v2\/types\/product"}],"replies":[{"embeddable":true,"href":"https:\/\/comprasyconsejos.store\/en\/wp-json\/wp\/v2\/comments?post=38397"}],"version-history":[{"count":0,"href":"https:\/\/comprasyconsejos.store\/en\/wp-json\/wp\/v2\/product\/38397\/revisions"}],"wp:featuredmedia":[{"embeddable":true,"href":"https:\/\/comprasyconsejos.store\/en\/wp-json\/wp\/v2\/media\/38398"}],"wp:attachment":[{"href":"https:\/\/comprasyconsejos.store\/en\/wp-json\/wp\/v2\/media?parent=38397"}],"wp:term":[{"taxonomy":"product_brand","embeddable":true,"href":"https:\/\/comprasyconsejos.store\/en\/wp-json\/wp\/v2\/product_brand?post=38397"},{"taxonomy":"product_cat","embeddable":true,"href":"https:\/\/comprasyconsejos.store\/en\/wp-json\/wp\/v2\/product_cat?post=38397"},{"taxonomy":"product_tag","embeddable":true,"href":"https:\/\/comprasyconsejos.store\/en\/wp-json\/wp\/v2\/product_tag?post=38397"}],"curies":[{"name":"wp","href":"https:\/\/api.w.org\/{rel}","templated":true}]}}