{"id":38406,"date":"2026-03-06T22:20:24","date_gmt":"2026-03-06T22:20:24","guid":{"rendered":"https:\/\/comprasyconsejos.store\/product\/samsung-ls32bg650euxen-32-qhd-resolution-monitor-2560-x-1440-169-240hz-1ms-freesync-premium-pro-gaming-hub\/"},"modified":"2026-03-06T22:20:30","modified_gmt":"2026-03-06T22:20:30","slug":"samsung-ls32bg650euxen-32-qhd-resolution-monitor-2560-x-1440-169-240hz-1ms-freesync-premium-pro-gaming-hub","status":"publish","type":"product","link":"https:\/\/comprasyconsejos.store\/en\/product\/samsung-ls32bg650euxen-32-qhd-resolution-monitor-2560-x-1440-169-240hz-1ms-freesync-premium-pro-gaming-hub\/","title":{"rendered":"Samsung LS32BG650EUXEN &#8211; 32&#8243; QHD Resolution Monitor (2,560 x 1,440, 16:9, 240Hz, 1ms), FreeSync Premium Pro, Gaming Hub"},"content":{"rendered":"<p>Price: <span style=\"color:#b12704\">\u20ac372.22<\/span><br \/><i><small>(as of Mar 06, 2026 22:20:24 UTC &#8211; <span class=\"wp_automatic_amazon_disclaimer\" title=\"Product prices and availability are accurate as of the date\/time indicated and are subject to change. Any price and availability information displayed on [relevant Amazon Site(s), as applicable] at the time of purchase will apply to the purchase of this product.\">Details<\/span>)<\/small><\/i><\/p>\n<p><a href=\"https:\/\/amazon.es\/dp\/B09RHQC61B?tag=man008-21\"><img decoding=\"async\" src=\"https:\/\/valvepress.s3.amazonaws.com\/imgs\/buy_now.png\"><\/a><br \/>\n<\/p>\n<p>                                             From the manufacturer   <\/p>\n<p>                                                                                                                                                                                                                      Pantalla curva 1000R                                             Abruma tus sentidos    <\/p>\n<p class=\"aplus-p2\"> Primer monitor con esta curvatura. M\u00e1xima inmersi\u00f3n para m\u00e1s diversi\u00f3n y realismo. <\/p>\n<p>                                            <img decoding=\"async\" alt=\"Abruma tus sentidos\" src=\"https:\/\/m.media-amazon.com\/images\/S\/aplus-media-library-service-media\/b33fbcab-9738-4122-a45d-c15a8d613ac0.__CR0,138,1440,1080_PT0_SX800_V1___.jpg\">                                                                 Smart TV Experience                                             Tus programas favoritos, en tu espacio    <\/p>\n<p class=\"aplus-p2\"> Tu contenido favorito de una forma m\u00e1s r\u00e1pida, intuitiva y personalizada. Disfruta de las mejores apps y juegos en streaming: Xbox, Stadia, TikTok, Netflix, Disney+, HBO Max, Apple TV+\u2026 \u00b9 \u00b2 \u00b3 <\/p>\n<p>The video showcases the product in use.The video guides you through product setup.The video compares multiple products.The video shows the product being unpacked.<\/p>\n<p>                                                           240Hz y un 1ms (GTG) de tiempo de respuesta                                             Reacciona en tiempo real    <\/p>\n<p class=\"aplus-p2\"> La tasa de refresco m\u00e1s r\u00e1pida en un monitor gaming 4K. Disfruta de la velocidad y forma parte del juego sin retrasos ni cortes. \u2074 \u2075 \u2076 <\/p>\n<p>                                            <img decoding=\"async\" alt=\"Tasa de refresco de 240 Hz y tiempo de respuesta de 1ms(GtG)\" src=\"https:\/\/m.media-amazon.com\/images\/S\/aplus-media-library-service-media\/0b46d8ad-834e-4652-8d48-fc026dc555ee.__CR0,256,1440,1080_PT0_SX800_V1___.jpg\">                                                                 Ultra Game View                                             Revela el lado oculto    <\/p>\n<p class=\"aplus-p2\"> Saca el m\u00e1ximo partido a tu juego teniendo una visi\u00f3n m\u00e1s completa con el ratio de pantalla a 21:9 y con la nueva barra de juego accede r\u00e1pidamente a los ajustes. <\/p>\n<p>The video showcases the product in use.The video guides you through product setup.The video compares multiple products.The video shows the product being unpacked.<\/p>\n<p>                                                             Dise\u00f1ado para iluminar tu mundo                                             Dise\u00f1o CoreSync &amp; Core Lighting    <\/p>\n<p class=\"aplus-p2\"> Sincroniza tus juegos con el anillo de LED y si\u00e9ntete m\u00e1s inmerso en la acci\u00f3n. <\/p>\n<p>The video showcases the product in use.The video guides you through product setup.The video compares multiple products.The video shows the product being unpacked.<\/p>\n<p>                                                                     Muy real. Resoluci\u00f3n QHD                                            <img decoding=\"async\" alt=\"Muy real. Resoluci\u00f3n QHD\" src=\"https:\/\/images-na.ssl-images-amazon.com\/images\/G\/01\/x-locale\/common\/grey-pixel.gif\" class=\"a-lazy-loaded\" data-src=\"https:\/\/m.media-amazon.com\/images\/S\/aplus-media-library-service-media\/12959599-5ddf-4a19-9273-6167cb4ddece.__CR0,0,1464,600_PT0_SX1464_V1___.jpg\"><img decoding=\"async\" alt=\"Muy real. Resoluci\u00f3n QHD\" src=\"https:\/\/m.media-amazon.com\/images\/S\/aplus-media-library-service-media\/12959599-5ddf-4a19-9273-6167cb4ddece.__CR0,0,1464,600_PT0_SX1464_V1___.jpg\">                                         <\/p>\n<p class=\"aplus-description aplus-container-3 aplus-p1\"> Con 1,7 veces la densidad de p\u00edxeles del Full HD, la resoluci\u00f3n QHD incrementa de forma espectacular la nitidez y los detalles de las im\u00e1genes. <\/p>\n<p>                                                                                              <img decoding=\"async\" alt=\"Detalles ocultos que brillan con intensidad\" src=\"https:\/\/images-na.ssl-images-amazon.com\/images\/G\/01\/x-locale\/common\/grey-pixel.gif\" class=\"a-lazy-loaded\" data-src=\"https:\/\/m.media-amazon.com\/images\/S\/aplus-media-library-service-media\/c9fabc26-ef03-4bd4-ae0b-8535c83a3d1a.__CR0,0,650,350_PT0_SX650_V1___.jpg\"><img decoding=\"async\" alt=\"Detalles ocultos que brillan con intensidad\" src=\"https:\/\/m.media-amazon.com\/images\/S\/aplus-media-library-service-media\/c9fabc26-ef03-4bd4-ae0b-8535c83a3d1a.__CR0,0,650,350_PT0_SX650_V1___.jpg\">                                            Detalles ocultos que brillan con intensidad                                         <\/p>\n<p class=\"aplus-p3\"> DisplayHDR 600 ofrece m\u00e1s contraste, con negros m\u00e1s profundos y blancos m\u00e1s brillantes para ayudarte a descubrir enemigos o secretos que acechan en las sombras. <\/p>\n<p>                                           <img decoding=\"async\" alt=\"Conc\u00e9ntrate sin perder el ritmo\" src=\"https:\/\/images-na.ssl-images-amazon.com\/images\/G\/01\/x-locale\/common\/grey-pixel.gif\" class=\"a-lazy-loaded\" data-src=\"https:\/\/m.media-amazon.com\/images\/S\/aplus-media-library-service-media\/f1a08617-1a32-40f5-ab0e-5f3dd73339b4.__CR0,0,650,350_PT0_SX650_V1___.jpg\"><img decoding=\"async\" alt=\"Conc\u00e9ntrate sin perder el ritmo\" src=\"https:\/\/m.media-amazon.com\/images\/S\/aplus-media-library-service-media\/f1a08617-1a32-40f5-ab0e-5f3dd73339b4.__CR0,0,650,350_PT0_SX650_V1___.jpg\">                                            Conc\u00e9ntrate sin perder el ritmo                                         <\/p>\n<p class=\"aplus-p3\"> AMD FreeSync Premium Pro cuenta con tecnolog\u00eda de sincronizaci\u00f3n adaptativa que reduce el tearing de la pantalla, el sttuttering y la latencia de entrada. <\/p>\n<p>                                                                     Posici\u00f3n ergon\u00f3mica                                            <img decoding=\"async\" alt=\"Posici\u00f3n ergon\u00f3mica\" src=\"https:\/\/images-na.ssl-images-amazon.com\/images\/G\/01\/x-locale\/common\/grey-pixel.gif\" class=\"a-lazy-loaded\" data-src=\"https:\/\/m.media-amazon.com\/images\/S\/aplus-media-library-service-media\/b641192d-d321-4c0f-8d2e-c604cdbace20.__CR0,0,1464,600_PT0_SX1464_V1___.jpg\"><img decoding=\"async\" alt=\"Posici\u00f3n ergon\u00f3mica\" src=\"https:\/\/m.media-amazon.com\/images\/S\/aplus-media-library-service-media\/b641192d-d321-4c0f-8d2e-c604cdbace20.__CR0,0,1464,600_PT0_SX1464_V1___.jpg\">                                         <\/p>\n<p class=\"aplus-description aplus-container-3 aplus-p1\"> Gira, inclina y ajusta la altura hasta que est\u00e9s listo para la victoria. Plenamente compatible con los brazos de monitor est\u00e1ndar VESA. <\/p>\n<h3 class=\"a-text-center aplus-h1 a-text-bold\"> Elige tu monitor de gaming <\/h3>\n<p>                         Add To Basket  <\/p>\n<p>                         Add To Basket  <\/p>\n<p>                         Add To Basket  <\/p>\n<p>                                     Customer Reviews  <\/p>\n<p>                    4.2 out of 5 stars  155  <\/p>\n<p>                    4.3 out of 5 stars  221  <\/p>\n<p>                    4.6 out of 5 stars  53  <\/p>\n<p>                    4.5 out of 5 stars  657  <\/p>\n<p>                    4.2 out of 5 stars  1,105  <\/p>\n<p>                                     Price  <\/p>\n<p>                                                        \u20ac372.22\u20ac372.22     <\/p>\n<p>                                                        \u20ac859.00\u20ac859.00     <\/p>\n<p>                                                        \u2014    <\/p>\n<p>                                                        \u20ac227.18\u20ac227.18     <\/p>\n<p>                                                        \u2014    <\/p>\n<p>                                     Pulgadas  <\/p>\n<p>                                                32\u2033    <\/p>\n<p>                                                49\u2033    <\/p>\n<p>                                                27&#8243;    <\/p>\n<p>                                                32\u2033    <\/p>\n<p>                                                49\u2033    <\/p>\n<p>                                     Resoluci\u00f3n  <\/p>\n<p>                                                QHD (2560&#215;1440)    <\/p>\n<p>                                                DQHD (5120 x 1440)    <\/p>\n<p>                                                FHD (1920 x 1080)    <\/p>\n<p>                                                QHD (2560 x 1440)    <\/p>\n<p>                                                DQHD (5120 x 1440)    <\/p>\n<p>                                     Curvatura  <\/p>\n<p>                                                1000R    <\/p>\n<p>                                                1000R    <\/p>\n<p>                                                1000R    <\/p>\n<p>                                                1000R    <\/p>\n<p>                                                1000R    <\/p>\n<p>                                     Tasa de refresco  <\/p>\n<p>                                                240 Hz    <\/p>\n<p>                                                240 Hz    <\/p>\n<p>                                                165 Hz    <\/p>\n<p>                                                165 Hz    <\/p>\n<p>                                                240 Hz    <\/p>\n<p>                                     Tiempo de respuesta  <\/p>\n<p>                                                1 ms    <\/p>\n<p>                                                0,03 ms    <\/p>\n<p>                                                1 ms    <\/p>\n<p>                                                1 ms    <\/p>\n<p>                                                1 ms    <\/p>\n<p class=\"description\"> \u00b9 La disponibilidad de la app puede variar seg\u00fan el pa\u00eds y es posible que se requieran suscripciones por separado. \u00b2 Requiere conexi\u00f3n a internet y el sintonizador de TV no est\u00e1 incluido. \u00b3 Es posible que Samsung TV Plus y Universal Guide no est\u00e9n disponibles en algunas regiones. \u2074 1 ms\u00bb significa un milisegundo, que es el intervalo de tiempo de respuesta medio entre 1,00 ms y 1,99 ms truncado a n\u00fameros enteros.\u2075 Basado en GtG medido en condiciones de prueba internas. Los resultados pueden variar seg\u00fan el contenido y la configuraci\u00f3n del monitor (requiere la configuraci\u00f3n del \u00abmodo extremo\u00bb). \u2076 GtG (Gray to Gray) mide el tiempo que tarda un p\u00edxel del monitor en cambiar de un valor de gris a otro. <\/p>\n<p> Is discontinued by manufacturer                                            \u200f                                            :                                            \u200e                                            No   <br \/> Language                                            \u200f                                            :                                            \u200e                                            English   <br \/> Product Dimensions                                            \u200f                                            :                                            \u200e                                            50 x 50 x 28 cm; 10.38 kg   <br \/> Manufacturer                                            \u200f                                            :                                            \u200e                                            Samsung   <br \/> ASIN                                            \u200f                                            :                                            \u200e                                            B09RHQC61B   <br \/> Item model number                                            \u200f                                            :                                            \u200e                                            LS32BG650EUXEN   <br \/> Country of origin                                            \u200f                                            :                                            \u200e                                            Germany   <br \/> Guaranteed software updates until                                            \u200f                                            :                                            \u200e                                            unknown   <br \/>  Customer reviews:                                                                                            4.2               4.2 out of 5 stars                                  (155)                                              var dpAcrHasRegisteredArcLinkClickAction;                    P.when(&#8216;A&#8217;, &#8216;ready&#8217;).execute(function(A) {                        if (dpAcrHasRegisteredArcLinkClickAction !== true) {                            dpAcrHasRegisteredArcLinkClickAction = true;                            A.declarative(                                &#8216;acrLink-click-metrics&#8217;, &#8216;click&#8217;,                                { \u00aballowLinkDefault\u00bb: true },                                function (event) {                                    if (window.ue) {                                        ue.count(\u00abacrLinkClickCount\u00bb, (ue.count(\u00abacrLinkClickCount\u00bb) || 0) + 1);                                    }                                }                            );                        }                    });                                             P.when(&#8216;A&#8217;, &#8216;cf&#8217;).execute(function(A) {                A.declarative(&#8216;acrStarsLink-click-metrics&#8217;, &#8216;click&#8217;, { \u00aballowLinkDefault\u00bb : true },  function(event){                    if(window.ue) {                        ue.count(\u00abacrStarsLinkWithPopoverClickCount\u00bb, (ue.count(\u00abacrStarsLinkWithPopoverClickCount\u00bb) || 0) + 1);                    }                });            });                          <\/p>\n<p>1000R curved screen: first monitor with this curvature. Maximum immersion for more fun and realism.<br \/>Samsung Smart TV with Gaming Hub: your favorite content in a faster, more intuitive and personalized way. Enjoy the best streaming apps and games: Xbox, Stadia, TikTok, Netflix, Disney+, HBO Max, Apple TV+\u2026<br \/>Faster gaming with 240Hz: the fastest refresh rate on a 4K gaming monitor. Enjoy speed and be part of the game without lags or cuts.<br \/>Ultra Wide 21:9 Game Mode: Get the most out of your game with a fuller view with the 21:9 screen ratio and with the new game bar quickly access settings.<br \/>CoreSync Design: Sync your games with the LED ring and feel more immersed in the action.<\/p>\n\n","protected":false},"excerpt":{"rendered":"<p> From the manufacturer Pantalla curva 1000R Abruma tus sentidos Primer monitor con esta curvatura. M\u00e1xima<\/p>","protected":false},"featured_media":38407,"comment_status":"open","ping_status":"closed","template":"","meta":[],"product_brand":[],"product_cat":[54],"product_tag":[1791,1918,1298,1789,1787,1788,1792,1784,1786,1783,1790,1922,617,169,11542,844,1035,163,1243,2196,249,1785],"class_list":{"0":"post-38406","1":"product","2":"type-product","3":"status-publish","4":"has-post-thumbnail","6":"product_cat-curved-monitors","7":"product_tag-144hz-curved-monitor","8":"product_tag-1ms","9":"product_tag-240hz","10":"product_tag-best-curved-monitor","11":"product_tag-curved-27-inch-monitor","12":"product_tag-curved-32-inch-monitor","13":"product_tag-curved-computer-monitor","14":"product_tag-curved-gaming-monitor","15":"product_tag-curved-led-monitor","16":"product_tag-curved-monitor","17":"product_tag-curved-monitor-price","18":"product_tag-freesync","19":"product_tag-gaming","20":"product_tag-hub","21":"product_tag-ls32bg650euxen","22":"product_tag-monitor","23":"product_tag-premium","24":"product_tag-pro","25":"product_tag-qhd","26":"product_tag-resolution","27":"product_tag-samsung","28":"product_tag-ultrawide-curved-monitor","30":"first","31":"instock","32":"shipping-taxable","33":"product-type-external"},"_links":{"self":[{"href":"https:\/\/comprasyconsejos.store\/en\/wp-json\/wp\/v2\/product\/38406","targetHints":{"allow":["GET"]}}],"collection":[{"href":"https:\/\/comprasyconsejos.store\/en\/wp-json\/wp\/v2\/product"}],"about":[{"href":"https:\/\/comprasyconsejos.store\/en\/wp-json\/wp\/v2\/types\/product"}],"replies":[{"embeddable":true,"href":"https:\/\/comprasyconsejos.store\/en\/wp-json\/wp\/v2\/comments?post=38406"}],"version-history":[{"count":0,"href":"https:\/\/comprasyconsejos.store\/en\/wp-json\/wp\/v2\/product\/38406\/revisions"}],"wp:featuredmedia":[{"embeddable":true,"href":"https:\/\/comprasyconsejos.store\/en\/wp-json\/wp\/v2\/media\/38407"}],"wp:attachment":[{"href":"https:\/\/comprasyconsejos.store\/en\/wp-json\/wp\/v2\/media?parent=38406"}],"wp:term":[{"taxonomy":"product_brand","embeddable":true,"href":"https:\/\/comprasyconsejos.store\/en\/wp-json\/wp\/v2\/product_brand?post=38406"},{"taxonomy":"product_cat","embeddable":true,"href":"https:\/\/comprasyconsejos.store\/en\/wp-json\/wp\/v2\/product_cat?post=38406"},{"taxonomy":"product_tag","embeddable":true,"href":"https:\/\/comprasyconsejos.store\/en\/wp-json\/wp\/v2\/product_tag?post=38406"}],"curies":[{"name":"wp","href":"https:\/\/api.w.org\/{rel}","templated":true}]}}