{"id":38413,"date":"2026-03-06T22:21:23","date_gmt":"2026-03-06T22:21:23","guid":{"rendered":"https:\/\/comprasyconsejos.store\/product\/msi-pro-mp223-e2-21-45-full-hd-professional-monitor-1920-x-1080-resolution-100hz-pleasant-view-adjustable-tilt-hdmi-1-4b-display-port-1-2a-black\/"},"modified":"2026-03-06T22:21:28","modified_gmt":"2026-03-06T22:21:28","slug":"msi-pro-mp223-e2-21-45-full-hd-professional-monitor-1920-x-1080-resolution-100hz-pleasant-view-adjustable-tilt-hdmi-1-4b-display-port-1-2a-black","status":"publish","type":"product","link":"https:\/\/comprasyconsejos.store\/en\/product\/msi-pro-mp223-e2-21-45-full-hd-professional-monitor-1920-x-1080-resolution-100hz-pleasant-view-adjustable-tilt-hdmi-1-4b-display-port-1-2a-black\/","title":{"rendered":"MSI Pro MP223 E2 21.45&#8243; Full HD Professional Monitor, 1920 x 1080 Resolution, 100Hz, Pleasant View, Adjustable Tilt, HDMI 1.4b, Display Port 1.2a, Black"},"content":{"rendered":"<p>Price: <span style=\"color:#b12704\">\u20ac89.00<\/span><br \/><i><small>(as of Mar 06, 2026 22:21:24 UTC &#8211; <span class=\"wp_automatic_amazon_disclaimer\" title=\"Product prices and availability are accurate as of the date\/time indicated and are subject to change. Any price and availability information displayed on [relevant Amazon Site(s), as applicable] at the time of purchase will apply to the purchase of this product.\">Details<\/span>)<\/small><\/i><\/p>\n<p><a href=\"https:\/\/amazon.es\/dp\/B0BT9SFCHM?tag=man008-21\"><img decoding=\"async\" src=\"https:\/\/valvepress.s3.amazonaws.com\/imgs\/buy_now.png\"><\/a><br \/>\n<\/p>\n<p>                                             From the manufacturer   <\/p>\n<p>                                                  <img decoding=\"async\" alt=\"Be Your Window to the World\" src=\"https:\/\/images-na.ssl-images-amazon.com\/images\/G\/01\/x-locale\/common\/grey-pixel.gif\" class=\"a-lazy-loaded\" data-src=\"https:\/\/m.media-amazon.com\/images\/S\/aplus-media-library-service-media\/a9b8f934-846c-4de9-b17a-6d04cc15e21e.__CR0,0,1940,600_PT0_SX970_V1___.jpg\"><img decoding=\"async\" alt=\"Be Your Window to the World\" src=\"https:\/\/m.media-amazon.com\/images\/S\/aplus-media-library-service-media\/a9b8f934-846c-4de9-b17a-6d04cc15e21e.__CR0,0,1940,600_PT0_SX970_V1___.jpg\">  <\/p>\n<p>                                                      <img decoding=\"async\" alt=\"PRO MP223 E2\" src=\"https:\/\/images-na.ssl-images-amazon.com\/images\/G\/01\/x-locale\/common\/grey-pixel.gif\" class=\"a-spacing-mini a-lazy-loaded\" data-src=\"https:\/\/m.media-amazon.com\/images\/S\/aplus-media-library-service-media\/44468442-a6f5-4e9f-af60-011e15c57d76.__CR0,0,600,800_PT0_SX300_V1___.jpg\"><img decoding=\"async\" alt=\"PRO MP223 E2\" src=\"https:\/\/m.media-amazon.com\/images\/S\/aplus-media-library-service-media\/44468442-a6f5-4e9f-af60-011e15c57d76.__CR0,0,600,800_PT0_SX300_V1___.jpg\">  <\/p>\n<p>                                                              <img decoding=\"async\" alt=\"MSI: For Gamers &amp;amp; Creators\" src=\"https:\/\/images-na.ssl-images-amazon.com\/images\/G\/01\/x-locale\/common\/grey-pixel.gif\" class=\"a-spacing-mini a-lazy-loaded\" data-src=\"https:\/\/m.media-amazon.com\/images\/S\/aplus-media-library-service-media\/6faa1f28-7fa5-4dca-9dc5-f88c204cd82b.__CR0,0,350,175_PT0_SX350_V1___.png\"><img decoding=\"async\" alt=\"MSI: For Gamers &amp;amp; Creators\" src=\"https:\/\/m.media-amazon.com\/images\/S\/aplus-media-library-service-media\/6faa1f28-7fa5-4dca-9dc5-f88c204cd82b.__CR0,0,350,175_PT0_SX350_V1___.png\">                                          MSI: For Gamers &amp; Creators                                 <\/p>\n<p class=\"a-spacing-small a-size-small a-color-secondary\"> MSI is one of the most trusted names in gaming and esports with countless hours and significant resources invested into premier esports leagues and tier-1 gaming teams. By supporting and working with the best of the best, MSI is able to integrate competitive gaming knowledge and aspirations with technological innovation to create new products that shatter today&#8217;s performance limits. <\/p>\n<h3 class=\"a-spacing-mini\"> PRO MP223 E2 <\/h3>\n<p>                                          Be Your Window to the World                                     <\/p>\n<p class=\"a-spacing-base\"> El monitor MSI PRO MP223 E2 cuenta con un \u00e1rea de visualizaci\u00f3n ampliada (21,45 pulgadas) y tecnolog\u00eda EyesErgo para ayudar a mejorar el enfoque a distancias de visualizaci\u00f3n de escritorio est\u00e1ndar.  Equipado con una peana compacta, una tasa de refresco de 100 Hz y un hardware f\u00e1cil de usar, el PRO MP223 E2 marca el comienzo de una nueva era de monitores optimizados para la comodidad y la productividad en el lugar de trabajo. <\/p>\n<p>                                                          Resoluci\u00f3n FHD de 21,45&#8243; con relaci\u00f3n de contraste de 3000:1       Tama\u00f1o \u00f3ptimo para escritorios est\u00e1ndar       Alta tasa de refresco de 100 Hz y Eye-Q Check       Certificado T\u00dcV Rheinland Eye Comfort Anti-parpadeo y reducci\u00f3n de la luz azul       Dise\u00f1o sin herramientas, con ajuste de inclinaci\u00f3n y montable en VESA       Compatible con Adaptive-Sync       Conectividad HDMI 1.4b (FHD a 100 Hz) y DisplayPort 1.2a       Soporte para la aplicaci\u00f3n MSI Display Kit      <\/p>\n<p class=\"apm-text-center\">\n                                                      <img decoding=\"async\" alt=\"Resoluci\u00f3n FHD de 21,45&amp;#34;\" src=\"https:\/\/images-na.ssl-images-amazon.com\/images\/G\/01\/x-locale\/common\/grey-pixel.gif\" class=\"a-lazy-loaded\" data-src=\"https:\/\/m.media-amazon.com\/images\/S\/aplus-media-library-service-media\/a0e7a581-d363-47ac-ac3f-4b8e4cb5fb65.__CR0,0,2000,2000_PT0_SX220_V1___.jpg\"><img decoding=\"async\" alt=\"Resoluci\u00f3n FHD de 21,45&amp;#34;\" src=\"https:\/\/m.media-amazon.com\/images\/S\/aplus-media-library-service-media\/a0e7a581-d363-47ac-ac3f-4b8e4cb5fb65.__CR0,0,2000,2000_PT0_SX220_V1___.jpg\">  <\/p>\n<p>                                                    Resoluci\u00f3n FHD de 21,45&#8243;                                     <\/p>\n<p class=\"a-size-small\">\n<p>Cuenta con una gran resoluci\u00f3n FHD (1920 x 1080) de 21,45 pulgadas, adecuada para entornos dom\u00e9sticos u oficinas comerciales.<\/p>\n<p>Admite un \u00e1ngulo de visi\u00f3n amplio de 178\u00b0, lo que garantiza un nivel de detalle y una calidad de imagen uniformes desde casi cualquier \u00e1ngulo.<\/p>\n<p>Una relaci\u00f3n de contraste superior de 3000:1 garantiza una calidad de imagen m\u00e1s rica y profunda al ver im\u00e1genes m\u00e1s oscuras.<\/p>\n<p class=\"apm-text-center\">\n                                                      <img decoding=\"async\" alt=\"Premium Eye Comfort\" src=\"https:\/\/images-na.ssl-images-amazon.com\/images\/G\/01\/x-locale\/common\/grey-pixel.gif\" class=\"a-lazy-loaded\" data-src=\"https:\/\/m.media-amazon.com\/images\/S\/aplus-media-library-service-media\/ae188e86-f653-4ab1-8176-dae848aa8695.__CR0,0,2000,2000_PT0_SX220_V1___.jpg\"><img decoding=\"async\" alt=\"Premium Eye Comfort\" src=\"https:\/\/m.media-amazon.com\/images\/S\/aplus-media-library-service-media\/ae188e86-f653-4ab1-8176-dae848aa8695.__CR0,0,2000,2000_PT0_SX220_V1___.jpg\">  <\/p>\n<p>                                                    Premium Eye Comfort                                     <\/p>\n<p class=\"a-size-small\">\n<p>Mant\u00e9n la concentraci\u00f3n y reduce la fatiga ocular con funciones integradas dise\u00f1adas para ayudar a mejorar la productividad en el trabajo:<\/p>\n<p>El software Eye-Q Check se puede activar para ayudar a los usuarios a autoevaluar la fatiga ocular y la postura.<\/p>\n<p>Less Blue Light emplea tecnolog\u00eda de filtro basada en software. Panel antirreflejos*<\/p>\n<p>Tecnolog\u00eda Less Blue Light**<\/p>\n<p>Superficie antirreflejos<\/p>\n<p>*Certificado T\u00dcV Rheinland Low Blue Light (soluci\u00f3n de software) Q 50623148, 02-04-2024 **Certificado T\u00dcV Rheinland Flicker Free Q 50623148, 02-04-2024<\/p>\n<p class=\"apm-text-center\">\n                                                      <img decoding=\"async\" alt=\"Alta tasa de refresco de 100 Hz\" src=\"https:\/\/images-na.ssl-images-amazon.com\/images\/G\/01\/x-locale\/common\/grey-pixel.gif\" class=\"a-lazy-loaded\" data-src=\"https:\/\/m.media-amazon.com\/images\/S\/aplus-media-library-service-media\/a2b1f298-bd47-4bfe-8d37-06150a744a34.__CR0,0,2000,2000_PT0_SX220_V1___.jpg\"><img decoding=\"async\" alt=\"Alta tasa de refresco de 100 Hz\" src=\"https:\/\/m.media-amazon.com\/images\/S\/aplus-media-library-service-media\/a2b1f298-bd47-4bfe-8d37-06150a744a34.__CR0,0,2000,2000_PT0_SX220_V1___.jpg\">  <\/p>\n<p>                                                    Alta tasa de refresco de 100 Hz                                     <\/p>\n<p class=\"a-size-small\">\n<p>Una tasa de refresco de 100 Hz (tiempo de respuesta MPRT de 1 ms) ofrece un rendimiento significativamente mejor en comparaci\u00f3n con los monitores gen\u00e9ricos de 60 Hz, y es muy adecuada para la edici\u00f3n de v\u00eddeo.<\/p>\n<p class=\"apm-text-center\">\n                                                      <img decoding=\"async\" alt=\"Eye-Q Check\" src=\"https:\/\/images-na.ssl-images-amazon.com\/images\/G\/01\/x-locale\/common\/grey-pixel.gif\" class=\"a-lazy-loaded\" data-src=\"https:\/\/m.media-amazon.com\/images\/S\/aplus-media-library-service-media\/a5f234e9-4e15-4fb8-95e4-ddababb70722.__CR0,0,2000,2000_PT0_SX220_V1___.jpg\"><img decoding=\"async\" alt=\"Eye-Q Check\" src=\"https:\/\/m.media-amazon.com\/images\/S\/aplus-media-library-service-media\/a5f234e9-4e15-4fb8-95e4-ddababb70722.__CR0,0,2000,2000_PT0_SX220_V1___.jpg\">  <\/p>\n<p>                                                    Eye-Q Check                                     <\/p>\n<p class=\"a-size-small\">\n<p>El software Eye-Q Check se puede activar para ayudar a los usuarios a autoevaluar la fatiga ocular y la postura.<\/p>\n<p>  Astigmatismo Cuadr\u00edcula de Amsler Correcci\u00f3n de la postura  <\/p>\n<p>Esto ayuda a identificar tensiones y molestias innecesarias que los espectadores a menudo desconocen.<\/p>\n<p>*Eye-Q Check se puede activar a trav\u00e9s del men\u00fa OSD.<\/p>\n<p class=\"apm-text-center\">\n                                                      <img decoding=\"async\" alt=\"Montaje VESA\" src=\"https:\/\/images-na.ssl-images-amazon.com\/images\/G\/01\/x-locale\/common\/grey-pixel.gif\" class=\"a-lazy-loaded\" data-src=\"https:\/\/m.media-amazon.com\/images\/S\/aplus-media-library-service-media\/338d8624-4cfc-4a9d-9364-be1c73e00456.__CR0,0,2000,2000_PT0_SX220_V1___.jpg\"><img decoding=\"async\" alt=\"Montaje VESA\" src=\"https:\/\/m.media-amazon.com\/images\/S\/aplus-media-library-service-media\/338d8624-4cfc-4a9d-9364-be1c73e00456.__CR0,0,2000,2000_PT0_SX220_V1___.jpg\">  <\/p>\n<p>                                                    Montaje VESA                                     <\/p>\n<p class=\"a-size-small\">\n<p>La serie MSI PRO MP223 es compatible con un soporte VESA est\u00e1ndar de 75 mm* y con los mini PC de la serie MSI Cubi, lo que permite una configuraci\u00f3n de escritorio invisible.<\/p>\n<p>*Disfruta de un escritorio m\u00e1s ordenado y de una gesti\u00f3n de cables superior con el brazo VESA MT81 de MSI (no incluido).<\/p>\n<p class=\"apm-text-center\">\n                                                      <img decoding=\"async\" alt=\"Dise\u00f1o sin herramientas\" src=\"https:\/\/images-na.ssl-images-amazon.com\/images\/G\/01\/x-locale\/common\/grey-pixel.gif\" class=\"a-lazy-loaded\" data-src=\"https:\/\/m.media-amazon.com\/images\/S\/aplus-media-library-service-media\/b6c0e482-7cb3-42df-b87b-227b670314d4.__CR0,0,2000,2000_PT0_SX220_V1___.jpg\"><img decoding=\"async\" alt=\"Dise\u00f1o sin herramientas\" src=\"https:\/\/m.media-amazon.com\/images\/S\/aplus-media-library-service-media\/b6c0e482-7cb3-42df-b87b-227b670314d4.__CR0,0,2000,2000_PT0_SX220_V1___.jpg\">  <\/p>\n<p>                                                    Dise\u00f1o sin herramientas                                     <\/p>\n<p class=\"a-size-small\">\n<p>El soporte y el panel se pueden montar y desmontar f\u00e1cilmente y en cuesti\u00f3n de segundos gracias a su dise\u00f1o sencillo, que no requiere herramientas.<\/p>\n<p class=\"apm-text-center\">\n                                                      <img decoding=\"async\" alt=\"Soporte inclinable ajustable con ranura para accesorios\" src=\"https:\/\/images-na.ssl-images-amazon.com\/images\/G\/01\/x-locale\/common\/grey-pixel.gif\" class=\"a-lazy-loaded\" data-src=\"https:\/\/m.media-amazon.com\/images\/S\/aplus-media-library-service-media\/d02a0a73-5b95-412b-8f48-adbce26dacc2.__CR0,0,2000,2000_PT0_SX220_V1___.jpg\"><img decoding=\"async\" alt=\"Soporte inclinable ajustable con ranura para accesorios\" src=\"https:\/\/m.media-amazon.com\/images\/S\/aplus-media-library-service-media\/d02a0a73-5b95-412b-8f48-adbce26dacc2.__CR0,0,2000,2000_PT0_SX220_V1___.jpg\">  <\/p>\n<p>                                                    Soporte inclinable ajustable con ranura para accesorios                                     <\/p>\n<p class=\"a-size-small\">\n<p>El monitor se puede inclinar entre -5\u00b0 y 20\u00b0 e incluye un candado Kensington.<\/p>\n<p>La parte frontal de la base cuenta con una pr\u00e1ctica ranura para accesorios, en la que se puede colocar un l\u00e1piz \u00f3ptico MSI Pen o utilizar como soporte para un smartphone.<\/p>\n<p class=\"apm-text-center\">\n                                                      <img decoding=\"async\" alt=\"Display Kit App\" src=\"https:\/\/images-na.ssl-images-amazon.com\/images\/G\/01\/x-locale\/common\/grey-pixel.gif\" class=\"a-lazy-loaded\" data-src=\"https:\/\/m.media-amazon.com\/images\/S\/aplus-media-library-service-media\/d551eb3c-3fed-44f1-841a-1e3366a98c1d.__CR0,0,2000,2000_PT0_SX220_V1___.jpg\"><img decoding=\"async\" alt=\"Display Kit App\" src=\"https:\/\/m.media-amazon.com\/images\/S\/aplus-media-library-service-media\/d551eb3c-3fed-44f1-841a-1e3366a98c1d.__CR0,0,2000,2000_PT0_SX220_V1___.jpg\">  <\/p>\n<p>                                                    Display Kit App                                     <\/p>\n<p class=\"a-size-small\">\n<p>El software MSI Display Kit admite una amplia gama de funciones adicionales, entre las que se incluyen:<\/p>\n<p>Ajustes directos del teclado y el rat\u00f3n mientras est\u00e1s en el programa<\/p>\n<p>Perfiles de pantalla preestablecidos que se pueden asignar al software<\/p>\n<p>Multitarea con ventanas divididas en una sola pantalla<\/p>\n<p> Product Dimensions                                            \u200f                                            :                                            \u200e                                            18.2 x 49.47 x 38.55 cm; 4 kg   <br \/> Manufacturer                                            \u200f                                            :                                            \u200e                                            MSI   <br \/> ASIN                                            \u200f                                            :                                            \u200e                                            B0BT9SFCHM   <br \/> Item model number                                            \u200f                                            :                                            \u200e                                            MP223   <br \/> Country of origin                                            \u200f                                            :                                            \u200e                                            Spain   <br \/> Guaranteed software updates until                                            \u200f                                            :                                            \u200e                                            unknown   <br \/>  Customer reviews:                                                                                            4.6               4.6 out of 5 stars                                  (635)                                              var dpAcrHasRegisteredArcLinkClickAction;                    P.when(&#8216;A&#8217;, &#8216;ready&#8217;).execute(function(A) {                        if (dpAcrHasRegisteredArcLinkClickAction !== true) {                            dpAcrHasRegisteredArcLinkClickAction = true;                            A.declarative(                                &#8216;acrLink-click-metrics&#8217;, &#8216;click&#8217;,                                { \u00aballowLinkDefault\u00bb: true },                                function (event) {                                    if (window.ue) {                                        ue.count(\u00abacrLinkClickCount\u00bb, (ue.count(\u00abacrLinkClickCount\u00bb) || 0) + 1);                                    }                                }                            );                        }                    });                                             P.when(&#8216;A&#8217;, &#8216;cf&#8217;).execute(function(A) {                A.declarative(&#8216;acrStarsLink-click-metrics&#8217;, &#8216;click&#8217;, { \u00aballowLinkDefault\u00bb : true },  function(event){                    if(window.ue) {                        ue.count(\u00abacrStarsLinkWithPopoverClickCount\u00bb, (ue.count(\u00abacrStarsLinkWithPopoverClickCount\u00bb) || 0) + 1);                    }                });            });                          <\/p>\n<p>21.45&#8243; FULL HD MONITOR: The PRO MP223 E2 features a large 21.45&#8243; size with Full HD resolution (1920 x 1080 pixels); a high refresh rate of 100Hz enhances the daily viewing experience with smoother and faster frame rates<br \/>IMAGE QUALITY: The PRO MP223 E2 supports 99% sRGB color gamut (6-bit FRC, 16.7 million colors), 250 nits of brightness, and a superior contrast ratio of 3000:1<br \/>EYE COMFORT ORIENT: The MSI EyesErgo solution includes T\u00dcV Rheinland Eye Comfort certification Less blue light and anti-flicker technology as well as Eye-Q Check software to prevent fatigue during long periods of use<br \/>SIMPLE YET FLEXIBLE: The monitor comes with 75mm VESA mounts for wall or arm mounting (e.g. MSI VESA Arm MT81), while the stand is tilt-adjustable and includes a convenient accessory slot design<br \/>MODERN CONNECTIVITY: Supports multi-system control and display with HDMI 1.4b (FHD 100Hz) and DisplayPort 1.2a ports; includes a headphone output jack<\/p>\n\n","protected":false},"excerpt":{"rendered":"<p> From the manufacturer MSI: For Gamers &amp; Creators MSI is one of the most trusted<\/p>","protected":false},"featured_media":38414,"comment_status":"open","ping_status":"closed","template":"","meta":[],"product_brand":[],"product_cat":[53],"product_tag":[3953,11545,2330,1804,1801,1802,1805,1803,1799,1807,876,1806,307,561,560,544,844,11543,1262,11544,153,163,814,1808,2196,1183,1800,1675],"class_list":{"0":"post-38413","1":"product","2":"type-product","3":"status-publish","4":"has-post-thumbnail","6":"product_cat-4k-monitors","7":"product_tag-1-2a","8":"product_tag-1-4b","9":"product_tag-100hz","10":"product_tag-32-inch-4k-monitor","11":"product_tag-3840x2160-monitor","12":"product_tag-4k-gaming-monitor","13":"product_tag-4k-hdr-monitor","14":"product_tag-4k-ips-monitor","15":"product_tag-4k-monitor","16":"product_tag-4k-monitor-price","17":"product_tag-adjustable","18":"product_tag-best-4k-monitor","19":"product_tag-black","20":"product_tag-display","21":"product_tag-full","22":"product_tag-hdmi","23":"product_tag-monitor","24":"product_tag-mp223","25":"product_tag-msi","26":"product_tag-pleasant","27":"product_tag-port","28":"product_tag-pro","29":"product_tag-professional","30":"product_tag-professional-4k-monitor","31":"product_tag-resolution","32":"product_tag-tilt","33":"product_tag-uhd-monitor","34":"product_tag-view","36":"first","37":"instock","38":"shipping-taxable","39":"product-type-external"},"_links":{"self":[{"href":"https:\/\/comprasyconsejos.store\/en\/wp-json\/wp\/v2\/product\/38413","targetHints":{"allow":["GET"]}}],"collection":[{"href":"https:\/\/comprasyconsejos.store\/en\/wp-json\/wp\/v2\/product"}],"about":[{"href":"https:\/\/comprasyconsejos.store\/en\/wp-json\/wp\/v2\/types\/product"}],"replies":[{"embeddable":true,"href":"https:\/\/comprasyconsejos.store\/en\/wp-json\/wp\/v2\/comments?post=38413"}],"version-history":[{"count":0,"href":"https:\/\/comprasyconsejos.store\/en\/wp-json\/wp\/v2\/product\/38413\/revisions"}],"wp:featuredmedia":[{"embeddable":true,"href":"https:\/\/comprasyconsejos.store\/en\/wp-json\/wp\/v2\/media\/38414"}],"wp:attachment":[{"href":"https:\/\/comprasyconsejos.store\/en\/wp-json\/wp\/v2\/media?parent=38413"}],"wp:term":[{"taxonomy":"product_brand","embeddable":true,"href":"https:\/\/comprasyconsejos.store\/en\/wp-json\/wp\/v2\/product_brand?post=38413"},{"taxonomy":"product_cat","embeddable":true,"href":"https:\/\/comprasyconsejos.store\/en\/wp-json\/wp\/v2\/product_cat?post=38413"},{"taxonomy":"product_tag","embeddable":true,"href":"https:\/\/comprasyconsejos.store\/en\/wp-json\/wp\/v2\/product_tag?post=38413"}],"curies":[{"name":"wp","href":"https:\/\/api.w.org\/{rel}","templated":true}]}}