{"id":38419,"date":"2026-03-06T22:32:43","date_gmt":"2026-03-06T22:32:43","guid":{"rendered":"https:\/\/comprasyconsejos.store\/product\/viewsonic-vx3418c-2k-uwqhd-gaming-monitor-34-inch-curved-va-180hz-1ms-2560p-x-1440p-1500r-hdr10-freesync-prem-frameless-hdmi-dp\/"},"modified":"2026-03-06T22:32:45","modified_gmt":"2026-03-06T22:32:45","slug":"viewsonic-vx3418c-2k-uwqhd-gaming-monitor-34-inch-curved-va-180hz-1ms-2560p-x-1440p-1500r-hdr10-freesync-prem-frameless-hdmi-dp","status":"publish","type":"product","link":"https:\/\/comprasyconsejos.store\/en\/product\/viewsonic-vx3418c-2k-uwqhd-gaming-monitor-34-inch-curved-va-180hz-1ms-2560p-x-1440p-1500r-hdr10-freesync-prem-frameless-hdmi-dp\/","title":{"rendered":"ViewSonic VX3418C-2K UWQHD Gaming Monitor 34 Inch Curved, VA, 180Hz, 1ms, 2560p x 1440p, 1500R, HDR10, FreeSync Prem, Frameless, HDMI, DP"},"content":{"rendered":"<p>Price: <span style=\"color:#b12704\">\u20ac284.98<\/span><br \/><i><small>(as of Mar 06, 2026 22:32:43 UTC &#8211; <span class=\"wp_automatic_amazon_disclaimer\" title=\"Product prices and availability are accurate as of the date\/time indicated and are subject to change. Any price and availability information displayed on [relevant Amazon Site(s), as applicable] at the time of purchase will apply to the purchase of this product.\">Details<\/span>)<\/small><\/i><\/p>\n<p><a href=\"https:\/\/amazon.es\/dp\/B0F2D71L9L?tag=man008-21\"><img decoding=\"async\" src=\"https:\/\/valvepress.s3.amazonaws.com\/imgs\/buy_now.png\"><\/a><br \/>\n<\/p>\n<p>                                             From the brand   <\/p>\n<p>                                              <img decoding=\"async\" alt=\"de productos de ViewSonic incluye monitores, computadoras port\u00e1tiles, proyectores y miniPC sobre un fondo blanco con detalles en rojo. El logotipo aparece en un lugar destacado.\" src=\"https:\/\/images-na.ssl-images-amazon.com\/images\/G\/01\/x-locale\/common\/grey-pixel.gif\" class=\"a-lazy-loaded\" data-src=\"https:\/\/m.media-amazon.com\/images\/S\/aplus-media-library-service-media\/cc478b16-4e76-4d1a-9793-80a0a26e7fed.__CR0,0,1464,625_PT0_SX1464_V1___.jpg\"><img decoding=\"async\" alt=\"de productos de ViewSonic incluye monitores, computadoras port\u00e1tiles, proyectores y miniPC sobre un fondo blanco con detalles en rojo. El logotipo aparece en un lugar destacado.\" src=\"https:\/\/m.media-amazon.com\/images\/S\/aplus-media-library-service-media\/cc478b16-4e76-4d1a-9793-80a0a26e7fed.__CR0,0,1464,625_PT0_SX1464_V1___.jpg\">  <\/p>\n<p>                                              <img decoding=\"async\" alt=\"\" src=\"https:\/\/images-na.ssl-images-amazon.com\/images\/G\/01\/x-locale\/common\/grey-pixel.gif\" class=\"a-lazy-loaded\" data-src=\"https:\/\/m.media-amazon.com\/images\/S\/aplus-media-library-service-media\/efa0d959-8f13-4e0f-bf39-0a200edc179a.__CR0,2,1505,1883_PT0_SX362_V1___.png\"><img decoding=\"async\" alt=\"\" src=\"https:\/\/m.media-amazon.com\/images\/S\/aplus-media-library-service-media\/efa0d959-8f13-4e0f-bf39-0a200edc179a.__CR0,2,1505,1883_PT0_SX362_V1___.png\">  <\/p>\n<h3> Acerca de ViewSonic <\/h3>\n<p> ViewSonic, fundada en California, ofrece soluciones visuales y opera en m\u00e1s de 100 pa\u00edses en todo el mundo. <\/p>\n<p>                                              <img decoding=\"async\" alt=\"Dispositivos de pantalla m\u00faltiple que muestran varios tama\u00f1os de pantalla y factores de forma, incluida una gran pantalla t\u00e1ctil, un tel\u00e9fono inteligente y un monitor de escritorio. El logotipo del premio \u00abBest Brands 2025\u00bb ocupa\" src=\"https:\/\/images-na.ssl-images-amazon.com\/images\/G\/01\/x-locale\/common\/grey-pixel.gif\" class=\"a-lazy-loaded\" data-src=\"https:\/\/m.media-amazon.com\/images\/S\/aplus-media-library-service-media\/defd1504-b411-4ed9-892c-3fa337d7daac.__CR0,0,362,453_PT0_SX362_V1___.jpeg\"><img decoding=\"async\" alt=\"Dispositivos de pantalla m\u00faltiple que muestran varios tama\u00f1os de pantalla y factores de forma, incluida una gran pantalla t\u00e1ctil, un tel\u00e9fono inteligente y un monitor de escritorio. El logotipo del premio \u00abBest Brands 2025\u00bb ocupa\" src=\"https:\/\/m.media-amazon.com\/images\/S\/aplus-media-library-service-media\/defd1504-b411-4ed9-892c-3fa337d7daac.__CR0,0,362,453_PT0_SX362_V1___.jpeg\">  <\/p>\n<p>                                              <img decoding=\"async\" alt=\"de ViewSonic sobre escritorio con soporte. Dispositivo negro compacto con lente y la marca ViewSonic. El texto promueve la idea de \u00abdisfrutar del entretenimiento en cualquier lugar\u00bb con proyectores port\u00e1tiles.\" src=\"https:\/\/images-na.ssl-images-amazon.com\/images\/G\/01\/x-locale\/common\/grey-pixel.gif\" class=\"a-lazy-loaded\" data-src=\"https:\/\/m.media-amazon.com\/images\/S\/aplus-media-library-service-media\/8aedc6af-e8c8-4483-97a3-3ebfbb33ac05.__CR0,0,362,453_PT0_SX362_V1___.jpeg\"><img decoding=\"async\" alt=\"de ViewSonic sobre escritorio con soporte. Dispositivo negro compacto con lente y la marca ViewSonic. El texto promueve la idea de \u00abdisfrutar del entretenimiento en cualquier lugar\u00bb con proyectores port\u00e1tiles.\" src=\"https:\/\/m.media-amazon.com\/images\/S\/aplus-media-library-service-media\/8aedc6af-e8c8-4483-97a3-3ebfbb33ac05.__CR0,0,362,453_PT0_SX362_V1___.jpeg\">  <\/p>\n<p>                                              <img decoding=\"async\" alt=\"Configuraci\u00f3n de cine en casa con una gran imagen proyectada en la pared. Habitaci\u00f3n oscura con iluminaci\u00f3n empotrada. El texto promociona los proyectores de entretenimiento dom\u00e9stico de ViewSonic para llevar la experiencia del cine a\" src=\"https:\/\/images-na.ssl-images-amazon.com\/images\/G\/01\/x-locale\/common\/grey-pixel.gif\" class=\"a-lazy-loaded\" data-src=\"https:\/\/m.media-amazon.com\/images\/S\/aplus-media-library-service-media\/463e1d99-e1e3-4753-98a7-5e5892859aca.__CR0,0,363,454_PT0_SX362_V1___.jpg\"><img decoding=\"async\" alt=\"Configuraci\u00f3n de cine en casa con una gran imagen proyectada en la pared. Habitaci\u00f3n oscura con iluminaci\u00f3n empotrada. El texto promociona los proyectores de entretenimiento dom\u00e9stico de ViewSonic para llevar la experiencia del cine a\" src=\"https:\/\/m.media-amazon.com\/images\/S\/aplus-media-library-service-media\/463e1d99-e1e3-4753-98a7-5e5892859aca.__CR0,0,363,454_PT0_SX362_V1___.jpg\">  <\/p>\n<p>                                              <img decoding=\"async\" alt=\"de ViewSonic que muestra un juego de carreras. Persona sentada en el escritorio usando el monitor. El texto dice \u00abDise\u00f1ado para todos los jugadores\u00bb y \u00abMonitores para juegos de ViewSonic\u00bb\" src=\"https:\/\/images-na.ssl-images-amazon.com\/images\/G\/01\/x-locale\/common\/grey-pixel.gif\" class=\"a-lazy-loaded\" data-src=\"https:\/\/m.media-amazon.com\/images\/S\/aplus-media-library-service-media\/112df312-2b26-4251-a0e8-75c150a4b29c.__CR0,0,362,453_PT0_SX362_V1___.jpeg\"><img decoding=\"async\" alt=\"de ViewSonic que muestra un juego de carreras. Persona sentada en el escritorio usando el monitor. El texto dice \u00abDise\u00f1ado para todos los jugadores\u00bb y \u00abMonitores para juegos de ViewSonic\u00bb\" src=\"https:\/\/m.media-amazon.com\/images\/S\/aplus-media-library-service-media\/112df312-2b26-4251-a0e8-75c150a4b29c.__CR0,0,362,453_PT0_SX362_V1___.jpeg\">  <\/p>\n<p>                                              <img decoding=\"async\" alt=\"de ViewSonic muestra el software de edici\u00f3n de fotograf\u00edas en un entorno de oficina en casa. Persona que usa una tableta gr\u00e1fica en un escritorio de madera con teclado y cuaderno\" src=\"https:\/\/images-na.ssl-images-amazon.com\/images\/G\/01\/x-locale\/common\/grey-pixel.gif\" class=\"a-lazy-loaded\" data-src=\"https:\/\/m.media-amazon.com\/images\/S\/aplus-media-library-service-media\/78134d7f-247b-4cd0-be01-50c628582501.__CR0,0,362,453_PT0_SX362_V1___.jpeg\"><img decoding=\"async\" alt=\"de ViewSonic muestra el software de edici\u00f3n de fotograf\u00edas en un entorno de oficina en casa. Persona que usa una tableta gr\u00e1fica en un escritorio de madera con teclado y cuaderno\" src=\"https:\/\/m.media-amazon.com\/images\/S\/aplus-media-library-service-media\/78134d7f-247b-4cd0-be01-50c628582501.__CR0,0,362,453_PT0_SX362_V1___.jpeg\">  <\/p>\n<p>                                              <img decoding=\"async\" alt=\"de ViewSonic que muestra gr\u00e1ficos comerciales junto a un port\u00e1til. El eslogan dice \u00abTrabaja donde la vida te lleve\u00bb. El producto muestra la movilidad y el uso profesional\" src=\"https:\/\/images-na.ssl-images-amazon.com\/images\/G\/01\/x-locale\/common\/grey-pixel.gif\" class=\"a-lazy-loaded\" data-src=\"https:\/\/m.media-amazon.com\/images\/S\/aplus-media-library-service-media\/df4a9de5-6453-4f85-877b-9ec34ad728c8.__CR0,0,362,453_PT0_SX362_V1___.jpeg\"><img decoding=\"async\" alt=\"de ViewSonic que muestra gr\u00e1ficos comerciales junto a un port\u00e1til. El eslogan dice \u00abTrabaja donde la vida te lleve\u00bb. El producto muestra la movilidad y el uso profesional\" src=\"https:\/\/m.media-amazon.com\/images\/S\/aplus-media-library-service-media\/df4a9de5-6453-4f85-877b-9ec34ad728c8.__CR0,0,362,453_PT0_SX362_V1___.jpeg\">  <\/p>\n<p> Product Dimensions                                            \u200f                                            :                                            \u200e                                            28.93 x 80.8 x 53.14 cm; 5.67 kg   <br \/> Manufacturer                                            \u200f                                            :                                            \u200e                                            ViewSonic   <br \/> ASIN                                            \u200f                                            :                                            \u200e                                            B0F2D71L9L   <br \/> Item model number                                            \u200f                                            :                                            \u200e                                            VX3418C-2K   <br \/> Country\/Region of Origin                                            \u200f                                            :                                            \u200e                                            China   <br \/> Guaranteed software updates until                                            \u200f                                            :                                            \u200e                                            unknown   <br \/>  Customer reviews:                                                                                            4.5               4.5 out of 5 stars                                  (15)                                              var dpAcrHasRegisteredArcLinkClickAction;                    P.when(&#8216;A&#8217;, &#8216;ready&#8217;).execute(function(A) {                        if (dpAcrHasRegisteredArcLinkClickAction !== true) {                            dpAcrHasRegisteredArcLinkClickAction = true;                            A.declarative(                                &#8216;acrLink-click-metrics&#8217;, &#8216;click&#8217;,                                { \u00aballowLinkDefault\u00bb: true },                                function (event) {                                    if (window.ue) {                                        ue.count(\u00abacrLinkClickCount\u00bb, (ue.count(\u00abacrLinkClickCount\u00bb) || 0) + 1);                                    }                                }                            );                        }                    });                                             P.when(&#8216;A&#8217;, &#8216;cf&#8217;).execute(function(A) {                A.declarative(&#8216;acrStarsLink-click-metrics&#8217;, &#8216;click&#8217;, { \u00aballowLinkDefault\u00bb : true },  function(event){                    if(window.ue) {                        ue.count(\u00abacrStarsLinkWithPopoverClickCount\u00bb, (ue.count(\u00abacrStarsLinkWithPopoverClickCount\u00bb) || 0) + 1);                    }                });            });                          <\/p>\n<p>ULTIMATIC CUSTOMIZATION: The 34-inch 1500R display is perfect for immersing yourself in your favorite games. Curved screen provides greater comfort and deeper immersion.<br \/>Always in sync with the action: Enjoy smooth gameplay with FreeSync Premium. This technology syncs the output of your video card and gaming monitor to prevent image cracking and shaking. So you can immerse yourself in the game and win every match with crisp focus.<br \/>GAME WITHOUT SETS &#8211; Never miss a single picture of the action thanks to the fast 180Hz refresh rate. Avoid delays and motion blur and experience smooth gameplay and flawless graphics across the screen.<br \/>ERGONOMIC ADVANTAGE: Play comfortably thanks to the ergonomic design of the VX3418C-2K. Whether you&#8217;re planning a long gaming session or completing your work tasks, the tilt, swivel and adjustable height design ensures comfort, accuracy and an impressive gaming experience for every task.<br \/>PROTECT YOUR EYES WITH Eye ProTech: Thanks to flicker-free technology and blue light filter, EyeProTech relieves digital eyestrain by eliminating screen flicker and minimizing harmful blue light emissions, perfect for intense gaming marathons.<\/p>\n\n","protected":false},"excerpt":{"rendered":"<p> From the brand Acerca de ViewSonic ViewSonic, fundada en California, ofrece soluciones visuales y opera<\/p>","protected":false},"featured_media":38420,"comment_status":"open","ping_status":"closed","template":"","meta":[],"product_brand":[],"product_cat":[52,54],"product_tag":[1295,1817,1822,2337,1778,1918,8744,1819,1821,1816,1824,1823,754,1825,2269,1922,617,544,1925,584,1820,844,6597,1818,4901,1941,11546],"class_list":{"0":"post-38419","1":"product","2":"type-product","3":"status-publish","4":"has-post-thumbnail","6":"product_cat-2k-monitors","7":"product_cat-curved-monitors","8":"product_tag-1440p","9":"product_tag-1440p-monitor","10":"product_tag-144hz-2k-monitor","11":"product_tag-1500r","12":"product_tag-180hz","13":"product_tag-1ms","14":"product_tag-2560p","15":"product_tag-27-inch-2k-monitor","16":"product_tag-2k-gaming-monitor","17":"product_tag-2k-monitor","18":"product_tag-2k-monitor-price","19":"product_tag-best-2k-monitor","20":"product_tag-curved","21":"product_tag-curved-2k-monitor","22":"product_tag-frameless","23":"product_tag-freesync","24":"product_tag-gaming","25":"product_tag-hdmi","26":"product_tag-hdr10","27":"product_tag-inch","28":"product_tag-ips-2k-monitor","29":"product_tag-monitor","30":"product_tag-prem","31":"product_tag-qhd-monitor","32":"product_tag-uwqhd","33":"product_tag-viewsonic","34":"product_tag-vx3418c2k","36":"first","37":"instock","38":"shipping-taxable","39":"product-type-external"},"_links":{"self":[{"href":"https:\/\/comprasyconsejos.store\/en\/wp-json\/wp\/v2\/product\/38419","targetHints":{"allow":["GET"]}}],"collection":[{"href":"https:\/\/comprasyconsejos.store\/en\/wp-json\/wp\/v2\/product"}],"about":[{"href":"https:\/\/comprasyconsejos.store\/en\/wp-json\/wp\/v2\/types\/product"}],"replies":[{"embeddable":true,"href":"https:\/\/comprasyconsejos.store\/en\/wp-json\/wp\/v2\/comments?post=38419"}],"version-history":[{"count":0,"href":"https:\/\/comprasyconsejos.store\/en\/wp-json\/wp\/v2\/product\/38419\/revisions"}],"wp:featuredmedia":[{"embeddable":true,"href":"https:\/\/comprasyconsejos.store\/en\/wp-json\/wp\/v2\/media\/38420"}],"wp:attachment":[{"href":"https:\/\/comprasyconsejos.store\/en\/wp-json\/wp\/v2\/media?parent=38419"}],"wp:term":[{"taxonomy":"product_brand","embeddable":true,"href":"https:\/\/comprasyconsejos.store\/en\/wp-json\/wp\/v2\/product_brand?post=38419"},{"taxonomy":"product_cat","embeddable":true,"href":"https:\/\/comprasyconsejos.store\/en\/wp-json\/wp\/v2\/product_cat?post=38419"},{"taxonomy":"product_tag","embeddable":true,"href":"https:\/\/comprasyconsejos.store\/en\/wp-json\/wp\/v2\/product_tag?post=38419"}],"curies":[{"name":"wp","href":"https:\/\/api.w.org\/{rel}","templated":true}]}}