{"id":38424,"date":"2026-03-06T23:05:00","date_gmt":"2026-03-06T23:05:00","guid":{"rendered":"https:\/\/comprasyconsejos.store\/product\/scuf-envision-pro-controlador-inalambrico-para-juegos-de-solo-pc-cinco-teclas-g-reasignables-paletas-traseras-reasignables-disparadores-instantaneos-compatible-con-icue-gris-metalizado\/"},"modified":"2026-03-06T23:05:07","modified_gmt":"2026-03-06T23:05:07","slug":"scuf-envision-pro-controlador-inalambrico-para-juegos-de-solo-pc-cinco-teclas-g-reasignables-paletas-traseras-reasignables-disparadores-instantaneos-compatible-con-icue-gris-metalizado","status":"publish","type":"product","link":"https:\/\/comprasyconsejos.store\/en\/product\/scuf-envision-pro-controlador-inalambrico-para-juegos-de-solo-pc-cinco-teclas-g-reasignables-paletas-traseras-reasignables-disparadores-instantaneos-compatible-con-icue-gris-metalizado\/","title":{"rendered":"SCUF ENVISION PRO Controlador Inal\u00e1mbrico para Juegos de S\u00f3lo PC &#8211; Cinco Teclas G Reasignables &#8211; Paletas Traseras Reasignables &#8211; Disparadores Instant\u00e1neos &#8211; Compatible con iCUE &#8211; Gris Metalizado"},"content":{"rendered":"<p>Price: <span style=\"color:#b12704\">\u20ac209.99<\/span><br \/><i><small>(as of Mar 06, 2026 23:05:01 UTC &#8211; <span class=\"wp_automatic_amazon_disclaimer\" title=\"Product prices and availability are accurate as of the date\/time indicated and are subject to change. Any price and availability information displayed on [relevant Amazon Site(s), as applicable] at the time of purchase will apply to the purchase of this product.\">Details<\/span>)<\/small><\/i><\/p>\n<p><a href=\"https:\/\/amazon.es\/dp\/B0CM728YPY?tag=man008-21\"><img decoding=\"async\" src=\"https:\/\/valvepress.s3.amazonaws.com\/imgs\/buy_now.png\"><\/a><br \/>\n<\/p>\n<p>                                             From the manufacturer   <\/p>\n<p>The video showcases the product in use.The video guides you through product setup.The video compares multiple products.The video shows the product being unpacked.<\/p>\n<p>                                                                                                       <img decoding=\"async\" alt=\"SCUF ENVISION PRO\" src=\"https:\/\/images-na.ssl-images-amazon.com\/images\/G\/01\/x-locale\/common\/grey-pixel.gif\" class=\"a-lazy-loaded\" data-src=\"https:\/\/m.media-amazon.com\/images\/S\/aplus-media-library-service-media\/d0ee7a6e-9026-4271-99ac-888357c9f543.__CR0,0,1464,600_PT0_SX1464_V1___.jpg\"><img decoding=\"async\" alt=\"SCUF ENVISION PRO\" src=\"https:\/\/m.media-amazon.com\/images\/S\/aplus-media-library-service-media\/d0ee7a6e-9026-4271-99ac-888357c9f543.__CR0,0,1464,600_PT0_SX1464_V1___.jpg\">                                               <\/p>\n<p>                                                                                                       <img decoding=\"async\" alt=\"SCUF ENVISION PRO\" src=\"https:\/\/images-na.ssl-images-amazon.com\/images\/G\/01\/x-locale\/common\/grey-pixel.gif\" class=\"a-lazy-loaded\" data-src=\"https:\/\/m.media-amazon.com\/images\/S\/aplus-media-library-service-media\/21524aae-e7a6-4fcb-8d17-838da397f56d.__CR0,0,1464,600_PT0_SX1464_V1___.jpg\"><img decoding=\"async\" alt=\"SCUF ENVISION PRO\" src=\"https:\/\/m.media-amazon.com\/images\/S\/aplus-media-library-service-media\/21524aae-e7a6-4fcb-8d17-838da397f56d.__CR0,0,1464,600_PT0_SX1464_V1___.jpg\">                                               <\/p>\n<p>                                                                                                       <img decoding=\"async\" alt=\"SCUF ENVISION PRO\" src=\"https:\/\/images-na.ssl-images-amazon.com\/images\/G\/01\/x-locale\/common\/grey-pixel.gif\" class=\"a-lazy-loaded\" data-src=\"https:\/\/m.media-amazon.com\/images\/S\/aplus-media-library-service-media\/dee808fd-9649-42c7-b0a1-174518609cc8.__CR0,0,1464,600_PT0_SX1464_V1___.jpg\"><img decoding=\"async\" alt=\"SCUF ENVISION PRO\" src=\"https:\/\/m.media-amazon.com\/images\/S\/aplus-media-library-service-media\/dee808fd-9649-42c7-b0a1-174518609cc8.__CR0,0,1464,600_PT0_SX1464_V1___.jpg\">                                               <\/p>\n<p>                                                                                                       <img decoding=\"async\" alt=\"SCUF ENVISION PRO\" src=\"https:\/\/images-na.ssl-images-amazon.com\/images\/G\/01\/x-locale\/common\/grey-pixel.gif\" class=\"a-lazy-loaded\" data-src=\"https:\/\/m.media-amazon.com\/images\/S\/aplus-media-library-service-media\/b8c09a6a-c8cf-499e-bd52-25027f88500a.__CR0,0,1464,600_PT0_SX1464_V1___.jpg\"><img decoding=\"async\" alt=\"SCUF ENVISION PRO\" src=\"https:\/\/m.media-amazon.com\/images\/S\/aplus-media-library-service-media\/b8c09a6a-c8cf-499e-bd52-25027f88500a.__CR0,0,1464,600_PT0_SX1464_V1___.jpg\">                                               <\/p>\n<p>                                                                                                       <img decoding=\"async\" alt=\"SCUF ENVISION PRO\" src=\"https:\/\/images-na.ssl-images-amazon.com\/images\/G\/01\/x-locale\/common\/grey-pixel.gif\" class=\"a-lazy-loaded\" data-src=\"https:\/\/m.media-amazon.com\/images\/S\/aplus-media-library-service-media\/c1679b02-3602-4d7c-ae6e-e0c77eb09c07.__CR0,0,1464,600_PT0_SX1464_V1___.jpg\"><img decoding=\"async\" alt=\"SCUF ENVISION PRO\" src=\"https:\/\/m.media-amazon.com\/images\/S\/aplus-media-library-service-media\/c1679b02-3602-4d7c-ae6e-e0c77eb09c07.__CR0,0,1464,600_PT0_SX1464_V1___.jpg\">                                               <\/p>\n<h3>\n<p class=\"aplus-question aplus-p1\"> \u00bfSe necesita iCUE para usar el producto? <\/p>\n<\/h3>\n<p class=\"aplus-answer aplus-p2\"> iCUE es necesario para la configuraci\u00f3n inicial y para desbloquear todas las funciones de Envision. Sin embargo, una vez completada la instalaci\u00f3n inicial, podr\u00e1s usar Envision sin tener iCUE activado.  <\/p>\n<h3>\n<p class=\"aplus-question aplus-p1\"> \u00bfEs Envision compatible con PC y Mac? \u00bfNecesito controladores adicionales? <\/p>\n<\/h3>\n<p class=\"aplus-answer aplus-p2\"> Envision solo es compatible con PC (Windows 10 o posterior). No es compatible con Mac OS ni Linux. Para que tu equipo reconozca el mando y puedas usarlo, necesitar\u00e1s el controlador iCUE. <\/p>\n<h3>\n<p class=\"aplus-question aplus-p1\"> \u00bfNecesito pilas para SCUF Envision? <\/p>\n<\/h3>\n<p class=\"aplus-answer aplus-p2\"> Envision Pro tiene una bater\u00eda integrada, cuya duraci\u00f3n aproximada es de 19 horas con un uso normal. Envision no necesita pilas; el mando se alimenta directamente del PC a trav\u00e9s de un cable USB-C. <\/p>\n<h3>\n<p class=\"aplus-question aplus-p1\"> \u00bfPuedo usar agarres para los sticks de SCUF Envision? <\/p>\n<\/h3>\n<p class=\"aplus-answer aplus-p2\"> S\u00ed, puedes usar los modelos de agarre Tactic, Catalyst y Pulse. <\/p>\n<h3>\n<p class=\"aplus-question aplus-p1\"> \u00bfQu\u00e9 tama\u00f1o tienen los sticks de SCUF Envision? <\/p>\n<\/h3>\n<p class=\"aplus-answer aplus-p2\"> Ofrecemos sticks de distintos tama\u00f1os: c\u00f3ncavos cortos (24 x 24 x 16 mm), convexos cortos (24 x 24 x 19 mm), c\u00f3ncavos largos (24 x 24 x 20 mm) y convexos largos (24 x 24 x 22 mm). <\/p>\n<p> Batteries                                            \u200f                                            :                                            \u200e                                            1 Lithium Ion batteries required. (included)   <br \/> Language                                            \u200f                                            :                                            \u200e                                            English   <br \/> Product Dimensions                                            \u200f                                            :                                            \u200e                                            16.5 x 10.75 x 6.35 cm; 285 g   <br \/> Manufacturer                                            \u200f                                            :                                            \u200e                                            Corsair   <br \/> ASIN                                            \u200f                                            :                                            \u200e                                            B0CM728YPY   <br \/> Item model number                                            \u200f                                            :                                            \u200e                                            601-178-03-102-NA   <br \/> Country of origin                                            \u200f                                            :                                            \u200e                                            China   <br \/> Guaranteed software updates until                                            \u200f                                            :                                            \u200e                                            unknown   <br \/>  Customer reviews:                                                                                            3.9               3.9 out of 5 stars                                  (1,034)                                              var dpAcrHasRegisteredArcLinkClickAction;                    P.when(&#8216;A&#8217;, &#8216;ready&#8217;).execute(function(A) {                        if (dpAcrHasRegisteredArcLinkClickAction !== true) {                            dpAcrHasRegisteredArcLinkClickAction = true;                            A.declarative(                                &#8216;acrLink-click-metrics&#8217;, &#8216;click&#8217;,                                { \u00aballowLinkDefault\u00bb: true },                                function (event) {                                    if (window.ue) {                                        ue.count(\u00abacrLinkClickCount\u00bb, (ue.count(\u00abacrLinkClickCount\u00bb) || 0) + 1);                                    }                                }                            );                        }                    });                                             P.when(&#8216;A&#8217;, &#8216;cf&#8217;).execute(function(A) {                A.declarative(&#8216;acrStarsLink-click-metrics&#8217;, &#8216;click&#8217;, { \u00aballowLinkDefault\u00bb : true },  function(event){                    if(window.ue) {                        ue.count(\u00abacrStarsLinkWithPopoverClickCount\u00bb, (ue.count(\u00abacrStarsLinkWithPopoverClickCount\u00bb) || 0) + 1);                    }                });            });                          <\/p>\n<p>NOTE: iCUE is required in initial configuration, then you can choose to play with or without running iCUE; for optimal performance, use iCUE firmware update v.0.14.62 or later<br \/>The four reconfigurable rear paddles allow you to keep your thumbs on the sticks to react faster<br \/>Five fully reconfigurable G-keys for Corsair macros and iCUE integration<br \/>Two side-mounted SAX buttons designed to offer more configuration options and fit into the natural position of your fingers<br \/>OMRON mechanical push button switches that function like a mouse click for instant activations<br \/>Corsair SlipStream fast wireless connectivity<\/p>\n\n","protected":false},"excerpt":{"rendered":"<p> From the manufacturer The video showcases the product in use.The video guides you through product<\/p>","protected":false},"featured_media":38425,"comment_status":"open","ping_status":"closed","template":"","meta":[],"product_brand":[],"product_cat":[61],"product_tag":[11549,201,3994,1880,11548,11553,11547,1881,1875,1883,4113,1884,1658,4022,11554,4440,11555,1878,11551,3954,1876,163,11550,3874,4829,4024,11552,1879,1882,1877],"class_list":{"0":"post-38424","1":"product","2":"type-product","3":"status-publish","4":"has-post-thumbnail","6":"product_cat-games-entertainment","7":"product_tag-cinco","8":"product_tag-compatible","9":"product_tag-con","10":"product_tag-console-games","11":"product_tag-controlador","12":"product_tag-disparadores","13":"product_tag-envision","14":"product_tag-gaming-accessories","15":"product_tag-gaming-consoles","16":"product_tag-gaming-controllers","17":"product_tag-gris","18":"product_tag-home-gaming-system","19":"product_tag-icue","20":"product_tag-inalambrico","21":"product_tag-instantaneos","22":"product_tag-juegos","23":"product_tag-metalizado","24":"product_tag-nintendo-console","25":"product_tag-paletas","26":"product_tag-para","27":"product_tag-playstation-console","28":"product_tag-pro","29":"product_tag-reasignables","30":"product_tag-scuf","31":"product_tag-solo","32":"product_tag-teclas","33":"product_tag-traseras","34":"product_tag-video-games","35":"product_tag-vr-headset","36":"product_tag-xbox-console","38":"first","39":"instock","40":"shipping-taxable","41":"product-type-external"},"_links":{"self":[{"href":"https:\/\/comprasyconsejos.store\/en\/wp-json\/wp\/v2\/product\/38424","targetHints":{"allow":["GET"]}}],"collection":[{"href":"https:\/\/comprasyconsejos.store\/en\/wp-json\/wp\/v2\/product"}],"about":[{"href":"https:\/\/comprasyconsejos.store\/en\/wp-json\/wp\/v2\/types\/product"}],"replies":[{"embeddable":true,"href":"https:\/\/comprasyconsejos.store\/en\/wp-json\/wp\/v2\/comments?post=38424"}],"version-history":[{"count":0,"href":"https:\/\/comprasyconsejos.store\/en\/wp-json\/wp\/v2\/product\/38424\/revisions"}],"wp:featuredmedia":[{"embeddable":true,"href":"https:\/\/comprasyconsejos.store\/en\/wp-json\/wp\/v2\/media\/38425"}],"wp:attachment":[{"href":"https:\/\/comprasyconsejos.store\/en\/wp-json\/wp\/v2\/media?parent=38424"}],"wp:term":[{"taxonomy":"product_brand","embeddable":true,"href":"https:\/\/comprasyconsejos.store\/en\/wp-json\/wp\/v2\/product_brand?post=38424"},{"taxonomy":"product_cat","embeddable":true,"href":"https:\/\/comprasyconsejos.store\/en\/wp-json\/wp\/v2\/product_cat?post=38424"},{"taxonomy":"product_tag","embeddable":true,"href":"https:\/\/comprasyconsejos.store\/en\/wp-json\/wp\/v2\/product_tag?post=38424"}],"curies":[{"name":"wp","href":"https:\/\/api.w.org\/{rel}","templated":true}]}}