{"id":38432,"date":"2026-03-06T23:11:16","date_gmt":"2026-03-06T23:11:16","guid":{"rendered":"https:\/\/comprasyconsejos.store\/product\/doogee-s200-rugged-mobile-5g-android-16-10100mah-33w-6-72-fhd120hz-unbreakable-mobile-with-bone-driving-headphones-indestructible-mobile-48gb-ram256gb-rom2tb-100mp20mp-face-id-nfc\/"},"modified":"2026-03-06T23:11:20","modified_gmt":"2026-03-06T23:11:20","slug":"doogee-s200-rugged-mobile-5g-android-16-10100mah-33w-6-72-fhd120hz-unbreakable-mobile-with-bone-driving-headphones-indestructible-mobile-48gb-ram256gb-rom2tb-100mp20mp-face-id-nfc","status":"publish","type":"product","link":"https:\/\/comprasyconsejos.store\/en\/product\/doogee-s200-rugged-mobile-5g-android-16-10100mah-33w-6-72-fhd120hz-unbreakable-mobile-with-bone-driving-headphones-indestructible-mobile-48gb-ram256gb-rom2tb-100mp20mp-face-id-nfc\/","title":{"rendered":"DOOGEE S200 Rugged Mobile 5G Android 16, 10100mAh\/33W, 6.72&#8243; FHD+120Hz Unbreakable Mobile with Bone Driving Headphones, Indestructible Mobile 48GB RAM+256GB ROM(2TB), 100MP+20MP\/Face ID\/NFC"},"content":{"rendered":"<p>Price: <span style=\"color:#b12704\">\u20ac319.99<\/span><br \/><i><small>(as of Mar 06, 2026 23:11:16 UTC &#8211; <span class=\"wp_automatic_amazon_disclaimer\" title=\"Product prices and availability are accurate as of the date\/time indicated and are subject to change. Any price and availability information displayed on [relevant Amazon Site(s), as applicable] at the time of purchase will apply to the purchase of this product.\">Details<\/span>)<\/small><\/i><\/p>\n<p><a href=\"https:\/\/amazon.es\/dp\/B0FJS7Y1XB?tag=man008-21\"><img decoding=\"async\" src=\"https:\/\/valvepress.s3.amazonaws.com\/imgs\/buy_now.png\"><\/a><br \/>\n<\/p>\n<p>                                             Product Description   <\/p>\n<p>                                                                     DOOGEE S200 Movil Irrompible 5G Android 16 con Auriculares de Conducci\u00f3n Osea                                            <img decoding=\"async\" alt=\"El texto dice \u00abDOOGEE S300 Edition VP\u00bb. Paisaje monta\u00f1oso pintoresco al atardecer o al amanecer con una iluminaci\u00f3n espectacular y un terreno rocoso.\" src=\"https:\/\/images-na.ssl-images-amazon.com\/images\/G\/01\/x-locale\/common\/grey-pixel.gif\" class=\"a-lazy-loaded\" data-src=\"https:\/\/m.media-amazon.com\/images\/S\/aplus-media-library-service-media\/2a100b9e-3430-4bc9-bd28-29bfdd75132b.__CR0,0,1464,600_PT0_SX1464_V1___.jpg\"><img decoding=\"async\" alt=\"El texto dice \u00abDOOGEE S300 Edition VP\u00bb. Paisaje monta\u00f1oso pintoresco al atardecer o al amanecer con una iluminaci\u00f3n espectacular y un terreno rocoso.\" src=\"https:\/\/m.media-amazon.com\/images\/S\/aplus-media-library-service-media\/2a100b9e-3430-4bc9-bd28-29bfdd75132b.__CR0,0,1464,600_PT0_SX1464_V1___.jpg\">                                         <\/p>\n<p class=\"aplus-description aplus-container-3 aplus-p1\"> DOOGEE S200 Movil Resistente 5G, con una bater\u00eda de 10100mAh\/33W y una pantalla de 6,72 pulgadas y 120Hz. El S200 cuenta con una gran capacidad de almacenamiento con 48GB de RAM + 256GB de ROM (2 TB), una configuraci\u00f3n de c\u00e1mara de alta definici\u00f3n de 100MP + 20MP y es compatible con Face ID y NFC. <\/p>\n<p>                                                                     M\u00f3vil Rugerizado 10100mAh\/33W|6.72\u201d 120Hz|48GB RAM+256GB ROM|100MP+20MP|Face ID                                            <img decoding=\"async\" alt=\"Serie de diagramas de instrucciones t\u00e9cnicas que muestran los pasos y medidas de la instalaci\u00f3n, con indicadores num\u00e9ricos y flechas direccionales.\" src=\"https:\/\/images-na.ssl-images-amazon.com\/images\/G\/01\/x-locale\/common\/grey-pixel.gif\" class=\"a-lazy-loaded\" data-src=\"https:\/\/m.media-amazon.com\/images\/S\/aplus-media-library-service-media\/063d0245-ace9-46f8-a7c2-4631b7faa616.__CR0,0,1464,600_PT0_SX1464_V1___.jpg\"><img decoding=\"async\" alt=\"Serie de diagramas de instrucciones t\u00e9cnicas que muestran los pasos y medidas de la instalaci\u00f3n, con indicadores num\u00e9ricos y flechas direccionales.\" src=\"https:\/\/m.media-amazon.com\/images\/S\/aplus-media-library-service-media\/063d0245-ace9-46f8-a7c2-4631b7faa616.__CR0,0,1464,600_PT0_SX1464_V1___.jpg\">                                                  <\/p>\n<p>                                                                                                                    <img decoding=\"async\" alt=\"El texto dice \u00abExperiencia de Pantalla\u00bb. Serie de capturas de pantalla de dispositivos m\u00f3viles que muestran elementos de la interfaz de usuario y demostraciones de interacci\u00f3n.\" src=\"https:\/\/m.media-amazon.com\/images\/S\/aplus-media-library-service-media\/e15c1f3d-04e1-49e7-9aa7-8851f1820b25.__CR0,0,1464,600_PT0_SX1464_V1___.jpg\">                                                    <img decoding=\"async\" alt=\"El texto dice \u00abGamble AI Integrado\u00bb. Interfaz que muestra varias pantallas digitales e \u00edconos de aplicaciones dispuestos horizontalmente, que muestra varias funciones de software y aplicaciones m\u00f3viles.\" src=\"https:\/\/m.media-amazon.com\/images\/S\/aplus-media-library-service-media\/f0345415-2ebb-4914-864e-f5ddc915e955.__CR0,0,1464,600_PT0_SX1464_V1___.jpg\">                                                    <img decoding=\"async\" alt=\"Serie de im\u00e1genes de demostraci\u00f3n que muestran una tableta en orientaci\u00f3n horizontal y vertical que muestran fotograf\u00edas panor\u00e1micas de la naturaleza.\" src=\"https:\/\/m.media-amazon.com\/images\/S\/aplus-media-library-service-media\/fe053b9e-a2d3-4a21-b534-733b384d8018.__CR0,0,1464,600_PT0_SX1464_V1___.jpg\">                                                    <img decoding=\"async\" alt=\"El texto dice \u00abChipset Octa-core Dimensity 7050 5G\u00bb con \u00ab2,6 GHz\u00bb. Pantalla de especificaciones t\u00e9cnicas del producto con visualizaci\u00f3n del chipset.\" src=\"https:\/\/m.media-amazon.com\/images\/S\/aplus-media-library-service-media\/957c79d7-5655-433a-8311-a443043898a2.__CR0,0,1464,600_PT0_SX1464_V1___.jpg\">                                                    <img decoding=\"async\" alt=\"El texto dice \u00abHasta 48 GB de RAM + 256 GB de almacenamiento masivo\u00bb. Imagen de marketing que muestra los m\u00f3dulos RAM de los ordenadores con especificaciones t\u00e9cnicas.\" src=\"https:\/\/m.media-amazon.com\/images\/S\/aplus-media-library-service-media\/0dca2299-f19e-4459-9912-457acc028b7f.__CR0,0,1464,600_PT0_SX1464_V1___.jpg\"><br \/>\n                            1 Movil Android 16 <\/p>\n<p>                            2 Gemini Al Integrado <\/p>\n<p>                            3 lmagen Inteligente <\/p>\n<p>                            4 Dimensity 7050 5G <\/p>\n<p>                            5 48GB+256GB (2TB) <\/p>\n<p>                                                                                                                    <img decoding=\"async\" alt=\"aplus content image\" src=\"https:\/\/m.media-amazon.com\/images\/S\/aplus-media-library-service-media\/ce892ff0-68c1-46e2-90f1-386bd9f9ee66.__CR0,0,1464,600_PT0_SX1464_V1___.jpg\">                                                    <img decoding=\"async\" alt=\"aplus content image\" src=\"https:\/\/m.media-amazon.com\/images\/S\/aplus-media-library-service-media\/87845900-2141-4bf2-a2d2-ca2901d7efb0.__CR0,0,1464,600_PT0_SX1464_V1___.jpg\">                                                    <img decoding=\"async\" alt=\"aplus content image\" src=\"https:\/\/m.media-amazon.com\/images\/S\/aplus-media-library-service-media\/2ff4b31b-4d07-47b9-a6be-0353d660ca4f.__CR0,0,1464,600_PT0_SX1464_V1___.jpg\">                                                    <img decoding=\"async\" alt=\"El texto dice \u00abde disco hidr\u00e1ulico SCAMP de monta\u00f1a\u00bb. Detalle detallado de los componentes del sistema de frenos de disco de bicicleta.\" src=\"https:\/\/m.media-amazon.com\/images\/S\/aplus-media-library-service-media\/368b88c7-aa0a-4571-9e81-b08db0b04155.__CR0,0,1464,600_PT0_SX1464_V1___.jpg\">                                                    <img decoding=\"async\" alt=\"aplus content image\" src=\"https:\/\/m.media-amazon.com\/images\/S\/aplus-media-library-service-media\/71839172-7086-4809-87d3-a027221d81d9.__CR0,0,1464,600_PT0_SX1464_V1___.jpg\"><br \/>\n                            1 10100mAh\/33W <\/p>\n<p>                            2 6.72&#8243; 120Hz FHD+ <\/p>\n<p>                            3 Pantalla trasera de 1.32&#8243; <\/p>\n<p>                            4 100MP+20MP <\/p>\n<p>                            5 Visi\u00f3n Nocturna de 20MP <\/p>\n<p>                                                                                                                    <img decoding=\"async\" alt=\"aplus content image\" src=\"https:\/\/m.media-amazon.com\/images\/S\/aplus-media-library-service-media\/4d13bfd2-c4ec-4da4-ac0a-8e740525ba36.__CR0,0,1464,600_PT0_SX1464_V1___.jpg\">                                                    <img decoding=\"async\" alt=\"aplus content image\" src=\"https:\/\/m.media-amazon.com\/images\/S\/aplus-media-library-service-media\/06406091-247e-4e6c-9d3a-2580614acd9b.__CR0,0,1464,600_PT0_SX1464_V1___.jpg\">                                                    <img decoding=\"async\" alt=\"Diagrama de instrucciones que muestra los pasos de aplicaci\u00f3n de medias de compresi\u00f3n para piernas o calceter\u00eda con paneles instructivos azules.\" src=\"https:\/\/m.media-amazon.com\/images\/S\/aplus-media-library-service-media\/6d4868d9-cf45-48d9-a694-bda771d64ed5.__CR0,0,1464,600_PT0_SX1464_V1___.jpg\">                                                    <img decoding=\"async\" alt=\"El texto dice \u00abCambiar im\u00e1genes recort\u00e1ndolas o abri\u00e9ndolas\u00bb. Fondo oscuro con efecto de brillo circular que sugiere la apertura de una c\u00e1mara o lente.\" src=\"https:\/\/m.media-amazon.com\/images\/S\/aplus-media-library-service-media\/db17c833-74ca-4940-b7de-a9001c085448.__CR0,0,1464,600_PT0_SX1464_V1___.jpg\">                                                    <img decoding=\"async\" alt=\"El texto dice \u00abOrigen Abertis, patr\u00f3n secuencial\u00bb. Varias im\u00e1genes muestran pinzas de madera dispuestas en forma circular.\" src=\"https:\/\/m.media-amazon.com\/images\/S\/aplus-media-library-service-media\/48dba893-94a3-4c74-a1d3-a436eaf4e364.__CR0,0,1464,600_PT0_SX1464_V1___.jpg\"><br \/>\n                            1 Gris | Plata | Naranja <\/p>\n<p>                            2 Auriculares|Negro|Naranja <\/p>\n<p>                            3 IP68|IP69K|MIL-STD-810H <\/p>\n<p>                            4 Auriculares de Alta Gama <\/p>\n<p>                            5 Ligero y Port\u00e1til <\/p>\n<p>                                                                                                                    <img decoding=\"async\" alt=\"aplus content image\" src=\"https:\/\/m.media-amazon.com\/images\/S\/aplus-media-library-service-media\/765cf7e9-1a83-4c05-8959-79f305bc4b86.__CR0,0,1464,600_PT0_SX1464_V1___.jpg\">                                                    <img decoding=\"async\" alt=\"aplus content image\" src=\"https:\/\/m.media-amazon.com\/images\/S\/aplus-media-library-service-media\/a3ca5b61-cf31-4901-8078-4d584c9e9390.__CR0,0,1464,600_PT0_SX1464_V1___.jpg\">                                                    <img decoding=\"async\" alt=\"aplus content image\" src=\"https:\/\/m.media-amazon.com\/images\/S\/aplus-media-library-service-media\/3a1ada2c-dcbb-4aaf-933f-518fc4f94e7f.__CR0,0,1464,600_PT0_SX1464_V1___.jpg\">                                                    <img decoding=\"async\" alt=\"aplus content image\" src=\"https:\/\/m.media-amazon.com\/images\/S\/aplus-media-library-service-media\/6bbfd33d-76ab-4e81-992d-cb992166e294.__CR0,0,1464,600_PT0_SX1464_V1___.jpg\">                                                    <img decoding=\"async\" alt=\"Varias im\u00e1genes que muestran accesorios tecnol\u00f3gicos, incluidos lo que parecen ser dispositivos de carga y componentes electr\u00f3nicos, dispuestos sobre una superficie blanca.\" src=\"https:\/\/m.media-amazon.com\/images\/S\/aplus-media-library-service-media\/55185cee-ef54-4b93-b24d-9366a6415795.__CR0,0,1464,600_PT0_SX1464_V1___.jpg\"><br \/>\n                            1 Carga C\u00f3moda <\/p>\n<p>                            2 Apto para Deportes <\/p>\n<p>                            3 Adecuado para Juegos <\/p>\n<p>                            4 Descubre M\u00e1s <\/p>\n<p>                            5 Accesorios <\/p>\n<p>                                                                     Series S200 y S200X                                            <img decoding=\"async\" alt=\"aplus content image\" src=\"https:\/\/images-na.ssl-images-amazon.com\/images\/G\/01\/x-locale\/common\/grey-pixel.gif\" class=\"a-lazy-loaded\" data-src=\"https:\/\/m.media-amazon.com\/images\/S\/aplus-media-library-service-media\/e98ee484-e533-4a55-b3a6-a0f38ac335de.__CR0,0,1464,600_PT0_SX1464_V1___.jpg\"><img decoding=\"async\" alt=\"aplus content image\" src=\"https:\/\/m.media-amazon.com\/images\/S\/aplus-media-library-service-media\/e98ee484-e533-4a55-b3a6-a0f38ac335de.__CR0,0,1464,600_PT0_SX1464_V1___.jpg\">                                               <\/p>\n<p> Batteries                                            \u200f                                            :                                            \u200e                                            1 Lithium Polymer batteries required. (included)   <br \/> Product Dimensions                                            \u200f                                            :                                            \u200e                                            8.25 x 1.6 x 17.95 cm; 364 g   <br \/> Manufacturer                                            \u200f                                            :                                            \u200e                                            DOOGEE   <br \/> ASIN                                            \u200f                                            :                                            \u200e                                            B0FJS7Y1XB   <br \/> Item model number                                            \u200f                                            :                                            \u200e                                            S200   <br \/> Country\/Region of Origin                                            \u200f                                            :                                            \u200e                                            China   <br \/> Guaranteed software updates until                                            \u200f                                            :                                            \u200e                                            unknown   <br \/>  Customer reviews:                                                                                            3.7               3.7 out of 5 stars                                  (13)                                              var dpAcrHasRegisteredArcLinkClickAction;                    P.when(&#8216;A&#8217;, &#8216;ready&#8217;).execute(function(A) {                        if (dpAcrHasRegisteredArcLinkClickAction !== true) {                            dpAcrHasRegisteredArcLinkClickAction = true;                            A.declarative(                                &#8216;acrLink-click-metrics&#8217;, &#8216;click&#8217;,                                { \u00aballowLinkDefault\u00bb: true },                                function (event) {                                    if (window.ue) {                                        ue.count(\u00abacrLinkClickCount\u00bb, (ue.count(\u00abacrLinkClickCount\u00bb) || 0) + 1);                                    }                                }                            );                        }                    });                                             P.when(&#8216;A&#8217;, &#8216;cf&#8217;).execute(function(A) {                A.declarative(&#8216;acrStarsLink-click-metrics&#8217;, &#8216;click&#8217;, { \u00aballowLinkDefault\u00bb : true },  function(event){                    if(window.ue) {                        ue.count(\u00abacrStarsLinkWithPopoverClickCount\u00bb, (ue.count(\u00abacrStarsLinkWithPopoverClickCount\u00bb) || 0) + 1);                    }                });            });                          <\/p>\n<p>\u3010MediaTek Dimensity 7050 &#038; Android 16 Mobile\u3011 DOOGEE S200 Unbreakable Mobile 5G is equipped with the powerful octa-core MediaTek Dimensity 7050 chip, which not only has efficient processing power, but also ensures the smooth operation of daily applications and a stable gaming experience. At the same time, this DOOGEE S200 Rugged Mobile is equipped with the latest Android 16 operating system, you will enjoy a smarter and smoother user experience.<br \/>\u301048GB +256GB &#038; 5G Unbreakable Mobile\u3011 The memory of this S200 rugged water and shock has reached the advanced DRR5 technology, it has 48GB RAM + 256GB ROM, which allows you to handle large amounts of data more easily. It also supports 5G communication, making every moment of connection lightning speed, with a more stable and low-latency connection, so you can enjoy life&#8217;s endless possibilities.<br \/>\u30106.72&#8243; FHD+ 120Hz &#038; Smart Subscreen\u3011The Rugerized S200 Mobile has a 6.72&#8243; FHD+ display that offers vivid colors and realistic details, and a high refresh rate of 120Hz which greatly improves the responsiveness of the screen, allowing you to enjoy a high-quality entertainment experience. It also features a smart secondary display on the back that supports customization so you can set the screen to your liking.<br \/>\u301010100mAh Rugged Mobile and 33W Fast Charger\u3011DOOGEE S200 Mobile Resisitente is equipped with 10100mAh super large battery to meet your use for a long time, so you can do what you like at any time, it is the best companion for your outdoor trip. 33W fast charger restores power as soon as possible, so you can stay connected anytime and anywhere, and don&#8217;t miss any important moments.<br \/>\u3010Unbreakable Mobile with Free Bone Conduction Headphones\u3011DOOGEE S200 Rugged Mobile includes free bone conduction headphones, which offer crystal clear sound quality and comfort. You will be able to remain aware of your surroundings while enjoying music or calls, making them ideal for running, cycling or doing physical outdoor activities. They feature impressive battery life, offering up to 10 hours of use on a single charge.<br \/>\u3010100MP Camera and 20MP Night Vision\u3011 DOOGEE S200 Indestructible Mobile is equipped with 4 advanced lenses that will revolutionize your photography experience. 100MP AI main camera will make every shot like a work of art, 20MP front camera will capture your sincere smiles, 20MP night vision camera will capture the brightest night scenes, and 2MP macro camera can capture every hard-to-notice detail, which is the best assistant for exploring the world.<br \/>\u3010NFC &#038; Face ID and WIFI 6\u3011 The NFC function of this unbreakable DOOGEE S200 phone supports Google Pay, whether for outdoor adventures or daily travel, so you can pay more conveniently. The Rugerized Mobile S200 supports face unlocking and side fingerprint unlock, so you can safely unlock it according to actual needs. WiFi 6 technology with IP68 \/ IP69K \/ MIL-STD-810H certification allows you to explore your world without limits.<\/p>\n\n","protected":false},"excerpt":{"rendered":"<p> Product Description DOOGEE S200 Movil Irrompible 5G Android 16 con Auriculares de Conducci\u00f3n Osea DOOGEE<\/p>","protected":false},"featured_media":38433,"comment_status":"open","ping_status":"closed","template":"","meta":[],"product_brand":[],"product_cat":[100],"product_tag":[11559,11557,5681,1890,391,1891,1896,9736,1893,6113,2607,11558,928,11560,7209,1892,1889,1275,1888,1105,2425,1240,11556,1894,1895,1588,6385],"class_list":{"0":"post-38432","1":"product","2":"type-product","3":"status-publish","4":"has-post-thumbnail","6":"product_cat-smartphones","7":"product_tag-100mp20mpface","8":"product_tag-10100mah33w","9":"product_tag-48gb","10":"product_tag-5g-smartphones","11":"product_tag-android","12":"product_tag-android-phones","13":"product_tag-best-smartphones","14":"product_tag-bone","15":"product_tag-budget-smartphones","16":"product_tag-doogee","17":"product_tag-driving","18":"product_tag-fhd120hz","19":"product_tag-headphones","20":"product_tag-idnfc","21":"product_tag-indestructible","22":"product_tag-iphone-smartphones","23":"product_tag-latest-smartphones","24":"product_tag-mobile","25":"product_tag-mobile-phones","26":"product_tag-ram256gb","27":"product_tag-rom2tb","28":"product_tag-rugged","29":"product_tag-s200","30":"product_tag-smartphone-deals","31":"product_tag-smartphone-price","32":"product_tag-smartphones","33":"product_tag-unbreakable","35":"first","36":"instock","37":"shipping-taxable","38":"product-type-external"},"_links":{"self":[{"href":"https:\/\/comprasyconsejos.store\/en\/wp-json\/wp\/v2\/product\/38432","targetHints":{"allow":["GET"]}}],"collection":[{"href":"https:\/\/comprasyconsejos.store\/en\/wp-json\/wp\/v2\/product"}],"about":[{"href":"https:\/\/comprasyconsejos.store\/en\/wp-json\/wp\/v2\/types\/product"}],"replies":[{"embeddable":true,"href":"https:\/\/comprasyconsejos.store\/en\/wp-json\/wp\/v2\/comments?post=38432"}],"version-history":[{"count":0,"href":"https:\/\/comprasyconsejos.store\/en\/wp-json\/wp\/v2\/product\/38432\/revisions"}],"wp:featuredmedia":[{"embeddable":true,"href":"https:\/\/comprasyconsejos.store\/en\/wp-json\/wp\/v2\/media\/38433"}],"wp:attachment":[{"href":"https:\/\/comprasyconsejos.store\/en\/wp-json\/wp\/v2\/media?parent=38432"}],"wp:term":[{"taxonomy":"product_brand","embeddable":true,"href":"https:\/\/comprasyconsejos.store\/en\/wp-json\/wp\/v2\/product_brand?post=38432"},{"taxonomy":"product_cat","embeddable":true,"href":"https:\/\/comprasyconsejos.store\/en\/wp-json\/wp\/v2\/product_cat?post=38432"},{"taxonomy":"product_tag","embeddable":true,"href":"https:\/\/comprasyconsejos.store\/en\/wp-json\/wp\/v2\/product_tag?post=38432"}],"curies":[{"name":"wp","href":"https:\/\/api.w.org\/{rel}","templated":true}]}}