{"id":38439,"date":"2026-03-06T23:16:42","date_gmt":"2026-03-06T23:16:42","guid":{"rendered":"https:\/\/comprasyconsejos.store\/product\/fanxiang-ssd-512gb-nvme-ssd-m-2-pcie-gen3x4-2280-up-to-3500-mb-sinternal-ssdgraphene-thermal-pasteslc-3d-nand-tlc-cache-m-2-hard-drive-512gb-compatible-with-desktops-and-laptops\/"},"modified":"2026-03-06T23:16:45","modified_gmt":"2026-03-06T23:16:45","slug":"fanxiang-ssd-512gb-nvme-ssd-m-2-pcie-gen3x4-2280-up-to-3500-mb-sinternal-ssdgraphene-thermal-pasteslc-3d-nand-tlc-cache-m-2-hard-drive-512gb-compatible-with-desktops-and-laptops","status":"publish","type":"product","link":"https:\/\/comprasyconsejos.store\/en\/product\/fanxiang-ssd-512gb-nvme-ssd-m-2-pcie-gen3x4-2280-up-to-3500-mb-sinternal-ssdgraphene-thermal-pasteslc-3d-nand-tlc-cache-m-2-hard-drive-512gb-compatible-with-desktops-and-laptops\/","title":{"rendered":"fanxiang SSD 512GB NVMe SSD M.2 PCIe Gen3x4 2280-up to 3500 MB\/s,Internal SSD,Graphene Thermal Paste,SLC 3D NAND TLC Cache, M.2 Hard Drive 512GB Compatible with desktops and laptops"},"content":{"rendered":"<p>Price: <span style=\"color:#b12704\">\u20ac86.99<\/span><br \/><i><small>(as of Mar 06, 2026 23:16:42 UTC &#8211; <span class=\"wp_automatic_amazon_disclaimer\" title=\"Product prices and availability are accurate as of the date\/time indicated and are subject to change. Any price and availability information displayed on [relevant Amazon Site(s), as applicable] at the time of purchase will apply to the purchase of this product.\">Details<\/span>)<\/small><\/i><\/p>\n<p><a href=\"https:\/\/amazon.es\/dp\/B0B55R7PYB?tag=man008-21\"><img decoding=\"async\" src=\"https:\/\/valvepress.s3.amazonaws.com\/imgs\/buy_now.png\"><\/a><br \/>\n<\/p>\n<p>                                             From the brand   <\/p>\n<p>                                              <img decoding=\"async\" alt=\"\" src=\"https:\/\/images-na.ssl-images-amazon.com\/images\/G\/01\/x-locale\/common\/grey-pixel.gif\" class=\"a-lazy-loaded\" data-src=\"https:\/\/m.media-amazon.com\/images\/S\/aplus-media-library-service-media\/54be353c-e4bd-494a-803c-ed6561353c40.__CR0,0,1464,625_PT0_SX1464_V1___.jpg\"><img decoding=\"async\" alt=\"\" src=\"https:\/\/m.media-amazon.com\/images\/S\/aplus-media-library-service-media\/54be353c-e4bd-494a-803c-ed6561353c40.__CR0,0,1464,625_PT0_SX1464_V1___.jpg\">  <\/p>\n<h3> ACERCA DE FANXIANG <\/h3>\n<p> Creatividad, Calidad y Profesionalidad son los tres elementos indispensables de los productos FANXIANG. <\/p>\n<p>                                              <img decoding=\"async\" alt=\"\" src=\"https:\/\/images-na.ssl-images-amazon.com\/images\/G\/01\/x-locale\/common\/grey-pixel.gif\" class=\"a-lazy-loaded\" data-src=\"https:\/\/m.media-amazon.com\/images\/S\/aplus-media-library-service-media\/665b3c82-d3fa-443a-82f2-ed0e444c9241.__CR0,0,315,145_PT0_SX315_V1___.jpg\"><img decoding=\"async\" alt=\"\" src=\"https:\/\/m.media-amazon.com\/images\/S\/aplus-media-library-service-media\/665b3c82-d3fa-443a-82f2-ed0e444c9241.__CR0,0,315,145_PT0_SX315_V1___.jpg\">  <\/p>\n<p> Fanxiang es una marca profesional de almacenamiento flash en China. Se estableci\u00f3 en 2015 y lidera un equipo central con m\u00e1s de 10 a\u00f1os de experiencia en dise\u00f1o y desarrollo de productos de almacenamiento, desarrollo de firmware y ventas de productos. Estamos comprometidos a proporcionar a los socios comerciales globales excelentes productos, como unidades flash USB, tarjetas de memoria, SSD, unidades flash USB port\u00e1tiles de estado s\u00f3lido, etc. <\/p>\n<h3> FANXIANG SSD <\/h3>\n<h3> SSD NVMe <\/h3>\n<p> Is discontinued by manufacturer                                            \u200f                                            :                                            \u200e                                            No   <br \/> Product Dimensions                                            \u200f                                            :                                            \u200e                                            8 x 2.2 x 0.2 cm; 27.22 g   <br \/> Manufacturer                                            \u200f                                            :                                            \u200e                                            fanxiang   <br \/> ASIN                                            \u200f                                            :                                            \u200e                                            B0B55R7PYB   <br \/> Item model number                                            \u200f                                            :                                            \u200e                                            S500 Pro   <br \/> Country of origin                                            \u200f                                            :                                            \u200e                                            China   <br \/> Guaranteed software updates until                                            \u200f                                            :                                            \u200e                                            unknown   <br \/>  Customer reviews:                                                                                            4.6               4.6 out of 5 stars                                  (5,753)                                              var dpAcrHasRegisteredArcLinkClickAction;                    P.when(&#8216;A&#8217;, &#8216;ready&#8217;).execute(function(A) {                        if (dpAcrHasRegisteredArcLinkClickAction !== true) {                            dpAcrHasRegisteredArcLinkClickAction = true;                            A.declarative(                                &#8216;acrLink-click-metrics&#8217;, &#8216;click&#8217;,                                { \u00aballowLinkDefault\u00bb: true },                                function (event) {                                    if (window.ue) {                                        ue.count(\u00abacrLinkClickCount\u00bb, (ue.count(\u00abacrLinkClickCount\u00bb) || 0) + 1);                                    }                                }                            );                        }                    });                                             P.when(&#8216;A&#8217;, &#8216;cf&#8217;).execute(function(A) {                A.declarative(&#8216;acrStarsLink-click-metrics&#8217;, &#8216;click&#8217;, { \u00aballowLinkDefault\u00bb : true },  function(event){                    if(window.ue) {                        ue.count(\u00abacrStarsLinkWithPopoverClickCount\u00bb, (ue.count(\u00abacrStarsLinkWithPopoverClickCount\u00bb) || 0) + 1);                    }                });            });                          <\/p>\n<p>EXCELLENT PERFORMANCE &#8211; fanxiang &#8211; The 512GB nvme m.2 S500 Pro M.2 SSD adds graphene heat dissipation stickers to provide effective heat dissipation control for internal SSD, improve its performance and lifespan, up to 320TBW (TeraBytes Written)<br \/>High Speed Transmission: 512GB SSD accelerates the read and write performance of solid state hard drives through intelligent SLC cache technology, up to 3200-2800MB\/s, greatly improving boot speed, program opening, game loading, file saving and streaming, etc<br \/>Preferred Chip:fanxiang S500 Pro SSD m.2 NVMe uses 3D NAND technology and high-quality TLC particles, which further improves the service life and stability of the product. There is no internal mechanical mechanism, good shock resistance and high data security<br \/>\u3010Wide Compatibility\u3011The internal 512GB SSD is compatible with Windows 7, 8, 10, 11, Mac OS 10.9 and later. Compatible with laptops, desktops and all-in-one computers (computer motherboard must be equipped with M.2 interface)<br \/>AFTER-SALES SERVICE &#8211; fanxiang is committed to providing high-quality products to global business partners. We provide 3-year after-sales service for this M.2 NVMe SSD<br \/>Note: fanxiang S500Pro does not fit PS5.<\/p>\n\n","protected":false},"excerpt":{"rendered":"<p> From the brand ACERCA DE FANXIANG Creatividad, Calidad y Profesionalidad son los tres elementos indispensables<\/p>","protected":false},"featured_media":38440,"comment_status":"open","ping_status":"closed","template":"","meta":[],"product_brand":[],"product_cat":[81],"product_tag":[1455,11561,536,1457,1468,1572,201,1587,795,4260,1461,2376,794,534,1119,1459,11562,1644,822,1452,11564,624,1465,1463,513,1466,11563,2053,1645],"class_list":{"0":"post-38439","1":"product","2":"type-product","3":"status-publish","4":"has-post-thumbnail","6":"product_cat-ssd-drive","7":"product_tag-1tb-ssd","8":"product_tag-2280up","9":"product_tag-512gb","10":"product_tag-512gb-ssd","11":"product_tag-best-ssd","12":"product_tag-cache","13":"product_tag-compatible","14":"product_tag-desktops","15":"product_tag-drive","16":"product_tag-fanxiang","17":"product_tag-gaming-ssd","18":"product_tag-gen3x4","19":"product_tag-hard","20":"product_tag-laptops","21":"product_tag-m-2","22":"product_tag-m-2-ssd","23":"product_tag-mbsinternal","24":"product_tag-nand","25":"product_tag-nvme","26":"product_tag-nvme-ssd","27":"product_tag-pasteslc","28":"product_tag-pcie","29":"product_tag-portable-ssd","30":"product_tag-sata-ssd","31":"product_tag-ssd","32":"product_tag-ssd-price","33":"product_tag-ssdgraphene","34":"product_tag-thermal","35":"product_tag-tlc","37":"first","38":"instock","39":"shipping-taxable","40":"product-type-external"},"_links":{"self":[{"href":"https:\/\/comprasyconsejos.store\/en\/wp-json\/wp\/v2\/product\/38439","targetHints":{"allow":["GET"]}}],"collection":[{"href":"https:\/\/comprasyconsejos.store\/en\/wp-json\/wp\/v2\/product"}],"about":[{"href":"https:\/\/comprasyconsejos.store\/en\/wp-json\/wp\/v2\/types\/product"}],"replies":[{"embeddable":true,"href":"https:\/\/comprasyconsejos.store\/en\/wp-json\/wp\/v2\/comments?post=38439"}],"version-history":[{"count":0,"href":"https:\/\/comprasyconsejos.store\/en\/wp-json\/wp\/v2\/product\/38439\/revisions"}],"wp:featuredmedia":[{"embeddable":true,"href":"https:\/\/comprasyconsejos.store\/en\/wp-json\/wp\/v2\/media\/38440"}],"wp:attachment":[{"href":"https:\/\/comprasyconsejos.store\/en\/wp-json\/wp\/v2\/media?parent=38439"}],"wp:term":[{"taxonomy":"product_brand","embeddable":true,"href":"https:\/\/comprasyconsejos.store\/en\/wp-json\/wp\/v2\/product_brand?post=38439"},{"taxonomy":"product_cat","embeddable":true,"href":"https:\/\/comprasyconsejos.store\/en\/wp-json\/wp\/v2\/product_cat?post=38439"},{"taxonomy":"product_tag","embeddable":true,"href":"https:\/\/comprasyconsejos.store\/en\/wp-json\/wp\/v2\/product_tag?post=38439"}],"curies":[{"name":"wp","href":"https:\/\/api.w.org\/{rel}","templated":true}]}}