{"id":38444,"date":"2026-03-06T23:22:54","date_gmt":"2026-03-06T23:22:54","guid":{"rendered":"https:\/\/comprasyconsejos.store\/product\/corsair-hx1200i-2025-ultra-quiet-fully-modular-12v-2x6-wired-atx-power-supply-atx-3-1-and-pcie-5-1-compliant-cybenetics-platinum-efficiency-black\/"},"modified":"2026-03-06T23:23:00","modified_gmt":"2026-03-06T23:23:00","slug":"corsair-hx1200i-2025-ultra-quiet-fully-modular-12v-2x6-wired-atx-power-supply-atx-3-1-and-pcie-5-1-compliant-cybenetics-platinum-efficiency-black","status":"publish","type":"product","link":"https:\/\/comprasyconsejos.store\/en\/product\/corsair-hx1200i-2025-ultra-quiet-fully-modular-12v-2x6-wired-atx-power-supply-atx-3-1-and-pcie-5-1-compliant-cybenetics-platinum-efficiency-black\/","title":{"rendered":"CORSAIR HX1200i (2025) Ultra Quiet Fully Modular 12V-2&#215;6 Wired ATX Power Supply &#8211; ATX 3.1 and PCIe 5.1 Compliant, Cybenetics Platinum Efficiency &#8211; Black"},"content":{"rendered":"<p>Price: <span style=\"color:#b12704\"><del>\u20ac314.90<\/del> - \u20ac239.90<\/span><br \/><i><small>(as of Mar 06, 2026 23:22:54 UTC &#8211; <span class=\"wp_automatic_amazon_disclaimer\" title=\"Product prices and availability are accurate as of the date\/time indicated and are subject to change. Any price and availability information displayed on [relevant Amazon Site(s), as applicable] at the time of purchase will apply to the purchase of this product.\">Details<\/span>)<\/small><\/i><\/p>\n<p><a href=\"https:\/\/amazon.es\/dp\/B0F3JD7M8M?tag=man008-21\"><img decoding=\"async\" src=\"https:\/\/valvepress.s3.amazonaws.com\/imgs\/buy_now.png\"><\/a><br \/>\n<\/p>\n<p>                                             From the manufacturer   <\/p>\n<p>                                                                                                       <img decoding=\"async\" alt=\"aplus content image\" src=\"https:\/\/images-na.ssl-images-amazon.com\/images\/G\/01\/x-locale\/common\/grey-pixel.gif\" class=\"a-lazy-loaded\" data-src=\"https:\/\/m.media-amazon.com\/images\/S\/aplus-media-library-service-media\/6713bd35-0e18-41d2-8b25-8d2b8a8b3b3a.__CR0,0,1464,600_PT0_SX1464_V1___.jpg\"><img decoding=\"async\" alt=\"aplus content image\" src=\"https:\/\/m.media-amazon.com\/images\/S\/aplus-media-library-service-media\/6713bd35-0e18-41d2-8b25-8d2b8a8b3b3a.__CR0,0,1464,600_PT0_SX1464_V1___.jpg\">                                               <\/p>\n<p>                                                                                  <img decoding=\"async\" alt=\"aplus content image\" src=\"https:\/\/m.media-amazon.com\/images\/S\/aplus-media-library-service-media\/731b2fad-aeb2-4eb5-8bf1-7ae2952be9f0.__CR0,0,1464,600_PT0_SX1464_V1___.jpg\">       <\/p>\n<p>                                                                                  <img decoding=\"async\" alt=\"aplus content image\" src=\"https:\/\/m.media-amazon.com\/images\/S\/aplus-media-library-service-media\/88c6476e-b47a-4d80-9d15-0977ceb0f4ea.__CR0,0,1464,600_PT0_SX1464_V1___.jpg\">       <\/p>\n<p>                                                                                                       <img decoding=\"async\" alt=\"El texto dice \u00abATX 3.1\u00bb y \u00abCERTIFICADO\u00bb. Imagen compuesta que muestra las especificaciones t\u00e9cnicas del producto y los detalles de certificaci\u00f3n de la fuente de alimentaci\u00f3n de un ordenador con diagramas detallados.\" src=\"https:\/\/images-na.ssl-images-amazon.com\/images\/G\/01\/x-locale\/common\/grey-pixel.gif\" class=\"a-lazy-loaded\" data-src=\"https:\/\/m.media-amazon.com\/images\/S\/aplus-media-library-service-media\/1fd304ff-0d04-4c9b-801f-a23e2743ab66.__CR0,0,1464,600_PT0_SX1464_V1___.jpg\"><img decoding=\"async\" alt=\"El texto dice \u00abATX 3.1\u00bb y \u00abCERTIFICADO\u00bb. Imagen compuesta que muestra las especificaciones t\u00e9cnicas del producto y los detalles de certificaci\u00f3n de la fuente de alimentaci\u00f3n de un ordenador con diagramas detallados.\" src=\"https:\/\/m.media-amazon.com\/images\/S\/aplus-media-library-service-media\/1fd304ff-0d04-4c9b-801f-a23e2743ab66.__CR0,0,1464,600_PT0_SX1464_V1___.jpg\">                                               <\/p>\n<p>                                                                                                       <img decoding=\"async\" alt=\"aplus content image\" src=\"https:\/\/images-na.ssl-images-amazon.com\/images\/G\/01\/x-locale\/common\/grey-pixel.gif\" class=\"a-lazy-loaded\" data-src=\"https:\/\/m.media-amazon.com\/images\/S\/aplus-media-library-service-media\/e8ecbb69-77b2-489b-b708-4c30217e90da.__CR0,0,1464,600_PT0_SX1464_V1___.jpg\"><img decoding=\"async\" alt=\"aplus content image\" src=\"https:\/\/m.media-amazon.com\/images\/S\/aplus-media-library-service-media\/e8ecbb69-77b2-489b-b708-4c30217e90da.__CR0,0,1464,600_PT0_SX1464_V1___.jpg\">                                               <\/p>\n<p>                                                                                                       <img decoding=\"async\" alt=\"aplus content image\" src=\"https:\/\/images-na.ssl-images-amazon.com\/images\/G\/01\/x-locale\/common\/grey-pixel.gif\" class=\"a-lazy-loaded\" data-src=\"https:\/\/m.media-amazon.com\/images\/S\/aplus-media-library-service-media\/15e85a4a-99af-4521-a4e1-44977206a060.__CR0,0,1464,600_PT0_SX1464_V1___.jpg\"><img decoding=\"async\" alt=\"aplus content image\" src=\"https:\/\/m.media-amazon.com\/images\/S\/aplus-media-library-service-media\/15e85a4a-99af-4521-a4e1-44977206a060.__CR0,0,1464,600_PT0_SX1464_V1___.jpg\">                                               <\/p>\n<p class=\"description\"> Las fuentes de alimentaci\u00f3n CORSAIR HX1200i Series, completamente modulares y de nivel sonoro reducido, ofrecen una potencia eficiente y \u00f3ptimo 80 PLUS Platinum, as\u00ed como un rendimiento de ventilador de rodamiento din\u00e1mico fluido de bajo nivel sonoro. Las fuentes de alimentaci\u00f3n HXi, compatibles con ATX 3.1 y PCIe 5.1, cuentan con todas las conexiones necesarias para alimentar las ampliaciones de PC m\u00e1s exigentes de hoy en d\u00eda. El potente software CORSAIR iCUE permite personalizar las curvas de los ventiladores, as\u00ed como monitorizar y ajustar la configuraci\u00f3n de la potencia, entre otras opciones, gracias a una plataforma totalmente digital. Los condensadores electrol\u00edticos japoneses con clasificaci\u00f3n de 105 \u00b0C ofrecen una larga vida \u00fatil y \u00f3ptima fiabilidad. Active su ordenador m\u00e1s r\u00e1pidamente y consuma menos energ\u00eda gracias al modo de suspensi\u00f3n Modern Standby. El modo Zero RPM ofrece un funcionamiento pr\u00e1cticamente silencioso en cargas bajas y medias. La HX1200i pone la potencia de Platinum a su disposici\u00f3n. <\/p>\n<p class=\"description\"> Contenido de la caja &#8211; Fuente de alimentaci\u00f3n HX1200i, Cable de alimentaci\u00f3n, Tornillos de montaje para cable de alimentaci\u00f3n, Bridas para cables\u00bb <\/p>\n<p> Product Dimensions                                            \u200f                                            :                                            \u200e                                            20 x 15 x 8.6 cm; 2.4 kg   <br \/> Manufacturer                                            \u200f                                            :                                            \u200e                                            Corsair   <br \/> ASIN                                            \u200f                                            :                                            \u200e                                            B0F3JD7M8M   <br \/> Item model number                                            \u200f                                            :                                            \u200e                                            CP-9020307-EU   <br \/> Country of origin                                            \u200f                                            :                                            \u200e                                            China   <br \/> Guaranteed software updates until                                            \u200f                                            :                                            \u200e                                            unknown   <br \/>  Customer reviews:                                                                                            4.7               4.7 out of 5 stars                                  (132)                                              var dpAcrHasRegisteredArcLinkClickAction;                    P.when(&#8216;A&#8217;, &#8216;ready&#8217;).execute(function(A) {                        if (dpAcrHasRegisteredArcLinkClickAction !== true) {                            dpAcrHasRegisteredArcLinkClickAction = true;                            A.declarative(                                &#8216;acrLink-click-metrics&#8217;, &#8216;click&#8217;,                                { \u00aballowLinkDefault\u00bb: true },                                function (event) {                                    if (window.ue) {                                        ue.count(\u00abacrLinkClickCount\u00bb, (ue.count(\u00abacrLinkClickCount\u00bb) || 0) + 1);                                    }                                }                            );                        }                    });                                             P.when(&#8216;A&#8217;, &#8216;cf&#8217;).execute(function(A) {                A.declarative(&#8216;acrStarsLink-click-metrics&#8217;, &#8216;click&#8217;, { \u00aballowLinkDefault\u00bb : true },  function(event){                    if(window.ue) {                        ue.count(\u00abacrStarsLinkWithPopoverClickCount\u00bb, (ue.count(\u00abacrStarsLinkWithPopoverClickCount\u00bb) || 0) + 1);                    }                });            });                          <\/p>\n<p>Fully modular cabling: Connect only the cables your system needs to facilitate a clean and tidy assembly<br \/>Intel ATX 3.1 Certification: Meets ATX 3.1 power standard, supports PCIe Gen 5 platform, and resists transient power spikes<br \/>Fluid Dynamic Bearing (FDB) 140mm Fan: Delivers quiet and long-lasting fan performance<br \/>Powerful CORSAIR iCUE software: Create custom fan curves, monitor power settings, and toggle between overcurrent protection (OCP) from one to multiple rails on the fly<br \/>Zero RPM Fan Mode: At medium and low loads the cooling fan is completely disabled for virtually silent operation<\/p>\n\n","protected":false},"excerpt":{"rendered":"<p> From the manufacturer Las fuentes de alimentaci\u00f3n CORSAIR HX1200i Series, completamente modulares y de nivel<\/p>","protected":false},"featured_media":38445,"comment_status":"open","ping_status":"closed","template":"","meta":[],"product_brand":[],"product_cat":[79],"product_tag":[1506,1488,1490,1495,1458,1499,307,1507,1500,1372,1508,1509,1502,1494,11565,1503,1492,1498,624,1031,143,1485,824,769,1505,222,750],"class_list":{"0":"post-38444","1":"product","2":"type-product","3":"status-publish","4":"has-post-thumbnail","6":"product_cat-pc-power-supply-unit","7":"product_tag-12v2x6","8":"product_tag-650w-psu","9":"product_tag-750w-psu","10":"product_tag-80-plus-gold-psu","11":"product_tag-atx","12":"product_tag-best-psu","13":"product_tag-black","14":"product_tag-compliant","15":"product_tag-computer-power-unit","16":"product_tag-corsair","17":"product_tag-cybenetics","18":"product_tag-efficiency","19":"product_tag-fully","20":"product_tag-gaming-power-supply","21":"product_tag-hx1200i","22":"product_tag-modular","23":"product_tag-modular-psu","24":"product_tag-pc-power-supply-price","25":"product_tag-pcie","26":"product_tag-platinum","27":"product_tag-power","28":"product_tag-power-supply","29":"product_tag-psu","30":"product_tag-quiet","31":"product_tag-supply","32":"product_tag-ultra","33":"product_tag-wired","35":"first","36":"instock","37":"sale","38":"shipping-taxable","39":"product-type-external"},"_links":{"self":[{"href":"https:\/\/comprasyconsejos.store\/en\/wp-json\/wp\/v2\/product\/38444","targetHints":{"allow":["GET"]}}],"collection":[{"href":"https:\/\/comprasyconsejos.store\/en\/wp-json\/wp\/v2\/product"}],"about":[{"href":"https:\/\/comprasyconsejos.store\/en\/wp-json\/wp\/v2\/types\/product"}],"replies":[{"embeddable":true,"href":"https:\/\/comprasyconsejos.store\/en\/wp-json\/wp\/v2\/comments?post=38444"}],"version-history":[{"count":0,"href":"https:\/\/comprasyconsejos.store\/en\/wp-json\/wp\/v2\/product\/38444\/revisions"}],"wp:featuredmedia":[{"embeddable":true,"href":"https:\/\/comprasyconsejos.store\/en\/wp-json\/wp\/v2\/media\/38445"}],"wp:attachment":[{"href":"https:\/\/comprasyconsejos.store\/en\/wp-json\/wp\/v2\/media?parent=38444"}],"wp:term":[{"taxonomy":"product_brand","embeddable":true,"href":"https:\/\/comprasyconsejos.store\/en\/wp-json\/wp\/v2\/product_brand?post=38444"},{"taxonomy":"product_cat","embeddable":true,"href":"https:\/\/comprasyconsejos.store\/en\/wp-json\/wp\/v2\/product_cat?post=38444"},{"taxonomy":"product_tag","embeddable":true,"href":"https:\/\/comprasyconsejos.store\/en\/wp-json\/wp\/v2\/product_tag?post=38444"}],"curies":[{"name":"wp","href":"https:\/\/api.w.org\/{rel}","templated":true}]}}