{"id":38452,"date":"2026-03-06T23:33:19","date_gmt":"2026-03-06T23:33:19","guid":{"rendered":"https:\/\/comprasyconsejos.store\/product\/timetec-16gb-kit-2x8gb-ddr4-2666mhz-pc4-21300-unbuffered-non-ecc-1-2v-cl19-1rx8-single-rank-288-pin-udimm-desktop-pc-computer-memory-ram-module-upgrade-16gb-kit2x8gb\/"},"modified":"2026-03-06T23:33:23","modified_gmt":"2026-03-06T23:33:23","slug":"timetec-16gb-kit-2x8gb-ddr4-2666mhz-pc4-21300-unbuffered-non-ecc-1-2v-cl19-1rx8-single-rank-288-pin-udimm-desktop-pc-computer-memory-ram-module-upgrade-16gb-kit2x8gb","status":"publish","type":"product","link":"https:\/\/comprasyconsejos.store\/en\/product\/timetec-16gb-kit-2x8gb-ddr4-2666mhz-pc4-21300-unbuffered-non-ecc-1-2v-cl19-1rx8-single-rank-288-pin-udimm-desktop-pc-computer-memory-ram-module-upgrade-16gb-kit2x8gb\/","title":{"rendered":"Timetec 16GB Kit (2x8GB) DDR4 2666MHz PC4-21300 Unbuffered Non-ECC 1.2V CL19 1Rx8 Single Rank 288 Pin UDIMM Desktop PC Computer Memory RAM Module Upgrade (16GB Kit(2x8GB))"},"content":{"rendered":"<p>Price: <span style=\"color:#b12704\"><del>\u20ac21.77<\/del> - \u20ac136.99<\/span><br \/><i><small>(as of Mar 06, 2026 23:33:20 UTC &#8211; <span class=\"wp_automatic_amazon_disclaimer\" title=\"Product prices and availability are accurate as of the date\/time indicated and are subject to change. Any price and availability information displayed on [relevant Amazon Site(s), as applicable] at the time of purchase will apply to the purchase of this product.\">Details<\/span>)<\/small><\/i><\/p>\n<p><a href=\"https:\/\/amazon.es\/dp\/B07HFKGQ34?tag=man008-21\"><img decoding=\"async\" src=\"https:\/\/valvepress.s3.amazonaws.com\/imgs\/buy_now.png\"><\/a><br \/>\n<\/p>\n<p>                                             Product Description   <\/p>\n<p>The video showcases the product in use.The video guides you through product setup.The video compares multiple products.The video shows the product being unpacked. Timetec DDR4 UDIMM Merchant video<\/p>\n<h3 class=\"aplus-h1 aplus-module-1-heading a-text-bold\"> Calidad asegurada, velocidad r\u00e1pida, alto rendimiento <\/h3>\n<p class=\"aplus-p2 aplus-module-1-description\"> El m\u00f3dulo DDR4 de Timetec est\u00e1 optimizado para sistemas DDR4 y ofrece frecuencias m\u00e1s altas, mayor ancho de banda y menor consumo de energ\u00eda que los m\u00f3dulos DDR3. Es compatible con sistemas DDR4, garantizando un rendimiento r\u00e1pido y fiable. <\/p>\n<p>                                           <img decoding=\"async\" alt=\"una imagen de producto del acer x7 - v2 - t2 - t2 - t2 - t2 - t2 - t2 - t2 - t2 -\" src=\"https:\/\/images-na.ssl-images-amazon.com\/images\/G\/01\/x-locale\/common\/grey-pixel.gif\" class=\"a-lazy-loaded\" data-src=\"https:\/\/m.media-amazon.com\/images\/S\/aplus-media-library-service-media\/6a04d476-f1a8-4af7-a87f-69ffa3be2483.__CR0,0,800,600_PT0_SX800_V1___.jpeg\"><img decoding=\"async\" alt=\"una imagen de producto del acer x7 - v2 - t2 - t2 - t2 - t2 - t2 - t2 - t2 - t2 -\" src=\"https:\/\/m.media-amazon.com\/images\/S\/aplus-media-library-service-media\/6a04d476-f1a8-4af7-a87f-69ffa3be2483.__CR0,0,800,600_PT0_SX800_V1___.jpeg\">          <\/p>\n<h3 class=\"a-size-extra-large a-spacing-base a-text-center\"> Especificaciones <\/h3>\n<p>                                                        Tipo de M\u00f3dulo                                    DDR4 UDIMM No-ECC Sin B\u00fafer                                        Frecuencia                                    2133 \/ 2400 \/ 2666 \/ 3200MHz                                        Latencia CAS                                    2133MHz &#8211; CL15 \/ 2400MHz &#8211; CL17 \/ 2666MHz &#8211; CL19 \/ 3200MHz -CL22                                        Capacidad                                    8GB \/ 16GB \/ 32GB                                        Voltaje                                    1.2V                                        Pines                                    288 Pines                                        Dimensiones                                    134(L) x 32(H)mm                  <\/p>\n<p>                                                                                                       <img decoding=\"async\" alt=\"Primer plano de los componentes de hardware de la computadora dentro de una carcasa de PC. Se ven las memorias RAM, las conexiones de la placa base y los cables de alimentaci\u00f3n\" src=\"https:\/\/images-na.ssl-images-amazon.com\/images\/G\/01\/x-locale\/common\/grey-pixel.gif\" class=\"a-lazy-loaded\" data-src=\"https:\/\/m.media-amazon.com\/images\/S\/aplus-media-library-service-media\/5d415f4f-08d4-4333-ba89-e5f1be377a06.__CR0,0,1464,600_PT0_SX1464_V1___.jpg\"><img decoding=\"async\" alt=\"Primer plano de los componentes de hardware de la computadora dentro de una carcasa de PC. Se ven las memorias RAM, las conexiones de la placa base y los cables de alimentaci\u00f3n\" src=\"https:\/\/m.media-amazon.com\/images\/S\/aplus-media-library-service-media\/5d415f4f-08d4-4333-ba89-e5f1be377a06.__CR0,0,1464,600_PT0_SX1464_V1___.jpg\">                                                                                    Aumentar la multitarea                                        <\/p>\n<p class=\"aplus-p2 aplus-module-2-description\"> La memoria Timetec est\u00e1 dise\u00f1ada para maximizar la efectividad y eficiencia de tu sistema de escritorio y aumentar las capacidades de multitarea de tu computadora de escritorio. <\/p>\n<p>                                                                                                       <img decoding=\"async\" alt=\"Primer plano de un rack para equipos de audio con un dispositivo con etiqueta azul instalado. Hay varios conmutadores y puertos visibles en el panel frontal\" src=\"https:\/\/images-na.ssl-images-amazon.com\/images\/G\/01\/x-locale\/common\/grey-pixel.gif\" class=\"a-lazy-loaded\" data-src=\"https:\/\/m.media-amazon.com\/images\/S\/aplus-media-library-service-media\/867b2841-29e3-4858-a360-64670a3509fb.__CR0,0,1464,600_PT0_SX1464_V1___.jpg\"><img decoding=\"async\" alt=\"Primer plano de un rack para equipos de audio con un dispositivo con etiqueta azul instalado. Hay varios conmutadores y puertos visibles en el panel frontal\" src=\"https:\/\/m.media-amazon.com\/images\/S\/aplus-media-library-service-media\/867b2841-29e3-4858-a360-64670a3509fb.__CR0,0,1464,600_PT0_SX1464_V1___.jpg\">                                                                                    Amplia compatibilidad                                        <\/p>\n<p class=\"aplus-p2 aplus-module-2-description\"> Todos los m\u00f3dulos de Timetec se prueban exhaustivamente a nivel de componentes para resistencia a voltaje y temperatura, integridad de se\u00f1al y compatibilidad con software, garantizando as\u00ed una alta estabilidad. <\/p>\n<p>                                                                                                       <img decoding=\"async\" alt=\"Similar a la imagen 6, que muestra gotas de agua o l\u00edquido capturadas en movimiento sobre un fondo oscuro con iluminaci\u00f3n azul.\" src=\"https:\/\/images-na.ssl-images-amazon.com\/images\/G\/01\/x-locale\/common\/grey-pixel.gif\" class=\"a-lazy-loaded\" data-src=\"https:\/\/m.media-amazon.com\/images\/S\/aplus-media-library-service-media\/fc37d726-7f8b-495f-8049-5df8367ab0ee.__CR479,0,4163,1706_PT0_SX1464_V1___.jpg\"><img decoding=\"async\" alt=\"Similar a la imagen 6, que muestra gotas de agua o l\u00edquido capturadas en movimiento sobre un fondo oscuro con iluminaci\u00f3n azul.\" src=\"https:\/\/m.media-amazon.com\/images\/S\/aplus-media-library-service-media\/fc37d726-7f8b-495f-8049-5df8367ab0ee.__CR479,0,4163,1706_PT0_SX1464_V1___.jpg\">                                                                                    Componentes de alta calidad y pruebas estrictas                                        <\/p>\n<p class=\"aplus-p2 aplus-module-2-description\"> Timetec ha seleccionado un chip IC de alta calidad que ha pasado por pruebas exhaustivas de compatibilidad y fiabilidad para garantizar una memoria que ofrezca tanto estabilidad como compatibilidad. <\/p>\n<h3 class=\"a-text-center aplus-heading aplus-h1 a-text-bold\"> Memoria de escritorio serie TIMETEC PREMIUM <\/h3>\n<p class=\"aplus-p3 a-text-bold\"> Tipo de Memoria <\/p>\n<p class=\"aplus-p3\"> DDR3 DIMM 240 pines No-ECC Sin B\u00fafer <\/p>\n<p class=\"aplus-p3 a-text-bold\"> Tipo de Memoria <\/p>\n<p class=\"aplus-p3\"> DDR4 DIMM 288 pines No-ECC Sin B\u00fafer <\/p>\n<p class=\"aplus-p3 a-text-bold\"> Tipo de Memoria <\/p>\n<p class=\"aplus-p3\"> DDR5 DIMM 288 pines No-ECC Sin B\u00fafer <\/p>\n<p class=\"aplus-p3 a-text-bold\"> Frecuencia <\/p>\n<p class=\"aplus-p3\"> 1333MHz \/ 1600MHz <\/p>\n<p class=\"aplus-p3 a-text-bold\"> Frecuencia <\/p>\n<p class=\"aplus-p3\"> De 2400MHz a 3200MHz <\/p>\n<p class=\"aplus-p3 a-text-bold\"> Frecuencia <\/p>\n<p class=\"aplus-p3\"> 4800MHz \/ 5600MHz <\/p>\n<p class=\"aplus-p3 a-text-bold\"> Latencia <\/p>\n<p class=\"aplus-p3\"> 1333MHz &#8211; CL9 \/ 1600MHz &#8211; CL11 <\/p>\n<p class=\"aplus-p3 a-text-bold\"> Latencia <\/p>\n<p class=\"aplus-p3\"> 2400MHz-CL16 \/ 2666MHz-CL19 \/ 3200MHz-CL22 \/ 3600MHz &#8211; CL18 <\/p>\n<p class=\"aplus-p3 a-text-bold\"> Latencia <\/p>\n<p class=\"aplus-p3\"> 4800MHz &#8211; CL40 \/ 5600MHz &#8211; CL46 <\/p>\n<p class=\"aplus-p3 a-text-bold\"> Capacidad <\/p>\n<p class=\"aplus-p3\"> 4GB \/ 8GB (incluyendo Single y Dual Rank) <\/p>\n<p class=\"aplus-p3 a-text-bold\"> Capacidad <\/p>\n<p class=\"aplus-p3\"> De 8GB a 32GB (incluyendo Single y Dual Rank) <\/p>\n<p class=\"aplus-p3 a-text-bold\"> Capacidad <\/p>\n<p class=\"aplus-p3\"> De 16GB \/ 32GB (incluyendo Single y Dual Rank) <\/p>\n<p class=\"aplus-p3 a-text-bold\"> Voltaje <\/p>\n<p class=\"aplus-p3\"> 1.35V \/ 1.5V <\/p>\n<p class=\"aplus-p3 a-text-bold\"> Voltaje <\/p>\n<p class=\"aplus-p3\"> 1.2V <\/p>\n<p class=\"aplus-p3 a-text-bold\"> Voltaje <\/p>\n<p class=\"aplus-p3\"> 1.2V <\/p>\n<p> Is discontinued by manufacturer                                            \u200f                                            :                                            \u200e                                            No   <br \/> Product Dimensions                                            \u200f                                            :                                            \u200e                                            17.15 x 5.72 x 1.27 cm; 13.61 g   <br \/> Manufacturer                                            \u200f                                            :                                            \u200e                                            Timetec   <br \/> ASIN                                            \u200f                                            :                                            \u200e                                            B07HFKGQ34   <br \/> Manufacturer reference                                            \u200f                                            :                                            \u200e                                            75TT26   <br \/> Country\/Region of Origin                                            \u200f                                            :                                            \u200e                                            Taiwan   <br \/> Guaranteed software updates until                                            \u200f                                            :                                            \u200e                                            unknown   <br \/>  Customer reviews:                                                                                            4.7               4.7 out of 5 stars                                  (1,164)                                              var dpAcrHasRegisteredArcLinkClickAction;                    P.when(&#8216;A&#8217;, &#8216;ready&#8217;).execute(function(A) {                        if (dpAcrHasRegisteredArcLinkClickAction !== true) {                            dpAcrHasRegisteredArcLinkClickAction = true;                            A.declarative(                                &#8216;acrLink-click-metrics&#8217;, &#8216;click&#8217;,                                { \u00aballowLinkDefault\u00bb: true },                                function (event) {                                    if (window.ue) {                                        ue.count(\u00abacrLinkClickCount\u00bb, (ue.count(\u00abacrLinkClickCount\u00bb) || 0) + 1);                                    }                                }                            );                        }                    });                                             P.when(&#8216;A&#8217;, &#8216;cf&#8217;).execute(function(A) {                A.declarative(&#8216;acrStarsLink-click-metrics&#8217;, &#8216;click&#8217;, { \u00aballowLinkDefault\u00bb : true },  function(event){                    if(window.ue) {                        ue.count(\u00abacrStarsLinkWithPopoverClickCount\u00bb, (ue.count(\u00abacrStarsLinkWithPopoverClickCount\u00bb) || 0) + 1);                    }                });            });                          <\/p>\n<p>[Color] PCB color may vary (black or green) according to the production batch. Quality and performance remain consistent across all products Timetec.<br \/>DDR4 2666MHz PC4-21300 288-pin Unbuffered Unbuffered UnECC 1.2V CL19 Single Range Based on 1Rx8 512&#215;8<br \/>Power supply: VDD=1.2V (1.14V to 1.26V) VDDQ = 1.2V (1.14V to 1.26V)<br \/>Module Size: 16 GB Package: 2 x 8 GB<br \/>Lifetime Warranty Guaranteed from the date of purchase and free US based technical support.<\/p>\n\n","protected":false},"excerpt":{"rendered":"<p> Product Description The video showcases the product in use.The video guides you through product setup.The<\/p>","protected":false},"featured_media":38453,"comment_status":"open","ping_status":"closed","template":"","meta":[],"product_brand":[],"product_cat":[77],"product_tag":[1546,509,1480,2384,1543,4582,1481,5569,539,535,1478,1479,787,1484,1482,1539,1732,1483,511,2387,2382,5568,1548,587,1487,2385,1486,1905,1724,2386,1549,1552],"class_list":{"0":"post-38452","1":"product","2":"type-product","3":"status-publish","4":"has-post-thumbnail","6":"product_cat-memory-ram","7":"product_tag-1-2v","8":"product_tag-16gb","9":"product_tag-16gb-ram","10":"product_tag-1rx8","11":"product_tag-2666mhz","12":"product_tag-2x8gb","13":"product_tag-32gb-ram","14":"product_tag-cl19","15":"product_tag-computer","16":"product_tag-ddr4","17":"product_tag-ddr4-ram","18":"product_tag-ddr5-ram","19":"product_tag-desktop","20":"product_tag-desktop-ram","21":"product_tag-gaming-ram","22":"product_tag-kit","23":"product_tag-kit2x8gb","24":"product_tag-laptop-ram","25":"product_tag-memory","26":"product_tag-module","27":"product_tag-nonecc","28":"product_tag-pc421300","29":"product_tag-pin","30":"product_tag-ram","31":"product_tag-ram-price","32":"product_tag-rank","33":"product_tag-rgb-ram","34":"product_tag-single","35":"product_tag-timetec","36":"product_tag-udimm","37":"product_tag-unbuffered","38":"product_tag-upgrade","40":"first","41":"instock","42":"shipping-taxable","43":"product-type-external"},"_links":{"self":[{"href":"https:\/\/comprasyconsejos.store\/en\/wp-json\/wp\/v2\/product\/38452","targetHints":{"allow":["GET"]}}],"collection":[{"href":"https:\/\/comprasyconsejos.store\/en\/wp-json\/wp\/v2\/product"}],"about":[{"href":"https:\/\/comprasyconsejos.store\/en\/wp-json\/wp\/v2\/types\/product"}],"replies":[{"embeddable":true,"href":"https:\/\/comprasyconsejos.store\/en\/wp-json\/wp\/v2\/comments?post=38452"}],"version-history":[{"count":0,"href":"https:\/\/comprasyconsejos.store\/en\/wp-json\/wp\/v2\/product\/38452\/revisions"}],"wp:featuredmedia":[{"embeddable":true,"href":"https:\/\/comprasyconsejos.store\/en\/wp-json\/wp\/v2\/media\/38453"}],"wp:attachment":[{"href":"https:\/\/comprasyconsejos.store\/en\/wp-json\/wp\/v2\/media?parent=38452"}],"wp:term":[{"taxonomy":"product_brand","embeddable":true,"href":"https:\/\/comprasyconsejos.store\/en\/wp-json\/wp\/v2\/product_brand?post=38452"},{"taxonomy":"product_cat","embeddable":true,"href":"https:\/\/comprasyconsejos.store\/en\/wp-json\/wp\/v2\/product_cat?post=38452"},{"taxonomy":"product_tag","embeddable":true,"href":"https:\/\/comprasyconsejos.store\/en\/wp-json\/wp\/v2\/product_tag?post=38452"}],"curies":[{"name":"wp","href":"https:\/\/api.w.org\/{rel}","templated":true}]}}