{"id":38458,"date":"2026-03-06T23:48:08","date_gmt":"2026-03-06T23:48:08","guid":{"rendered":"https:\/\/comprasyconsejos.store\/product\/asus-prime-geforce-rtx-5060-ti-16gb-gddr7-oc-edition-sff-ready-graphics-card-pcie-5-0-16gb-gddr7-hdmi-dp-2-1-2-5-slots-axial-tech-fans-dual-bios\/"},"modified":"2026-03-06T23:48:31","modified_gmt":"2026-03-06T23:48:31","slug":"asus-prime-geforce-rtx-5060-ti-16gb-gddr7-oc-edition-sff-ready-graphics-card-pcie-5-0-16gb-gddr7-hdmi-dp-2-1-2-5-slots-axial-tech-fans-dual-bios","status":"publish","type":"product","link":"https:\/\/comprasyconsejos.store\/en\/product\/asus-prime-geforce-rtx-5060-ti-16gb-gddr7-oc-edition-sff-ready-graphics-card-pcie-5-0-16gb-gddr7-hdmi-dp-2-1-2-5-slots-axial-tech-fans-dual-bios\/","title":{"rendered":"ASUS Prime GeForce RTX 5060 Ti 16GB GDDR7 OC Edition SFF Ready Graphics Card PCIe 5.0, 16GB GDDR7, HDMI\/DP 2.1, 2.5 Slots, Axial-Tech Fans, Dual BIOS"},"content":{"rendered":"<p>Price: <span style=\"color:#b12704\">\u20ac712.79<\/span><br \/><i><small>(as of Mar 06, 2026 23:48:08 UTC &#8211; <span class=\"wp_automatic_amazon_disclaimer\" title=\"Product prices and availability are accurate as of the date\/time indicated and are subject to change. Any price and availability information displayed on [relevant Amazon Site(s), as applicable] at the time of purchase will apply to the purchase of this product.\">Details<\/span>)<\/small><\/i><\/p>\n<p><a href=\"https:\/\/amazon.es\/dp\/B0F4DQYLP5?tag=man008-21\"><img decoding=\"async\" src=\"https:\/\/valvepress.s3.amazonaws.com\/imgs\/buy_now.png\"><\/a><br \/>\n<\/p>\n<p>                                             From the manufacturer   <\/p>\n<p>                                                                                                       <img decoding=\"async\" alt=\" \" src=\"https:\/\/images-na.ssl-images-amazon.com\/images\/G\/01\/x-locale\/common\/grey-pixel.gif\" class=\"a-lazy-loaded\" data-src=\"https:\/\/m.media-amazon.com\/images\/S\/aplus-media-library-service-media\/98d3a0bb-08ae-45aa-a399-a4b1f38b4a6e.__CR0,0,1464,600_PT0_SX1464_V1___.jpg\"><img decoding=\"async\" alt=\" \" src=\"https:\/\/m.media-amazon.com\/images\/S\/aplus-media-library-service-media\/98d3a0bb-08ae-45aa-a399-a4b1f38b4a6e.__CR0,0,1464,600_PT0_SX1464_V1___.jpg\">                                               <\/p>\n<p>                                                                                  <img decoding=\"async\" alt=\" \" src=\"https:\/\/m.media-amazon.com\/images\/S\/aplus-media-library-service-media\/d5c15468-4b0e-489d-9613-b6fd07c7de64.__CR0,0,1464,600_PT0_SX1464_V1___.jpg\">       <\/p>\n<p>                                                                                  <img decoding=\"async\" alt=\" \" src=\"https:\/\/m.media-amazon.com\/images\/S\/aplus-media-library-service-media\/0cd9eeb2-32fb-4252-b382-6819ec831174.__CR0,0,1464,600_PT0_SX1464_V1___.jpg\">       <\/p>\n<p>                                                                                  <img decoding=\"async\" alt=\" \" src=\"https:\/\/m.media-amazon.com\/images\/S\/aplus-media-library-service-media\/fc048a85-b31a-47a1-883a-a2901ffffc04.__CR0,0,1464,600_PT0_SX1464_V1___.jpg\">       <\/p>\n<p>                                                                                  <img decoding=\"async\" alt=\" \" src=\"https:\/\/m.media-amazon.com\/images\/S\/aplus-media-library-service-media\/eb9c439f-e730-4e45-9793-5cca383b0f39.__CR0,0,1464,600_PT0_SX1464_V1___.jpg\">       <\/p>\n<p>                                                                                  <img decoding=\"async\" alt=\" \" src=\"https:\/\/m.media-amazon.com\/images\/S\/aplus-media-library-service-media\/1d85bac0-37fb-4ff6-8366-fd0cfcb2a771.__CR0,0,1464,600_PT0_SX1464_V1___.jpg\">       <\/p>\n<p>                                                                                                       <img decoding=\"async\" alt=\" \" src=\"https:\/\/images-na.ssl-images-amazon.com\/images\/G\/01\/x-locale\/common\/grey-pixel.gif\" class=\"a-lazy-loaded\" data-src=\"https:\/\/m.media-amazon.com\/images\/S\/aplus-media-library-service-media\/b274b0e8-7b16-4909-8b38-2fcff0e23cb8.__CR0,0,1464,600_PT0_SX1464_V1___.jpg\"><img decoding=\"async\" alt=\" \" src=\"https:\/\/m.media-amazon.com\/images\/S\/aplus-media-library-service-media\/b274b0e8-7b16-4909-8b38-2fcff0e23cb8.__CR0,0,1464,600_PT0_SX1464_V1___.jpg\">                                                                                    2.5-slot Design                                        <\/p>\n<p class=\"aplus-p2 aplus-module-2-description\"> La Prime GeForce RTX 5060 Ti presenta un dise\u00f1o de ranura de 2,5 con una disposici\u00f3n organizada para la cubierta, el disipador de calor y los caloductos, permitiendo que los tres ventiladores Axial-tech aprovechen la ventilaci\u00f3n y proporcionen un rendimiento t\u00e9rmico \u00f3ptimo. <\/p>\n<p>                                                                                                                  <img decoding=\"async\" alt=\" \" src=\"https:\/\/m.media-amazon.com\/images\/S\/aplus-media-library-service-media\/3cbe0816-b4be-4522-9e07-0cb58be18959.__CR0,0,1464,600_PT0_SX1464_V1___.jpg\">                                                                                           Dise\u00f1o MaxContact                                       <\/p>\n<p class=\"description aplus-p1\"> MaxContact aumenta la superficie del disipador en un 5%, mejorando las temperaturas hasta en 2 \u00b0C. <\/p>\n<p>                                                      <img decoding=\"async\" alt=\" \" src=\"https:\/\/m.media-amazon.com\/images\/S\/aplus-media-library-service-media\/a5a7ce82-5ebe-4120-a73f-fe7a725fe907.__CR0,0,1464,600_PT0_SX1464_V1___.jpg\">                                                                                           Mejoras Axial-tech                                       <\/p>\n<p class=\"description aplus-p1\"> Las aspas m\u00e1s largas mejoran el flujo de aire y la dispersi\u00f3n. <\/p>\n<p>                                                      <img decoding=\"async\" alt=\" \" src=\"https:\/\/m.media-amazon.com\/images\/S\/aplus-media-library-service-media\/19fb9347-1977-4109-bc08-8a264b8a7bea.__CR0,0,1464,600_PT0_SX1464_V1___.jpg\">                                                                                           Tecnolog\u00eda 0dB                                       <\/p>\n<p class=\"description aplus-p1\"> Los ventiladores se detienen por debajo de 50 \u00b0C y se reinician por encima de 55 \u00b0C. <\/p>\n<p>                                                      <img decoding=\"async\" alt=\" \" src=\"https:\/\/m.media-amazon.com\/images\/S\/aplus-media-library-service-media\/c83db9eb-564f-4028-80fe-6b8df3e99c5e.__CR0,0,1464,600_PT0_SX1464_V1___.jpg\">                                                                                           Placa posterior ventilada                                       <\/p>\n<p class=\"description aplus-p1\"> Los ventiladores de la placa posterior mejoran la disipaci\u00f3n del calor. <\/p>\n<p>                            1 Dise\u00f1o MaxContact <\/p>\n<p>                            2 Axial-tech <\/p>\n<p>                            3 Tecnolog\u00eda 0dB <\/p>\n<p>                            4 Placa posterior ventilada <\/p>\n<p>                                                                                                                  <img decoding=\"async\" alt=\" \" src=\"https:\/\/m.media-amazon.com\/images\/S\/aplus-media-library-service-media\/06cbe126-5ff4-4812-805c-36aa9d5bbc9f.__CR0,0,1464,600_PT0_SX1464_V1___.jpg\">                                                                                           ASUS GPU Guard                                       <\/p>\n<p class=\"description aplus-p1\"> ASUS GPU Guard aplica adhesivo para fijar las cuatro esquinas y reducir el riesgo de grietas. <\/p>\n<p>                                                      <img decoding=\"async\" alt=\" \" src=\"https:\/\/m.media-amazon.com\/images\/S\/aplus-media-library-service-media\/b841aad6-7385-4755-852f-667138949e17.__CR0,0,1464,600_PT0_SX1464_V1___.jpg\">                                                                                           Rodamientos de ventilador de doble bola                                       <\/p>\n<p class=\"description aplus-p1\"> Los rodamientos de doble bola son m\u00e1s duraderos, ya que duran hasta el doble que otros rodamientos. <\/p>\n<p>                                                      <img decoding=\"async\" alt=\" \" src=\"https:\/\/m.media-amazon.com\/images\/S\/aplus-media-library-service-media\/4e6b7b30-cf0e-416a-ab49-dd9a30c7a19f.__CR0,0,1464,600_PT0_SX1464_V1___.jpg\">                                                                                           Placa protectora trasera                                       <\/p>\n<p class=\"description aplus-p1\"> Una placa posterior refuerza la PCB, evitando la flexi\u00f3n y protegiendo los componentes. <\/p>\n<p>                                                      <img decoding=\"async\" alt=\" \" src=\"https:\/\/m.media-amazon.com\/images\/S\/aplus-media-library-service-media\/f77748db-d301-4720-a8e3-9971a8be5e05.__CR0,0,1464,600_PT0_SX1464_V1___.jpg\">                                                                                           Soporte de acero inoxidable                                       <\/p>\n<p class=\"description aplus-p1\"> El soporte de montaje est\u00e1 fabricado en acero inoxidable 304, un material resistente a la corrosi\u00f3n. <\/p>\n<p>                            1 ASUS GPU Guard <\/p>\n<p>                            2 Rodamientos de ventilador <\/p>\n<p>                            3 Placa protectora trasera <\/p>\n<p>                            4 Soporte de acero <\/p>\n<p>                                                                                     <img decoding=\"async\" alt=\" \" src=\"https:\/\/m.media-amazon.com\/images\/S\/aplus-media-library-service-media\/0b64289e-2860-4361-9394-7ca9ac3dd7c0.__CR0,0,1464,600_PT0_SX1464_V1___.jpg\">                                                    Dual BIOS\u200b                                         <\/p>\n<p class=\"aplus-p3\"> El modo de rendimiento hace funcionar los ventiladores para mantener la tarjeta fr\u00eda, mientras que el modo silencioso ofrece un funcionamiento m\u00e1s silencioso. <\/p>\n<p>                                                                                     <img decoding=\"async\" alt=\" \" src=\"https:\/\/m.media-amazon.com\/images\/S\/aplus-media-library-service-media\/041a099d-23d1-4ed0-a52f-744eb7da7644.__CR0,0,1464,600_PT0_SX1464_V1___.jpg\">                                                    Tecnolog\u00eda Auto-Extreme\u200b                                         <\/p>\n<p class=\"aplus-p3\"> La tecnolog\u00eda Auto-Extreme de ASUS completa la soldadura en una sola pasada, lo que reduce la tensi\u00f3n t\u00e9rmica, el impacto medioambiental y el consumo de energ\u00eda para obtener productos m\u00e1s fiables. <\/p>\n<p>                                                                                                       <img decoding=\"async\" alt=\" \" src=\"https:\/\/images-na.ssl-images-amazon.com\/images\/G\/01\/x-locale\/common\/grey-pixel.gif\" class=\"a-lazy-loaded\" data-src=\"https:\/\/m.media-amazon.com\/images\/S\/aplus-media-library-service-media\/da245b99-3a07-486f-818c-06bdeb730063.__CR0,0,1464,600_PT0_SX1464_V1___.jpg\"><img decoding=\"async\" alt=\" \" src=\"https:\/\/m.media-amazon.com\/images\/S\/aplus-media-library-service-media\/da245b99-3a07-486f-818c-06bdeb730063.__CR0,0,1464,600_PT0_SX1464_V1___.jpg\">                                                                                    Fuente de alimentaci\u00f3n perfecta para la serie GeForce RTX 50                                        <\/p>\n<p class=\"aplus-p2 aplus-module-2-description\"> Usa la calculadora de vataje para estimar cu\u00e1nta energ\u00eda necesitar\u00e1s para alimentar tu equipo y, a continuaci\u00f3n, elige una fuente de alimentaci\u00f3n ROG, TUF Gaming o Prime compatible para obtener el m\u00e1ximo rendimiento. <\/p>\n<p> Batteries                                            \u200f                                            :                                            \u200e                                            1 AAAA batteries required.   <br \/> Language                                            \u200f                                            :                                            \u200e                                            English   <br \/> Product Dimensions                                            \u200f                                            :                                            \u200e                                            30.4 x 12 x 0.1 cm; 900 g   <br \/> Manufacturer                                            \u200f                                            :                                            \u200e                                            ASUS   <br \/> ASIN                                            \u200f                                            :                                            \u200e                                            B0F4DQYLP5   <br \/> Item model number                                            \u200f                                            :                                            \u200e                                            PRIME-RTX5060TI-O16G   <br \/> Guaranteed software updates until                                            \u200f                                            :                                            \u200e                                            unknown   <br \/>  Customer reviews:                                                                                            4.5               4.5 out of 5 stars                                  (409)                                              var dpAcrHasRegisteredArcLinkClickAction;                    P.when(&#8216;A&#8217;, &#8216;ready&#8217;).execute(function(A) {                        if (dpAcrHasRegisteredArcLinkClickAction !== true) {                            dpAcrHasRegisteredArcLinkClickAction = true;                            A.declarative(                                &#8216;acrLink-click-metrics&#8217;, &#8216;click&#8217;,                                { \u00aballowLinkDefault\u00bb: true },                                function (event) {                                    if (window.ue) {                                        ue.count(\u00abacrLinkClickCount\u00bb, (ue.count(\u00abacrLinkClickCount\u00bb) || 0) + 1);                                    }                                }                            );                        }                    });                                             P.when(&#8216;A&#8217;, &#8216;cf&#8217;).execute(function(A) {                A.declarative(&#8216;acrStarsLink-click-metrics&#8217;, &#8216;click&#8217;, { \u00aballowLinkDefault\u00bb : true },  function(event){                    if(window.ue) {                        ue.count(\u00abacrStarsLinkWithPopoverClickCount\u00bb, (ue.count(\u00abacrStarsLinkWithPopoverClickCount\u00bb) || 0) + 1);                    }                });            });                          <\/p>\n<p>AI Performance: 759 AI TOPS<br \/>OC Editing: 2647 MHz OC mode, 2617 MHz default mode<br \/>Powered by NVIDIA Blackwell architecture and DLSS 4<br \/>GeForce Card Ready for SFF Enthusiasts<br \/>Axial-tech fans feature a smaller core that makes it easier to use longer blades and a protection ring that increases downward air pressure<\/p>\n\n","protected":false},"excerpt":{"rendered":"<p> From the manufacturer 2.5-slot Design La Prime GeForce RTX 5060 Ti presenta un dise\u00f1o de<\/p>","protected":false},"featured_media":38459,"comment_status":"open","ping_status":"closed","template":"","meta":[],"product_brand":[],"product_cat":[75],"product_tag":[509,1432,1427,850,1438,1433,3527,1420,298,964,1378,1428,2985,620,599,644,1425,1664,1426,624,2798,625,621,1429,1430,1431,1097,2828],"class_list":{"0":"post-38458","1":"product","2":"type-product","3":"status-publish","4":"has-post-thumbnail","6":"product_cat-graphics-cards","7":"product_tag-16gb","8":"product_tag-8gb-graphics-card","9":"product_tag-amd-radeon-gpu","10":"product_tag-asus","11":"product_tag-axialtech","12":"product_tag-best-gpu","13":"product_tag-bios","14":"product_tag-card","15":"product_tag-dual","16":"product_tag-edition","17":"product_tag-fans","18":"product_tag-gaming-graphics-card","19":"product_tag-gddr7","20":"product_tag-geforce","21":"product_tag-gpu","22":"product_tag-graphics","23":"product_tag-graphics-card","24":"product_tag-hdmidp","25":"product_tag-nvidia-rtx-graphics-card","26":"product_tag-pcie","27":"product_tag-prime","28":"product_tag-ready","29":"product_tag-rtx","30":"product_tag-rtx-4060","31":"product_tag-rtx-4070","32":"product_tag-rtx-4080","33":"product_tag-sff","34":"product_tag-slots","36":"first","37":"instock","38":"shipping-taxable","39":"product-type-external"},"_links":{"self":[{"href":"https:\/\/comprasyconsejos.store\/en\/wp-json\/wp\/v2\/product\/38458","targetHints":{"allow":["GET"]}}],"collection":[{"href":"https:\/\/comprasyconsejos.store\/en\/wp-json\/wp\/v2\/product"}],"about":[{"href":"https:\/\/comprasyconsejos.store\/en\/wp-json\/wp\/v2\/types\/product"}],"replies":[{"embeddable":true,"href":"https:\/\/comprasyconsejos.store\/en\/wp-json\/wp\/v2\/comments?post=38458"}],"version-history":[{"count":0,"href":"https:\/\/comprasyconsejos.store\/en\/wp-json\/wp\/v2\/product\/38458\/revisions"}],"wp:featuredmedia":[{"embeddable":true,"href":"https:\/\/comprasyconsejos.store\/en\/wp-json\/wp\/v2\/media\/38459"}],"wp:attachment":[{"href":"https:\/\/comprasyconsejos.store\/en\/wp-json\/wp\/v2\/media?parent=38458"}],"wp:term":[{"taxonomy":"product_brand","embeddable":true,"href":"https:\/\/comprasyconsejos.store\/en\/wp-json\/wp\/v2\/product_brand?post=38458"},{"taxonomy":"product_cat","embeddable":true,"href":"https:\/\/comprasyconsejos.store\/en\/wp-json\/wp\/v2\/product_cat?post=38458"},{"taxonomy":"product_tag","embeddable":true,"href":"https:\/\/comprasyconsejos.store\/en\/wp-json\/wp\/v2\/product_tag?post=38458"}],"curies":[{"name":"wp","href":"https:\/\/api.w.org\/{rel}","templated":true}]}}