{"id":38486,"date":"2026-03-07T00:36:39","date_gmt":"2026-03-07T00:36:39","guid":{"rendered":"https:\/\/comprasyconsejos.store\/product\/l-link-atx-micro-atx-pc-case-with-usb-3-0-front-500w-power-supply-and-bay-adapter-pc-tower-with-elegant-and-durable-design-compact-computer-case-model-kluster\/"},"modified":"2026-03-07T00:36:39","modified_gmt":"2026-03-07T00:36:39","slug":"l-link-atx-micro-atx-pc-case-with-usb-3-0-front-500w-power-supply-and-bay-adapter-pc-tower-with-elegant-and-durable-design-compact-computer-case-model-kluster","status":"publish","type":"product","link":"https:\/\/comprasyconsejos.store\/en\/product\/l-link-atx-micro-atx-pc-case-with-usb-3-0-front-500w-power-supply-and-bay-adapter-pc-tower-with-elegant-and-durable-design-compact-computer-case-model-kluster\/","title":{"rendered":"L-Link ATX\/Micro ATX PC Case with USB 3.0 Front | 500W Power Supply and Bay Adapter | PC Tower with Elegant and Durable Design | Compact Computer Case Model: KLUSTER"},"content":{"rendered":"<p>Price: <span style=\"color:#b12704\"><del>\u20ac42.90<\/del> - \u20ac34.65<\/span><br \/><i><small>(as of Mar 07, 2026 00:36:39 UTC &#8211; <span class=\"wp_automatic_amazon_disclaimer\" title=\"Product prices and availability are accurate as of the date\/time indicated and are subject to change. Any price and availability information displayed on [relevant Amazon Site(s), as applicable] at the time of purchase will apply to the purchase of this product.\">Details<\/span>)<\/small><\/i><\/p>\n<p><a href=\"https:\/\/amazon.es\/dp\/B072XW9QFR?tag=man008-21\"><img decoding=\"async\" src=\"https:\/\/valvepress.s3.amazonaws.com\/imgs\/buy_now.png\"><\/a><br \/>\n<\/p>\n<p>                                             From the manufacturer   <\/p>\n<p>                                                                             <img decoding=\"async\" alt=\"Cajas para PC L-Link\" src=\"https:\/\/images-na.ssl-images-amazon.com\/images\/G\/01\/x-locale\/common\/grey-pixel.gif\" class=\"a-spacing-base a-lazy-loaded\" data-src=\"https:\/\/m.media-amazon.com\/images\/S\/aplus-media-library-service-media\/f54ca099-1da6-4f52-adc0-61b518046430.__CR0,0,970,600_PT0_SX970_V1___.jpg\"><img decoding=\"async\" alt=\"Cajas para PC L-Link\" src=\"https:\/\/m.media-amazon.com\/images\/S\/aplus-media-library-service-media\/f54ca099-1da6-4f52-adc0-61b518046430.__CR0,0,970,600_PT0_SX970_V1___.jpg\">                                                                    <\/p>\n<p>                                                  <img decoding=\"async\" alt=\"CAJA PC ATRIA\" src=\"https:\/\/images-na.ssl-images-amazon.com\/images\/G\/01\/x-locale\/common\/grey-pixel.gif\" class=\"a-spacing-mini a-lazy-loaded\" data-src=\"https:\/\/m.media-amazon.com\/images\/S\/aplus-media-library-service-media\/91507e3e-4eba-4f96-a954-1fec8ece3fb8.__CR0,0,1600,1600_PT0_SX300_V1___.jpg\"><img decoding=\"async\" alt=\"CAJA PC ATRIA\" src=\"https:\/\/m.media-amazon.com\/images\/S\/aplus-media-library-service-media\/91507e3e-4eba-4f96-a954-1fec8ece3fb8.__CR0,0,1600,1600_PT0_SX300_V1___.jpg\">  <\/p>\n<h3 class=\"a-spacing-mini\"> ATRIA <\/h3>\n<p> L-LINK ATRIA USB 3.0 CON FUENTE DE 500W <\/p>\n<p> La Torre para PC ATRIA de L-Link es una caja ATX\/ MicroATX <\/p>\n<p> con puerto USB 3.0 frontal, espacio para 3 discos <\/p>\n<p> duros y gesti\u00f3n de cableado. Incluye una fuente ATX <\/p>\n<p> de 500W y ventilador de 120 mm, asegurando una <\/p>\n<p> refrigeraci\u00f3n eficiente. <\/p>\n<p>                                                  <img decoding=\"async\" alt=\"Caja para PC AVATAR\" src=\"https:\/\/images-na.ssl-images-amazon.com\/images\/G\/01\/x-locale\/common\/grey-pixel.gif\" class=\"a-lazy-loaded\" data-src=\"https:\/\/m.media-amazon.com\/images\/S\/aplus-media-library-service-media\/6e83e5be-4af3-45bc-8447-7d4833df144a.__CR0,0,1600,1600_PT0_SX300_V1___.jpg\"><img decoding=\"async\" alt=\"Caja para PC AVATAR\" src=\"https:\/\/m.media-amazon.com\/images\/S\/aplus-media-library-service-media\/6e83e5be-4af3-45bc-8447-7d4833df144a.__CR0,0,1600,1600_PT0_SX300_V1___.jpg\">  <\/p>\n<h3 class=\"a-spacing-mini\"> AVATAR <\/h3>\n<p> AVATAR LED AZUL USB 3.0 CON VENTANA <\/p>\n<p> La Caja para PC AVATAR de L-Link es una torre ATX con un <\/p>\n<p> dise\u00f1o refinado y 6 ventiladores LED azules. Posee <\/p>\n<p> paneles de vidrio templado para mostrar el interior, <\/p>\n<p> puertos de E\/S accesibles y sistema para organizar <\/p>\n<p> cables. Ideal para aficionados del gaming y alto <\/p>\n<p> rendimiento. <\/p>\n<p class=\"apm-text-center\">\n                                                      <img decoding=\"async\" alt=\"Caja para PC KLUSTER\" src=\"https:\/\/images-na.ssl-images-amazon.com\/images\/G\/01\/x-locale\/common\/grey-pixel.gif\" class=\"a-spacing-mini a-lazy-loaded\" data-src=\"https:\/\/m.media-amazon.com\/images\/S\/aplus-media-library-service-media\/04eca635-5f6e-4660-9ffb-0d2943af2199.__CR0,0,1600,1600_PT0_SX300_V1___.jpg\"><img decoding=\"async\" alt=\"Caja para PC KLUSTER\" src=\"https:\/\/m.media-amazon.com\/images\/S\/aplus-media-library-service-media\/04eca635-5f6e-4660-9ffb-0d2943af2199.__CR0,0,1600,1600_PT0_SX300_V1___.jpg\">  <\/p>\n<p>                                                    Kluster                                       <\/p>\n<p> L-LINK Kluster USB 3.0 con fuente de 500W <\/p>\n<p> Kluster es una torre para PC de L-Link ATX\/Micro ATX elegante y duradera. <\/p>\n<p> Ofrece conectividad con un puerto USB 3.0 frontal y un adaptador que convierte bah\u00edas de 5.25\u201d a 3.5\u201d. Viene con una fuente ATX de 500W y ventilador de 120 mm, asegurando una buena ventilaci\u00f3n. <\/p>\n<p> Combina funcionalidad con un dise\u00f1o est\u00e9tico atractivo. <\/p>\n<p class=\"apm-text-center\">\n                                                      <img decoding=\"async\" alt=\"Caja para PC MAGNA\" src=\"https:\/\/images-na.ssl-images-amazon.com\/images\/G\/01\/x-locale\/common\/grey-pixel.gif\" class=\"a-spacing-mini a-lazy-loaded\" data-src=\"https:\/\/m.media-amazon.com\/images\/S\/aplus-media-library-service-media\/b57d0f65-ad09-4ea3-bdf4-017e8cfc0abc.__CR0,0,1600,1600_PT0_SX300_V1___.jpg\"><img decoding=\"async\" alt=\"Caja para PC MAGNA\" src=\"https:\/\/m.media-amazon.com\/images\/S\/aplus-media-library-service-media\/b57d0f65-ad09-4ea3-bdf4-017e8cfc0abc.__CR0,0,1600,1600_PT0_SX300_V1___.jpg\">  <\/p>\n<p>                                                    Magna                                       <\/p>\n<p> L-LINK Magna USB 3.0 SLIM + fuente 500W <\/p>\n<p> La torre de PC MAGNA de L-Link Micro ATX Slim es compacta con USB 3.0 y fuente integrada, ideal para oficinas y hogares. Su dise\u00f1o para ahorrar espacio y facilita la organizaci\u00f3n de cables. Se monta en menos de 15 minutos. <\/p>\n<p class=\"apm-text-center\">\n                                                      <img decoding=\"async\" alt=\"Caja para PC NETA\" src=\"https:\/\/images-na.ssl-images-amazon.com\/images\/G\/01\/x-locale\/common\/grey-pixel.gif\" class=\"a-spacing-mini a-lazy-loaded\" data-src=\"https:\/\/m.media-amazon.com\/images\/S\/aplus-media-library-service-media\/5dfebf98-109b-4f93-937d-0694d65ad41a.__CR0,0,1600,1600_PT0_SX300_V1___.jpg\"><img decoding=\"async\" alt=\"Caja para PC NETA\" src=\"https:\/\/m.media-amazon.com\/images\/S\/aplus-media-library-service-media\/5dfebf98-109b-4f93-937d-0694d65ad41a.__CR0,0,1600,1600_PT0_SX300_V1___.jpg\">  <\/p>\n<p>                                                    Neta                                       <\/p>\n<p> L-LINK Neta USB 3.0 ARGB cristal templado <\/p>\n<p> La caja para PC NETA es una semitorre de L-Link con dise\u00f1o \u00fanico y luces LED RGB. <\/p>\n<p> Su panel lateral de cristal muestra el  interior del chasis. Es compatible con placas ATX, Mini-ATX e ITX, ofreciendo espacio para gesti\u00f3n de cables y sistemas de refrigeraci\u00f3n, garantizando un rendimiento \u00f3ptimo. <\/p>\n<p> Batteries                                            \u200f                                            :                                            \u200e                                            1 Lithium Ion batteries required.   <br \/> Language                                            \u200f                                            :                                            \u200e                                            English, English, English, English, English   <br \/> Product Dimensions                                            \u200f                                            :                                            \u200e                                            41 x 18 x 41 cm; 4.4 kg   <br \/> Manufacturer                                            \u200f                                            :                                            \u200e                                            L-LINK   <br \/> ASIN                                            \u200f                                            :                                            \u200e                                            B072XW9QFR   <br \/> Item model number                                            \u200f                                            :                                            \u200e                                            Kluster   <br \/> Guaranteed software updates until                                            \u200f                                            :                                            \u200e                                            unknown   <br \/>  Customer reviews:                                                                                            4.5               4.5 out of 5 stars                                  (189)                                              var dpAcrHasRegisteredArcLinkClickAction;                    P.when(&#8216;A&#8217;, &#8216;ready&#8217;).execute(function(A) {                        if (dpAcrHasRegisteredArcLinkClickAction !== true) {                            dpAcrHasRegisteredArcLinkClickAction = true;                            A.declarative(                                &#8216;acrLink-click-metrics&#8217;, &#8216;click&#8217;,                                { \u00aballowLinkDefault\u00bb: true },                                function (event) {                                    if (window.ue) {                                        ue.count(\u00abacrLinkClickCount\u00bb, (ue.count(\u00abacrLinkClickCount\u00bb) || 0) + 1);                                    }                                }                            );                        }                    });                                             P.when(&#8216;A&#8217;, &#8216;cf&#8217;).execute(function(A) {                A.declarative(&#8216;acrStarsLink-click-metrics&#8217;, &#8216;click&#8217;, { \u00aballowLinkDefault\u00bb : true },  function(event){                    if(window.ue) {                        ue.count(\u00abacrStarsLinkWithPopoverClickCount\u00bb, (ue.count(\u00abacrStarsLinkWithPopoverClickCount\u00bb) || 0) + 1);                    }                });            });                          <\/p>\n<p>CPU Box<br \/>Usb 3.0<br \/>Font 500wt<\/p>\n\n","protected":false},"excerpt":{"rendered":"<p> From the manufacturer ATRIA L-LINK ATRIA USB 3.0 CON FUENTE DE 500W La Torre para<\/p>","protected":false},"featured_media":38487,"comment_status":"open","ping_status":"closed","template":"","meta":[],"product_brand":[],"product_cat":[74],"product_tag":[5895,144,1370,1458,1364,11569,7036,1371,994,1004,539,1367,939,488,10684,1911,1363,11570,11568,1365,1369,1170,1362,143,1366,1505,1368,1750,133],"class_list":{"0":"post-38486","1":"product","2":"type-product","3":"status-publish","4":"has-post-thumbnail","6":"product_cat-cases","7":"product_tag-500w","8":"product_tag-adapter","9":"product_tag-airflow-pc-case","10":"product_tag-atx","11":"product_tag-atx-case","12":"product_tag-atxmicro","13":"product_tag-bay","14":"product_tag-best-pc-case","15":"product_tag-case","16":"product_tag-compact","17":"product_tag-computer","18":"product_tag-computer-cabinet","19":"product_tag-design","20":"product_tag-durable","21":"product_tag-elegant","22":"product_tag-front","23":"product_tag-gaming-pc-case","24":"product_tag-kluster","25":"product_tag-llink","26":"product_tag-mid-tower-case","27":"product_tag-mini-itx-case","28":"product_tag-model","29":"product_tag-pc-case","30":"product_tag-power","31":"product_tag-rgb-pc-case","32":"product_tag-supply","33":"product_tag-tempered-glass-case","34":"product_tag-tower","35":"product_tag-usb","37":"first","38":"instock","39":"sale","40":"shipping-taxable","41":"product-type-external"},"_links":{"self":[{"href":"https:\/\/comprasyconsejos.store\/en\/wp-json\/wp\/v2\/product\/38486","targetHints":{"allow":["GET"]}}],"collection":[{"href":"https:\/\/comprasyconsejos.store\/en\/wp-json\/wp\/v2\/product"}],"about":[{"href":"https:\/\/comprasyconsejos.store\/en\/wp-json\/wp\/v2\/types\/product"}],"replies":[{"embeddable":true,"href":"https:\/\/comprasyconsejos.store\/en\/wp-json\/wp\/v2\/comments?post=38486"}],"version-history":[{"count":0,"href":"https:\/\/comprasyconsejos.store\/en\/wp-json\/wp\/v2\/product\/38486\/revisions"}],"wp:featuredmedia":[{"embeddable":true,"href":"https:\/\/comprasyconsejos.store\/en\/wp-json\/wp\/v2\/media\/38487"}],"wp:attachment":[{"href":"https:\/\/comprasyconsejos.store\/en\/wp-json\/wp\/v2\/media?parent=38486"}],"wp:term":[{"taxonomy":"product_brand","embeddable":true,"href":"https:\/\/comprasyconsejos.store\/en\/wp-json\/wp\/v2\/product_brand?post=38486"},{"taxonomy":"product_cat","embeddable":true,"href":"https:\/\/comprasyconsejos.store\/en\/wp-json\/wp\/v2\/product_cat?post=38486"},{"taxonomy":"product_tag","embeddable":true,"href":"https:\/\/comprasyconsejos.store\/en\/wp-json\/wp\/v2\/product_tag?post=38486"}],"curies":[{"name":"wp","href":"https:\/\/api.w.org\/{rel}","templated":true}]}}