{"id":38488,"date":"2026-03-07T00:46:29","date_gmt":"2026-03-07T00:46:29","guid":{"rendered":"https:\/\/comprasyconsejos.store\/product\/integral-usb3-0-sd-microsd-memory-card-reader-usb-type-c-dual-interface-up-to-180mb-s-read-130mb-s-write-speed-compatible-with-pc-mac-and-more\/"},"modified":"2026-03-07T00:46:40","modified_gmt":"2026-03-07T00:46:40","slug":"integral-usb3-0-sd-microsd-memory-card-reader-usb-type-c-dual-interface-up-to-180mb-s-read-130mb-s-write-speed-compatible-with-pc-mac-and-more","status":"publish","type":"product","link":"https:\/\/comprasyconsejos.store\/en\/product\/integral-usb3-0-sd-microsd-memory-card-reader-usb-type-c-dual-interface-up-to-180mb-s-read-130mb-s-write-speed-compatible-with-pc-mac-and-more\/","title":{"rendered":"Integral USB3.0 SD &#038; MicroSD Memory Card Reader &#038; USB Type-C Dual Interface &#8211; Up to 180MB\/s Read &#038; 130MB\/s Write Speed, Compatible with PC, Mac and More"},"content":{"rendered":"<p>Price: <span style=\"color:#b12704\">\u20ac5.99<\/span><br \/><i><small>(as of Mar 07, 2026 00:46:29 UTC &#8211; <span class=\"wp_automatic_amazon_disclaimer\" title=\"Product prices and availability are accurate as of the date\/time indicated and are subject to change. Any price and availability information displayed on [relevant Amazon Site(s), as applicable] at the time of purchase will apply to the purchase of this product.\">Details<\/span>)<\/small><\/i><\/p>\n<p><a href=\"https:\/\/amazon.es\/dp\/B0855CC7F4?tag=man008-21\"><img decoding=\"async\" src=\"https:\/\/valvepress.s3.amazonaws.com\/imgs\/buy_now.png\"><\/a><br \/>\n<\/p>\n<p>                                             From the manufacturer   <\/p>\n<p>                                                                             <img decoding=\"async\" alt=\"banner\" src=\"https:\/\/images-na.ssl-images-amazon.com\/images\/G\/01\/x-locale\/common\/grey-pixel.gif\" class=\"a-spacing-base a-lazy-loaded\" data-src=\"https:\/\/m.media-amazon.com\/images\/S\/aplus-media-library-service-media\/d4ebec3d-50d0-49c2-a419-69d39a665dec.__CR0,0,3880,2400_PT0_SX970_V1___.jpg\"><img decoding=\"async\" alt=\"banner\" src=\"https:\/\/m.media-amazon.com\/images\/S\/aplus-media-library-service-media\/d4ebec3d-50d0-49c2-a419-69d39a665dec.__CR0,0,3880,2400_PT0_SX970_V1___.jpg\">                                                                    <\/p>\n<p class=\"apm-text-center\">\n                                                      <img decoding=\"async\" alt=\"pic1\" src=\"https:\/\/images-na.ssl-images-amazon.com\/images\/G\/01\/x-locale\/common\/grey-pixel.gif\" class=\"a-spacing-mini a-lazy-loaded\" data-src=\"https:\/\/m.media-amazon.com\/images\/S\/aplus-media-library-service-media\/66206df0-a827-4b39-a4a5-5839a710051c.__CR0,0,2000,2000_PT0_SX300_V1___.jpg\"><img decoding=\"async\" alt=\"pic1\" src=\"https:\/\/m.media-amazon.com\/images\/S\/aplus-media-library-service-media\/66206df0-a827-4b39-a4a5-5839a710051c.__CR0,0,2000,2000_PT0_SX300_V1___.jpg\">  <\/p>\n<p>                                                    Hasta 180MB\/s de velocidad de lectura  con tarjetas de memoria adecuadas                                       <\/p>\n<p> Transfiera videos de acci\u00f3n 4K, 4K60,  im\u00e1genes de alta resoluci\u00f3n, aplicaciones  y m\u00fasica de su tarjeta SD y MicroSD a  Mac o computadora <\/p>\n<p class=\"apm-text-center\">\n                                                      <img decoding=\"async\" alt=\"pic2\" src=\"https:\/\/images-na.ssl-images-amazon.com\/images\/G\/01\/x-locale\/common\/grey-pixel.gif\" class=\"a-spacing-mini a-lazy-loaded\" data-src=\"https:\/\/m.media-amazon.com\/images\/S\/aplus-media-library-service-media\/08abee94-8f75-405e-a5c7-ff00bfa6209f.__CR0,0,2000,2000_PT0_SX300_V1___.jpg\"><img decoding=\"async\" alt=\"pic2\" src=\"https:\/\/m.media-amazon.com\/images\/S\/aplus-media-library-service-media\/08abee94-8f75-405e-a5c7-ff00bfa6209f.__CR0,0,2000,2000_PT0_SX300_V1___.jpg\">  <\/p>\n<p>                                                    Reproduzca contenido en movimiento                                       <\/p>\n<p> Reproduzca videos y fotos desde el  adaptador SD y MicroSD sin guardarlos  en su dispositivo m\u00f3vil <\/p>\n<p class=\"apm-text-center\">\n                                                      <img decoding=\"async\" alt=\"pic3\" src=\"https:\/\/images-na.ssl-images-amazon.com\/images\/G\/01\/x-locale\/common\/grey-pixel.gif\" class=\"a-spacing-mini a-lazy-loaded\" data-src=\"https:\/\/m.media-amazon.com\/images\/S\/aplus-media-library-service-media\/7646f24c-198c-4e4c-8afb-4d51607d94d3.__CR0,0,2000,2000_PT0_SX300_V1___.jpg\"><img decoding=\"async\" alt=\"pic3\" src=\"https:\/\/m.media-amazon.com\/images\/S\/aplus-media-library-service-media\/7646f24c-198c-4e4c-8afb-4d51607d94d3.__CR0,0,2000,2000_PT0_SX300_V1___.jpg\">  <\/p>\n<p>                                                    Transfiera donde quiera                                       <\/p>\n<p> El dise\u00f1o delgado y de tama\u00f1o de bolsillo  le permite llevar siempre consigo el lector  de tarjetas SD y MicroSD SuperSpeed  para optimizar su tiempo. <\/p>\n<p>                                                                             <img decoding=\"async\" alt=\"aplus content image\" src=\"https:\/\/images-na.ssl-images-amazon.com\/images\/G\/01\/x-locale\/common\/grey-pixel.gif\" class=\"a-spacing-base a-lazy-loaded\" data-src=\"https:\/\/m.media-amazon.com\/images\/S\/aplus-media-library-service-media\/ca7332b3-5958-4a93-bb14-89939448925f.__CR0,0,1293,800_PT0_SX970_V1___.jpg\"><img decoding=\"async\" alt=\"aplus content image\" src=\"https:\/\/m.media-amazon.com\/images\/S\/aplus-media-library-service-media\/ca7332b3-5958-4a93-bb14-89939448925f.__CR0,0,1293,800_PT0_SX970_V1___.jpg\">                                                                    <\/p>\n<p> Language                                            \u200f                                            :                                            \u200e                                            English   <br \/> Product Dimensions                                            \u200f                                            :                                            \u200e                                            7.1 x 2 x 0.2 cm; 50 g   <br \/> Manufacturer                                            \u200f                                            :                                            \u200e                                            Integral   <br \/> ASIN                                            \u200f                                            :                                            \u200e                                            B0855CC7F4   <br \/> Item model number                                            \u200f                                            :                                            \u200e                                            INCRUSB3.0ACSDMSDA2   <br \/> Guaranteed software updates until                                            \u200f                                            :                                            \u200e                                            unknown   <br \/>  Customer reviews:                                                                                            4.5               4.5 out of 5 stars                                  (11,089)                                              var dpAcrHasRegisteredArcLinkClickAction;                    P.when(&#8216;A&#8217;, &#8216;ready&#8217;).execute(function(A) {                        if (dpAcrHasRegisteredArcLinkClickAction !== true) {                            dpAcrHasRegisteredArcLinkClickAction = true;                            A.declarative(                                &#8216;acrLink-click-metrics&#8217;, &#8216;click&#8217;,                                { \u00aballowLinkDefault\u00bb: true },                                function (event) {                                    if (window.ue) {                                        ue.count(\u00abacrLinkClickCount\u00bb, (ue.count(\u00abacrLinkClickCount\u00bb) || 0) + 1);                                    }                                }                            );                        }                    });                                             P.when(&#8216;A&#8217;, &#8216;cf&#8217;).execute(function(A) {                A.declarative(&#8216;acrStarsLink-click-metrics&#8217;, &#8216;click&#8217;, { \u00aballowLinkDefault\u00bb : true },  function(event){                    if(window.ue) {                        ue.count(\u00abacrStarsLinkWithPopoverClickCount\u00bb, (ue.count(\u00abacrStarsLinkWithPopoverClickCount\u00bb) || 0) + 1);                    }                });            });                          <\/p>\n<p>Over 2 million card readers sold<br \/>Up to 180MB\/s read and 130MB\/s write with a suitable SD or Micro SD card &#8211; Supports A2 application performance (supports A1 application performance)<br \/>Read or write to your memory card (SD or Micro SD) via a computer, smartphone or tablet (OTG Type C) &#8211; Quickly view and transfer your videos, photos and files (high USB 3.0 performance up to 5GB\/s &#8211; 10 times faster than USB 2.0)<br \/>Back up your SD and Micro SD card to computers and Type-C devices &#8211; Quickly save 4K and 4K60 action videos and high-resolution images<br \/>Slot 1: Supports all SD cards (SD, SDHC, SDXC)<br \/>Slot 2: Supports all Micro SD cards (micro SD, microSDHC, microSDXC)<br \/>Easy to use &#8211; Simply connect the USB Type C to smartphones or tablets, transfer data to the card reader and then transfer to a computer via the standard USB Type-A connector<br \/>Play videos and view photos on your Type-C devices without storing &#8211; Never run out of space on your device. Plug &#038; Play &#8211; Installs automatically in seconds, no software required. Compatible with Windows Vista, 7, 8, 10, MacOS X+, Android<br \/>Pocket Size USB Card Reader &#8211; Ideal size to carry the card reader with you to view and transfer files. USB 3.1 specification (USB 3.0) (backwards compatible with USB 2.0), fully powered via USB port<br \/>2 years manufacturer&#8217;s protection, for your peace of mind. 2 years of free UK based help and support<\/p>\n\n","protected":false},"excerpt":{"rendered":"<p> From the manufacturer Hasta 180MB\/s de velocidad de lectura con tarjetas de memoria adecuadas Transfiera<\/p>","protected":false},"featured_media":38489,"comment_status":"open","ping_status":"closed","template":"","meta":[],"product_brand":[],"product_cat":[47],"product_tag":[11573,11572,1420,1399,201,298,1411,11571,3121,1413,774,511,1407,1409,1682,1415,1416,1417,1726,1421,1405,198,381,133,1403,1159,3508],"class_list":{"0":"post-38488","1":"product","2":"type-product","3":"status-publish","4":"has-post-thumbnail","6":"product_cat-card-readers","7":"product_tag-130mbs","8":"product_tag-180mbs","9":"product_tag-card","10":"product_tag-card-reader","11":"product_tag-compatible","12":"product_tag-dual","13":"product_tag-fast-card-reader","14":"product_tag-integral","15":"product_tag-interface","16":"product_tag-laptop-card-reader","17":"product_tag-mac","18":"product_tag-memory","19":"product_tag-memory-card-reader","20":"product_tag-micro-sd-card-reader","21":"product_tag-microsd","22":"product_tag-multi-card-reader","23":"product_tag-otg-card-reader","24":"product_tag-portable-card-reader","25":"product_tag-read","26":"product_tag-reader","27":"product_tag-sd-card-reader","28":"product_tag-speed","29":"product_tag-typec","30":"product_tag-usb","31":"product_tag-usb-card-reader","32":"product_tag-usb3-0","33":"product_tag-write","35":"first","36":"instock","37":"shipping-taxable","38":"product-type-external"},"_links":{"self":[{"href":"https:\/\/comprasyconsejos.store\/en\/wp-json\/wp\/v2\/product\/38488","targetHints":{"allow":["GET"]}}],"collection":[{"href":"https:\/\/comprasyconsejos.store\/en\/wp-json\/wp\/v2\/product"}],"about":[{"href":"https:\/\/comprasyconsejos.store\/en\/wp-json\/wp\/v2\/types\/product"}],"replies":[{"embeddable":true,"href":"https:\/\/comprasyconsejos.store\/en\/wp-json\/wp\/v2\/comments?post=38488"}],"version-history":[{"count":0,"href":"https:\/\/comprasyconsejos.store\/en\/wp-json\/wp\/v2\/product\/38488\/revisions"}],"wp:featuredmedia":[{"embeddable":true,"href":"https:\/\/comprasyconsejos.store\/en\/wp-json\/wp\/v2\/media\/38489"}],"wp:attachment":[{"href":"https:\/\/comprasyconsejos.store\/en\/wp-json\/wp\/v2\/media?parent=38488"}],"wp:term":[{"taxonomy":"product_brand","embeddable":true,"href":"https:\/\/comprasyconsejos.store\/en\/wp-json\/wp\/v2\/product_brand?post=38488"},{"taxonomy":"product_cat","embeddable":true,"href":"https:\/\/comprasyconsejos.store\/en\/wp-json\/wp\/v2\/product_cat?post=38488"},{"taxonomy":"product_tag","embeddable":true,"href":"https:\/\/comprasyconsejos.store\/en\/wp-json\/wp\/v2\/product_tag?post=38488"}],"curies":[{"name":"wp","href":"https:\/\/api.w.org\/{rel}","templated":true}]}}