{"id":38504,"date":"2026-03-07T01:23:07","date_gmt":"2026-03-07T01:23:07","guid":{"rendered":"https:\/\/comprasyconsejos.store\/product\/beelink-mini-s-mini-pc-con-windows-11-pro-y-cpu-intel-n5095-8-gb-de-ram-y-hasta-256-gb-ssdmini-s-8-256\/"},"modified":"2026-03-07T01:23:09","modified_gmt":"2026-03-07T01:23:09","slug":"beelink-mini-s-mini-pc-con-windows-11-pro-y-cpu-intel-n5095-8-gb-de-ram-y-hasta-256-gb-ssdmini-s-8-256","status":"publish","type":"product","link":"https:\/\/comprasyconsejos.store\/en\/product\/beelink-mini-s-mini-pc-con-windows-11-pro-y-cpu-intel-n5095-8-gb-de-ram-y-hasta-256-gb-ssdmini-s-8-256\/","title":{"rendered":"Beelink Mini S Mini PC con Windows 11 Pro y CPU Intel N5095, 8 GB de RAM y hasta 256 GB SSD[MINI-S-8-256]"},"content":{"rendered":"<p>Price: <span style=\"color:#b12704\">\u20ac259.00<\/span><br \/><i><small>(as of Mar 07, 2026 01:23:07 UTC &#8211; <span class=\"wp_automatic_amazon_disclaimer\" title=\"Product prices and availability are accurate as of the date\/time indicated and are subject to change. Any price and availability information displayed on [relevant Amazon Site(s), as applicable] at the time of purchase will apply to the purchase of this product.\">Details<\/span>)<\/small><\/i><\/p>\n<p><a href=\"https:\/\/amazon.es\/dp\/B08V5DPYFQ?tag=man008-21\"><img decoding=\"async\" src=\"https:\/\/valvepress.s3.amazonaws.com\/imgs\/buy_now.png\"><\/a><br \/>\n<br \/>\n    <span>Especificaciones t\u00e9cnicas: <\/span><\/p>\n<ul class=\"a-unordered-list a-vertical\">\n<li><span class=\"a-list-item\"><span>Sistema operativo: Windows 10 Home. <\/span><\/span><\/li>\n<li><span class=\"a-list-item\"><span>Procesador: Intel Celeron Processor N3450; Litograf\u00eda14nm ; # Cores4; # Threads4; Frecuencia de base 1.10 GHz; Frecuencia Turbo 2.20 Ghz; Cach\u00e9 2 MB Intel Smart Cache; TDP6W <\/span><\/span><\/li>\n<li><span class=\"a-list-item\"><span>GPU: Intel HD Graphics 500; Base Frecuencia 200 Mhz; Turbo Frecuency700 Ghz; DirectX Support \u2713; OpenGL Support\u2713; Intel Quick Sync Video\u2713; Intel Clear Video HD Technology\u2713; Intel Clear Video Technology\u2713 <\/span><\/span><\/li>\n<li><span class=\"a-list-item\"><span>Memoria (RAM): 6 GB, DDR3. <\/span><\/span><\/li>\n<li><span class=\"a-list-item\"><span>Almacenamiento (ROM): 256 GB; TechnologyM.2 SATA SSD <\/span><\/span><\/li>\n<li><span class=\"a-list-item\"><span>Red: adaptador Ethernet Ethernet 10\/100\/1000M (RJ45); m\u00f3dulo Wi-Fi802.11a\/ac\/b\/g\/n \u2013 doble banda; Bluetooth\u2713 <\/span><\/span><\/li>\n<li><span class=\"a-list-item\"><span>I\/O: USB4 x USB 3; Video1 x puerto HDMI (4 K a 30 Hz); 1 x VGA; Audio1 x puerto HDMI; adaptador de alimentaci\u00f3n <\/span><\/span><\/li>\n<\/ul>\n<p> Package Dimensions                                            \u200f                                            :                                            \u200e                                            32.4 x 14.6 x 5.9 cm; 710 g   <br \/> Manufacturer                                            \u200f                                            :                                            \u200e                                            Beelink   <br \/> ASIN                                            \u200f                                            :                                            \u200e                                            B09FSZTSQ9   <br \/> Item model number                                            \u200f                                            :                                            \u200e                                            Beelink-MINI-S   <br \/> Guaranteed software updates until                                            \u200f                                            :                                            \u200e                                            unknown   <br \/>  Customer reviews:                                                                                            4.3               4.3 out of 5 stars                                  (101)                                              var dpAcrHasRegisteredArcLinkClickAction;                    P.when(&#8216;A&#8217;, &#8216;ready&#8217;).execute(function(A) {                        if (dpAcrHasRegisteredArcLinkClickAction !== true) {                            dpAcrHasRegisteredArcLinkClickAction = true;                            A.declarative(                                &#8216;acrLink-click-metrics&#8217;, &#8216;click&#8217;,                                { \u00aballowLinkDefault\u00bb: true },                                function (event) {                                    if (window.ue) {                                        ue.count(\u00abacrLinkClickCount\u00bb, (ue.count(\u00abacrLinkClickCount\u00bb) || 0) + 1);                                    }                                }                            );                        }                    });                                             P.when(&#8216;A&#8217;, &#8216;cf&#8217;).execute(function(A) {                A.declarative(&#8216;acrStarsLink-click-metrics&#8217;, &#8216;click&#8217;, { \u00aballowLinkDefault\u00bb : true },  function(event){                    if(window.ue) {                        ue.count(\u00abacrStarsLinkWithPopoverClickCount\u00bb, (ue.count(\u00abacrStarsLinkWithPopoverClickCount\u00bb) || 0) + 1);                    }                });            });                          <\/p>\n<p>El Beelink T34-M es un mini PC altamente ligero, de bajo perfil, de bajo consumo, alimentado por Intel, que es una excelente adici\u00f3n econ\u00f3mica a la oficina en casa, una soluci\u00f3n empresarial o operaci\u00f3n de se\u00f1alizaci\u00f3n digital.<br \/>Alimentado por el Intel Apollo Lake Celeron N3450, disfruta de velocidades de hasta 2,2 GHz bajo carga, con el sistema de bloqueo din\u00e1mico de hasta 1,1 GHz cuando est\u00e1 inactivo para una mayor vida \u00fatil y eficiencia energ\u00e9tica.<br \/>Con un almacenamiento de 256 GB M.2 SATAIII integrado y 6 GB de RAM DDR3, podr\u00e1s utilizar c\u00f3modamente una variedad de aplicaciones con un m\u00ednimo de problemas. El almacenamiento tambi\u00e9n se puede ampliar una ranura para tarjeta SD para una mayor capacidad para todos tus v\u00eddeos y documentos.<br \/>Con aproximadamente 270 g, y solo 17,9 mm de altura, el T34-M es ideal para el usuario consciente del espacio, cabe f\u00e1cilmente en cualquier configuraci\u00f3n. Como escritorio, como centro multimedia, como PC de impresi\u00f3n, y mucho m\u00e1s<br \/>o opciones de conectividad, el T34-M viene como est\u00e1ndar con un puerto Ethernet Gigabit RJ45, cuatro puertos USB 3.0, as\u00ed como un conector de audio de 3.5 mm. Combinado con conexi\u00f3n Wi-Fi de doble banda y Bluetooth 4.0, el T34-M es un dispositivo flexible que puede funcionar en numerosos entornos.<\/p>\n\n","protected":false},"excerpt":{"rendered":"<p> Especificaciones t\u00e9cnicas: Sistema operativo: Windows 10 Home. Procesador: Intel Celeron Processor N3450; Litograf\u00eda14nm ; #<\/p>","protected":false},"featured_media":38505,"comment_status":"open","ping_status":"closed","template":"","meta":[],"product_brand":[],"product_cat":[91],"product_tag":[3675,803,801,805,3994,598,800,4108,562,215,1779,808,799,806,163,587,807,802,11575,537,804],"class_list":{"0":"post-38504","1":"product","2":"type-product","3":"status-publish","4":"has-post-thumbnail","6":"product_cat-office-pcs","7":"product_tag-beelink","8":"product_tag-budget-office-pc","9":"product_tag-business-desktop-pc","10":"product_tag-compact-desktop-pc","11":"product_tag-con","12":"product_tag-cpu","13":"product_tag-desktop-computer-for-office","14":"product_tag-hasta","15":"product_tag-intel","16":"product_tag-mini","17":"product_tag-n5095","18":"product_tag-office-computer-setup","19":"product_tag-office-pc","20":"product_tag-office-pc-ssd","21":"product_tag-pro","22":"product_tag-ram","23":"product_tag-reliable-office-pc","24":"product_tag-small-office-pc","25":"product_tag-ssdminis8256","26":"product_tag-windows","27":"product_tag-windows-office-pc","29":"first","30":"instock","31":"shipping-taxable","32":"product-type-external"},"_links":{"self":[{"href":"https:\/\/comprasyconsejos.store\/en\/wp-json\/wp\/v2\/product\/38504","targetHints":{"allow":["GET"]}}],"collection":[{"href":"https:\/\/comprasyconsejos.store\/en\/wp-json\/wp\/v2\/product"}],"about":[{"href":"https:\/\/comprasyconsejos.store\/en\/wp-json\/wp\/v2\/types\/product"}],"replies":[{"embeddable":true,"href":"https:\/\/comprasyconsejos.store\/en\/wp-json\/wp\/v2\/comments?post=38504"}],"version-history":[{"count":0,"href":"https:\/\/comprasyconsejos.store\/en\/wp-json\/wp\/v2\/product\/38504\/revisions"}],"wp:featuredmedia":[{"embeddable":true,"href":"https:\/\/comprasyconsejos.store\/en\/wp-json\/wp\/v2\/media\/38505"}],"wp:attachment":[{"href":"https:\/\/comprasyconsejos.store\/en\/wp-json\/wp\/v2\/media?parent=38504"}],"wp:term":[{"taxonomy":"product_brand","embeddable":true,"href":"https:\/\/comprasyconsejos.store\/en\/wp-json\/wp\/v2\/product_brand?post=38504"},{"taxonomy":"product_cat","embeddable":true,"href":"https:\/\/comprasyconsejos.store\/en\/wp-json\/wp\/v2\/product_cat?post=38504"},{"taxonomy":"product_tag","embeddable":true,"href":"https:\/\/comprasyconsejos.store\/en\/wp-json\/wp\/v2\/product_tag?post=38504"}],"curies":[{"name":"wp","href":"https:\/\/api.w.org\/{rel}","templated":true}]}}