{"id":38509,"date":"2026-03-07T01:47:26","date_gmt":"2026-03-07T01:47:26","guid":{"rendered":"https:\/\/comprasyconsejos.store\/product\/t60-tablet-12-inch-with-keyboard-android-16-48gb256gb-10000mah-16mp8mp-1600-x-2400-qhd-widevine-l1-gemini-ai-face-id-gps-tablet-with-sim-card-4-years-warranty\/"},"modified":"2026-03-07T01:47:40","modified_gmt":"2026-03-07T01:47:40","slug":"t60-tablet-12-inch-with-keyboard-android-16-48gb256gb-10000mah-16mp8mp-1600-x-2400-qhd-widevine-l1-gemini-ai-face-id-gps-tablet-with-sim-card-4-years-warranty","status":"publish","type":"product","link":"https:\/\/comprasyconsejos.store\/en\/product\/t60-tablet-12-inch-with-keyboard-android-16-48gb256gb-10000mah-16mp8mp-1600-x-2400-qhd-widevine-l1-gemini-ai-face-id-gps-tablet-with-sim-card-4-years-warranty\/","title":{"rendered":"T60 Tablet 12 Inch with Keyboard \u2013 Android 16, 48GB+256GB, 10000mAh, 16MP+8MP, 1600 x 2400 QHD+, Widevine L1, Gemini AI, Face ID, GPS, Tablet with Sim Card (4 Years Warranty)"},"content":{"rendered":"<p>Price: <span style=\"color:#b12704\">\u20ac399.99<\/span><br \/><i><small>(as of Mar 07, 2026 01:47:26 UTC &#8211; <span class=\"wp_automatic_amazon_disclaimer\" title=\"Product prices and availability are accurate as of the date\/time indicated and are subject to change. Any price and availability information displayed on [relevant Amazon Site(s), as applicable] at the time of purchase will apply to the purchase of this product.\">Details<\/span>)<\/small><\/i><\/p>\n<p><a href=\"https:\/\/amazon.es\/dp\/B0FVL67HHY?tag=man008-21\"><img decoding=\"async\" src=\"https:\/\/valvepress.s3.amazonaws.com\/imgs\/buy_now.png\"><\/a><br \/>\n<\/p>\n<p>                                             From the brand   <\/p>\n<p>                                              <img decoding=\"async\" alt=\"aplus content image\" src=\"https:\/\/images-na.ssl-images-amazon.com\/images\/G\/01\/x-locale\/common\/grey-pixel.gif\" class=\"a-lazy-loaded\" data-src=\"https:\/\/m.media-amazon.com\/images\/S\/aplus-media-library-service-media\/fcceb895-ee4e-49e4-a7d2-e74ffb17de65.__CR0,0,1464,625_PT0_SX1464_V1___.jpg\"><img decoding=\"async\" alt=\"aplus content image\" src=\"https:\/\/m.media-amazon.com\/images\/S\/aplus-media-library-service-media\/fcceb895-ee4e-49e4-a7d2-e74ffb17de65.__CR0,0,1464,625_PT0_SX1464_V1___.jpg\">  <\/p>\n<h3> TABWEE Tablet <\/h3>\n<p class=\"apm-brand-story-stores-link\">\n<p>                                              <img decoding=\"async\" alt=\"aplus content image\" src=\"https:\/\/images-na.ssl-images-amazon.com\/images\/G\/01\/x-locale\/common\/grey-pixel.gif\" class=\"a-lazy-loaded\" data-src=\"https:\/\/m.media-amazon.com\/images\/S\/aplus-media-library-service-media\/7ddec952-14cb-430a-9d2b-decc4cdd4640.__CR0,0,362,453_PT0_SX362_V1___.jpg\"><img decoding=\"async\" alt=\"aplus content image\" src=\"https:\/\/m.media-amazon.com\/images\/S\/aplus-media-library-service-media\/7ddec952-14cb-430a-9d2b-decc4cdd4640.__CR0,0,362,453_PT0_SX362_V1___.jpg\">  <\/p>\n<p>                                              <img decoding=\"async\" alt=\"El texto dice \u00abGarant\u00eda L\u00edder en la Industria\u00bb y \u00abCampe\u00f3n del Servicio\u00bb. Trofeo dorado con dise\u00f1o de corona de laurel y sello de garant\u00eda de 4 a\u00f1os sobre fondo crema.\" src=\"https:\/\/images-na.ssl-images-amazon.com\/images\/G\/01\/x-locale\/common\/grey-pixel.gif\" class=\"a-lazy-loaded\" data-src=\"https:\/\/m.media-amazon.com\/images\/S\/aplus-media-library-service-media\/316c387c-3295-4a74-9c97-aec9f00ead13.__CR0,0,362,453_PT0_SX362_V1___.jpg\"><img decoding=\"async\" alt=\"El texto dice \u00abGarant\u00eda L\u00edder en la Industria\u00bb y \u00abCampe\u00f3n del Servicio\u00bb. Trofeo dorado con dise\u00f1o de corona de laurel y sello de garant\u00eda de 4 a\u00f1os sobre fondo crema.\" src=\"https:\/\/m.media-amazon.com\/images\/S\/aplus-media-library-service-media\/316c387c-3295-4a74-9c97-aec9f00ead13.__CR0,0,362,453_PT0_SX362_V1___.jpg\">  <\/p>\n<p>                                              <img decoding=\"async\" alt=\"El texto dice \u00abElecci\u00f3n del Comprador\u00bb y la tabla de calificaciones muestra: Buena Calidad, Relaci\u00f3n Calificaci\u00f3n, Pantalla Grande, Rendimiento Potente, Calidad de Imagen Excelente, Accesorios Abundantes, Larga Duraci\u00f3n de la Bater\u00eda, Configuraci\u00f3n Sencilla, Compatibilidad.\" src=\"https:\/\/images-na.ssl-images-amazon.com\/images\/G\/01\/x-locale\/common\/grey-pixel.gif\" class=\"a-lazy-loaded\" data-src=\"https:\/\/m.media-amazon.com\/images\/S\/aplus-media-library-service-media\/ff7aeba9-114e-44d2-9996-fe1ddd9f4231.__CR0,0,362,453_PT0_SX362_V1___.jpg\"><img decoding=\"async\" alt=\"El texto dice \u00abElecci\u00f3n del Comprador\u00bb y la tabla de calificaciones muestra: Buena Calidad, Relaci\u00f3n Calificaci\u00f3n, Pantalla Grande, Rendimiento Potente, Calidad de Imagen Excelente, Accesorios Abundantes, Larga Duraci\u00f3n de la Bater\u00eda, Configuraci\u00f3n Sencilla, Compatibilidad.\" src=\"https:\/\/m.media-amazon.com\/images\/S\/aplus-media-library-service-media\/ff7aeba9-114e-44d2-9996-fe1ddd9f4231.__CR0,0,362,453_PT0_SX362_V1___.jpg\">  <\/p>\n<p>                                              <img decoding=\"async\" alt=\"aplus content image\" src=\"https:\/\/images-na.ssl-images-amazon.com\/images\/G\/01\/x-locale\/common\/grey-pixel.gif\" class=\"a-lazy-loaded\" data-src=\"https:\/\/m.media-amazon.com\/images\/S\/aplus-media-library-service-media\/360ed610-9b33-4511-b009-dce57b9e9591.__CR0,0,362,453_PT0_SX362_V1___.jpg\"><img decoding=\"async\" alt=\"aplus content image\" src=\"https:\/\/m.media-amazon.com\/images\/S\/aplus-media-library-service-media\/360ed610-9b33-4511-b009-dce57b9e9591.__CR0,0,362,453_PT0_SX362_V1___.jpg\">  <\/p>\n<p>                                              <img decoding=\"async\" alt=\"aplus content image\" src=\"https:\/\/images-na.ssl-images-amazon.com\/images\/G\/01\/x-locale\/common\/grey-pixel.gif\" class=\"a-lazy-loaded\" data-src=\"https:\/\/m.media-amazon.com\/images\/S\/aplus-media-library-service-media\/e0d9f7b2-f7b4-446e-aaf0-488db1cf10c8.__CR0,0,362,453_PT0_SX362_V1___.jpg\"><img decoding=\"async\" alt=\"aplus content image\" src=\"https:\/\/m.media-amazon.com\/images\/S\/aplus-media-library-service-media\/e0d9f7b2-f7b4-446e-aaf0-488db1cf10c8.__CR0,0,362,453_PT0_SX362_V1___.jpg\">  <\/p>\n<p>                                              <img decoding=\"async\" alt=\"Secuencia de tonos oscuros que muestra la figura en poses relajadas sobre un fondo oscuro.\" src=\"https:\/\/images-na.ssl-images-amazon.com\/images\/G\/01\/x-locale\/common\/grey-pixel.gif\" class=\"a-lazy-loaded\" data-src=\"https:\/\/m.media-amazon.com\/images\/S\/aplus-media-library-service-media\/13163e54-f5bc-436a-b142-3159f156eea9.__CR0,0,362,453_PT0_SX362_V1___.jpg\"><img decoding=\"async\" alt=\"Secuencia de tonos oscuros que muestra la figura en poses relajadas sobre un fondo oscuro.\" src=\"https:\/\/m.media-amazon.com\/images\/S\/aplus-media-library-service-media\/13163e54-f5bc-436a-b142-3159f156eea9.__CR0,0,362,453_PT0_SX362_V1___.jpg\">  <\/p>\n<p>                                              <img decoding=\"async\" alt=\"Vista lateral de la persona que trabaja en el escritorio con una tableta y una bebida, vistiendo una camiseta blanca casual en un ambiente interior.\" src=\"https:\/\/images-na.ssl-images-amazon.com\/images\/G\/01\/x-locale\/common\/grey-pixel.gif\" class=\"a-lazy-loaded\" data-src=\"https:\/\/m.media-amazon.com\/images\/S\/aplus-media-library-service-media\/eddceab3-08c0-47b9-9390-33ee7d5e0be1.__CR0,0,362,453_PT0_SX362_V1___.jpg\"><img decoding=\"async\" alt=\"Vista lateral de la persona que trabaja en el escritorio con una tableta y una bebida, vistiendo una camiseta blanca casual en un ambiente interior.\" src=\"https:\/\/m.media-amazon.com\/images\/S\/aplus-media-library-service-media\/eddceab3-08c0-47b9-9390-33ee7d5e0be1.__CR0,0,362,453_PT0_SX362_V1___.jpg\">  <\/p>\n<p>                                              <img decoding=\"async\" alt=\"aplus content image\" src=\"https:\/\/images-na.ssl-images-amazon.com\/images\/G\/01\/x-locale\/common\/grey-pixel.gif\" class=\"a-lazy-loaded\" data-src=\"https:\/\/m.media-amazon.com\/images\/S\/aplus-media-library-service-media\/40d4eaeb-0820-4d86-a589-151abe7f4ada.__CR0,0,362,453_PT0_SX362_V1___.jpg\"><img decoding=\"async\" alt=\"aplus content image\" src=\"https:\/\/m.media-amazon.com\/images\/S\/aplus-media-library-service-media\/40d4eaeb-0820-4d86-a589-151abe7f4ada.__CR0,0,362,453_PT0_SX362_V1___.jpg\">  <\/p>\n<p>                                              <img decoding=\"async\" alt=\"Persona que ve e interact\u00faa con pantallas digitales que muestran datos o documentos en un entorno de oficina en casa.\" src=\"https:\/\/images-na.ssl-images-amazon.com\/images\/G\/01\/x-locale\/common\/grey-pixel.gif\" class=\"a-lazy-loaded\" data-src=\"https:\/\/m.media-amazon.com\/images\/S\/aplus-media-library-service-media\/4f38cb19-f48a-4413-aeb0-14463bddd2f9.__CR0,0,362,453_PT0_SX362_V1___.jpg\"><img decoding=\"async\" alt=\"Persona que ve e interact\u00faa con pantallas digitales que muestran datos o documentos en un entorno de oficina en casa.\" src=\"https:\/\/m.media-amazon.com\/images\/S\/aplus-media-library-service-media\/4f38cb19-f48a-4413-aeb0-14463bddd2f9.__CR0,0,362,453_PT0_SX362_V1___.jpg\">  <\/p>\n<p>                                              <img decoding=\"async\" alt=\"aplus content image\" src=\"https:\/\/images-na.ssl-images-amazon.com\/images\/G\/01\/x-locale\/common\/grey-pixel.gif\" class=\"a-lazy-loaded\" data-src=\"https:\/\/m.media-amazon.com\/images\/S\/aplus-media-library-service-media\/78eaefb3-3bb3-4fe0-9961-2ea366b88aa8.__CR0,0,362,453_PT0_SX362_V1___.jpg\"><img decoding=\"async\" alt=\"aplus content image\" src=\"https:\/\/m.media-amazon.com\/images\/S\/aplus-media-library-service-media\/78eaefb3-3bb3-4fe0-9961-2ea366b88aa8.__CR0,0,362,453_PT0_SX362_V1___.jpg\">  <\/p>\n<p>                                              <img decoding=\"async\" alt=\"aplus content image\" src=\"https:\/\/images-na.ssl-images-amazon.com\/images\/G\/01\/x-locale\/common\/grey-pixel.gif\" class=\"a-lazy-loaded\" data-src=\"https:\/\/m.media-amazon.com\/images\/S\/aplus-media-library-service-media\/16a63067-0258-486f-88f6-002f84cb786b.__CR0,0,362,453_PT0_SX362_V1___.jpg\"><img decoding=\"async\" alt=\"aplus content image\" src=\"https:\/\/m.media-amazon.com\/images\/S\/aplus-media-library-service-media\/16a63067-0258-486f-88f6-002f84cb786b.__CR0,0,362,453_PT0_SX362_V1___.jpg\">  <\/p>\n<p> Batteries                                            \u200f                                            :                                            \u200e                                            1 9V batteries required. (included)   <br \/> Package Dimensions                                            \u200f                                            :                                            \u200e                                            24.2 x 16.1 x 0.9 cm; 640 g   <br \/> Manufacturer                                            \u200f                                            :                                            \u200e                                            TABWEE   <br \/> ASIN                                            \u200f                                            :                                            \u200e                                            B0FVL67HHY   <br \/> Item model number                                            \u200f                                            :                                            \u200e                                            T60   <br \/> Guaranteed software updates until                                            \u200f                                            :                                            \u200e                                            unknown   <br \/>  Customer reviews:                                                                                            5.0               5.0 out of 5 stars                                  (31)                                              var dpAcrHasRegisteredArcLinkClickAction;                    P.when(&#8216;A&#8217;, &#8216;ready&#8217;).execute(function(A) {                        if (dpAcrHasRegisteredArcLinkClickAction !== true) {                            dpAcrHasRegisteredArcLinkClickAction = true;                            A.declarative(                                &#8216;acrLink-click-metrics&#8217;, &#8216;click&#8217;,                                { \u00aballowLinkDefault\u00bb: true },                                function (event) {                                    if (window.ue) {                                        ue.count(\u00abacrLinkClickCount\u00bb, (ue.count(\u00abacrLinkClickCount\u00bb) || 0) + 1);                                    }                                }                            );                        }                    });                                             P.when(&#8216;A&#8217;, &#8216;cf&#8217;).execute(function(A) {                A.declarative(&#8216;acrStarsLink-click-metrics&#8217;, &#8216;click&#8217;, { \u00aballowLinkDefault\u00bb : true },  function(event){                    if(window.ue) {                        ue.count(\u00abacrStarsLinkWithPopoverClickCount\u00bb, (ue.count(\u00abacrStarsLinkWithPopoverClickCount\u00bb) || 0) + 1);                    }                });            });                          <\/p>\n<p>INDUSTRY LEADING 48GB RAM &#038; 256GB ROM: Break the limits with 48GB RAM (12GB physical + 36GB virtual). With the Unisoc T7280 Octa-Core processor, the TABWEE T60 Tablet handles multitasking and heavy gaming without lag or restarts. With 256GB ROM (expandable to 2TB via TF), it allows students and workers to save thousands of classes and large files. Say goodbye to \u00abinsufficient storage\u00bb message.<br \/>Stunning 12.2-inch 2.5K display: Cinema in your hands with 12.2&#8243; (1600*2400 resolution) and 90Hz fluidity. 350 nits brightness ensures clear visibility for outdoor reading, while the 120Hz sampling rate allows creators to achieve ideal drawing results. 20% wider field of view than 10&#8243; tablets and 20% lighter than 13&#8243; models. Widevine L1 support for Netflix, Disney+ and Prime in 1080P HD. The \u00abmobile cinema\u00bb for moviegoers and older users who appreciate bigger, sharper fonts.<br \/>LATEST ANDROID 16 &#038; GOOGLE GEMINI AI: TABWEE T60 Tablet 12 inch with Android 16 offers enhanced privacy and smooth interface. Desktop workflow with custom keyboard shortcuts. Google Gemini AI integrated summarizes articles, translates documents or compose emails in seconds. The TABWEE T60 offers a smart, simple user experience for students and professionals who prioritize efficiency and safety.<br \/>MONSTRUOUS 10000MAH BATTERY: The TABWEE T60 Tablet with keyboard features a giant 10000 mAh battery and exceptional autonomy: up to 20 hours of music, 12 hours of e-books, magazines and comics, 8.5 hours of web browsing, 8 hours of intensive work, 6 hours of interactive online learning and 5 hours .5 h high-performance gaming. For traveling families, outdoor workers, and business travelers, this tablet is ideal. With 18W fast charging, recharge faster and solve battery problems on long flights or outside sailing.<br \/>DUAL 4G LTE &#038; TOTAL MOBILE FREEDOM: Turn your tablet into a 12.2-inch Mega Smartphone. The TABWEE T60 Android 16 tablet with dual nano-SIM and 4G LTE, keeps you connected anywhere. Imagine it: browsing social networks and websites with fast internet, without relying on hotspots, whether on your daily commute, in the park or on the beach. Respond to urgent emails in a taxi, join video calls on the train, or download files working remotely. It also eliminates the security risks of public Wi-Fi.<br \/>ALL IN ONE PRODUCTIVITY PACK: Premium kit with keyboard, mouse, stylus, case and protector. Portable mode in seconds for remote work or study, no extra expense. The perfect high-value alternative for students and freelancers versus expensive laptops. It is laptop, TV, console and mega smartphone.<br \/>16MP CAMERA, GOOGLE LENS &#038; FACE ID: Most competitors on Amazon have low-quality 2MP\/5MP cameras, while the TABWEE T60 Tablet with pen offers 16MP rear and 8MP front for HD video calls on Zoom\/Teams. Use Google Lens to translate texts or identify objects instantly. Face unlock in 0.1 seconds for maximum comfort and safety.<br \/>4 YEAR WARRANTY &#038; CERTIFIED EUROPEAN QUALITY: TABWEE T60 Tablet with sim-card Built to last and features an industry-leading 4-year warranty. It has passed rigorous certifications: CE, RoHS, WEEE, ERP, GS, REACH, IMQ and T\u00dcV. It is also Climate Partner and Eco-Labels certified. We are committed to providing a reliable and safe product that you can use with complete peace of mind for many years.<\/p>\n\n","protected":false},"excerpt":{"rendered":"<p> From the brand TABWEE Tablet Batteries \u200f : \u200e 1 9V batteries required. (included) Package<\/p>","protected":false},"featured_media":38510,"comment_status":"open","ping_status":"closed","template":"","meta":[],"product_brand":[],"product_cat":[93],"product_tag":[651,291,5824,11577,391,646,648,650,1420,841,655,912,1113,584,518,1243,647,2827,11576,157,652,653,649,654,725,916,2277],"class_list":{"0":"post-38509","1":"product","2":"type-product","3":"status-publish","4":"has-post-thumbnail","6":"product_cat-android-tablets","7":"product_tag-10-inch-tablet","8":"product_tag-10000mah","9":"product_tag-16mp8mp","10":"product_tag-48gb256gb","11":"product_tag-android","12":"product_tag-android-tablet","13":"product_tag-best-android-tablet","14":"product_tag-budget-android-tablet","15":"product_tag-card","16":"product_tag-face","17":"product_tag-gaming-tablet","18":"product_tag-gemini","19":"product_tag-gps","20":"product_tag-inch","21":"product_tag-keyboard","22":"product_tag-qhd","23":"product_tag-samsung-android-tablet","24":"product_tag-sim","25":"product_tag-t60","26":"product_tag-tablet","27":"product_tag-tablet-for-kids","28":"product_tag-tablet-for-study","29":"product_tag-tablet-with-sim","30":"product_tag-tablet-with-stylus","31":"product_tag-warranty","32":"product_tag-widevine","33":"product_tag-years","35":"first","36":"instock","37":"shipping-taxable","38":"product-type-external"},"_links":{"self":[{"href":"https:\/\/comprasyconsejos.store\/en\/wp-json\/wp\/v2\/product\/38509","targetHints":{"allow":["GET"]}}],"collection":[{"href":"https:\/\/comprasyconsejos.store\/en\/wp-json\/wp\/v2\/product"}],"about":[{"href":"https:\/\/comprasyconsejos.store\/en\/wp-json\/wp\/v2\/types\/product"}],"replies":[{"embeddable":true,"href":"https:\/\/comprasyconsejos.store\/en\/wp-json\/wp\/v2\/comments?post=38509"}],"version-history":[{"count":0,"href":"https:\/\/comprasyconsejos.store\/en\/wp-json\/wp\/v2\/product\/38509\/revisions"}],"wp:featuredmedia":[{"embeddable":true,"href":"https:\/\/comprasyconsejos.store\/en\/wp-json\/wp\/v2\/media\/38510"}],"wp:attachment":[{"href":"https:\/\/comprasyconsejos.store\/en\/wp-json\/wp\/v2\/media?parent=38509"}],"wp:term":[{"taxonomy":"product_brand","embeddable":true,"href":"https:\/\/comprasyconsejos.store\/en\/wp-json\/wp\/v2\/product_brand?post=38509"},{"taxonomy":"product_cat","embeddable":true,"href":"https:\/\/comprasyconsejos.store\/en\/wp-json\/wp\/v2\/product_cat?post=38509"},{"taxonomy":"product_tag","embeddable":true,"href":"https:\/\/comprasyconsejos.store\/en\/wp-json\/wp\/v2\/product_tag?post=38509"}],"curies":[{"name":"wp","href":"https:\/\/api.w.org\/{rel}","templated":true}]}}