{"id":38527,"date":"2026-03-07T02:11:23","date_gmt":"2026-03-07T02:11:23","guid":{"rendered":"https:\/\/comprasyconsejos.store\/product\/ninkear-gaming-laptop-16-fhd2560x1600-win11-ryzen-7-8745hs-radeon-780m-ddr5-32gb-ram-2tb-ssd-100w-fingerprint-sensor-usb-c-4-0\/"},"modified":"2026-03-07T02:11:31","modified_gmt":"2026-03-07T02:11:31","slug":"ninkear-gaming-laptop-16-fhd2560x1600-win11-ryzen-7-8745hs-radeon-780m-ddr5-32gb-ram-2tb-ssd-100w-fingerprint-sensor-usb-c-4-0","status":"publish","type":"product","link":"https:\/\/comprasyconsejos.store\/en\/product\/ninkear-gaming-laptop-16-fhd2560x1600-win11-ryzen-7-8745hs-radeon-780m-ddr5-32gb-ram-2tb-ssd-100w-fingerprint-sensor-usb-c-4-0\/","title":{"rendered":"Ninkear Gaming Laptop 16&#8243; FHD(2560&#215;1600) Win11, Ryzen 7 8745HS, Radeon 780M, DDR5 32GB RAM 2TB SSD, 100W, Fingerprint Sensor, USB-C 4.0"},"content":{"rendered":"<p>Price: <span style=\"color:#b12704\">\u20ac1,199.00<\/span><br \/><i><small>(as of Mar 07, 2026 02:11:23 UTC &#8211; <span class=\"wp_automatic_amazon_disclaimer\" title=\"Product prices and availability are accurate as of the date\/time indicated and are subject to change. Any price and availability information displayed on [relevant Amazon Site(s), as applicable] at the time of purchase will apply to the purchase of this product.\">Details<\/span>)<\/small><\/i><\/p>\n<p><a href=\"https:\/\/amazon.es\/dp\/B0G4MGBCZY?tag=man008-21\"><img decoding=\"async\" src=\"https:\/\/valvepress.s3.amazonaws.com\/imgs\/buy_now.png\"><\/a><br \/>\n<\/p>\n<p>                                             Product Description   <\/p>\n<p>                                                                             <img decoding=\"async\" alt=\"El texto dice \u00abPort\u00e1til Ninkear A15 Pro\u00bb \u00abAMD Ryzen\u2122 8745HS\u00bb. Cartel promocional de port\u00e1tiles para videojuegos con im\u00e1genes de juegos de tem\u00e1tica morada y fotograf\u00edas de productos port\u00e1tiles con efectos de haz de luz.\" src=\"https:\/\/images-na.ssl-images-amazon.com\/images\/G\/01\/x-locale\/common\/grey-pixel.gif\" class=\"a-spacing-base a-lazy-loaded\" data-src=\"https:\/\/m.media-amazon.com\/images\/S\/aplus-media-library-service-media\/5167f974-7539-4a60-9eec-8a4f8f510d78.__CR3,0,1293,800_PT0_SX970_V1___.jpg\"><img decoding=\"async\" alt=\"El texto dice \u00abPort\u00e1til Ninkear A15 Pro\u00bb \u00abAMD Ryzen\u2122 8745HS\u00bb. Cartel promocional de port\u00e1tiles para videojuegos con im\u00e1genes de juegos de tem\u00e1tica morada y fotograf\u00edas de productos port\u00e1tiles con efectos de haz de luz.\" src=\"https:\/\/m.media-amazon.com\/images\/S\/aplus-media-library-service-media\/5167f974-7539-4a60-9eec-8a4f8f510d78.__CR3,0,1293,800_PT0_SX970_V1___.jpg\">                                                                       <\/p>\n<p>                                                                             <img decoding=\"async\" alt=\"aplus content image\" src=\"https:\/\/images-na.ssl-images-amazon.com\/images\/G\/01\/x-locale\/common\/grey-pixel.gif\" class=\"a-spacing-base a-lazy-loaded\" data-src=\"https:\/\/m.media-amazon.com\/images\/S\/aplus-media-library-service-media\/c0843557-6a8d-4ebd-84a4-9ab5b0150df6.__CR3,0,1293,800_PT0_SX970_V1___.jpg\"><img decoding=\"async\" alt=\"aplus content image\" src=\"https:\/\/m.media-amazon.com\/images\/S\/aplus-media-library-service-media\/c0843557-6a8d-4ebd-84a4-9ab5b0150df6.__CR3,0,1293,800_PT0_SX970_V1___.jpg\">                                                                    <\/p>\n<p>                                                                             <img decoding=\"async\" alt=\"aplus content image\" src=\"https:\/\/images-na.ssl-images-amazon.com\/images\/G\/01\/x-locale\/common\/grey-pixel.gif\" class=\"a-spacing-base a-lazy-loaded\" data-src=\"https:\/\/m.media-amazon.com\/images\/S\/aplus-media-library-service-media\/7872a1dc-d81d-43c3-a440-1fef4d808fce.__CR3,0,1293,800_PT0_SX970_V1___.jpg\"><img decoding=\"async\" alt=\"aplus content image\" src=\"https:\/\/m.media-amazon.com\/images\/S\/aplus-media-library-service-media\/7872a1dc-d81d-43c3-a440-1fef4d808fce.__CR3,0,1293,800_PT0_SX970_V1___.jpg\">                                                                    <\/p>\n<p>                                                                             <img decoding=\"async\" alt=\"El texto dice \u00abTeclado retroiluminado\u00bb y \u00abDesbloqueo con huella dactilar\u00bb. Muestra un teclado retroiluminado con funci\u00f3n de sensor de huellas dactilares en condiciones de poca luz.\" src=\"https:\/\/images-na.ssl-images-amazon.com\/images\/G\/01\/x-locale\/common\/grey-pixel.gif\" class=\"a-spacing-base a-lazy-loaded\" data-src=\"https:\/\/m.media-amazon.com\/images\/S\/aplus-media-library-service-media\/143b1b98-6a3a-4745-af3f-3381fef5caa5.__CR3,0,1293,800_PT0_SX970_V1___.jpg\"><img decoding=\"async\" alt=\"El texto dice \u00abTeclado retroiluminado\u00bb y \u00abDesbloqueo con huella dactilar\u00bb. Muestra un teclado retroiluminado con funci\u00f3n de sensor de huellas dactilares en condiciones de poca luz.\" src=\"https:\/\/m.media-amazon.com\/images\/S\/aplus-media-library-service-media\/143b1b98-6a3a-4745-af3f-3381fef5caa5.__CR3,0,1293,800_PT0_SX970_V1___.jpg\">                                                                    <\/p>\n<p>                                                                             <img decoding=\"async\" alt=\"El texto dice \u00abInterfaces (D\u00e9bito fijo)\u00bb que muestra el diagrama de puertos y conexiones del port\u00e1til con iconos a continuaci\u00f3n para varias funciones, incluidas las salidas USB y de pantalla.\" src=\"https:\/\/images-na.ssl-images-amazon.com\/images\/G\/01\/x-locale\/common\/grey-pixel.gif\" class=\"a-spacing-base a-lazy-loaded\" data-src=\"https:\/\/m.media-amazon.com\/images\/S\/aplus-media-library-service-media\/1208332d-2b22-4530-8deb-ba7908b094cd.__CR3,0,1293,800_PT0_SX970_V1___.jpg\"><img decoding=\"async\" alt=\"El texto dice \u00abInterfaces (D\u00e9bito fijo)\u00bb que muestra el diagrama de puertos y conexiones del port\u00e1til con iconos a continuaci\u00f3n para varias funciones, incluidas las salidas USB y de pantalla.\" src=\"https:\/\/m.media-amazon.com\/images\/S\/aplus-media-library-service-media\/1208332d-2b22-4530-8deb-ba7908b094cd.__CR3,0,1293,800_PT0_SX970_V1___.jpg\">                                                                    <\/p>\n<p> Batteries                                            \u200f                                            :                                            \u200e                                            1 9V batteries required. (included)   <br \/> Product Dimensions                                            \u200f                                            :                                            \u200e                                            35.6 x 1.79 x 24.36 cm; 1.65 kg   <br \/> Manufacturer                                            \u200f                                            :                                            \u200e                                            Ninkear   <br \/> ASIN                                            \u200f                                            :                                            \u200e                                            B0G4MGBCZY   <br \/> Guaranteed software updates until                                            \u200f                                            :                                            \u200e                                            unknown   <\/p>\n<p>Ryzen 7 8745HS High Performance (8 Cores\/16 Threads, up to 4.90GHz) + 2TB PCIe M.2 SSD &#8211; Power and space for all your needs. You can tackle demanding tasks like video editing, graphic design or multitasking without slowing down. 2TB PCIe SSD &#8211; Enough space to store hundreds of hours of video, thousands of photos, all your work files and a variety of programs. No need for external drives \u2013 everything is stored directly on the laptop, with quick access and secure protection. Combined with the integrated Radeon 780M graphics card (2600 MHz), this ensures smooth, consistent performance.<br \/>16&#8243; (2350\/5000 pixels) IPS display with 100% sRGB coverage: Immersive image quality for work and play. Discover detailed image reproduction on a 16-inch (2560 x 1600 pixels) screen, perfect for editing photos, watching videos or working with complex spreadsheets. Thanks to the 100% sRGB color gamut, colors are reproduced accurately and naturally, while 350 nits brightness and matte surface minimize reflections, even in daylight. The 120Hz refresh rate ensures smooth movement, and the 16:10 aspect ratio offers more vertical space for extensive documents.<br \/>32GB DDR5 RAM + 2TB Expandable SSD: Flexible and future-proof. With 32GB of DDR5 RAM (4800MHz), you can seamlessly switch between dozens of applications (e.g. Excel, Photoshop, browsers, video conferencing software) without slowing down your laptop. The 2TB PCIe SSD is not only large capacity, but also expandable: it can be expanded up to 4TB to reliably meet future storage needs. Two SO-DIMM slots also allow RAM expansion up to 64GB, ideal for tackling increasingly demanding tasks over long periods of time. No compromise on storage space or speed.<br \/>Robust Metal Housing + Portable Design: Convenience on the go and at home: The sleek grayish blue ACD (A\/C\/D) metal housing combines durability and a refined look, ideal for everyday transport between home, office and college. Weighing just 1.65 kg and measuring 356 x 243 x 17.9 mm, the laptop fits easily into any backpack or purse. Its sturdy construction withstands small impacts, so you can safely carry your device whether in a cafe, on the train, or at home: the laptop is ready to use anywhere.<br \/>Reliable connectivity + Convenient extras: Efficiency for every task. Use stable connections for uninterrupted work: Wi-Fi 6.0 (802.11ax) ensures fast internet connections for online meetings or file uploading, while Bluetooth 5.2 allows easy pairing with headphones, mice, or printers. HDMI 2.1 port supports external 4K monitors for increased viewing space. Additional features include a backlit keyboard (3 brightness levels) for comfortable typing in the dark, a fingerprint scanner for quick unlocking and a 100W power adapter for fast charging.<\/p>\n\n","protected":false},"excerpt":{"rendered":"<p> Product Description Batteries \u200f : \u200e 1 9V batteries required. (included) Product Dimensions \u200f :<\/p>","protected":false},"featured_media":38528,"comment_status":"open","ping_status":"closed","template":"","meta":[],"product_brand":[],"product_cat":[86],"product_tag":[167,526,909,902,6412,9720,520,623,11580,1060,617,519,524,521,525,522,523,159,11579,528,897,587,527,531,959,513,188,542],"class_list":{"0":"post-38527","1":"product","2":"type-product","3":"status-publish","4":"has-post-thumbnail","6":"product_cat-gaming-laptop","7":"product_tag-100w","8":"product_tag-144hz-gaming-laptop","9":"product_tag-2tb","10":"product_tag-32gb","11":"product_tag-780m","12":"product_tag-8745hs","13":"product_tag-best-gaming-laptop","14":"product_tag-ddr5","15":"product_tag-fhd2560x1600","16":"product_tag-fingerprint","17":"product_tag-gaming","18":"product_tag-gaming-laptop","19":"product_tag-gaming-laptop-16gb-ram","20":"product_tag-gaming-laptop-rtx","21":"product_tag-gaming-laptop-ssd","22":"product_tag-gaming-laptop-under-budget","23":"product_tag-high-performance-laptop","24":"product_tag-laptop","25":"product_tag-ninkear","26":"product_tag-portable-gaming-laptop","27":"product_tag-radeon","28":"product_tag-ram","29":"product_tag-rgb-gaming-laptop","30":"product_tag-ryzen","31":"product_tag-sensor","32":"product_tag-ssd","33":"product_tag-usbc","34":"product_tag-win11","36":"first","37":"instock","38":"shipping-taxable","39":"product-type-external"},"_links":{"self":[{"href":"https:\/\/comprasyconsejos.store\/en\/wp-json\/wp\/v2\/product\/38527","targetHints":{"allow":["GET"]}}],"collection":[{"href":"https:\/\/comprasyconsejos.store\/en\/wp-json\/wp\/v2\/product"}],"about":[{"href":"https:\/\/comprasyconsejos.store\/en\/wp-json\/wp\/v2\/types\/product"}],"replies":[{"embeddable":true,"href":"https:\/\/comprasyconsejos.store\/en\/wp-json\/wp\/v2\/comments?post=38527"}],"version-history":[{"count":0,"href":"https:\/\/comprasyconsejos.store\/en\/wp-json\/wp\/v2\/product\/38527\/revisions"}],"wp:featuredmedia":[{"embeddable":true,"href":"https:\/\/comprasyconsejos.store\/en\/wp-json\/wp\/v2\/media\/38528"}],"wp:attachment":[{"href":"https:\/\/comprasyconsejos.store\/en\/wp-json\/wp\/v2\/media?parent=38527"}],"wp:term":[{"taxonomy":"product_brand","embeddable":true,"href":"https:\/\/comprasyconsejos.store\/en\/wp-json\/wp\/v2\/product_brand?post=38527"},{"taxonomy":"product_cat","embeddable":true,"href":"https:\/\/comprasyconsejos.store\/en\/wp-json\/wp\/v2\/product_cat?post=38527"},{"taxonomy":"product_tag","embeddable":true,"href":"https:\/\/comprasyconsejos.store\/en\/wp-json\/wp\/v2\/product_tag?post=38527"}],"curies":[{"name":"wp","href":"https:\/\/api.w.org\/{rel}","templated":true}]}}