{"id":38580,"date":"2026-03-07T03:20:03","date_gmt":"2026-03-07T03:20:03","guid":{"rendered":"https:\/\/comprasyconsejos.store\/product\/cable-matters-cable-hdmi-high-speed-con-ethernet-2m-blanco-resolucion-3d-y-4k-pronto\/"},"modified":"2026-03-07T03:20:08","modified_gmt":"2026-03-07T03:20:08","slug":"cable-matters-cable-hdmi-high-speed-con-ethernet-2m-blanco-resolucion-3d-y-4k-pronto","status":"publish","type":"product","link":"https:\/\/comprasyconsejos.store\/en\/product\/cable-matters-cable-hdmi-high-speed-con-ethernet-2m-blanco-resolucion-3d-y-4k-pronto\/","title":{"rendered":"Cable Matters\u00ae Cable HDMI High Speed con Ethernet 2m Blanco &#8211; Resoluci\u00f3n 3D y 4K Pronto"},"content":{"rendered":"<p>Price: <span style=\"color:#b12704\">(\u20ac1.06 \/  metre)<\/span><br \/><i><small>(as of Mar 07, 2026 03:20:03 UTC &#8211; <span class=\"wp_automatic_amazon_disclaimer\" title=\"Product prices and availability are accurate as of the date\/time indicated and are subject to change. Any price and availability information displayed on [relevant Amazon Site(s), as applicable] at the time of purchase will apply to the purchase of this product.\">Details<\/span>)<\/small><\/i><\/p>\n<p><a href=\"https:\/\/amazon.es\/dp\/B00P2PQBCY?tag=man008-21\"><img decoding=\"async\" src=\"https:\/\/valvepress.s3.amazonaws.com\/imgs\/buy_now.png\"><\/a><br \/>\n<\/p>\n<p>                                             Product Description   <\/p>\n<p>                                                                             <img decoding=\"async\" alt=\"Pack de 3 Cables de HDMI a HDMI de Alta Velocidad, compatibles con HDR y resoluci\u00f3n 4K\" src=\"https:\/\/images-na.ssl-images-amazon.com\/images\/G\/01\/x-locale\/common\/grey-pixel.gif\" class=\"a-spacing-base a-lazy-loaded\" data-src=\"https:\/\/m.media-amazon.com\/images\/S\/aplus-media\/sc\/f0ba7f4e-b0c6-494b-8439-dce686d5224d.__CR0,0,970,600_PT0_SX970_V1___.jpg\"><img decoding=\"async\" alt=\"Pack de 3 Cables de HDMI a HDMI de Alta Velocidad, compatibles con HDR y resoluci\u00f3n 4K\" src=\"https:\/\/m.media-amazon.com\/images\/S\/aplus-media\/sc\/f0ba7f4e-b0c6-494b-8439-dce686d5224d.__CR0,0,970,600_PT0_SX970_V1___.jpg\">                                         <\/p>\n<h3 class=\"a-spacing-mini\"> Cable HDMI de alta velocidad con Ethernet <\/h3>\n<p class=\"a-spacing-base\"> El pack de cables HDMI de 3 colores de Cable Matters es el accesorio perfecto para una TV UHD 4K montada en la pared, un monitor de juegos HDR o un proyector HDR con HDMI. Conecta un ordenador, reproductor Blu-ray, consola de juegos, receptor A\/V, decodificador CATV, etc. <\/p>\n<p class=\"a-spacing-base\"> Organizaci\u00f3n por colores <\/p>\n<p class=\"a-spacing-base\"> Codifica por colores y organiza tu sistema de cine en casa con este pack rentable de cables HDMI en 3 colores. <\/p>\n<p class=\"a-spacing-base\"> Construcci\u00f3n superior en un pack rentable de 3 unidades <\/p>\n<p class=\"a-spacing-base\"> La combinaci\u00f3n de los conectores chapados en oro, los conductores de cobre desnudo y la protecci\u00f3n con trenzado y l\u00e1mina met\u00e1lica confiere un rendimiento \u00f3ptimo al cable. <\/p>\n<p class=\"a-spacing-base\"> Nota: Los t\u00e9rminos HDMI, HDMI High-Definition Multimedia Interface, y el logotipo HDMI son marcas comerciales o marcas registradas de HDMI Licensing Administrator, Inc. <\/p>\n<p>                                                  <img decoding=\"async\" alt=\"Pack de 3 Cables de HDMI a HDMI de Alta Velocidad, compatibles con HDR y resoluci\u00f3n 4K\" src=\"https:\/\/images-na.ssl-images-amazon.com\/images\/G\/01\/x-locale\/common\/grey-pixel.gif\" class=\"a-lazy-loaded\" data-src=\"https:\/\/m.media-amazon.com\/images\/S\/aplus-media\/sc\/49dfa8fe-1904-4b37-a279-78cff2032957.__CR0,0,301,301_PT0_SX300_V1___.jpg\"><img decoding=\"async\" alt=\"Pack de 3 Cables de HDMI a HDMI de Alta Velocidad, compatibles con HDR y resoluci\u00f3n 4K\" src=\"https:\/\/m.media-amazon.com\/images\/S\/aplus-media\/sc\/49dfa8fe-1904-4b37-a279-78cff2032957.__CR0,0,301,301_PT0_SX300_V1___.jpg\">  <\/p>\n<h3 class=\"a-spacing-mini\"> Audio aut\u00e9ntico y v\u00eddeo 4K <\/h3>\n<\/p>\n<p>Compatibilidad con 4K y alto rango din\u00e1mico (HDR)Resoluci\u00f3n de v\u00eddeo compatible con 4096&#215;2160, 3840&#215;2160, 2560&#215;1600, 2560&#215;1440, 1920&#215;1200, 1080p e inferioresCompatibilidad con audio digital no comprimido de 7.1, 5.1 o 2 canalesControla el sonido con un solo mando a distancia por ARC (canal de retorno de audio)     <\/p>\n<p>                                                  <img decoding=\"async\" alt=\"Pack de 3 Cables de HDMI a HDMI de Alta Velocidad, compatibles con HDR y resoluci\u00f3n 4K\" src=\"https:\/\/images-na.ssl-images-amazon.com\/images\/G\/01\/x-locale\/common\/grey-pixel.gif\" class=\"a-lazy-loaded\" data-src=\"https:\/\/m.media-amazon.com\/images\/S\/aplus-media\/sc\/65a410a1-63d5-4638-a768-45c53c4f8140.__CR0,0,1000,1000_PT0_SX300_V1___.jpg\"><img decoding=\"async\" alt=\"Pack de 3 Cables de HDMI a HDMI de Alta Velocidad, compatibles con HDR y resoluci\u00f3n 4K\" src=\"https:\/\/m.media-amazon.com\/images\/S\/aplus-media\/sc\/65a410a1-63d5-4638-a768-45c53c4f8140.__CR0,0,1000,1000_PT0_SX300_V1___.jpg\">  <\/p>\n<h3 class=\"a-spacing-mini\"> Alto rango din\u00e1mico <\/h3>\n<p> Prestaciones HDR compatibles: <\/p>\n<\/p>\n<p>10 bits de profundidad de colorAumento de los espacios de color y el brilloMapeo de color din\u00e1mico     <\/p>\n<p class=\"apm-text-center\">\n                                                      <img decoding=\"async\" alt=\"Pack de 3 Cables de HDMI a HDMI de Alta Velocidad, compatibles con HDR y resoluci\u00f3n 4K\" src=\"https:\/\/images-na.ssl-images-amazon.com\/images\/G\/01\/x-locale\/common\/grey-pixel.gif\" class=\"a-spacing-mini a-lazy-loaded\" data-src=\"https:\/\/m.media-amazon.com\/images\/S\/aplus-media\/sc\/b1d2a74b-5cf9-4f0f-bce0-6665418a3473.__CR0,0,300,300_PT0_SX300_V1___.jpg\"><img decoding=\"async\" alt=\"Pack de 3 Cables de HDMI a HDMI de Alta Velocidad, compatibles con HDR y resoluci\u00f3n 4K\" src=\"https:\/\/m.media-amazon.com\/images\/S\/aplus-media\/sc\/b1d2a74b-5cf9-4f0f-bce0-6665418a3473.__CR0,0,300,300_PT0_SX300_V1___.jpg\">  <\/p>\n<p>                                                    Construcci\u00f3n superior                                       <\/p>\n<p>Conductores de cobre desnudoAislamiento de cable individualL\u00e1mina met\u00e1lica de protecci\u00f3nTrenzado de protecci\u00f3nFunda flexible de PVC     <\/p>\n<p class=\"apm-text-center\">\n                                                      <img decoding=\"async\" alt=\"Pack de 3 Cables de HDMI a HDMI de Alta Velocidad, compatibles con HDR y resoluci\u00f3n 4K\" src=\"https:\/\/images-na.ssl-images-amazon.com\/images\/G\/01\/x-locale\/common\/grey-pixel.gif\" class=\"a-spacing-mini a-lazy-loaded\" data-src=\"https:\/\/m.media-amazon.com\/images\/S\/aplus-media\/sc\/c8c85995-f15c-42c4-aed1-d62f09dc5a62.__CR0,0,1000,1000_PT0_SX300_V1___.jpg\"><img decoding=\"async\" alt=\"Pack de 3 Cables de HDMI a HDMI de Alta Velocidad, compatibles con HDR y resoluci\u00f3n 4K\" src=\"https:\/\/m.media-amazon.com\/images\/S\/aplus-media\/sc\/c8c85995-f15c-42c4-aed1-d62f09dc5a62.__CR0,0,1000,1000_PT0_SX300_V1___.jpg\">  <\/p>\n<p>                                                    Pack de 3 colores                                       <\/p>\n<p>Codifica tus conexiones por coloresOrganiza tus cables sin etiquetasSoluciona f\u00e1cilmente los problemas de los equipos     <\/p>\n<p class=\"apm-text-center\">\n                                                      <img decoding=\"async\" alt=\"Pack de 3 Cables de HDMI a HDMI de Alta Velocidad, compatibles con HDR y resoluci\u00f3n 4K\" src=\"https:\/\/images-na.ssl-images-amazon.com\/images\/G\/01\/x-locale\/common\/grey-pixel.gif\" class=\"a-spacing-mini a-lazy-loaded\" data-src=\"https:\/\/m.media-amazon.com\/images\/S\/aplus-media-library-service-media\/3c91382c-0be1-47e5-ad86-7c30b35cfa6c.__CR0,0,300,300_PT0_SX300_V1___.jpg\"><img decoding=\"async\" alt=\"Pack de 3 Cables de HDMI a HDMI de Alta Velocidad, compatibles con HDR y resoluci\u00f3n 4K\" src=\"https:\/\/m.media-amazon.com\/images\/S\/aplus-media-library-service-media\/3c91382c-0be1-47e5-ad86-7c30b35cfa6c.__CR0,0,300,300_PT0_SX300_V1___.jpg\">  <\/p>\n<p>                                                    Multifuncional                                       <\/p>\n<p>Conectores chapados en oroCarcasa de conectores de f\u00e1cil agarreLiberador de tensi\u00f3n moldeado para una mayor duraci\u00f3n     <\/p>\n<p> Is discontinued by manufacturer                                            \u200f                                            :                                            \u200e                                            No   <br \/> Package Dimensions                                            \u200f                                            :                                            \u200e                                            20.6 x 18.4 x 5.5 cm; 226.8 g   <br \/> Manufacturer                                            \u200f                                            :                                            \u200e                                            Cable Matters   <br \/> ASIN                                            \u200f                                            :                                            \u200e                                            B00P2PQBCY   <br \/> Item model number                                            \u200f                                            :                                            \u200e                                            300019-6&#215;3-N   <br \/> Guaranteed software updates until                                            \u200f                                            :                                            \u200e                                            unknown   <br \/>  Customer reviews:                                                                                            4.6               4.6 out of 5 stars                                  (2,750)                                              var dpAcrHasRegisteredArcLinkClickAction;                    P.when(&#8216;A&#8217;, &#8216;ready&#8217;).execute(function(A) {                        if (dpAcrHasRegisteredArcLinkClickAction !== true) {                            dpAcrHasRegisteredArcLinkClickAction = true;                            A.declarative(                                &#8216;acrLink-click-metrics&#8217;, &#8216;click&#8217;,                                { \u00aballowLinkDefault\u00bb: true },                                function (event) {                                    if (window.ue) {                                        ue.count(\u00abacrLinkClickCount\u00bb, (ue.count(\u00abacrLinkClickCount\u00bb) || 0) + 1);                                    }                                }                            );                        }                    });                                             P.when(&#8216;A&#8217;, &#8216;cf&#8217;).execute(function(A) {                A.declarative(&#8216;acrStarsLink-click-metrics&#8217;, &#8216;click&#8217;, { \u00aballowLinkDefault\u00bb : true },  function(event){                    if(window.ue) {                        ue.count(\u00abacrStarsLinkWithPopoverClickCount\u00bb, (ue.count(\u00abacrStarsLinkWithPopoverClickCount\u00bb) || 0) + 1);                    }                });            });                          <\/p>\n<p>3 colores paquete de cables HDMI de alta velocidad conectan su reproductor de Blu-ray, ordenador, receptor AV, Apple TV, Roku reproductor de medios de transmisi\u00f3n, caja de cable, Play Station 3 cuartos, Xbox One \/ 360, Nintendo Wii, u otros dispositivos compatibles con HDMI a su Ultra 4K TV (UHD TV), televisi\u00f3n de alta definici\u00f3n, monitor o proyector<br \/>Conexi\u00f3n de audio y video para el futuro en su casa, en la sala de oficina o de conferencias con este cable HDMI funci\u00f3n llena. Soporta Audio Return Channel (ARC), HDMI Ethernet Channel (HEC), 48 bits de profundidad de color, 32 canales de audio, HDCP, Dolby True HD 7.1 de audio y v\u00eddeo en 3D<br \/>Alambre Categor\u00eda 2 Certificado HDMI admite resoluciones de hasta 4Kx2K (UHD) incluyendo 4096&#215;2160, 3840&#215;2160, 2560&#215;1600, 2560&#215;1440, 1920&#215;1200 y 1080p<br \/>C\u00f3digo de color y organizar su conexi\u00f3n AV con nuestros 3 colores combinados cables HDMI rentables y de alta calificaci\u00f3n. Totalmente compatible con el \u00faltimo est\u00e1ndar HDMI, este cable HDMI a HDMI es capaz de llevar el mayor ancho de banda de HDMI 2.0 a 18 Gbps<br \/>La combinaci\u00f3n de conectores enchapados en oro, conductores de cobre desnudo, y la hoja y blindaje trenzado proporciona un rendimiento superior por cable, transmisi\u00f3n de video libre de est\u00e1tica, y supresi\u00f3n de ruido<\/p>\n\n","protected":false},"excerpt":{"rendered":"<p> Product Description Cable HDMI de alta velocidad con Ethernet El pack de cables HDMI de<\/p>","protected":false},"featured_media":38581,"comment_status":"open","ping_status":"closed","template":"","meta":[],"product_brand":[],"product_cat":[69],"product_tag":[5121,182,2047,3994,2044,2303,544,2052,2037,197,7808,2054,2046,2049,11593,8303,198,2050,2042,2040],"class_list":{"0":"post-38580","1":"product","2":"type-product","3":"status-publish","4":"has-post-thumbnail","6":"product_cat-cables-adapters","7":"product_tag-blanco","8":"product_tag-cable","9":"product_tag-charging-cable","10":"product_tag-con","11":"product_tag-displayport-cable","12":"product_tag-ethernet","13":"product_tag-hdmi","14":"product_tag-hdmi-adapter","15":"product_tag-hdmi-cable","16":"product_tag-high","17":"product_tag-matters","18":"product_tag-multiport-adapter","19":"product_tag-network-cable","20":"product_tag-power-cable","21":"product_tag-pronto","22":"product_tag-resolucion","23":"product_tag-speed","24":"product_tag-usb-adapter","25":"product_tag-usb-c-cable","26":"product_tag-usb-cable","28":"first","29":"instock","30":"shipping-taxable","31":"product-type-external"},"_links":{"self":[{"href":"https:\/\/comprasyconsejos.store\/en\/wp-json\/wp\/v2\/product\/38580","targetHints":{"allow":["GET"]}}],"collection":[{"href":"https:\/\/comprasyconsejos.store\/en\/wp-json\/wp\/v2\/product"}],"about":[{"href":"https:\/\/comprasyconsejos.store\/en\/wp-json\/wp\/v2\/types\/product"}],"replies":[{"embeddable":true,"href":"https:\/\/comprasyconsejos.store\/en\/wp-json\/wp\/v2\/comments?post=38580"}],"version-history":[{"count":0,"href":"https:\/\/comprasyconsejos.store\/en\/wp-json\/wp\/v2\/product\/38580\/revisions"}],"wp:featuredmedia":[{"embeddable":true,"href":"https:\/\/comprasyconsejos.store\/en\/wp-json\/wp\/v2\/media\/38581"}],"wp:attachment":[{"href":"https:\/\/comprasyconsejos.store\/en\/wp-json\/wp\/v2\/media?parent=38580"}],"wp:term":[{"taxonomy":"product_brand","embeddable":true,"href":"https:\/\/comprasyconsejos.store\/en\/wp-json\/wp\/v2\/product_brand?post=38580"},{"taxonomy":"product_cat","embeddable":true,"href":"https:\/\/comprasyconsejos.store\/en\/wp-json\/wp\/v2\/product_cat?post=38580"},{"taxonomy":"product_tag","embeddable":true,"href":"https:\/\/comprasyconsejos.store\/en\/wp-json\/wp\/v2\/product_tag?post=38580"}],"curies":[{"name":"wp","href":"https:\/\/api.w.org\/{rel}","templated":true}]}}