{"id":38595,"date":"2026-03-07T03:23:23","date_gmt":"2026-03-07T03:23:23","guid":{"rendered":"https:\/\/comprasyconsejos.store\/product\/thermalright-tl-c12c-x5-cpu-fan-black-1550rpm-pc-120mm-computer-case-cooler-pwm-control-fan-for-liquid-cooler-and-cpu-cooling\/"},"modified":"2026-03-07T03:23:29","modified_gmt":"2026-03-07T03:23:29","slug":"thermalright-tl-c12c-x5-cpu-fan-black-1550rpm-pc-120mm-computer-case-cooler-pwm-control-fan-for-liquid-cooler-and-cpu-cooling","status":"publish","type":"product","link":"https:\/\/comprasyconsejos.store\/en\/product\/thermalright-tl-c12c-x5-cpu-fan-black-1550rpm-pc-120mm-computer-case-cooler-pwm-control-fan-for-liquid-cooler-and-cpu-cooling\/","title":{"rendered":"Thermalright TL-C12C X5 CPU Fan, Black 1550RPM PC 120mm Computer Case Cooler, PWM Control Fan for Liquid Cooler and CPU Cooling"},"content":{"rendered":"<p>Price: <span style=\"color:#b12704\">\u20ac24.00<\/span><br \/><i><small>(as of Mar 07, 2026 03:23:23 UTC &#8211; <span class=\"wp_automatic_amazon_disclaimer\" title=\"Product prices and availability are accurate as of the date\/time indicated and are subject to change. Any price and availability information displayed on [relevant Amazon Site(s), as applicable] at the time of purchase will apply to the purchase of this product.\">Details<\/span>)<\/small><\/i><\/p>\n<p><a href=\"https:\/\/amazon.es\/dp\/B0DB12CBD5?tag=man008-21\"><img decoding=\"async\" src=\"https:\/\/valvepress.s3.amazonaws.com\/imgs\/buy_now.png\"><\/a><br \/>\n<\/p>\n<p>                                             Product Description   <\/p>\n<p>                                                                             <img decoding=\"async\" alt=\"Thermalright, serie 120 MM, que muestran cinco ventiladores id\u00e9nticos alineados horizontalmente con cubos centrales de la marca\" src=\"https:\/\/images-na.ssl-images-amazon.com\/images\/G\/01\/x-locale\/common\/grey-pixel.gif\" class=\"a-spacing-base a-lazy-loaded\" data-src=\"https:\/\/m.media-amazon.com\/images\/S\/aplus-media-library-service-media\/d5f296fa-8b69-479b-b2d1-2fed77795b74.__CR0,0,970,600_PT0_SX970_V1___.jpg\"><img decoding=\"async\" alt=\"Thermalright, serie 120 MM, que muestran cinco ventiladores id\u00e9nticos alineados horizontalmente con cubos centrales de la marca\" src=\"https:\/\/m.media-amazon.com\/images\/S\/aplus-media-library-service-media\/d5f296fa-8b69-479b-b2d1-2fed77795b74.__CR0,0,970,600_PT0_SX970_V1___.jpg\">                                                                    <\/p>\n<p>                                                                             <img decoding=\"async\" alt=\"Primer plano de un dispositivo electr\u00f3nico con dise\u00f1o perforado, que muestra los componentes internos. Sobre la imagen se ve el texto \u00abKRAFT AUS DESIGN\u00bb.\" src=\"https:\/\/images-na.ssl-images-amazon.com\/images\/G\/01\/x-locale\/common\/grey-pixel.gif\" class=\"a-spacing-base a-lazy-loaded\" data-src=\"https:\/\/m.media-amazon.com\/images\/S\/aplus-media-library-service-media\/f7d481fc-8379-45e6-8ef3-f0719d5ec788.__CR0,0,970,600_PT0_SX970_V1___.jpg\"><img decoding=\"async\" alt=\"Primer plano de un dispositivo electr\u00f3nico con dise\u00f1o perforado, que muestra los componentes internos. Sobre la imagen se ve el texto \u00abKRAFT AUS DESIGN\u00bb.\" src=\"https:\/\/m.media-amazon.com\/images\/S\/aplus-media-library-service-media\/f7d481fc-8379-45e6-8ef3-f0719d5ec788.__CR0,0,970,600_PT0_SX970_V1___.jpg\">                                                                    <\/p>\n<p>                                                                             <img decoding=\"async\" alt=\"negro con m\u00faltiples aspas curvas, con especificaciones t\u00e9cnicas en alem\u00e1n de una velocidad m\u00e1xima de 1550 RPM.\" src=\"https:\/\/images-na.ssl-images-amazon.com\/images\/G\/01\/x-locale\/common\/grey-pixel.gif\" class=\"a-spacing-base a-lazy-loaded\" data-src=\"https:\/\/m.media-amazon.com\/images\/S\/aplus-media-library-service-media\/8c4ab29d-e788-470b-8933-668d21d9b65a.__CR0,0,970,600_PT0_SX970_V1___.jpg\"><img decoding=\"async\" alt=\"negro con m\u00faltiples aspas curvas, con especificaciones t\u00e9cnicas en alem\u00e1n de una velocidad m\u00e1xima de 1550 RPM.\" src=\"https:\/\/m.media-amazon.com\/images\/S\/aplus-media-library-service-media\/8c4ab29d-e788-470b-8933-668d21d9b65a.__CR0,0,970,600_PT0_SX970_V1___.jpg\">                                                                    <\/p>\n<p>                                                                             <img decoding=\"async\" alt=\"Especificaciones t\u00e9cnicas del producto en texto alem\u00e1n, que muestran elementos de dise\u00f1o en blanco y negro relacionados con la construcci\u00f3n ergon\u00f3mica.\" src=\"https:\/\/images-na.ssl-images-amazon.com\/images\/G\/01\/x-locale\/common\/grey-pixel.gif\" class=\"a-spacing-base a-lazy-loaded\" data-src=\"https:\/\/m.media-amazon.com\/images\/S\/aplus-media-library-service-media\/788f36b3-2bc8-4232-aa28-d64f05c8109c.__CR0,0,970,600_PT0_SX970_V1___.jpg\"><img decoding=\"async\" alt=\"Especificaciones t\u00e9cnicas del producto en texto alem\u00e1n, que muestran elementos de dise\u00f1o en blanco y negro relacionados con la construcci\u00f3n ergon\u00f3mica.\" src=\"https:\/\/m.media-amazon.com\/images\/S\/aplus-media-library-service-media\/788f36b3-2bc8-4232-aa28-d64f05c8109c.__CR0,0,970,600_PT0_SX970_V1___.jpg\">                                                                    <\/p>\n<p>                                                                             <img decoding=\"async\" alt=\"Diagrama t\u00e9cnico de un ventilador de refrigeraci\u00f3n con sistema de rodamientos S-FDB, que muestra los componentes internos y los patrones de flujo de aire en negro con indicadores de direcci\u00f3n azules y rojos\" src=\"https:\/\/images-na.ssl-images-amazon.com\/images\/G\/01\/x-locale\/common\/grey-pixel.gif\" class=\"a-spacing-base a-lazy-loaded\" data-src=\"https:\/\/m.media-amazon.com\/images\/S\/aplus-media-library-service-media\/6a2605fd-6837-4a90-b8a6-9c1009596c65.__CR0,0,970,600_PT0_SX970_V1___.jpg\"><img decoding=\"async\" alt=\"Diagrama t\u00e9cnico de un ventilador de refrigeraci\u00f3n con sistema de rodamientos S-FDB, que muestra los componentes internos y los patrones de flujo de aire en negro con indicadores de direcci\u00f3n azules y rojos\" src=\"https:\/\/m.media-amazon.com\/images\/S\/aplus-media-library-service-media\/6a2605fd-6837-4a90-b8a6-9c1009596c65.__CR0,0,970,600_PT0_SX970_V1___.jpg\">                                                                    <\/p>\n<p>                                                                             <img decoding=\"async\" alt=\"Tres componentes del sistema de refrigeraci\u00f3n se muestran con texto en alem\u00e1n: el sistema de circulaci\u00f3n de aire, el ventilador y los radiadores de refrigeraci\u00f3n por agua se muestran en negro. Las im\u00e1genes del producto\" src=\"https:\/\/images-na.ssl-images-amazon.com\/images\/G\/01\/x-locale\/common\/grey-pixel.gif\" class=\"a-spacing-base a-lazy-loaded\" data-src=\"https:\/\/m.media-amazon.com\/images\/S\/aplus-media-library-service-media\/582ce6b3-e52d-4fe8-93aa-1e6b9b914bba.__CR0,0,970,600_PT0_SX970_V1___.jpg\"><img decoding=\"async\" alt=\"Tres componentes del sistema de refrigeraci\u00f3n se muestran con texto en alem\u00e1n: el sistema de circulaci\u00f3n de aire, el ventilador y los radiadores de refrigeraci\u00f3n por agua se muestran en negro. Las im\u00e1genes del producto\" src=\"https:\/\/m.media-amazon.com\/images\/S\/aplus-media-library-service-media\/582ce6b3-e52d-4fe8-93aa-1e6b9b914bba.__CR0,0,970,600_PT0_SX970_V1___.jpg\">                                                                    <\/p>\n<p> Product Dimensions                                            \u200f                                            :                                            \u200e                                            12 x 2.5 x 12 cm; 750 g   <br \/> Date First Available                                            \u200f                                            :                                            \u200e                                            24 July 2024   <br \/> Manufacturer                                            \u200f                                            :                                            \u200e                                            THERMALRIGHT   <br \/> ASIN                                            \u200f                                            :                                            \u200e                                            B0DB12CBD5   <br \/> Item model number                                            \u200f                                            :                                            \u200e                                            TL-C12C X5   <br \/> Country of origin                                            \u200f                                            :                                            \u200e                                            China   <br \/>       Best Sellers Rank:  12,777 in Computers (See Top 100 in Computers)    515 in Computer Case Fans      <br \/>  Customer reviews:                                                                                            4.6               4.6 out of 5 stars                                  (43)                                              var dpAcrHasRegisteredArcLinkClickAction;                    P.when(&#8216;A&#8217;, &#8216;ready&#8217;).execute(function(A) {                        if (dpAcrHasRegisteredArcLinkClickAction !== true) {                            dpAcrHasRegisteredArcLinkClickAction = true;                            A.declarative(                                &#8216;acrLink-click-metrics&#8217;, &#8216;click&#8217;,                                { \u00aballowLinkDefault\u00bb: true },                                function (event) {                                    if (window.ue) {                                        ue.count(\u00abacrLinkClickCount\u00bb, (ue.count(\u00abacrLinkClickCount\u00bb) || 0) + 1);                                    }                                }                            );                        }                    });                                             P.when(&#8216;A&#8217;, &#8216;cf&#8217;).execute(function(A) {                A.declarative(&#8216;acrStarsLink-click-metrics&#8217;, &#8216;click&#8217;, { \u00aballowLinkDefault\u00bb : true },  function(event){                    if(window.ue) {                        ue.count(\u00abacrStarsLinkWithPopoverClickCount\u00bb, (ue.count(\u00abacrStarsLinkWithPopoverClickCount\u00bb) || 0) + 1);                    }                });            });                          <\/p>\n<p>\u3010High Performance Fan\u3011 Automatic motherboard speed regulation through the 4-pin PWM fan cable interface, which can determine the speed according to the temperature of the motherboard with a maximum speed of 1550rpm. Configured with up to 55cm cable to control PWM series fans, ideal for CPU enclosures and coolers.<br \/>\u3010Vibration Reduction &#038; Low Noise\u3011 The case fan is equipped with four soft material corner silicone pads on the four sides, which can reduce vibration and friction caused by fan rotation, perfectly reduce noise and allow quiet operation, so that cooling can be quiet.<br \/>\u3010Intelligent Temperature Control Function\u3011The fan has a PWM temperature control function, after connecting the 4-pin power supply interface to the motherboard, it is not necessary to adjust the speed manually, the fan automatically adjusts the speed not set according to the temperature, if you want a fixed speed, you can adjust the fan to DC mode.<br \/>Perfect Match The PC fan can not only be used as a case fan, but also suitable for use with a CPU cooler to create a cooling effect that can eliminate dry heat from the case and the high temperature generated by the CPU during operation, allowing for maximum cooling; Ideal for case, coolers and CPU coolers.<br \/>Quiet Fan Size: Model: TL-C12C, Size: 120 x 120 x 25mm, Speed: 1550 RPM, Noise 25.6 dBA. Connection: 4 pin pwm, current: 0.20A, air pressure: 1.52mm H2O, air flow: 66.17 CFM, increased airflow for better cooling performance.<\/p>\n\n","protected":false},"excerpt":{"rendered":"<p> Product Description Product Dimensions \u200f : \u200e 12 x 2.5 x 12 cm; 750 g<\/p>","protected":false},"featured_media":38596,"comment_status":"open","ping_status":"closed","template":"","meta":[],"product_brand":[],"product_cat":[65],"product_tag":[1381,2003,2005,2028,2013,307,994,1998,539,2015,1124,1668,989,2009,598,910,2011,677,2000,2023,2007,2001,2017,2018],"class_list":{"0":"post-38595","1":"product","2":"type-product","3":"status-publish","4":"has-post-thumbnail","6":"product_cat-case-fan","7":"product_tag-120mm","8":"product_tag-120mm-case-fan","9":"product_tag-140mm-case-fan","10":"product_tag-1550rpm","11":"product_tag-best-case-fan","12":"product_tag-black","13":"product_tag-case","14":"product_tag-case-fan","15":"product_tag-computer","16":"product_tag-computer-cooling-fan","17":"product_tag-control","18":"product_tag-cooler","19":"product_tag-cooling","20":"product_tag-cooling-fan-for-pc","21":"product_tag-cpu","22":"product_tag-fan","23":"product_tag-high-airflow-case-fan","24":"product_tag-liquid","25":"product_tag-pc-case-fan","26":"product_tag-pwm","27":"product_tag-quiet-case-fan","28":"product_tag-rgb-case-fan","29":"product_tag-thermalright","30":"product_tag-tlc12c","32":"first","33":"instock","34":"shipping-taxable","35":"product-type-external"},"_links":{"self":[{"href":"https:\/\/comprasyconsejos.store\/en\/wp-json\/wp\/v2\/product\/38595","targetHints":{"allow":["GET"]}}],"collection":[{"href":"https:\/\/comprasyconsejos.store\/en\/wp-json\/wp\/v2\/product"}],"about":[{"href":"https:\/\/comprasyconsejos.store\/en\/wp-json\/wp\/v2\/types\/product"}],"replies":[{"embeddable":true,"href":"https:\/\/comprasyconsejos.store\/en\/wp-json\/wp\/v2\/comments?post=38595"}],"version-history":[{"count":0,"href":"https:\/\/comprasyconsejos.store\/en\/wp-json\/wp\/v2\/product\/38595\/revisions"}],"wp:featuredmedia":[{"embeddable":true,"href":"https:\/\/comprasyconsejos.store\/en\/wp-json\/wp\/v2\/media\/38596"}],"wp:attachment":[{"href":"https:\/\/comprasyconsejos.store\/en\/wp-json\/wp\/v2\/media?parent=38595"}],"wp:term":[{"taxonomy":"product_brand","embeddable":true,"href":"https:\/\/comprasyconsejos.store\/en\/wp-json\/wp\/v2\/product_brand?post=38595"},{"taxonomy":"product_cat","embeddable":true,"href":"https:\/\/comprasyconsejos.store\/en\/wp-json\/wp\/v2\/product_cat?post=38595"},{"taxonomy":"product_tag","embeddable":true,"href":"https:\/\/comprasyconsejos.store\/en\/wp-json\/wp\/v2\/product_tag?post=38595"}],"curies":[{"name":"wp","href":"https:\/\/api.w.org\/{rel}","templated":true}]}}