{"id":38603,"date":"2026-03-07T03:26:54","date_gmt":"2026-03-07T03:26:54","guid":{"rendered":"https:\/\/comprasyconsejos.store\/product\/cpu-gpu-cooling-fan-for-laptop-an517-41-52-an515-55-56-ph315-53-4-pins-dc-5v-0-5a\/"},"modified":"2026-03-07T03:27:00","modified_gmt":"2026-03-07T03:27:00","slug":"cpu-gpu-cooling-fan-for-laptop-an517-41-52-an515-55-56-ph315-53-4-pins-dc-5v-0-5a","status":"publish","type":"product","link":"https:\/\/comprasyconsejos.store\/en\/product\/cpu-gpu-cooling-fan-for-laptop-an517-41-52-an515-55-56-ph315-53-4-pins-dc-5v-0-5a\/","title":{"rendered":"CPU\/GPU Cooling Fan for Laptop AN517 41\/52, AN515 55\/56, PH315 53-4 Pins, DC 5V 0.5A"},"content":{"rendered":"<p>Price: <span style=\"color:#b12704\">\u20ac17.43<\/span><br \/><i><small>(as of Mar 07, 2026 03:26:54 UTC &#8211; <span class=\"wp_automatic_amazon_disclaimer\" title=\"Product prices and availability are accurate as of the date\/time indicated and are subject to change. Any price and availability information displayed on [relevant Amazon Site(s), as applicable] at the time of purchase will apply to the purchase of this product.\">Details<\/span>)<\/small><\/i><\/p>\n<p><a href=\"https:\/\/amazon.es\/dp\/B0BS9QMWCR?tag=man008-21\"><img decoding=\"async\" src=\"https:\/\/valvepress.s3.amazonaws.com\/imgs\/buy_now.png\"><\/a><br \/>\n<\/p>\n<p>                                             Product Description   <\/p>\n<p>                                                                             <img decoding=\"async\" alt=\"2612220322511-1\" src=\"https:\/\/images-na.ssl-images-amazon.com\/images\/G\/01\/x-locale\/common\/grey-pixel.gif\" class=\"a-spacing-base a-lazy-loaded\" data-src=\"https:\/\/m.media-amazon.com\/images\/S\/aplus-media-library-service-media\/470fd17b-92a3-4d05-80f3-3b46c85d6433.__CR0,0,970,600_PT0_SX970_V1___.jpg\"><img decoding=\"async\" alt=\"2612220322511-1\" src=\"https:\/\/m.media-amazon.com\/images\/S\/aplus-media-library-service-media\/470fd17b-92a3-4d05-80f3-3b46c85d6433.__CR0,0,970,600_PT0_SX970_V1___.jpg\">                                         <\/p>\n<h3 class=\"a-spacing-mini\"> Ventilador de CPU para ordenador port\u00e1til, 4 pines, GPU para AN517 41 AN517 52 AN515 55 PH315 53 AN515 56 DC 5V 0.5A (ventilador de CPU) <\/h3>\n<p>                                                  <img decoding=\"async\" alt=\"YT\" src=\"https:\/\/images-na.ssl-images-amazon.com\/images\/G\/01\/x-locale\/common\/grey-pixel.gif\" class=\"a-lazy-loaded\" data-src=\"https:\/\/m.media-amazon.com\/images\/S\/aplus-media-library-service-media\/7299946e-0fb2-480e-a176-2be7c313703a.__CR0,0,300,300_PT0_SX300_V1___.jpg\"><img decoding=\"async\" alt=\"YT\" src=\"https:\/\/m.media-amazon.com\/images\/S\/aplus-media-library-service-media\/7299946e-0fb2-480e-a176-2be7c313703a.__CR0,0,300,300_PT0_SX300_V1___.jpg\">  <\/p>\n<p> Modelos aplicables: Dise\u00f1ado para ventiladores AN517 41 AN517 52 AN515 55 PH315 53 AN515 56, reemplazo perfecto para partes da\u00f1adas de su port\u00e1til. <\/p>\n<p> Conector de alimentaci\u00f3n de 4 pines: Ventilador de PC con conector de alimentaci\u00f3n de 4 pines para mejorar la disipaci\u00f3n de calor y reducir la temperatura en funcionamiento continuo <\/p>\n<p> F\u00e1cil de conectar: El ventilador de la computadora port\u00e1til es f\u00e1cil de conectar, f\u00e1cil de usar, f\u00e1cil de usar, f\u00e1cil de instalar y quitar <\/p>\n<p class=\"apm-text-center\">\n                                                      <img decoding=\"async\" alt=\"1\" src=\"https:\/\/images-na.ssl-images-amazon.com\/images\/G\/01\/x-locale\/common\/grey-pixel.gif\" class=\"a-spacing-mini a-lazy-loaded\" data-src=\"https:\/\/m.media-amazon.com\/images\/S\/aplus-media-library-service-media\/b6da456a-3dbc-41d1-9a4b-aab455cda643.__CR0,0,300,300_PT0_SX300_V1___.jpg\"><img decoding=\"async\" alt=\"1\" src=\"https:\/\/m.media-amazon.com\/images\/S\/aplus-media-library-service-media\/b6da456a-3dbc-41d1-9a4b-aab455cda643.__CR0,0,300,300_PT0_SX300_V1___.jpg\">  <\/p>\n<p class=\"apm-text-center\">\n                                                      <img decoding=\"async\" alt=\"2612220322511-2\" src=\"https:\/\/images-na.ssl-images-amazon.com\/images\/G\/01\/x-locale\/common\/grey-pixel.gif\" class=\"a-spacing-mini a-lazy-loaded\" data-src=\"https:\/\/m.media-amazon.com\/images\/S\/aplus-media-library-service-media\/38fd6ed0-eb38-4b7d-8c22-07ac6d01986c.__CR0,0,300,300_PT0_SX300_V1___.jpg\"><img decoding=\"async\" alt=\"2612220322511-2\" src=\"https:\/\/m.media-amazon.com\/images\/S\/aplus-media-library-service-media\/38fd6ed0-eb38-4b7d-8c22-07ac6d01986c.__CR0,0,300,300_PT0_SX300_V1___.jpg\">  <\/p>\n<p class=\"apm-text-center\">\n                                                      <img decoding=\"async\" alt=\"2612220322511-3\" src=\"https:\/\/images-na.ssl-images-amazon.com\/images\/G\/01\/x-locale\/common\/grey-pixel.gif\" class=\"a-spacing-mini a-lazy-loaded\" data-src=\"https:\/\/m.media-amazon.com\/images\/S\/aplus-media-library-service-media\/05aa27c4-6a11-45d0-8cc6-4442a8ce8d8c.__CR0,0,300,300_PT0_SX300_V1___.jpg\"><img decoding=\"async\" alt=\"2612220322511-3\" src=\"https:\/\/m.media-amazon.com\/images\/S\/aplus-media-library-service-media\/05aa27c4-6a11-45d0-8cc6-4442a8ce8d8c.__CR0,0,300,300_PT0_SX300_V1___.jpg\">  <\/p>\n<p class=\"apm-text-center\">\n                                                      <img decoding=\"async\" alt=\"1\" src=\"https:\/\/images-na.ssl-images-amazon.com\/images\/G\/01\/x-locale\/common\/grey-pixel.gif\" class=\"a-spacing-mini a-lazy-loaded\" data-src=\"https:\/\/m.media-amazon.com\/images\/S\/aplus-media-library-service-media\/a3c65489-cae7-43f4-8a01-f786f9193fac.__CR0,0,300,300_PT0_SX300_V1___.jpg\"><img decoding=\"async\" alt=\"1\" src=\"https:\/\/m.media-amazon.com\/images\/S\/aplus-media-library-service-media\/a3c65489-cae7-43f4-8a01-f786f9193fac.__CR0,0,300,300_PT0_SX300_V1___.jpg\">  <\/p>\n<p class=\"apm-text-center\">\n                                                      <img decoding=\"async\" alt=\"2612220322511-2\" src=\"https:\/\/images-na.ssl-images-amazon.com\/images\/G\/01\/x-locale\/common\/grey-pixel.gif\" class=\"a-spacing-mini a-lazy-loaded\" data-src=\"https:\/\/m.media-amazon.com\/images\/S\/aplus-media-library-service-media\/9d689fe0-e72f-41d0-8a80-d35fed2d2c87.__CR0,0,300,300_PT0_SX300_V1___.jpg\"><img decoding=\"async\" alt=\"2612220322511-2\" src=\"https:\/\/m.media-amazon.com\/images\/S\/aplus-media-library-service-media\/9d689fe0-e72f-41d0-8a80-d35fed2d2c87.__CR0,0,300,300_PT0_SX300_V1___.jpg\">  <\/p>\n<p class=\"apm-text-center\">\n                                                      <img decoding=\"async\" alt=\"2612220322511-3\" src=\"https:\/\/images-na.ssl-images-amazon.com\/images\/G\/01\/x-locale\/common\/grey-pixel.gif\" class=\"a-spacing-mini a-lazy-loaded\" data-src=\"https:\/\/m.media-amazon.com\/images\/S\/aplus-media-library-service-media\/b5f3c1c0-ad91-4cef-a186-2d2896df9736.__CR0,0,300,300_PT0_SX300_V1___.jpg\"><img decoding=\"async\" alt=\"2612220322511-3\" src=\"https:\/\/m.media-amazon.com\/images\/S\/aplus-media-library-service-media\/b5f3c1c0-ad91-4cef-a186-2d2896df9736.__CR0,0,300,300_PT0_SX300_V1___.jpg\">  <\/p>\n<p> Especificaciones: <\/p>\n<p> Tipo: Ventilador para port\u00e1til <\/p>\n<p> Material: Aleaci\u00f3n de aluminio, ABS <\/p>\n<p> Conector de alimentaci\u00f3n: 4 pines <\/p>\n<p> Voltaje de DC 5V 0.5A <\/p>\n<p> Modelos aplicables: Para AN517 41 AN517 52 AN515 55 PH315 53 AN515 56 <\/p>\n<\/p>\n<p> Uso: <\/p>\n<p> Instalar para usar <\/p>\n<\/p>\n<p> Contenido del paquete: <\/p>\n<p> Ventilador de refrigeraci\u00f3n de CPU <\/p>\n<p> o Ventilador GPU <\/p>\n<p> o Ventilador de CPU <\/p>\n<p> Ventilador de GPU <\/p>\n<\/p>\n<p> Package Dimensions                                            \u200f                                            :                                            \u200e                                            11.3 x 9.8 x 2.7 cm; 70 g   <br \/> Manufacturer                                            \u200f                                            :                                            \u200e                                            Zunate   <br \/> ASIN                                            \u200f                                            :                                            \u200e                                            B0BS9QMWCR   <br \/> Item model number                                            \u200f                                            :                                            \u200e                                            Zunatepxue6o0y2i-11   <br \/> Country\/Region of Origin                                            \u200f                                            :                                            \u200e                                            China   <br \/> Guaranteed software updates until                                            \u200f                                            :                                            \u200e                                            unknown   <br \/>  Customer reviews:                                                                                            4.2               4.2 out of 5 stars                                  (17)                                              var dpAcrHasRegisteredArcLinkClickAction;                    P.when(&#8216;A&#8217;, &#8216;ready&#8217;).execute(function(A) {                        if (dpAcrHasRegisteredArcLinkClickAction !== true) {                            dpAcrHasRegisteredArcLinkClickAction = true;                            A.declarative(                                &#8216;acrLink-click-metrics&#8217;, &#8216;click&#8217;,                                { \u00aballowLinkDefault\u00bb: true },                                function (event) {                                    if (window.ue) {                                        ue.count(\u00abacrLinkClickCount\u00bb, (ue.count(\u00abacrLinkClickCount\u00bb) || 0) + 1);                                    }                                }                            );                        }                    });                                             P.when(&#8216;A&#8217;, &#8216;cf&#8217;).execute(function(A) {                A.declarative(&#8216;acrStarsLink-click-metrics&#8217;, &#8216;click&#8217;, { \u00aballowLinkDefault\u00bb : true },  function(event){                    if(window.ue) {                        ue.count(\u00abacrStarsLinkWithPopoverClickCount\u00bb, (ue.count(\u00abacrStarsLinkWithPopoverClickCount\u00bb) || 0) + 1);                    }                });            });                          <\/p>\n<p>4 PIN POWER CONNECTOR &#8211; PC cooling fan with 4-pin power connector to improve heat dissipation and reduce temperature during continuous operation<br \/>Improve Efficiency The cooling fan is small and lightweight, this cooling fan can help reduce the load of the laptop and improve the efficiency of the laptop.<br \/>Easy to connect: laptop cooling fan is easy to connect, easy to operate, easy to use, easy to install and remove<br \/>Aluminum &#038; ABS &#8211; The PC cooling fan is made of aluminum and ABS material, which is strong and durable, not easy to damage, and has a long service life<br \/>Applicable models: Designed for AN517 41 AN517 52 AN515 55 PH315 53 AN515 56 cooling fan, perfect replacement for the damaged parts of your laptop.<\/p>\n\n","protected":false},"excerpt":{"rendered":"<p> Product Description Ventilador de CPU para ordenador port\u00e1til, 4 pines, GPU para AN517 41 AN517<\/p>","protected":false},"featured_media":38604,"comment_status":"open","ping_status":"closed","template":"","meta":[],"product_brand":[],"product_cat":[66],"product_tag":[11600,2008,11598,11597,2010,989,2002,2014,1997,2016,5201,910,2006,159,11599,5507,1999,2012,2004],"class_list":{"0":"post-38603","1":"product","2":"type-product","3":"status-publish","4":"has-post-thumbnail","6":"product_cat-cpu-fan","7":"product_tag-0-5a","8":"product_tag-amd-cpu-cooler","9":"product_tag-an515","10":"product_tag-an517","11":"product_tag-best-cpu-fan","12":"product_tag-cooling","13":"product_tag-cpu-air-cooler","14":"product_tag-cpu-cooling-fan","15":"product_tag-cpu-fan","16":"product_tag-cpu-fan-price","17":"product_tag-cpugpu","18":"product_tag-fan","19":"product_tag-intel-cpu-fan","20":"product_tag-laptop","21":"product_tag-ph315","22":"product_tag-pins","23":"product_tag-processor-fan","24":"product_tag-quiet-cpu-cooler","25":"product_tag-rgb-cpu-cooler","27":"first","28":"instock","29":"shipping-taxable","30":"product-type-external"},"_links":{"self":[{"href":"https:\/\/comprasyconsejos.store\/en\/wp-json\/wp\/v2\/product\/38603","targetHints":{"allow":["GET"]}}],"collection":[{"href":"https:\/\/comprasyconsejos.store\/en\/wp-json\/wp\/v2\/product"}],"about":[{"href":"https:\/\/comprasyconsejos.store\/en\/wp-json\/wp\/v2\/types\/product"}],"replies":[{"embeddable":true,"href":"https:\/\/comprasyconsejos.store\/en\/wp-json\/wp\/v2\/comments?post=38603"}],"version-history":[{"count":0,"href":"https:\/\/comprasyconsejos.store\/en\/wp-json\/wp\/v2\/product\/38603\/revisions"}],"wp:featuredmedia":[{"embeddable":true,"href":"https:\/\/comprasyconsejos.store\/en\/wp-json\/wp\/v2\/media\/38604"}],"wp:attachment":[{"href":"https:\/\/comprasyconsejos.store\/en\/wp-json\/wp\/v2\/media?parent=38603"}],"wp:term":[{"taxonomy":"product_brand","embeddable":true,"href":"https:\/\/comprasyconsejos.store\/en\/wp-json\/wp\/v2\/product_brand?post=38603"},{"taxonomy":"product_cat","embeddable":true,"href":"https:\/\/comprasyconsejos.store\/en\/wp-json\/wp\/v2\/product_cat?post=38603"},{"taxonomy":"product_tag","embeddable":true,"href":"https:\/\/comprasyconsejos.store\/en\/wp-json\/wp\/v2\/product_tag?post=38603"}],"curies":[{"name":"wp","href":"https:\/\/api.w.org\/{rel}","templated":true}]}}