{"id":38611,"date":"2026-03-07T03:35:22","date_gmt":"2026-03-07T03:35:22","guid":{"rendered":"https:\/\/comprasyconsejos.store\/product\/joyusing-14mp-hd-document-scanner-portable-scanner-capture-a3-size-intelligent-ocr-in-multiple-languages-convert-to-pdf-word-txt-excel-on-windows-and-pdf-on-mac\/"},"modified":"2026-03-07T03:35:23","modified_gmt":"2026-03-07T03:35:23","slug":"joyusing-14mp-hd-document-scanner-portable-scanner-capture-a3-size-intelligent-ocr-in-multiple-languages-convert-to-pdf-word-txt-excel-on-windows-and-pdf-on-mac","status":"publish","type":"product","link":"https:\/\/comprasyconsejos.store\/en\/product\/joyusing-14mp-hd-document-scanner-portable-scanner-capture-a3-size-intelligent-ocr-in-multiple-languages-convert-to-pdf-word-txt-excel-on-windows-and-pdf-on-mac\/","title":{"rendered":"JOYUSING 14MP HD Document Scanner, Portable Scanner Capture A3 Size, Intelligent OCR in Multiple Languages, Convert to PDF\/Word\/TXT\/Excel on Windows and PDF on Mac"},"content":{"rendered":"<p>Price: <span style=\"color:#b12704\">\u20ac289.00<\/span><br \/><i><small>(as of Mar 07, 2026 03:35:22 UTC &#8211; <span class=\"wp_automatic_amazon_disclaimer\" title=\"Product prices and availability are accurate as of the date\/time indicated and are subject to change. Any price and availability information displayed on [relevant Amazon Site(s), as applicable] at the time of purchase will apply to the purchase of this product.\">Details<\/span>)<\/small><\/i><\/p>\n<p><a href=\"https:\/\/amazon.es\/dp\/B08XQ3Y4QD?tag=man008-21\"><img decoding=\"async\" src=\"https:\/\/valvepress.s3.amazonaws.com\/imgs\/buy_now.png\"><\/a><br \/>\n<\/p>\n<p>                                             From the brand   <\/p>\n<p>                                              <img decoding=\"async\" alt=\"JOYUSING Esc\u00e1ner de Libros y Documentos\" src=\"https:\/\/images-na.ssl-images-amazon.com\/images\/G\/01\/x-locale\/common\/grey-pixel.gif\" class=\"a-lazy-loaded\" data-src=\"https:\/\/m.media-amazon.com\/images\/S\/aplus-media-library-service-media\/e24294f2-79fe-4824-a7dd-75514d0aa697.__CR0,0,1464,625_PT0_SX1464_V1___.jpg\"><img decoding=\"async\" alt=\"JOYUSING Esc\u00e1ner de Libros y Documentos\" src=\"https:\/\/m.media-amazon.com\/images\/S\/aplus-media-library-service-media\/e24294f2-79fe-4824-a7dd-75514d0aa697.__CR0,0,1464,625_PT0_SX1464_V1___.jpg\">  <\/p>\n<p>                                              <img decoding=\"async\" alt=\"\" src=\"https:\/\/images-na.ssl-images-amazon.com\/images\/G\/01\/x-locale\/common\/grey-pixel.gif\" class=\"a-lazy-loaded\" data-src=\"https:\/\/m.media-amazon.com\/images\/S\/aplus-media-library-service-media\/f18d27e3-ec75-417c-9ed0-5e5b5d695c03.__CR0,0,315,145_PT0_SX315_V1___.jpg\"><img decoding=\"async\" alt=\"\" src=\"https:\/\/m.media-amazon.com\/images\/S\/aplus-media-library-service-media\/f18d27e3-ec75-417c-9ed0-5e5b5d695c03.__CR0,0,315,145_PT0_SX315_V1___.jpg\">  <\/p>\n<p> JOYUSING TECH Visi\u00f3n: Conectar mundo con productos y soluciones visuales innovadoras en entornos de negocio y educaci\u00f3n. QUI\u00c9NES SOMOS Joyusing Tech, fabricante profesional e innovador de materiales educativos y de oficina. Como suministrador global, ofrece productos, soluciones y servicios para ense\u00f1anza en aula, salas de conferencias, trabajo gubernamental, atenci\u00f3n m\u00e9dica, presentaci\u00f3n de pruebas judiciales y aprendizaje a distancia. <\/p>\n<p>                                              <img decoding=\"async\" alt=\" JOYUSING Esc\u00e1ner de Libros y Documentos Port\u00e1til\" src=\"https:\/\/images-na.ssl-images-amazon.com\/images\/G\/01\/x-locale\/common\/grey-pixel.gif\" class=\"a-lazy-loaded\" data-src=\"https:\/\/m.media-amazon.com\/images\/S\/aplus-media-library-service-media\/75f1257e-72c3-4219-9ae4-923bd37d61da.__CR0,23,463,579_PT0_SX362_V1___.jpg\"><img decoding=\"async\" alt=\" JOYUSING Esc\u00e1ner de Libros y Documentos Port\u00e1til\" src=\"https:\/\/m.media-amazon.com\/images\/S\/aplus-media-library-service-media\/75f1257e-72c3-4219-9ae4-923bd37d61da.__CR0,23,463,579_PT0_SX362_V1___.jpg\">  <\/p>\n<p>                                              <img decoding=\"async\" alt=\"Esc\u00e1ner de libros y documentos de 16 MP\" src=\"https:\/\/images-na.ssl-images-amazon.com\/images\/G\/01\/x-locale\/common\/grey-pixel.gif\" class=\"a-lazy-loaded\" data-src=\"https:\/\/m.media-amazon.com\/images\/S\/aplus-media-library-service-media\/00d9d967-a5e9-451a-84e0-6dd13868bd73.__CR0,23,463,579_PT0_SX362_V1___.jpg\"><img decoding=\"async\" alt=\"Esc\u00e1ner de libros y documentos de 16 MP\" src=\"https:\/\/m.media-amazon.com\/images\/S\/aplus-media-library-service-media\/00d9d967-a5e9-451a-84e0-6dd13868bd73.__CR0,23,463,579_PT0_SX362_V1___.jpg\">  <\/p>\n<p>                                              <img decoding=\"async\" alt=\" JOYUSING V160Pro Esc\u00e1ner de Libros y Documentos\" src=\"https:\/\/images-na.ssl-images-amazon.com\/images\/G\/01\/x-locale\/common\/grey-pixel.gif\" class=\"a-lazy-loaded\" data-src=\"https:\/\/m.media-amazon.com\/images\/S\/aplus-media-library-service-media\/318b405a-9234-4d09-923f-033898efa41d.__CR0,23,463,579_PT0_SX362_V1___.jpg\"><img decoding=\"async\" alt=\" JOYUSING V160Pro Esc\u00e1ner de Libros y Documentos\" src=\"https:\/\/m.media-amazon.com\/images\/S\/aplus-media-library-service-media\/318b405a-9234-4d09-923f-033898efa41d.__CR0,23,463,579_PT0_SX362_V1___.jpg\">  <\/p>\n<p> Product Dimensions                                            \u200f                                            :                                            \u200e                                            8 x 11.2 x 33.5 cm; 1.68 kg   <br \/> Manufacturer                                            \u200f                                            :                                            \u200e                                            Joyusing Tech   <br \/> ASIN                                            \u200f                                            :                                            \u200e                                            B08XQ3Y4QD   <br \/> Item model number                                            \u200f                                            :                                            \u200e                                            L140   <br \/> Guaranteed software updates until                                            \u200f                                            :                                            \u200e                                            unknown   <br \/>  Customer reviews:                                                                                            3.4               3.4 out of 5 stars                                  (116)                                              var dpAcrHasRegisteredArcLinkClickAction;                    P.when(&#8216;A&#8217;, &#8216;ready&#8217;).execute(function(A) {                        if (dpAcrHasRegisteredArcLinkClickAction !== true) {                            dpAcrHasRegisteredArcLinkClickAction = true;                            A.declarative(                                &#8216;acrLink-click-metrics&#8217;, &#8216;click&#8217;,                                { \u00aballowLinkDefault\u00bb: true },                                function (event) {                                    if (window.ue) {                                        ue.count(\u00abacrLinkClickCount\u00bb, (ue.count(\u00abacrLinkClickCount\u00bb) || 0) + 1);                                    }                                }                            );                        }                    });                                             P.when(&#8216;A&#8217;, &#8216;cf&#8217;).execute(function(A) {                A.declarative(&#8216;acrStarsLink-click-metrics&#8217;, &#8216;click&#8217;, { \u00aballowLinkDefault\u00bb : true },  function(event){                    if(window.ue) {                        ue.count(\u00abacrStarsLinkWithPopoverClickCount\u00bb, (ue.count(\u00abacrStarsLinkWithPopoverClickCount\u00bb) || 0) + 1);                    }                });            });                          <\/p>\n<p>Come ottenere il software: 1. Visit the website of Joyusing di Google \u00abJoyusing\u00bb, click su SUPPORT &#8211; Download Center\u00bb. 2. Seleziona il modello del tuo device. 3. Scegli il software giusto per il tuo computer. In caso di domande, per favore contattaci tramite Amazon Message, saremo sempre qui per aiutarti.<br \/>Portable Design 14MP HD Document Scanner, Ultra-fast scanning less than 3 seconds \/ page, scanning up to A3 in size.<br \/>Only one USB cable is available. System: conversion to PDF\/Word\/Txt\/Excel on Windows and PDF on Mac<br \/>Approved by 3-level LED lights, the document scanner can work even in low-light environments<br \/>Note: Before scanning the books, remember to place the black pad first.<\/p>\n\n","protected":false},"excerpt":{"rendered":"<p> From the brand JOYUSING TECH Visi\u00f3n: Conectar mundo con productos y soluciones visuales innovadoras en<\/p>","protected":false},"featured_media":38612,"comment_status":"open","ping_status":"closed","template":"","meta":[],"product_brand":[],"product_cat":[60],"product_tag":[11601,1990,4794,11602,1996,1982,1989,1983,1986,3102,10787,9437,774,241,6803,1987,6244,11603,1984,290,1985,840,1991,1359,1988,537],"class_list":{"0":"post-38611","1":"product","2":"type-product","3":"status-publish","4":"has-post-thumbnail","6":"product_cat-scanners","7":"product_tag-14mp","8":"product_tag-best-scanner","9":"product_tag-capture","10":"product_tag-convert","11":"product_tag-document","12":"product_tag-document-scanner","13":"product_tag-fast-document-scanner","14":"product_tag-flatbed-scanner","15":"product_tag-high-resolution-scanner","16":"product_tag-intelligent","17":"product_tag-joyusing","18":"product_tag-languages","19":"product_tag-mac","20":"product_tag-multiple","21":"product_tag-ocr","22":"product_tag-office-scanner","23":"product_tag-pdf","24":"product_tag-pdfwordtxtexcel","25":"product_tag-photo-scanner","26":"product_tag-portable","27":"product_tag-portable-scanner","28":"product_tag-scanner","29":"product_tag-scanner-price","30":"product_tag-size","31":"product_tag-usb-scanner","32":"product_tag-windows","34":"first","35":"instock","36":"shipping-taxable","37":"product-type-external"},"_links":{"self":[{"href":"https:\/\/comprasyconsejos.store\/en\/wp-json\/wp\/v2\/product\/38611","targetHints":{"allow":["GET"]}}],"collection":[{"href":"https:\/\/comprasyconsejos.store\/en\/wp-json\/wp\/v2\/product"}],"about":[{"href":"https:\/\/comprasyconsejos.store\/en\/wp-json\/wp\/v2\/types\/product"}],"replies":[{"embeddable":true,"href":"https:\/\/comprasyconsejos.store\/en\/wp-json\/wp\/v2\/comments?post=38611"}],"version-history":[{"count":0,"href":"https:\/\/comprasyconsejos.store\/en\/wp-json\/wp\/v2\/product\/38611\/revisions"}],"wp:featuredmedia":[{"embeddable":true,"href":"https:\/\/comprasyconsejos.store\/en\/wp-json\/wp\/v2\/media\/38612"}],"wp:attachment":[{"href":"https:\/\/comprasyconsejos.store\/en\/wp-json\/wp\/v2\/media?parent=38611"}],"wp:term":[{"taxonomy":"product_brand","embeddable":true,"href":"https:\/\/comprasyconsejos.store\/en\/wp-json\/wp\/v2\/product_brand?post=38611"},{"taxonomy":"product_cat","embeddable":true,"href":"https:\/\/comprasyconsejos.store\/en\/wp-json\/wp\/v2\/product_cat?post=38611"},{"taxonomy":"product_tag","embeddable":true,"href":"https:\/\/comprasyconsejos.store\/en\/wp-json\/wp\/v2\/product_tag?post=38611"}],"curies":[{"name":"wp","href":"https:\/\/api.w.org\/{rel}","templated":true}]}}