{"id":38619,"date":"2026-03-07T03:56:05","date_gmt":"2026-03-07T03:56:05","guid":{"rendered":"https:\/\/comprasyconsejos.store\/product\/handheld-portable-inkjet-printer-with-4-3-inch-led-touch-screen-high-definition-codes\/"},"modified":"2026-03-07T03:56:18","modified_gmt":"2026-03-07T03:56:18","slug":"handheld-portable-inkjet-printer-with-4-3-inch-led-touch-screen-high-definition-codes","status":"publish","type":"product","link":"https:\/\/comprasyconsejos.store\/en\/product\/handheld-portable-inkjet-printer-with-4-3-inch-led-touch-screen-high-definition-codes\/","title":{"rendered":"Handheld Portable Inkjet Printer With 4.3 Inch LED Touch Screen &#8211; High Definition Codes"},"content":{"rendered":"<p>Price: <span style=\"color:#b12704\">\u20ac175.49<\/span><br \/><i><small>(as of Mar 07, 2026 03:56:06 UTC &#8211; <span class=\"wp_automatic_amazon_disclaimer\" title=\"Product prices and availability are accurate as of the date\/time indicated and are subject to change. Any price and availability information displayed on [relevant Amazon Site(s), as applicable] at the time of purchase will apply to the purchase of this product.\">Details<\/span>)<\/small><\/i><\/p>\n<p><a href=\"https:\/\/amazon.es\/dp\/B0CRGMS1JS?tag=man008-21\"><img decoding=\"async\" src=\"https:\/\/valvepress.s3.amazonaws.com\/imgs\/buy_now.png\"><\/a><br \/>\n<\/p>\n<p>                                             Product Description   <\/p>\n<p>                                                                             <img decoding=\"async\" alt=\"OS4746EU-1\" src=\"https:\/\/images-na.ssl-images-amazon.com\/images\/G\/01\/x-locale\/common\/grey-pixel.gif\" class=\"a-spacing-base a-lazy-loaded\" data-src=\"https:\/\/m.media-amazon.com\/images\/S\/aplus-media-library-service-media\/2d753809-e90b-493e-9bcb-158e375ba3c7.__CR0,0,970,600_PT0_SX970_V1___.jpg\"><img decoding=\"async\" alt=\"OS4746EU-1\" src=\"https:\/\/m.media-amazon.com\/images\/S\/aplus-media-library-service-media\/2d753809-e90b-493e-9bcb-158e375ba3c7.__CR0,0,970,600_PT0_SX970_V1___.jpg\">                                         <\/p>\n<h3 class=\"a-spacing-mini\"> Impresora de inyecci\u00f3n de tinta de mano,Impresora de mano Impresora de inyecci\u00f3n de tinta port\u00e1til Impresora de c\u00f3digos de inyecci\u00f3n de tinta de alta definici\u00f3n con pantalla t\u00e1ctil LED de 4,3 pulgadas <\/h3>\n<p>                                                  <img decoding=\"async\" alt=\"YT\" src=\"https:\/\/images-na.ssl-images-amazon.com\/images\/G\/01\/x-locale\/common\/grey-pixel.gif\" class=\"a-lazy-loaded\" data-src=\"https:\/\/m.media-amazon.com\/images\/S\/aplus-media-library-service-media\/5340b598-ae49-49ca-89b7-7c2677e3aae2.__CR0,0,300,300_PT0_SX300_V1___.jpg\"><img decoding=\"async\" alt=\"YT\" src=\"https:\/\/m.media-amazon.com\/images\/S\/aplus-media-library-service-media\/5340b598-ae49-49ca-89b7-7c2677e3aae2.__CR0,0,300,300_PT0_SX300_V1___.jpg\">  <\/p>\n<p>Cartucho de tinta de: se adopta un cartucho de tinta importado original, que es de secado r\u00e1pido, con fuerte adherencia, impermeable, ign\u00edfugo y resistente a la fricci\u00f3n. Gran acidad, puede imprimir alrededor de 300.000 caracteres. <\/p>\n<p>Impresora de inyecci\u00f3n de tinta inteligente: impresi\u00f3n de alta definici\u00f3n de 600 DPI, altura de fuente de 2-12,7 cm, efecto de imagen de restauraci\u00f3n real. Chip integrado de alto rendimiento, procesamiento de gr\u00e1ficos r\u00e1pido, estable y no atascado. <\/p>\n<p>Amplia aplicaci\u00f3n: puede imprimir n\u00fameros, c\u00f3digos de barras, marcas comerciales, palabras, fechas y etiquetas en cart\u00f3n, vidrio, cer\u00e1mica, cable, pl\u00e1stico, tuber\u00eda, material de aluminio, etc. <\/p>\n<p class=\"apm-text-center\">\n                                                      <img decoding=\"async\" alt=\"1\" src=\"https:\/\/images-na.ssl-images-amazon.com\/images\/G\/01\/x-locale\/common\/grey-pixel.gif\" class=\"a-spacing-mini a-lazy-loaded\" data-src=\"https:\/\/m.media-amazon.com\/images\/S\/aplus-media-library-service-media\/604921f2-287f-4592-8278-0b068de31f90.__CR0,0,300,300_PT0_SX300_V1___.jpg\"><img decoding=\"async\" alt=\"1\" src=\"https:\/\/m.media-amazon.com\/images\/S\/aplus-media-library-service-media\/604921f2-287f-4592-8278-0b068de31f90.__CR0,0,300,300_PT0_SX300_V1___.jpg\">  <\/p>\n<p class=\"apm-text-center\">\n                                                      <img decoding=\"async\" alt=\"OS4746EU-2\" src=\"https:\/\/images-na.ssl-images-amazon.com\/images\/G\/01\/x-locale\/common\/grey-pixel.gif\" class=\"a-spacing-mini a-lazy-loaded\" data-src=\"https:\/\/m.media-amazon.com\/images\/S\/aplus-media-library-service-media\/76ce8153-c385-4575-bff9-f474e5570360.__CR0,0,300,300_PT0_SX300_V1___.jpg\"><img decoding=\"async\" alt=\"OS4746EU-2\" src=\"https:\/\/m.media-amazon.com\/images\/S\/aplus-media-library-service-media\/76ce8153-c385-4575-bff9-f474e5570360.__CR0,0,300,300_PT0_SX300_V1___.jpg\">  <\/p>\n<p class=\"apm-text-center\">\n                                                      <img decoding=\"async\" alt=\"OS4746EU-3\" src=\"https:\/\/images-na.ssl-images-amazon.com\/images\/G\/01\/x-locale\/common\/grey-pixel.gif\" class=\"a-spacing-mini a-lazy-loaded\" data-src=\"https:\/\/m.media-amazon.com\/images\/S\/aplus-media-library-service-media\/09b01405-857f-47a6-a6d2-2ab4e4004790.__CR0,0,300,300_PT0_SX300_V1___.jpg\"><img decoding=\"async\" alt=\"OS4746EU-3\" src=\"https:\/\/m.media-amazon.com\/images\/S\/aplus-media-library-service-media\/09b01405-857f-47a6-a6d2-2ab4e4004790.__CR0,0,300,300_PT0_SX300_V1___.jpg\">  <\/p>\n<p>1. Impresora inteligente de inyecci\u00f3n de tinta: impresi\u00f3n de alta definici\u00f3n de 600 ppi, altura de fuente de 2-12.7 cm, efecto de imagen de restauraci\u00f3n real. Chip integrado de alto rendimiento, procesamiento de gr\u00e1ficos r\u00e1pidos, estable y no atascado. <\/p>\n<p>2. Pantalla t\u00e1ctil HD: pantalla t\u00e1ctil de 4.3 pulgadas, interfaz actualizada, operaci\u00f3n simple, funci\u00f3n potente. Con 20 idiomas, que se pueden cambiar a voluntad para satisfacer las necesidades de diferentes clientes. <\/p>\n<p>3. Cartucho de tinta: se adopta el cartucho de tinta importado, que es secado r\u00e1pido, con una fuerte adhesi\u00f3n, inicio de fuego y prueba de fricci\u00f3n. Gran capacidad, puede imprimir 300,000 caracteres. <\/p>\n<p>4. Bater\u00eda de gran capacidad: construida en una bater\u00eda desmontable y recargable de 1500 mAh, con cargador, una vez que la carga completa puede usar 7-8 horas, duraci\u00f3n de la bater\u00eda larga, ahorro de energ\u00eda y conservaci\u00f3n ambiental. <\/p>\n<p>5. Aplicaci\u00f3n amplia: puede imprimir n\u00fameros, c\u00f3digos de barras, marcas registradas, palabras, fechas y etiqueta de cart\u00f3n, cer\u00e1mica, cable, pl\u00e1stico, tuber\u00eda, material de aluminio, etc. <\/p>\n<p>Especificaci\u00f3n: <\/p>\n<p>Presupuesto: <\/p>\n<p>Material: ABS + PC <\/p>\n<p>Tama\u00f1o de la pantalla: 4.3 pulgadas <\/p>\n<p>Altura de impresi\u00f3n: 2-12.7 mm <\/p>\n<p>Distancia de impresi\u00f3n: 2-5 mm <\/p>\n<p>Resoluci\u00f3n de impresi\u00f3n: 600 ppi <\/p>\n<p>Contenido de impresi\u00f3n: texto, hora, n\u00famero de lotes, n\u00famero de serie, c\u00f3digo QR, c\u00f3digo de barras <\/p>\n<p>Velocidad de impresi\u00f3n: 50m\/min <\/p>\n<p>Capacidad del cartucho: 45 ml <\/p>\n<p>Color de tinta: negro <\/p>\n<p>Interfaz externa: USB, interfaz fotoel\u00e9ctrica <\/p>\n<p>Potencia de salida: DC 16.8V <\/p>\n<p>Bater\u00eda: Bater\u00eda incorporada en 1500 mAh <\/p>\n<p>Idioma: chino simplificado, tradicional chino, ingl\u00e9s, ruso, japon\u00e9s, alem\u00e1n, franc\u00e9s, coreano, italiano, polaco, holand\u00e9s, finland\u00e9s, \u00e1rabe, dan\u00e9s, checo, sueco, vietnamita, griego, turco, espa\u00f1ol <\/p>\n<p>Tama\u00f1o de la impresora: 23.8 * 12 * 6cm\/ 9.4 * 4.7 * 2.4in <\/p>\n<p>Peso de la impresora: 1062g\/2.3lbs <\/p>\n<p>Lista de embalaje: <\/p>\n<p>1 * Impresora de inyecci\u00f3n de tinta con bater\u00eda  <\/p>\n<p>1 * Cartucho de tinta  <\/p>\n<p>1 * cargador  <\/p>\n<p>1 * posicionador  <\/p>\n<p>1 * Manual del usuario <\/p>\n<p>1*U-Disk <\/p>\n<p>Nota: <\/p>\n<p>1. No conecte\/elimine el cartucho de tinta o establezca par\u00e1metros cuando la m\u00e1quina est\u00e1 en impresi\u00f3n. Cuando la m\u00e1quina est\u00e1 en impresi\u00f3n, cualquier operaci\u00f3n da\u00f1ar\u00e1 la placa central. <\/p>\n<p>2. Si la m\u00e1quina termina funcionando o no funciona durante m\u00e1s de 10 minutos, elimine los cartuchos de tinta a la vez y limite para evitar que la boquilla se seca al aire. <\/p>\n<p>3. Si el inyecci\u00f3n de tinta no est\u00e1 claro y no puede ser expulsado, puede ser que el cartucho de tinta est\u00e9 expuesto al aire durante mucho tiempo y la boquilla est\u00e1 bloqueada. Es normal. Use una toalla de papel suave para bloquear la boquilla y agitarla vigorosamente, y l\u00edmpiela en la direcci\u00f3n de la boquilla. <\/p>\n<p>4. Impreso en una superficie lisa, como el vidrio, f\u00e1cil de borrar. <\/p>\n<p> Product Dimensions                                            \u200f                                            :                                            \u200e                                            34 x 26 x 18 cm; 1.55 kg   <br \/> Manufacturer                                            \u200f                                            :                                            \u200e                                            Irfora   <br \/> ASIN                                            \u200f                                            :                                            \u200e                                            B0CRGMS1JS   <br \/> Item model number                                            \u200f                                            :                                            \u200e                                            TYLAKESOS4746EU   <br \/> Country\/Region of Origin                                            \u200f                                            :                                            \u200e                                            China   <br \/> Guaranteed software updates until                                            \u200f                                            :                                            \u200e                                            unknown   <br \/>  Customer reviews:                                                                                            4.0               4.0 out of 5 stars                                  (1)                                              var dpAcrHasRegisteredArcLinkClickAction;                    P.when(&#8216;A&#8217;, &#8216;ready&#8217;).execute(function(A) {                        if (dpAcrHasRegisteredArcLinkClickAction !== true) {                            dpAcrHasRegisteredArcLinkClickAction = true;                            A.declarative(                                &#8216;acrLink-click-metrics&#8217;, &#8216;click&#8217;,                                { \u00aballowLinkDefault\u00bb: true },                                function (event) {                                    if (window.ue) {                                        ue.count(\u00abacrLinkClickCount\u00bb, (ue.count(\u00abacrLinkClickCount\u00bb) || 0) + 1);                                    }                                }                            );                        }                    });                                             P.when(&#8216;A&#8217;, &#8216;cf&#8217;).execute(function(A) {                A.declarative(&#8216;acrStarsLink-click-metrics&#8217;, &#8216;click&#8217;, { \u00aballowLinkDefault\u00bb : true },  function(event){                    if(window.ue) {                        ue.count(\u00abacrStarsLinkWithPopoverClickCount\u00bb, (ue.count(\u00abacrStarsLinkWithPopoverClickCount\u00bb) || 0) + 1);                    }                });            });                          <\/p>\n<p>Smart Inkjet Printer &#8211; 600 DPI high-definition printing, 2-12.7cm font height, real restoration image effect. Built-in high-performance chip, fast graphics processing, stable system and not stuck.<br \/>HD Touch Screen: 4.3 inch touch screen, improved interface, simple and smooth operation, powerful function. With 20 languages, which can be changed at will to meet the needs of different customers.<br \/>High Quality Ink Cartridge &#8211; Original imported ink cartridge is adopted, which is quick-drying, with strong adhesion, waterproof, fireproof and friction-resistant. High acity, can print about 300,000 characters.<br \/>\u3010Large Battery ACITY\u3011Built-in 2500mAh rechargeable and detachable battery, with charger, once full charge can use 10 hours, long battery life, energy saving and environmental protection.<br \/>Wide Application It can print numbers, barcodes, trademarks, words, dates and labels on cardboard, glass, ceramic, cable, plastic, pipe, aluminum material, etc.<\/p>\n\n","protected":false},"excerpt":{"rendered":"<p> Product Description Impresora de inyecci\u00f3n de tinta de mano,Impresora de mano Impresora de inyecci\u00f3n de<\/p>","protected":false},"featured_media":38620,"comment_status":"open","ping_status":"closed","template":"","meta":[],"product_brand":[],"product_cat":[57],"product_tag":[2140,2134,11605,2126,6278,2490,197,2129,584,1953,1961,2145,2142,428,2143,2132,290,1962,842,515,2136],"class_list":{"0":"post-38619","1":"product","2":"type-product","3":"status-publish","4":"has-post-thumbnail","6":"product_cat-inkjet-printers","7":"product_tag-best-inkjet-printer","8":"product_tag-cheap-inkjet-printer","9":"product_tag-codes","10":"product_tag-color-inkjet-printer","11":"product_tag-definition","12":"product_tag-handheld","13":"product_tag-high","14":"product_tag-home-inkjet-printer","15":"product_tag-inch","16":"product_tag-ink-tank-printer","17":"product_tag-inkjet","18":"product_tag-inkjet-printer","19":"product_tag-inkjet-printer-price","20":"product_tag-led","21":"product_tag-office-inkjet-printer","22":"product_tag-photo-inkjet-printer","23":"product_tag-portable","24":"product_tag-printer","25":"product_tag-screen","26":"product_tag-touch","27":"product_tag-wireless-inkjet-printer","29":"first","30":"instock","31":"shipping-taxable","32":"product-type-external"},"_links":{"self":[{"href":"https:\/\/comprasyconsejos.store\/en\/wp-json\/wp\/v2\/product\/38619","targetHints":{"allow":["GET"]}}],"collection":[{"href":"https:\/\/comprasyconsejos.store\/en\/wp-json\/wp\/v2\/product"}],"about":[{"href":"https:\/\/comprasyconsejos.store\/en\/wp-json\/wp\/v2\/types\/product"}],"replies":[{"embeddable":true,"href":"https:\/\/comprasyconsejos.store\/en\/wp-json\/wp\/v2\/comments?post=38619"}],"version-history":[{"count":0,"href":"https:\/\/comprasyconsejos.store\/en\/wp-json\/wp\/v2\/product\/38619\/revisions"}],"wp:featuredmedia":[{"embeddable":true,"href":"https:\/\/comprasyconsejos.store\/en\/wp-json\/wp\/v2\/media\/38620"}],"wp:attachment":[{"href":"https:\/\/comprasyconsejos.store\/en\/wp-json\/wp\/v2\/media?parent=38619"}],"wp:term":[{"taxonomy":"product_brand","embeddable":true,"href":"https:\/\/comprasyconsejos.store\/en\/wp-json\/wp\/v2\/product_brand?post=38619"},{"taxonomy":"product_cat","embeddable":true,"href":"https:\/\/comprasyconsejos.store\/en\/wp-json\/wp\/v2\/product_cat?post=38619"},{"taxonomy":"product_tag","embeddable":true,"href":"https:\/\/comprasyconsejos.store\/en\/wp-json\/wp\/v2\/product_tag?post=38619"}],"curies":[{"name":"wp","href":"https:\/\/api.w.org\/{rel}","templated":true}]}}