{"id":38657,"date":"2026-03-07T04:50:01","date_gmt":"2026-03-07T04:50:01","guid":{"rendered":"https:\/\/comprasyconsejos.store\/product\/benq-bl2420pt-monitor-designeraqcolor-technology-23-8-inch-2k-wqhd-1440p-srgb-rec-709\/"},"modified":"2026-03-07T04:50:07","modified_gmt":"2026-03-07T04:50:07","slug":"benq-bl2420pt-monitor-designeraqcolor-technology-23-8-inch-2k-wqhd-1440p-srgb-rec-709","status":"publish","type":"product","link":"https:\/\/comprasyconsejos.store\/en\/product\/benq-bl2420pt-monitor-designeraqcolor-technology-23-8-inch-2k-wqhd-1440p-srgb-rec-709\/","title":{"rendered":"BenQ BL2420PT Monitor Designer(AQCOLOR Technology, 23.8 Inch, 2K WQHD 1440P, sRGB\/Rec.709)"},"content":{"rendered":"<p>Price: <span style=\"color:#b12704\">\u20ac149.99<\/span><br \/><i><small>(as of Mar 07, 2026 04:50:01 UTC &#8211; <span class=\"wp_automatic_amazon_disclaimer\" title=\"Product prices and availability are accurate as of the date\/time indicated and are subject to change. Any price and availability information displayed on [relevant Amazon Site(s), as applicable] at the time of purchase will apply to the purchase of this product.\">Details<\/span>)<\/small><\/i><\/p>\n<p><a href=\"https:\/\/amazon.es\/dp\/B00UAMYTR8?tag=man008-21\"><img decoding=\"async\" src=\"https:\/\/valvepress.s3.amazonaws.com\/imgs\/buy_now.png\"><\/a><br \/>\n<\/p>\n<p>                                             From the manufacturer   <\/p>\n<p>                                                                                                       <img decoding=\"async\" alt=\"bl2420pt\" src=\"https:\/\/images-na.ssl-images-amazon.com\/images\/G\/01\/x-locale\/common\/grey-pixel.gif\" class=\"a-lazy-loaded\" data-src=\"https:\/\/m.media-amazon.com\/images\/S\/aplus-media-library-service-media\/e8df63e9-233f-4116-9d05-bce3bcfe98f1.__CR0,0,1464,600_PT0_SX1464_V1___.jpg\"><img decoding=\"async\" alt=\"bl2420pt\" src=\"https:\/\/m.media-amazon.com\/images\/S\/aplus-media-library-service-media\/e8df63e9-233f-4116-9d05-bce3bcfe98f1.__CR0,0,1464,600_PT0_SX1464_V1___.jpg\">                                               <\/p>\n<p>                                                                                                       <img decoding=\"async\" alt=\"bl2420pt\" src=\"https:\/\/images-na.ssl-images-amazon.com\/images\/G\/01\/x-locale\/common\/grey-pixel.gif\" class=\"a-lazy-loaded\" data-src=\"https:\/\/m.media-amazon.com\/images\/S\/aplus-media-library-service-media\/5c131056-6add-4b24-bfd2-22cd5630f378.__CR0,0,1464,600_PT0_SX1464_V1___.jpg\"><img decoding=\"async\" alt=\"bl2420pt\" src=\"https:\/\/m.media-amazon.com\/images\/S\/aplus-media-library-service-media\/5c131056-6add-4b24-bfd2-22cd5630f378.__CR0,0,1464,600_PT0_SX1464_V1___.jpg\">                                                                                                                  <\/p>\n<p class=\"aplus-p2 aplus-module-2-description\"> La tecnolog\u00eda AQCOLOR de BenQ aporta a la labor creativa la certificaci\u00f3n de color Technicolor y colores optimizados calibrados en f\u00e1brica. AQCOLOR ofrece una precisi\u00f3n de color superior que alcanza una cobertura del 100 % de sRGB y Rec. 709. <\/p>\n<p>                                                                                                       <img decoding=\"async\" alt=\"bl2420pt\" src=\"https:\/\/images-na.ssl-images-amazon.com\/images\/G\/01\/x-locale\/common\/grey-pixel.gif\" class=\"a-lazy-loaded\" data-src=\"https:\/\/m.media-amazon.com\/images\/S\/aplus-media-library-service-media\/77d5dcac-7172-48fb-b9b5-64af6fdeb937.__CR0,0,1464,600_PT0_SX1464_V1___.jpg\"><img decoding=\"async\" alt=\"bl2420pt\" src=\"https:\/\/m.media-amazon.com\/images\/S\/aplus-media-library-service-media\/77d5dcac-7172-48fb-b9b5-64af6fdeb937.__CR0,0,1464,600_PT0_SX1464_V1___.jpg\">                                                                                    Colores profesionales del 100 % de sRGB y Rec. 709                                        <\/p>\n<p class=\"aplus-p2 aplus-module-2-description\"> Este monitor hace posible trabajar al 100 % con los espacios de color sRGB y Rec. 709 calibrados en f\u00e1brica y con la certificaci\u00f3n de color Technicolor, lo que permite reproducir con precisi\u00f3n m\u00e1s de mil millones de vibrantes colores en la pantalla. <\/p>\n<p>                                                                                              <img decoding=\"async\" alt=\"bl2420pt\" src=\"https:\/\/images-na.ssl-images-amazon.com\/images\/G\/01\/x-locale\/common\/grey-pixel.gif\" class=\"a-lazy-loaded\" data-src=\"https:\/\/m.media-amazon.com\/images\/S\/aplus-media-library-service-media\/47417de7-28f7-4222-8aac-09bc7d1d5645.__CR0,4,650,350_PT0_SX650_V1___.jpg\"><img decoding=\"async\" alt=\"bl2420pt\" src=\"https:\/\/m.media-amazon.com\/images\/S\/aplus-media-library-service-media\/47417de7-28f7-4222-8aac-09bc7d1d5645.__CR0,4,650,350_PT0_SX650_V1___.jpg\">                                            CAD\/CAM                                          <\/p>\n<p class=\"aplus-p3\"> El revolucionario modo CAD\/CAM ofrece un contraste superior en las l\u00edneas de color 3D. Permite distinguir claramente los detalles en wireframes de objetos complicados y alterar el color del monitor para no volver a perderse ni una l\u00ednea. <\/p>\n<p>                                           <img decoding=\"async\" alt=\"bl2420pt\" src=\"https:\/\/images-na.ssl-images-amazon.com\/images\/G\/01\/x-locale\/common\/grey-pixel.gif\" class=\"a-lazy-loaded\" data-src=\"https:\/\/m.media-amazon.com\/images\/S\/aplus-media-library-service-media\/49da7cc1-5e93-4673-80ab-aefb7817bad8.__CR0,6,650,350_PT0_SX650_V1___.jpg\"><img decoding=\"async\" alt=\"bl2420pt\" src=\"https:\/\/m.media-amazon.com\/images\/S\/aplus-media-library-service-media\/49da7cc1-5e93-4673-80ab-aefb7817bad8.__CR0,6,650,350_PT0_SX650_V1___.jpg\">                                            Animaci\u00f3n                                         <\/p>\n<p class=\"aplus-p3\"> El modo de animaci\u00f3n mejora los detalles de las sombras oscuras para poder refinar las creaciones sin esfuerzo, mientras que las zonas que no requieren esta funci\u00f3n permanecen inalteradas. <\/p>\n<p>                                                                                              <img decoding=\"async\" alt=\"bl2420pt\" src=\"https:\/\/images-na.ssl-images-amazon.com\/images\/G\/01\/x-locale\/common\/grey-pixel.gif\" class=\"a-lazy-loaded\" data-src=\"https:\/\/m.media-amazon.com\/images\/S\/aplus-media-library-service-media\/ec8a0444-a384-4302-ae87-211d79310251.__CR0,12,650,350_PT0_SX650_V1___.jpg\"><img decoding=\"async\" alt=\"bl2420pt\" src=\"https:\/\/m.media-amazon.com\/images\/S\/aplus-media-library-service-media\/ec8a0444-a384-4302-ae87-211d79310251.__CR0,12,650,350_PT0_SX650_V1___.jpg\">                                            Regulaci\u00f3n en altura                                         <\/p>\n<p class=\"aplus-p3\"> La ergonom\u00eda desempe\u00f1a un papel muy importante en la productividad. Es esencial poder regular el monitor a la altura adecuada para trabajar c\u00f3modamente. <\/p>\n<p>                                           <img decoding=\"async\" alt=\"bl2420pt\" src=\"https:\/\/images-na.ssl-images-amazon.com\/images\/G\/01\/x-locale\/common\/grey-pixel.gif\" class=\"a-lazy-loaded\" data-src=\"https:\/\/m.media-amazon.com\/images\/S\/aplus-media-library-service-media\/3f10c688-5381-4b7d-9135-22368cee0ce9.__CR0,12,650,350_PT0_SX650_V1___.jpg\"><img decoding=\"async\" alt=\"bl2420pt\" src=\"https:\/\/m.media-amazon.com\/images\/S\/aplus-media-library-service-media\/3f10c688-5381-4b7d-9135-22368cee0ce9.__CR0,12,650,350_PT0_SX650_V1___.jpg\">                                            Flicker-Free                                         <\/p>\n<p class=\"aplus-p3\"> La tecnolog\u00eda de retroalimentaci\u00f3n estable evita los efectos nocivos del parpadeo que cansan y da\u00f1an la vista. <\/p>\n<p> Is discontinued by manufacturer                                            \u200f                                            :                                            \u200e                                            No   <br \/> Language                                            \u200f                                            :                                            \u200e                                            English   <br \/> Product Dimensions                                            \u200f                                            :                                            \u200e                                            20.67 x 22.17 x 9.41 cm; 7 kg   <br \/> Manufacturer                                            \u200f                                            :                                            \u200e                                            Benq   <br \/> ASIN                                            \u200f                                            :                                            \u200e                                            B00UAMYTR8   <br \/> Item model number                                            \u200f                                            :                                            \u200e                                            BL2420PT   <br \/> Guaranteed software updates until                                            \u200f                                            :                                            \u200e                                            unknown   <br \/>  Customer reviews:                                                                                            4.5               4.5 out of 5 stars                                  (2,640)                                              var dpAcrHasRegisteredArcLinkClickAction;                    P.when(&#8216;A&#8217;, &#8216;ready&#8217;).execute(function(A) {                        if (dpAcrHasRegisteredArcLinkClickAction !== true) {                            dpAcrHasRegisteredArcLinkClickAction = true;                            A.declarative(                                &#8216;acrLink-click-metrics&#8217;, &#8216;click&#8217;,                                { \u00aballowLinkDefault\u00bb: true },                                function (event) {                                    if (window.ue) {                                        ue.count(\u00abacrLinkClickCount\u00bb, (ue.count(\u00abacrLinkClickCount\u00bb) || 0) + 1);                                    }                                }                            );                        }                    });                                             P.when(&#8216;A&#8217;, &#8216;cf&#8217;).execute(function(A) {                A.declarative(&#8216;acrStarsLink-click-metrics&#8217;, &#8216;click&#8217;, { \u00aballowLinkDefault\u00bb : true },  function(event){                    if(window.ue) {                        ue.count(\u00abacrStarsLinkWithPopoverClickCount\u00bb, (ue.count(\u00abacrStarsLinkWithPopoverClickCount\u00bb) || 0) + 1);                    }                });            });                          <\/p>\n<p>23.8&#8243; IPS LED Monitor with 2560 x 1440 QHD Resolution<br \/>100% sRGB and Rec color space. 709<br \/>CAD\/CAM mode and Animation mode enable detailed and accurate design<br \/>Complete ergonomics: Adjustable in height, swivel, tilt<br \/>Eye-Care technology with Low Blue Light and Flicker-free<\/p>\n\n","protected":false},"excerpt":{"rendered":"<p> From the manufacturer La tecnolog\u00eda AQCOLOR de BenQ aporta a la labor creativa la certificaci\u00f3n<\/p>","protected":false},"featured_media":38658,"comment_status":"open","ping_status":"closed","template":"","meta":[],"product_brand":[],"product_cat":[52,54],"product_tag":[1295,1817,1822,1819,1821,1816,1824,5658,1823,11613,1825,11614,584,1820,844,1818,11615,385,2099],"class_list":{"0":"post-38657","1":"product","2":"type-product","3":"status-publish","4":"has-post-thumbnail","6":"product_cat-2k-monitors","7":"product_cat-curved-monitors","8":"product_tag-1440p","9":"product_tag-1440p-monitor","10":"product_tag-144hz-2k-monitor","11":"product_tag-27-inch-2k-monitor","12":"product_tag-2k-gaming-monitor","13":"product_tag-2k-monitor","14":"product_tag-2k-monitor-price","15":"product_tag-benq","16":"product_tag-best-2k-monitor","17":"product_tag-bl2420pt","18":"product_tag-curved-2k-monitor","19":"product_tag-designeraqcolor","20":"product_tag-inch","21":"product_tag-ips-2k-monitor","22":"product_tag-monitor","23":"product_tag-qhd-monitor","24":"product_tag-srgbrec-709","25":"product_tag-technology","26":"product_tag-wqhd","28":"first","29":"instock","30":"shipping-taxable","31":"product-type-external"},"_links":{"self":[{"href":"https:\/\/comprasyconsejos.store\/en\/wp-json\/wp\/v2\/product\/38657","targetHints":{"allow":["GET"]}}],"collection":[{"href":"https:\/\/comprasyconsejos.store\/en\/wp-json\/wp\/v2\/product"}],"about":[{"href":"https:\/\/comprasyconsejos.store\/en\/wp-json\/wp\/v2\/types\/product"}],"replies":[{"embeddable":true,"href":"https:\/\/comprasyconsejos.store\/en\/wp-json\/wp\/v2\/comments?post=38657"}],"version-history":[{"count":0,"href":"https:\/\/comprasyconsejos.store\/en\/wp-json\/wp\/v2\/product\/38657\/revisions"}],"wp:featuredmedia":[{"embeddable":true,"href":"https:\/\/comprasyconsejos.store\/en\/wp-json\/wp\/v2\/media\/38658"}],"wp:attachment":[{"href":"https:\/\/comprasyconsejos.store\/en\/wp-json\/wp\/v2\/media?parent=38657"}],"wp:term":[{"taxonomy":"product_brand","embeddable":true,"href":"https:\/\/comprasyconsejos.store\/en\/wp-json\/wp\/v2\/product_brand?post=38657"},{"taxonomy":"product_cat","embeddable":true,"href":"https:\/\/comprasyconsejos.store\/en\/wp-json\/wp\/v2\/product_cat?post=38657"},{"taxonomy":"product_tag","embeddable":true,"href":"https:\/\/comprasyconsejos.store\/en\/wp-json\/wp\/v2\/product_tag?post=38657"}],"curies":[{"name":"wp","href":"https:\/\/api.w.org\/{rel}","templated":true}]}}