{"id":38713,"date":"2026-03-07T07:33:08","date_gmt":"2026-03-07T07:33:08","guid":{"rendered":"https:\/\/comprasyconsejos.store\/product\/nzxt-h5-flow-rgb-compact-atx-mid-tower-case-for-gaming-pc-high-airflow-rgb-f360-cv-fan-included-360mm-front-and-top-240mm-radiator-bracket-white\/"},"modified":"2026-03-07T07:33:13","modified_gmt":"2026-03-07T07:33:13","slug":"nzxt-h5-flow-rgb-compact-atx-mid-tower-case-for-gaming-pc-high-airflow-rgb-f360-cv-fan-included-360mm-front-and-top-240mm-radiator-bracket-white","status":"publish","type":"product","link":"https:\/\/comprasyconsejos.store\/en\/product\/nzxt-h5-flow-rgb-compact-atx-mid-tower-case-for-gaming-pc-high-airflow-rgb-f360-cv-fan-included-360mm-front-and-top-240mm-radiator-bracket-white\/","title":{"rendered":"NZXT H5 Flow RGB &#8211; Compact ATX Mid-Tower Case for Gaming PC &#8211; High Airflow &#8211; RGB F360 (CV) Fan Included &#8211; 360mm Front and Top 240mm Radiator Bracket &#8211; White"},"content":{"rendered":"<p>Price: <span style=\"color:#b12704\"><del>\u20ac95.89<\/del> - \u20ac84.99<\/span><br \/><i><small>(as of Mar 07, 2026 07:33:08 UTC &#8211; <span class=\"wp_automatic_amazon_disclaimer\" title=\"Product prices and availability are accurate as of the date\/time indicated and are subject to change. Any price and availability information displayed on [relevant Amazon Site(s), as applicable] at the time of purchase will apply to the purchase of this product.\">Details<\/span>)<\/small><\/i><\/p>\n<p><a href=\"https:\/\/amazon.es\/dp\/B0D2MJG9WJ?tag=man008-21\"><img decoding=\"async\" src=\"https:\/\/valvepress.s3.amazonaws.com\/imgs\/buy_now.png\"><\/a><br \/>\n<\/p>\n<p>                                             From the brand   <\/p>\n<p>                                              <img decoding=\"async\" alt=\"aplus content image\" src=\"https:\/\/images-na.ssl-images-amazon.com\/images\/G\/01\/x-locale\/common\/grey-pixel.gif\" class=\"a-lazy-loaded\" data-src=\"https:\/\/m.media-amazon.com\/images\/S\/aplus-media-library-service-media\/71b87ffb-b3ed-4e5e-90b1-ccba18870c7f.__CR0,0,1464,625_PT0_SX1464_V1___.png\"><img decoding=\"async\" alt=\"aplus content image\" src=\"https:\/\/m.media-amazon.com\/images\/S\/aplus-media-library-service-media\/71b87ffb-b3ed-4e5e-90b1-ccba18870c7f.__CR0,0,1464,625_PT0_SX1464_V1___.png\">  <\/p>\n<p>                                              <img decoding=\"async\" alt=\"El texto dice: \u00abDesde 2004, NZXT se ha comprometido a hacer que el juego sea m\u00e1s accesible para todos. Simplicidad Dise\u00f1os limpios y minimalistas que encajan en cualquier lugar. Gama simplificada de productos de alto rendimiento. Garant\u00edas completas y soporte experto y amable. &amp;#39;\" src=\"https:\/\/images-na.ssl-images-amazon.com\/images\/G\/01\/x-locale\/common\/grey-pixel.gif\" class=\"a-lazy-loaded\" data-src=\"https:\/\/m.media-amazon.com\/images\/S\/aplus-media-library-service-media\/5c979a15-6df2-45f3-a145-70bc8c3e26ec.__CR1,0,722,904_PT0_SX362_V1___.png\"><img decoding=\"async\" alt=\"El texto dice: \u00abDesde 2004, NZXT se ha comprometido a hacer que el juego sea m\u00e1s accesible para todos. Simplicidad Dise\u00f1os limpios y minimalistas que encajan en cualquier lugar. Gama simplificada de productos de alto rendimiento. Garant\u00edas completas y soporte experto y amable. &amp;#39;\" src=\"https:\/\/m.media-amazon.com\/images\/S\/aplus-media-library-service-media\/5c979a15-6df2-45f3-a145-70bc8c3e26ec.__CR1,0,722,904_PT0_SX362_V1___.png\">  <\/p>\n<p>                                              <img decoding=\"async\" alt=\"aplus content image\" src=\"https:\/\/images-na.ssl-images-amazon.com\/images\/G\/01\/x-locale\/common\/grey-pixel.gif\" class=\"a-lazy-loaded\" data-src=\"https:\/\/m.media-amazon.com\/images\/S\/aplus-media-library-service-media\/0343e19b-5d02-4a3e-b99f-b4eedb2efe47.__CR1,0,723,905_PT0_SX362_V1___.png\"><img decoding=\"async\" alt=\"aplus content image\" src=\"https:\/\/m.media-amazon.com\/images\/S\/aplus-media-library-service-media\/0343e19b-5d02-4a3e-b99f-b4eedb2efe47.__CR1,0,723,905_PT0_SX362_V1___.png\">  <\/p>\n<h3> PC Components <\/h3>\n<h3> Gaming Gear <\/h3>\n<p>                                              <img decoding=\"async\" alt=\"Interior de sala de estar moderno y minimalista con TV y altavoces montados en la pared, con una combinaci\u00f3n de colores gris y blanco.\" src=\"https:\/\/images-na.ssl-images-amazon.com\/images\/G\/01\/x-locale\/common\/grey-pixel.gif\" class=\"a-lazy-loaded\" data-src=\"https:\/\/m.media-amazon.com\/images\/S\/aplus-media-library-service-media\/6277ee38-0c26-4b84-83da-8600f38c6d39.__CR1,0,723,905_PT0_SX362_V1___.png\"><img decoding=\"async\" alt=\"Interior de sala de estar moderno y minimalista con TV y altavoces montados en la pared, con una combinaci\u00f3n de colores gris y blanco.\" src=\"https:\/\/m.media-amazon.com\/images\/S\/aplus-media-library-service-media\/6277ee38-0c26-4b84-83da-8600f38c6d39.__CR1,0,723,905_PT0_SX362_V1___.png\">  <\/p>\n<p> Product Dimensions                                            \u200f                                            :                                            \u200e                                            43 x 22.5 x 46.51 cm; 7.48 kg   <br \/> Manufacturer                                            \u200f                                            :                                            \u200e                                            NZXT   <br \/> ASIN                                            \u200f                                            :                                            \u200e                                            B0D2MJG9WJ   <br \/> Item model number                                            \u200f                                            :                                            \u200e                                            CC-H52FW-R1   <br \/> Country\/Region of Origin                                            \u200f                                            :                                            \u200e                                            China   <br \/> Guaranteed software updates until                                            \u200f                                            :                                            \u200e                                            unknown   <br \/>  Customer reviews:                                                                                            4.7               4.7 out of 5 stars                                  (2,875)                                              var dpAcrHasRegisteredArcLinkClickAction;                    P.when(&#8216;A&#8217;, &#8216;ready&#8217;).execute(function(A) {                        if (dpAcrHasRegisteredArcLinkClickAction !== true) {                            dpAcrHasRegisteredArcLinkClickAction = true;                            A.declarative(                                &#8216;acrLink-click-metrics&#8217;, &#8216;click&#8217;,                                { \u00aballowLinkDefault\u00bb: true },                                function (event) {                                    if (window.ue) {                                        ue.count(\u00abacrLinkClickCount\u00bb, (ue.count(\u00abacrLinkClickCount\u00bb) || 0) + 1);                                    }                                }                            );                        }                    });                                             P.when(&#8216;A&#8217;, &#8216;cf&#8217;).execute(function(A) {                A.declarative(&#8216;acrStarsLink-click-metrics&#8217;, &#8216;click&#8217;, { \u00aballowLinkDefault\u00bb : true },  function(event){                    if(window.ue) {                        ue.count(\u00abacrStarsLinkWithPopoverClickCount\u00bb, (ue.count(\u00abacrStarsLinkWithPopoverClickCount\u00bb) || 0) + 1);                    }                });            });                          <\/p>\n<p>EXCEPTIONAL GPU COOLING &#8211; The power supply cover is perforated on the sides and bottom, allowing optimal air intake from two 120mm fans (not included).<br \/>GREAT RADIATOR MOUNT &#8211; Supports up to a 360mm radiator on the front and a 240mm radiator on top for powerful liquid cooling potential.<br \/>HIGH PERFORMANCE AIRFLOW &#8211; Ultra-fine mesh upper, front and panels creates maximum airflow and filters out dust.<br \/>PRE-INSTALLED FANS* &#8211; Equipped with a front-mounted single frame F360 RGB Core fan and a rear-mounted F120Q fan for strong cooling and lighting right out of the box. *Box Version (3 pin DC)<br \/>Seamless Cable Management &#8211; Route and hide cables effortlessly using the wide channels, hooks and straps.<\/p>\n\n","protected":false},"excerpt":{"rendered":"<p> From the brand PC Components Gaming Gear Product Dimensions \u200f : \u200e 43 x 22.5<\/p>","protected":false},"featured_media":38714,"comment_status":"open","ping_status":"closed","template":"","meta":[],"product_brand":[],"product_cat":[74],"product_tag":[4605,3399,1374,1370,1458,1364,1371,1441,994,1004,1367,11625,910,4398,1911,617,1363,197,415,1365,1375,1369,5427,1362,5204,885,1366,1368,2696,205],"class_list":{"0":"post-38713","1":"product","2":"type-product","3":"status-publish","4":"has-post-thumbnail","6":"product_cat-cases","7":"product_tag-240mm","8":"product_tag-360mm","9":"product_tag-airflow","10":"product_tag-airflow-pc-case","11":"product_tag-atx","12":"product_tag-atx-case","13":"product_tag-best-pc-case","14":"product_tag-bracket","15":"product_tag-case","16":"product_tag-compact","17":"product_tag-computer-cabinet","18":"product_tag-f360","19":"product_tag-fan","20":"product_tag-flow","21":"product_tag-front","22":"product_tag-gaming","23":"product_tag-gaming-pc-case","24":"product_tag-high","25":"product_tag-included","26":"product_tag-mid-tower-case","27":"product_tag-midtower","28":"product_tag-mini-itx-case","29":"product_tag-nzxt","30":"product_tag-pc-case","31":"product_tag-radiator","32":"product_tag-rgb","33":"product_tag-rgb-pc-case","34":"product_tag-tempered-glass-case","35":"product_tag-top","36":"product_tag-white","38":"first","39":"instock","40":"sale","41":"shipping-taxable","42":"product-type-external"},"_links":{"self":[{"href":"https:\/\/comprasyconsejos.store\/en\/wp-json\/wp\/v2\/product\/38713","targetHints":{"allow":["GET"]}}],"collection":[{"href":"https:\/\/comprasyconsejos.store\/en\/wp-json\/wp\/v2\/product"}],"about":[{"href":"https:\/\/comprasyconsejos.store\/en\/wp-json\/wp\/v2\/types\/product"}],"replies":[{"embeddable":true,"href":"https:\/\/comprasyconsejos.store\/en\/wp-json\/wp\/v2\/comments?post=38713"}],"version-history":[{"count":0,"href":"https:\/\/comprasyconsejos.store\/en\/wp-json\/wp\/v2\/product\/38713\/revisions"}],"wp:featuredmedia":[{"embeddable":true,"href":"https:\/\/comprasyconsejos.store\/en\/wp-json\/wp\/v2\/media\/38714"}],"wp:attachment":[{"href":"https:\/\/comprasyconsejos.store\/en\/wp-json\/wp\/v2\/media?parent=38713"}],"wp:term":[{"taxonomy":"product_brand","embeddable":true,"href":"https:\/\/comprasyconsejos.store\/en\/wp-json\/wp\/v2\/product_brand?post=38713"},{"taxonomy":"product_cat","embeddable":true,"href":"https:\/\/comprasyconsejos.store\/en\/wp-json\/wp\/v2\/product_cat?post=38713"},{"taxonomy":"product_tag","embeddable":true,"href":"https:\/\/comprasyconsejos.store\/en\/wp-json\/wp\/v2\/product_tag?post=38713"}],"curies":[{"name":"wp","href":"https:\/\/api.w.org\/{rel}","templated":true}]}}