{"id":38721,"date":"2026-03-07T07:39:00","date_gmt":"2026-03-07T07:39:00","guid":{"rendered":"https:\/\/comprasyconsejos.store\/product\/tf-card-reader-for-iphone-ipad-micro-sd-card-adapter-lightning-ms-camera-reader-compatible-with-iphone-14-3-12-11-x-8-plus-8-7-plus-7-6s-plus-6s-ipad-mini-air\/"},"modified":"2026-03-07T07:39:00","modified_gmt":"2026-03-07T07:39:00","slug":"tf-card-reader-for-iphone-ipad-micro-sd-card-adapter-lightning-ms-camera-reader-compatible-with-iphone-14-3-12-11-x-8-plus-8-7-plus-7-6s-plus-6s-ipad-mini-air","status":"publish","type":"product","link":"https:\/\/comprasyconsejos.store\/en\/product\/tf-card-reader-for-iphone-ipad-micro-sd-card-adapter-lightning-ms-camera-reader-compatible-with-iphone-14-3-12-11-x-8-plus-8-7-plus-7-6s-plus-6s-ipad-mini-air\/","title":{"rendered":"TF Card Reader for iPhone iPad, Micro SD Card Adapter Lightning MS Camera Reader Compatible with iPhone 14\/3\/12\/11\/X\/8 Plus\/8\/7 Plus\/7\/6s Plus\/6s\/iPad Mini\/Air"},"content":{"rendered":"<p>Price: <span style=\"color:#b12704\">\u20ac11.88<\/span><br \/><i><small>(as of Mar 07, 2026 07:39:00 UTC &#8211; <span class=\"wp_automatic_amazon_disclaimer\" title=\"Product prices and availability are accurate as of the date\/time indicated and are subject to change. Any price and availability information displayed on [relevant Amazon Site(s), as applicable] at the time of purchase will apply to the purchase of this product.\">Details<\/span>)<\/small><\/i><\/p>\n<p><a href=\"https:\/\/amazon.es\/dp\/B0C88YLDLP?tag=man008-21\"><img decoding=\"async\" src=\"https:\/\/valvepress.s3.amazonaws.com\/imgs\/buy_now.png\"><\/a><br \/>\n<\/p>\n<p>                                             Product Description   <\/p>\n<p> MTAKYA Lector de Tarjeta Micro SD para iPhone iPad, Lector de Tarjeta de C\u00e1mara Adaptador de Lector de Tarjeta Micro SD Compatible con iPhone iPad <\/p>\n<p> La mejor manera de transferir fotos y v\u00eddeos a la c\u00e1mara en poco tiempo, desde la tarjeta de la c\u00e1mara digital a iPhone\/iPad, sin necesidad de aplicaci\u00f3n. <\/p>\n<p> 1.Comparte tus fotos y v\u00eddeos de tus c\u00e1maras profesionales en tus redes sociales. \u00a1Muy r\u00e1pido y f\u00e1cil! No se necesita m\u00e1s PC. <\/p>\n<p> 2. Bueno para los fot\u00f3grafos, ahorra tiempo mucho m\u00e1s r\u00e1pido que con WiFi: ahorra dinero en la funci\u00f3n WiFi extra de tu c\u00e1mara. <\/p>\n<p> 3: Copia la pel\u00edcula de la tarjeta SD a tu iPhone y iPad y m\u00edrala f\u00e1cilmente. <\/p>\n<p> 4: Importa fotos y v\u00eddeos de tu c\u00e1mara dom\u00e9stica (con tarjeta TF), aviones no tripulados (los que tienen tarjeta TF para grabar la vista). <\/p>\n<p> 5:Para los usuarios de iOS 13, tambi\u00e9n puede transferir fotos, v\u00eddeos, EXCEL, WORD, PDF, etc. entre la tarjeta SD y su iPhone\/iPad. <\/p>\n<p> Otras funciones: <\/p>\n<p> Comodidad: puedes ver fotos o v\u00eddeos antes de importar el iPhone\/iPad. <\/p>\n<p> Transmisi\u00f3n bidireccional: de la tarjeta TF al iPhone\/iPad y del iPhone\/iPad a la tarjeta TF. <\/p>\n<p>                                                                             <img decoding=\"async\" alt=\"iphone card reader\" src=\"https:\/\/images-na.ssl-images-amazon.com\/images\/G\/01\/x-locale\/common\/grey-pixel.gif\" class=\"a-spacing-base a-lazy-loaded\" data-src=\"https:\/\/m.media-amazon.com\/images\/S\/aplus-media-library-service-media\/0ef3b864-4080-4a45-9313-6723fee05015.__CR0,0,970,600_PT0_SX970_V1___.png\"><img decoding=\"async\" alt=\"iphone card reader\" src=\"https:\/\/m.media-amazon.com\/images\/S\/aplus-media-library-service-media\/0ef3b864-4080-4a45-9313-6723fee05015.__CR0,0,970,600_PT0_SX970_V1___.png\">                                                                    <\/p>\n<p> Package Dimensions                                            \u200f                                            :                                            \u200e                                            11.6 x 8.8 x 0.8 cm; 20 g   <br \/> Manufacturer                                            \u200f                                            :                                            \u200e                                            Mtakya   <br \/> ASIN                                            \u200f                                            :                                            \u200e                                            B0C88YLDLP   <br \/> Item model number                                            \u200f                                            :                                            \u200e                                            CFexpress Type A   <br \/> Guaranteed software updates until                                            \u200f                                            :                                            \u200e                                            unknown   <br \/>  Customer reviews:                                                                                            4.2               4.2 out of 5 stars                                  (180)                                              var dpAcrHasRegisteredArcLinkClickAction;                    P.when(&#8216;A&#8217;, &#8216;ready&#8217;).execute(function(A) {                        if (dpAcrHasRegisteredArcLinkClickAction !== true) {                            dpAcrHasRegisteredArcLinkClickAction = true;                            A.declarative(                                &#8216;acrLink-click-metrics&#8217;, &#8216;click&#8217;,                                { \u00aballowLinkDefault\u00bb: true },                                function (event) {                                    if (window.ue) {                                        ue.count(\u00abacrLinkClickCount\u00bb, (ue.count(\u00abacrLinkClickCount\u00bb) || 0) + 1);                                    }                                }                            );                        }                    });                                             P.when(&#8216;A&#8217;, &#8216;cf&#8217;).execute(function(A) {                A.declarative(&#8216;acrStarsLink-click-metrics&#8217;, &#8216;click&#8217;, { \u00aballowLinkDefault\u00bb : true },  function(event){                    if(window.ue) {                        ue.count(\u00abacrStarsLinkWithPopoverClickCount\u00bb, (ue.count(\u00abacrStarsLinkWithPopoverClickCount\u00bb) || 0) + 1);                    }                });            });                          <\/p>\n<p>\ud83c\udf08External Memory: Up to 128GB extra storage on iPhone, iPad and iPod. Micro SD card reader adapter for iPhone is compatible with Secure Digital TF (Mini and Micro SD) memory cards, supports the storage capacity of Micro SD cards less than 256GB (including 256GB).<br \/>\ud83c\udf08\u3010Plug and Play\u3011No app or computer required. You can take high-quality photos and videos anytime and anywhere and then transfer them to your phone or pad via SD\/TF card reader and share these wonderful moments with your family and friends.<br \/>\ud83c\udf08\u3010Portable Design\u3011You can carry it with your keychain or bag. Aluminum design, small enough for field work. Extend your device&#8217;s memory by disabling content. With this card reader, you can share photos or videos with your family or friends anytime, anywhere.<br \/>\ud83c\udf08PHOTO &#038; VIDEO FORATS &#8211; The memory card reader supports secure digital memory cards (SD and SDHC standard), as well as mini and micro SD cards (TF cards). The card reader supports standard photo formats (JPEG and RAW), as well as SD\/HD video formats (H.264 and MPEG-4). The SD card adapter is compatible with all phones running iOS 9.2 and above, as well as earpads with iOS 8.0 and above. For i0S 13 users, it can not only transfer photos and videos, but also PDF files EXCEL, WORD.<br \/>\ud83c\udf08Customer Support: If you have any questions about the SD\/TF card reader received, please contact us. Our team will reply you within 24 hours. We provide 24-hour online technical support for this iOS camera card reader adapter. 2-year hassle-free replacement warranty and lifetime customer service is available at any time.<\/p>\n\n","protected":false},"excerpt":{"rendered":"<p> Product Description MTAKYA Lector de Tarjeta Micro SD para iPhone iPad, Lector de Tarjeta de<\/p>","protected":false},"featured_media":38722,"comment_status":"open","ping_status":"closed","template":"","meta":[],"product_brand":[],"product_cat":[47],"product_tag":[11626,144,681,1420,1399,201,1411,162,147,1413,181,1407,1424,1409,11630,1415,1416,11629,11628,11627,1417,1421,1405,1403],"class_list":{"0":"post-38721","1":"product","2":"type-product","3":"status-publish","4":"has-post-thumbnail","6":"product_cat-card-readers","7":"product_tag-1431211x8","8":"product_tag-adapter","9":"product_tag-camera","10":"product_tag-card","11":"product_tag-card-reader","12":"product_tag-compatible","13":"product_tag-fast-card-reader","14":"product_tag-ipad","15":"product_tag-iphone","16":"product_tag-laptop-card-reader","17":"product_tag-lightning","18":"product_tag-memory-card-reader","19":"product_tag-micro","20":"product_tag-micro-sd-card-reader","21":"product_tag-miniair","22":"product_tag-multi-card-reader","23":"product_tag-otg-card-reader","24":"product_tag-plus6sipad","25":"product_tag-plus76s","26":"product_tag-plus87","27":"product_tag-portable-card-reader","28":"product_tag-reader","29":"product_tag-sd-card-reader","30":"product_tag-usb-card-reader","32":"first","33":"instock","34":"shipping-taxable","35":"product-type-external"},"_links":{"self":[{"href":"https:\/\/comprasyconsejos.store\/en\/wp-json\/wp\/v2\/product\/38721","targetHints":{"allow":["GET"]}}],"collection":[{"href":"https:\/\/comprasyconsejos.store\/en\/wp-json\/wp\/v2\/product"}],"about":[{"href":"https:\/\/comprasyconsejos.store\/en\/wp-json\/wp\/v2\/types\/product"}],"replies":[{"embeddable":true,"href":"https:\/\/comprasyconsejos.store\/en\/wp-json\/wp\/v2\/comments?post=38721"}],"version-history":[{"count":0,"href":"https:\/\/comprasyconsejos.store\/en\/wp-json\/wp\/v2\/product\/38721\/revisions"}],"wp:featuredmedia":[{"embeddable":true,"href":"https:\/\/comprasyconsejos.store\/en\/wp-json\/wp\/v2\/media\/38722"}],"wp:attachment":[{"href":"https:\/\/comprasyconsejos.store\/en\/wp-json\/wp\/v2\/media?parent=38721"}],"wp:term":[{"taxonomy":"product_brand","embeddable":true,"href":"https:\/\/comprasyconsejos.store\/en\/wp-json\/wp\/v2\/product_brand?post=38721"},{"taxonomy":"product_cat","embeddable":true,"href":"https:\/\/comprasyconsejos.store\/en\/wp-json\/wp\/v2\/product_cat?post=38721"},{"taxonomy":"product_tag","embeddable":true,"href":"https:\/\/comprasyconsejos.store\/en\/wp-json\/wp\/v2\/product_tag?post=38721"}],"curies":[{"name":"wp","href":"https:\/\/api.w.org\/{rel}","templated":true}]}}