{"id":38731,"date":"2026-03-07T09:45:38","date_gmt":"2026-03-07T09:45:38","guid":{"rendered":"https:\/\/comprasyconsejos.store\/product\/15-10-inch-android-tablet-24gb-ram-128gb-rom-up-to-1tb-octa-core-processor-1280x800-hd-ips-display-5mp-8mp-cameras-6000mah-battery-keyboard-mouse-widevine\/"},"modified":"2026-03-07T09:45:42","modified_gmt":"2026-03-07T09:45:42","slug":"15-10-inch-android-tablet-24gb-ram-128gb-rom-up-to-1tb-octa-core-processor-1280x800-hd-ips-display-5mp-8mp-cameras-6000mah-battery-keyboard-mouse-widevine","status":"publish","type":"product","link":"https:\/\/comprasyconsejos.store\/en\/product\/15-10-inch-android-tablet-24gb-ram-128gb-rom-up-to-1tb-octa-core-processor-1280x800-hd-ips-display-5mp-8mp-cameras-6000mah-battery-keyboard-mouse-widevine\/","title":{"rendered":"15.10 Inch Android Tablet: 24GB RAM + 128GB ROM (up to 1TB), Octa-Core Processor, 1280&#215;800 HD IPS Display, 5MP + 8MP Cameras, 6000mAh Battery, Keyboard, Mouse, Widevine"},"content":{"rendered":"<p>Price: <span style=\"color:#b12704\">\u20ac109.99<\/span><br \/><i><small>(as of Mar 07, 2026 09:45:38 UTC &#8211; <span class=\"wp_automatic_amazon_disclaimer\" title=\"Product prices and availability are accurate as of the date\/time indicated and are subject to change. Any price and availability information displayed on [relevant Amazon Site(s), as applicable] at the time of purchase will apply to the purchase of this product.\">Details<\/span>)<\/small><\/i><\/p>\n<p><a href=\"https:\/\/amazon.es\/dp\/B0FJ86R9V5?tag=man008-21\"><img decoding=\"async\" src=\"https:\/\/valvepress.s3.amazonaws.com\/imgs\/buy_now.png\"><\/a><br \/>\n<\/p>\n<p>                                             From the brand   <\/p>\n<p>                                              <img decoding=\"async\" alt=\"aplus content image\" src=\"https:\/\/images-na.ssl-images-amazon.com\/images\/G\/01\/x-locale\/common\/grey-pixel.gif\" class=\"a-lazy-loaded\" data-src=\"https:\/\/m.media-amazon.com\/images\/S\/aplus-media-library-service-media\/33f5e21c-736b-4c32-a023-144f655b943b.__CR0,0,1464,625_PT0_SX1464_V1___.jpg\"><img decoding=\"async\" alt=\"aplus content image\" src=\"https:\/\/m.media-amazon.com\/images\/S\/aplus-media-library-service-media\/33f5e21c-736b-4c32-a023-144f655b943b.__CR0,0,1464,625_PT0_SX1464_V1___.jpg\">  <\/p>\n<p>                                              <img decoding=\"async\" alt=\"\" src=\"https:\/\/images-na.ssl-images-amazon.com\/images\/G\/01\/x-locale\/common\/grey-pixel.gif\" class=\"a-lazy-loaded\" data-src=\"https:\/\/m.media-amazon.com\/images\/S\/aplus-media-library-service-media\/c2b89b52-e343-4872-8094-ee0652e887b4.__CR0,0,315,145_PT0_SX315_V1___.jpg\"><img decoding=\"async\" alt=\"\" src=\"https:\/\/m.media-amazon.com\/images\/S\/aplus-media-library-service-media\/c2b89b52-e343-4872-8094-ee0652e887b4.__CR0,0,315,145_PT0_SX315_V1___.jpg\">  <\/p>\n<p> Aobante persigue incansablemente la innovaci\u00f3n y se centra en el desarrollo de tabletas innovadoras y f\u00e1ciles de usar. Mejoramos constantemente la calidad y la eficiencia de nuestros productos para que todos los clientes est\u00e9n satisfechos. <\/p>\n<p> La tableta Android 15 recientemente actualizada ofrece a los usuarios una experiencia m\u00e1s fluida y eficiente, para que todos puedan disfrutar de la comodidad y la diversi\u00f3n del progreso tecnol\u00f3gico. <\/p>\n<h3> tablet <\/h3>\n<p> Batteries                                            \u200f                                            :                                            \u200e                                            1 9V batteries required. (included)   <br \/> Product Dimensions                                            \u200f                                            :                                            \u200e                                            22.4 x 12.6 x 0.8 cm; 1.43 kg   <br \/> Manufacturer                                            \u200f                                            :                                            \u200e                                            Aobante   <br \/> ASIN                                            \u200f                                            :                                            \u200e                                            B0FJ86R9V5   <br \/> Item model number                                            \u200f                                            :                                            \u200e                                            K30   <br \/> Country of origin                                            \u200f                                            :                                            \u200e                                            China   <br \/> Guaranteed software updates until                                            \u200f                                            :                                            \u200e                                            unknown   <br \/>  Customer reviews:                                                                                            4.5               4.5 out of 5 stars                                  (63)                                              var dpAcrHasRegisteredArcLinkClickAction;                    P.when(&#8216;A&#8217;, &#8216;ready&#8217;).execute(function(A) {                        if (dpAcrHasRegisteredArcLinkClickAction !== true) {                            dpAcrHasRegisteredArcLinkClickAction = true;                            A.declarative(                                &#8216;acrLink-click-metrics&#8217;, &#8216;click&#8217;,                                { \u00aballowLinkDefault\u00bb: true },                                function (event) {                                    if (window.ue) {                                        ue.count(\u00abacrLinkClickCount\u00bb, (ue.count(\u00abacrLinkClickCount\u00bb) || 0) + 1);                                    }                                }                            );                        }                    });                                             P.when(&#8216;A&#8217;, &#8216;cf&#8217;).execute(function(A) {                A.declarative(&#8216;acrStarsLink-click-metrics&#8217;, &#8216;click&#8217;, { \u00aballowLinkDefault\u00bb : true },  function(event){                    if(window.ue) {                        ue.count(\u00abacrStarsLinkWithPopoverClickCount\u00bb, (ue.count(\u00abacrStarsLinkWithPopoverClickCount\u00bb) || 0) + 1);                    }                });            });                          <\/p>\n<p>\u3010Powerful Performance\u3011This latest 10.1 inch tablet is equipped with the latest Android 15 operating system, which supports more apps, and a 2.0GHz octa-core processor for enhanced graphics performance. You will enjoy smoother operation than Android 14. Ideal for watching videos, learning, video chatting and reading e-books.<br \/>\u3010Large Storage Capacity\u3011This Android tablet features 128GB ROM memory + 24GB RAM, with an additional magnification of 1TB, allowing you to store more movies, videos, music and professional software. It is compatible with Netflix, Facebook, Tik Tok, Youtube and other programs. So you can play more comfortably, download and watch movies with lots of content, and store large professional files.<br \/>\u3010New 6000mAh Battery\u3011 The tablet is equipped with a 6000mAh long battery life, which makes it easy to read, browse the Internet, watch videos and listen to music. It is ideal for both everyday use and travel. It is also an excellent companion for leisure and an ideal gift for all kinds of parties and birthdays.<br \/>\u3010Unique Stylish Design\u3011This Android 15 tablet is equipped with a 1280 x 800 pixel Ultra HD screen, designed by professionals with the latest Straight Edge profile and a camera (5MP + 8MP) that complement each other with clarity and elegance. The case is pleasant to the touch and has successfully passed numerous quality tests to ensure its reliability.<br \/>\u3010Wide Connectivity Options\u3011 Supports Wi-Fi 6E, Bluetooth 5.4 and 5G network (optional) to offer high-speed and stable wireless connectivity. It is also equipped with a USB-C port to support fast data transfer and charging, and supports a variety of peripheral extensions to meet the needs of various usage scenarios.<\/p>\n\n","protected":false},"excerpt":{"rendered":"<p> From the brand Aobante persigue incansablemente la innovaci\u00f3n y se centra en el desarrollo de<\/p>","protected":false},"featured_media":38732,"comment_status":"open","ping_status":"closed","template":"","meta":[],"product_brand":[],"product_cat":[93],"product_tag":[651,1336,700,602,601,5714,660,974,391,646,292,648,650,1621,561,655,584,703,518,767,659,565,587,913,647,157,652,653,649,654,916],"class_list":{"0":"post-38731","1":"product","2":"type-product","3":"status-publish","4":"has-post-thumbnail","6":"product_cat-android-tablets","7":"product_tag-10-inch-tablet","8":"product_tag-1280x800","9":"product_tag-128gb","10":"product_tag-1tb","11":"product_tag-24gb","12":"product_tag-5mp","13":"product_tag-6000mah","14":"product_tag-8mp","15":"product_tag-android","16":"product_tag-android-tablet","17":"product_tag-battery","18":"product_tag-best-android-tablet","19":"product_tag-budget-android-tablet","20":"product_tag-cameras","21":"product_tag-display","22":"product_tag-gaming-tablet","23":"product_tag-inch","24":"product_tag-ips","25":"product_tag-keyboard","26":"product_tag-mouse","27":"product_tag-octacore","28":"product_tag-processor","29":"product_tag-ram","30":"product_tag-rom","31":"product_tag-samsung-android-tablet","32":"product_tag-tablet","33":"product_tag-tablet-for-kids","34":"product_tag-tablet-for-study","35":"product_tag-tablet-with-sim","36":"product_tag-tablet-with-stylus","37":"product_tag-widevine","39":"first","40":"instock","41":"shipping-taxable","42":"product-type-external"},"_links":{"self":[{"href":"https:\/\/comprasyconsejos.store\/en\/wp-json\/wp\/v2\/product\/38731","targetHints":{"allow":["GET"]}}],"collection":[{"href":"https:\/\/comprasyconsejos.store\/en\/wp-json\/wp\/v2\/product"}],"about":[{"href":"https:\/\/comprasyconsejos.store\/en\/wp-json\/wp\/v2\/types\/product"}],"replies":[{"embeddable":true,"href":"https:\/\/comprasyconsejos.store\/en\/wp-json\/wp\/v2\/comments?post=38731"}],"version-history":[{"count":0,"href":"https:\/\/comprasyconsejos.store\/en\/wp-json\/wp\/v2\/product\/38731\/revisions"}],"wp:featuredmedia":[{"embeddable":true,"href":"https:\/\/comprasyconsejos.store\/en\/wp-json\/wp\/v2\/media\/38732"}],"wp:attachment":[{"href":"https:\/\/comprasyconsejos.store\/en\/wp-json\/wp\/v2\/media?parent=38731"}],"wp:term":[{"taxonomy":"product_brand","embeddable":true,"href":"https:\/\/comprasyconsejos.store\/en\/wp-json\/wp\/v2\/product_brand?post=38731"},{"taxonomy":"product_cat","embeddable":true,"href":"https:\/\/comprasyconsejos.store\/en\/wp-json\/wp\/v2\/product_cat?post=38731"},{"taxonomy":"product_tag","embeddable":true,"href":"https:\/\/comprasyconsejos.store\/en\/wp-json\/wp\/v2\/product_tag?post=38731"}],"curies":[{"name":"wp","href":"https:\/\/api.w.org\/{rel}","templated":true}]}}