{"id":38743,"date":"2026-03-07T10:43:45","date_gmt":"2026-03-07T10:43:45","guid":{"rendered":"https:\/\/comprasyconsejos.store\/product\/gizmovine-magnetic-car-phone-mount-vacuum-suction-360-adjustable-dashboard-windshield-air-vent-mount-78lbs-suction-compatible-with-magsafe-for-iphone-12-16\/"},"modified":"2026-03-07T10:43:58","modified_gmt":"2026-03-07T10:43:58","slug":"gizmovine-magnetic-car-phone-mount-vacuum-suction-360-adjustable-dashboard-windshield-air-vent-mount-78lbs-suction-compatible-with-magsafe-for-iphone-12-16","status":"publish","type":"product","link":"https:\/\/comprasyconsejos.store\/en\/product\/gizmovine-magnetic-car-phone-mount-vacuum-suction-360-adjustable-dashboard-windshield-air-vent-mount-78lbs-suction-compatible-with-magsafe-for-iphone-12-16\/","title":{"rendered":"GizmoVine Magnetic Car Phone Mount, Vacuum Suction, 360\u00b0 Adjustable Dashboard\/Windshield\/Air Vent Mount, 78LBS Suction, Compatible with MagSafe for iPhone 12-16"},"content":{"rendered":"<p>Price: <span style=\"color:#b12704\"><del>\u20ac16.37<\/del> - \u20ac14.40<\/span><br \/><i><small>(as of Mar 07, 2026 10:43:46 UTC &#8211; <span class=\"wp_automatic_amazon_disclaimer\" title=\"Product prices and availability are accurate as of the date\/time indicated and are subject to change. Any price and availability information displayed on [relevant Amazon Site(s), as applicable] at the time of purchase will apply to the purchase of this product.\">Details<\/span>)<\/small><\/i><\/p>\n<p><a href=\"https:\/\/amazon.es\/dp\/B0FNR17ZN6?tag=man008-21\"><img decoding=\"async\" src=\"https:\/\/valvepress.s3.amazonaws.com\/imgs\/buy_now.png\"><\/a><br \/>\n<\/p>\n<p>                                             From the manufacturer   <\/p>\n<p>                                                                             <img decoding=\"async\" alt=\"El texto dice \u00abRevoluciona tu soporte de tel\u00e9fono\u00bb, \u00abSoporte de tel\u00e9fono para coche\u00bb y \u00abGizmovine\u00bb. Las im\u00e1genes muestran un soporte negro para tel\u00e9fono de coche con sistema de fijaci\u00f3n magn\u00e9tica.\" src=\"https:\/\/images-na.ssl-images-amazon.com\/images\/G\/01\/x-locale\/common\/grey-pixel.gif\" class=\"a-spacing-base a-lazy-loaded\" data-src=\"https:\/\/m.media-amazon.com\/images\/S\/aplus-media-library-service-media\/e8557ca4-3903-4f82-9829-849410f06e75.__CR0,0,970,600_PT0_SX970_V1___.jpg\"><img decoding=\"async\" alt=\"El texto dice \u00abRevoluciona tu soporte de tel\u00e9fono\u00bb, \u00abSoporte de tel\u00e9fono para coche\u00bb y \u00abGizmovine\u00bb. Las im\u00e1genes muestran un soporte negro para tel\u00e9fono de coche con sistema de fijaci\u00f3n magn\u00e9tica.\" src=\"https:\/\/m.media-amazon.com\/images\/S\/aplus-media-library-service-media\/e8557ca4-3903-4f82-9829-849410f06e75.__CR0,0,970,600_PT0_SX970_V1___.jpg\">                                                                    <\/p>\n<p>                                                                             <img decoding=\"async\" alt=\"aplus content image\" src=\"https:\/\/images-na.ssl-images-amazon.com\/images\/G\/01\/x-locale\/common\/grey-pixel.gif\" class=\"a-spacing-base a-lazy-loaded\" data-src=\"https:\/\/m.media-amazon.com\/images\/S\/aplus-media-library-service-media\/5eb875e2-26ca-404e-b07f-76e844608f80.__CR0,0,970,600_PT0_SX970_V1___.jpg\"><img decoding=\"async\" alt=\"aplus content image\" src=\"https:\/\/m.media-amazon.com\/images\/S\/aplus-media-library-service-media\/5eb875e2-26ca-404e-b07f-76e844608f80.__CR0,0,970,600_PT0_SX970_V1___.jpg\">                                                                    <\/p>\n<p>                                                                             <img decoding=\"async\" alt=\"aplus content image\" src=\"https:\/\/images-na.ssl-images-amazon.com\/images\/G\/01\/x-locale\/common\/grey-pixel.gif\" class=\"a-spacing-base a-lazy-loaded\" data-src=\"https:\/\/m.media-amazon.com\/images\/S\/aplus-media-library-service-media\/787a7982-b36c-45f7-b448-38e347101b15.__CR0,0,970,600_PT0_SX970_V1___.jpg\"><img decoding=\"async\" alt=\"aplus content image\" src=\"https:\/\/m.media-amazon.com\/images\/S\/aplus-media-library-service-media\/787a7982-b36c-45f7-b448-38e347101b15.__CR0,0,970,600_PT0_SX970_V1___.jpg\">                                                                    <\/p>\n<p>                                                                             <img decoding=\"async\" alt=\"aplus content image\" src=\"https:\/\/images-na.ssl-images-amazon.com\/images\/G\/01\/x-locale\/common\/grey-pixel.gif\" class=\"a-spacing-base a-lazy-loaded\" data-src=\"https:\/\/m.media-amazon.com\/images\/S\/aplus-media-library-service-media\/d08ec6b0-7c00-4abf-aab3-437627c5ce1d.__CR0,0,970,600_PT0_SX970_V1___.jpg\"><img decoding=\"async\" alt=\"aplus content image\" src=\"https:\/\/m.media-amazon.com\/images\/S\/aplus-media-library-service-media\/d08ec6b0-7c00-4abf-aab3-437627c5ce1d.__CR0,0,970,600_PT0_SX970_V1___.jpg\">                                                                    <\/p>\n<p>                                                                             <img decoding=\"async\" alt=\"aplus content image\" src=\"https:\/\/images-na.ssl-images-amazon.com\/images\/G\/01\/x-locale\/common\/grey-pixel.gif\" class=\"a-spacing-base a-lazy-loaded\" data-src=\"https:\/\/m.media-amazon.com\/images\/S\/aplus-media-library-service-media\/f23489d5-e37f-43d0-8279-632ee8785d69.__CR0,0,970,600_PT0_SX970_V1___.jpg\"><img decoding=\"async\" alt=\"aplus content image\" src=\"https:\/\/m.media-amazon.com\/images\/S\/aplus-media-library-service-media\/f23489d5-e37f-43d0-8279-632ee8785d69.__CR0,0,970,600_PT0_SX970_V1___.jpg\">                                                                    <\/p>\n<p> Product Dimensions                                            \u200f                                            :                                            \u200e                                            4.5 x 4 x 8 cm; 42 g   <br \/> Manufacturer                                            \u200f                                            :                                            \u200e                                            GizmoVine   <br \/> ASIN                                            \u200f                                            :                                            \u200e                                            B0FNR17ZN6   <br \/> Item model number                                            \u200f                                            :                                            \u200e                                            RTX10   <br \/> Country\/Region of Origin                                            \u200f                                            :                                            \u200e                                            China   <br \/> Guaranteed software updates until                                            \u200f                                            :                                            \u200e                                            unknown   <br \/>  Customer reviews:                                                                                            4.5               4.5 out of 5 stars                                  (153)                                              var dpAcrHasRegisteredArcLinkClickAction;                    P.when(&#8216;A&#8217;, &#8216;ready&#8217;).execute(function(A) {                        if (dpAcrHasRegisteredArcLinkClickAction !== true) {                            dpAcrHasRegisteredArcLinkClickAction = true;                            A.declarative(                                &#8216;acrLink-click-metrics&#8217;, &#8216;click&#8217;,                                { \u00aballowLinkDefault\u00bb: true },                                function (event) {                                    if (window.ue) {                                        ue.count(\u00abacrLinkClickCount\u00bb, (ue.count(\u00abacrLinkClickCount\u00bb) || 0) + 1);                                    }                                }                            );                        }                    });                                             P.when(&#8216;A&#8217;, &#8216;cf&#8217;).execute(function(A) {                A.declarative(&#8216;acrStarsLink-click-metrics&#8217;, &#8216;click&#8217;, { \u00aballowLinkDefault\u00bb : true },  function(event){                    if(window.ue) {                        ue.count(\u00abacrStarsLinkWithPopoverClickCount\u00bb, (ue.count(\u00abacrStarsLinkWithPopoverClickCount\u00bb) || 0) + 1);                    }                });            });                          <\/p>\n<p>\u3010 360\u00b0 Adjustment &#038; Flexible Handling\u3011This magnetic car phone mount features a 360\u00b0 rotating base and 210\u00b0 foldable metal arms: it is easy to switch between portrait mode (navigation) and landscape mode (videos). As a dashboard or windshield holder, it fits perfectly in any vehicle and saves space on the control console. Foldable design reduces its size by 50% &#8211; convenient for travel or storage.<br \/>\u3010 Suction Cup Strength 35 kg and All Weather Resistance\u3011The vacuum suction cup with high performance nanogel offers a stable hold of 35 kg, even on rough motorway trips or sudden braking. Works in extreme temperatures (-40\u00b0C to 150\u00b0C) &#8211; ideal for German winters or hot summers. Simply clean it with water to recover its suction strength by 99% &#8211; durable and reliable.<br \/>\u3010Easy MagSafe Power &#038; Signal Stability\u3011Equipped with 22 N55 magnets, this magnetic MagSafe car mount offers 200% stronger hold than standard models. Keeps your phone safe even in tight curves or congested traffic, without interfering with the signal. Perfect for clear navigation and calls. The included magnetic ring allows for use with non-MagSafe devices (Android, older iPhones).<br \/>\u3010\ufe0f Circular Cooling Design &#038; Long-Term Performance\u3011Unique ventilation design reduces the contact between the phone and the holder, preventing overheating during prolonged use of GPS or video calls. Protects the battery and ensures smooth performance, even on long journeys. Fits as a vent mount to enhance additional cooling.<br \/>\u3010 Universal Compatibility &#038; Easy Use\u3011Compatible with iPhone 12-16 Pro (MagSafe) and Android devices (Samsung, Google, Motorola). Whether used as a dashboard, windscreen or air vent: plug and play, no tools required. A must-have for any driver looking for safety and comfort.<\/p>\n\n","protected":false},"excerpt":{"rendered":"<p> From the manufacturer Product Dimensions \u200f : \u200e 4.5 x 4 x 8 cm; 42<\/p>","protected":false},"featured_media":38744,"comment_status":"open","ping_status":"closed","template":"","meta":[],"product_brand":[],"product_cat":[104],"product_tag":[11635,876,373,201,11634,11633,147,3004,3003,3015,3008,3007,3010,3011,3000,3001,3013,3016,3014,3005,3002,3009,3017,3006,238,234,1923,230,3012,3866,2492,8863],"class_list":{"0":"post-38743","1":"product","2":"type-product","3":"status-publish","4":"has-post-thumbnail","6":"product_cat-apple-iphone","7":"product_tag-78lbs","8":"product_tag-adjustable","9":"product_tag-car","10":"product_tag-compatible","11":"product_tag-dashboardwindshieldair","12":"product_tag-gizmovine","13":"product_tag-iphone","14":"product_tag-iphone-13-accessories","15":"product_tag-iphone-14-case","16":"product_tag-iphone-adapter","17":"product_tag-iphone-battery-pack","18":"product_tag-iphone-cable","19":"product_tag-iphone-camera-lens","20":"product_tag-iphone-car-mount","21":"product_tag-iphone-case","22":"product_tag-iphone-charger","23":"product_tag-iphone-earbuds","24":"product_tag-iphone-gaming-controller","25":"product_tag-iphone-magsafe","26":"product_tag-iphone-pro-max-case","27":"product_tag-iphone-screen-protector","28":"product_tag-iphone-tempered-glass","29":"product_tag-iphone-tripod","30":"product_tag-iphone-wireless-charger","31":"product_tag-magnetic","32":"product_tag-magsafe","33":"product_tag-mount","34":"product_tag-phone","35":"product_tag-refurbished-iphone","36":"product_tag-suction","37":"product_tag-vacuum","38":"product_tag-vent","40":"first","41":"instock","42":"sale","43":"shipping-taxable","44":"product-type-external"},"_links":{"self":[{"href":"https:\/\/comprasyconsejos.store\/en\/wp-json\/wp\/v2\/product\/38743","targetHints":{"allow":["GET"]}}],"collection":[{"href":"https:\/\/comprasyconsejos.store\/en\/wp-json\/wp\/v2\/product"}],"about":[{"href":"https:\/\/comprasyconsejos.store\/en\/wp-json\/wp\/v2\/types\/product"}],"replies":[{"embeddable":true,"href":"https:\/\/comprasyconsejos.store\/en\/wp-json\/wp\/v2\/comments?post=38743"}],"version-history":[{"count":0,"href":"https:\/\/comprasyconsejos.store\/en\/wp-json\/wp\/v2\/product\/38743\/revisions"}],"wp:featuredmedia":[{"embeddable":true,"href":"https:\/\/comprasyconsejos.store\/en\/wp-json\/wp\/v2\/media\/38744"}],"wp:attachment":[{"href":"https:\/\/comprasyconsejos.store\/en\/wp-json\/wp\/v2\/media?parent=38743"}],"wp:term":[{"taxonomy":"product_brand","embeddable":true,"href":"https:\/\/comprasyconsejos.store\/en\/wp-json\/wp\/v2\/product_brand?post=38743"},{"taxonomy":"product_cat","embeddable":true,"href":"https:\/\/comprasyconsejos.store\/en\/wp-json\/wp\/v2\/product_cat?post=38743"},{"taxonomy":"product_tag","embeddable":true,"href":"https:\/\/comprasyconsejos.store\/en\/wp-json\/wp\/v2\/product_tag?post=38743"}],"curies":[{"name":"wp","href":"https:\/\/api.w.org\/{rel}","templated":true}]}}