{"id":38759,"date":"2026-03-07T11:07:52","date_gmt":"2026-03-07T11:07:52","guid":{"rendered":"https:\/\/comprasyconsejos.store\/product\/drone-for-kids-and-adults-with-1080p-hd-camera-rc-folding-quadcopter-drone-brushless-motor-one-button-takeoff-landing-2-batteries-toy-for-boy-birthday-gifts-black\/"},"modified":"2026-03-07T11:08:00","modified_gmt":"2026-03-07T11:08:00","slug":"drone-for-kids-and-adults-with-1080p-hd-camera-rc-folding-quadcopter-drone-brushless-motor-one-button-takeoff-landing-2-batteries-toy-for-boy-birthday-gifts-black","status":"publish","type":"product","link":"https:\/\/comprasyconsejos.store\/en\/product\/drone-for-kids-and-adults-with-1080p-hd-camera-rc-folding-quadcopter-drone-brushless-motor-one-button-takeoff-landing-2-batteries-toy-for-boy-birthday-gifts-black\/","title":{"rendered":"Drone for Kids and Adults with 1080P HD Camera, RC Folding Quadcopter Drone, Brushless Motor, One Button Takeoff\/Landing, 2 Batteries, Toy for Boy Birthday Gifts (Black)"},"content":{"rendered":"<p>Price: <span style=\"color:#b12704\">\u20ac89.99<\/span><br \/><i><small>(as of Mar 07, 2026 11:07:52 UTC &#8211; <span class=\"wp_automatic_amazon_disclaimer\" title=\"Product prices and availability are accurate as of the date\/time indicated and are subject to change. Any price and availability information displayed on [relevant Amazon Site(s), as applicable] at the time of purchase will apply to the purchase of this product.\">Details<\/span>)<\/small><\/i><\/p>\n<p><a href=\"https:\/\/amazon.es\/dp\/B0FPFMZ2W7?tag=man008-21\"><img decoding=\"async\" src=\"https:\/\/valvepress.s3.amazonaws.com\/imgs\/buy_now.png\"><\/a><br \/>\n<\/p>\n<p>                                             Product Description   <\/p>\n<p>                                                                             <img decoding=\"async\" alt=\"con c\u00e1mara HD 1080P ajustable que se cierne sobre un pintoresco lago de monta\u00f1a. La imagen del producto muestra las capacidades de fotograf\u00eda a\u00e9rea del dron para capturar fotos y videos de paisajes en alta resoluci\u00f3n\" src=\"https:\/\/images-na.ssl-images-amazon.com\/images\/G\/01\/x-locale\/common\/grey-pixel.gif\" class=\"a-spacing-base a-lazy-loaded\" data-src=\"https:\/\/m.media-amazon.com\/images\/S\/aplus-media-library-service-media\/b15d4e34-3a90-4172-8e46-76de52a35803.__CR0,0,970,600_PT0_SX970_V1___.jpg\"><img decoding=\"async\" alt=\"con c\u00e1mara HD 1080P ajustable que se cierne sobre un pintoresco lago de monta\u00f1a. La imagen del producto muestra las capacidades de fotograf\u00eda a\u00e9rea del dron para capturar fotos y videos de paisajes en alta resoluci\u00f3n\" src=\"https:\/\/m.media-amazon.com\/images\/S\/aplus-media-library-service-media\/b15d4e34-3a90-4172-8e46-76de52a35803.__CR0,0,970,600_PT0_SX970_V1___.jpg\">                                                                    <\/p>\n<p>                                                                             <img decoding=\"async\" alt=\"flotando sobre el agua por la noche. Cuenta con un modo de despegue con una sola tecla y sin cabeza para un f\u00e1cil control. Se ilumina con luces amarillas en la carrocer\u00eda y la plataforma\" src=\"https:\/\/images-na.ssl-images-amazon.com\/images\/G\/01\/x-locale\/common\/grey-pixel.gif\" class=\"a-spacing-base a-lazy-loaded\" data-src=\"https:\/\/m.media-amazon.com\/images\/S\/aplus-media-library-service-media\/ed65fdce-52cf-4a91-a469-0bd44cbda0e6.__CR0,0,970,600_PT0_SX970_V1___.jpg\"><img decoding=\"async\" alt=\"flotando sobre el agua por la noche. Cuenta con un modo de despegue con una sola tecla y sin cabeza para un f\u00e1cil control. Se ilumina con luces amarillas en la carrocer\u00eda y la plataforma\" src=\"https:\/\/m.media-amazon.com\/images\/S\/aplus-media-library-service-media\/ed65fdce-52cf-4a91-a469-0bd44cbda0e6.__CR0,0,970,600_PT0_SX970_V1___.jpg\">                                                                    <\/p>\n<p>                                                                             <img decoding=\"async\" alt=\"Dron que vuela en una trayectoria circular alrededor de una persona parada en un pico rocoso. El patr\u00f3n de vuelo del dron forma un anillo brillante en el cielo\" src=\"https:\/\/images-na.ssl-images-amazon.com\/images\/G\/01\/x-locale\/common\/grey-pixel.gif\" class=\"a-spacing-base a-lazy-loaded\" data-src=\"https:\/\/m.media-amazon.com\/images\/S\/aplus-media-library-service-media\/bfa18297-f8c8-4597-b082-a27b93f29b0d.__CR0,0,970,600_PT0_SX970_V1___.jpg\"><img decoding=\"async\" alt=\"Dron que vuela en una trayectoria circular alrededor de una persona parada en un pico rocoso. El patr\u00f3n de vuelo del dron forma un anillo brillante en el cielo\" src=\"https:\/\/m.media-amazon.com\/images\/S\/aplus-media-library-service-media\/bfa18297-f8c8-4597-b082-a27b93f29b0d.__CR0,0,970,600_PT0_SX970_V1___.jpg\">                                                                    <\/p>\n<p>                                                                             <img decoding=\"async\" alt=\"Dron con h\u00e9lices flotando sobre un paisaje monta\u00f1oso con un lago. Persona caminando sobre rocas. El texto describe la toma de seguimiento inteligente con reconocimiento y seguimiento autom\u00e1ticos de objetos.\" src=\"https:\/\/images-na.ssl-images-amazon.com\/images\/G\/01\/x-locale\/common\/grey-pixel.gif\" class=\"a-spacing-base a-lazy-loaded\" data-src=\"https:\/\/m.media-amazon.com\/images\/S\/aplus-media-library-service-media\/477b936a-d5b3-4b37-a973-42e5184f80f3.__CR0,0,970,600_PT0_SX970_V1___.jpg\"><img decoding=\"async\" alt=\"Dron con h\u00e9lices flotando sobre un paisaje monta\u00f1oso con un lago. Persona caminando sobre rocas. El texto describe la toma de seguimiento inteligente con reconocimiento y seguimiento autom\u00e1ticos de objetos.\" src=\"https:\/\/m.media-amazon.com\/images\/S\/aplus-media-library-service-media\/477b936a-d5b3-4b37-a973-42e5184f80f3.__CR0,0,970,600_PT0_SX970_V1___.jpg\">                                                                    <\/p>\n<p>                                                                             <img decoding=\"async\" alt=\"Vista a\u00e9rea de un avi\u00f3n no tripulado volando sobre un paisaje verde con una carretera sinuosa. El mapa muestra puntos de referencia numerados que muestran el \u00abmodo de punto de vuelo\u00bb para la navegaci\u00f3n automatizada de drones\" src=\"https:\/\/images-na.ssl-images-amazon.com\/images\/G\/01\/x-locale\/common\/grey-pixel.gif\" class=\"a-spacing-base a-lazy-loaded\" data-src=\"https:\/\/m.media-amazon.com\/images\/S\/aplus-media-library-service-media\/97f643b8-44df-419f-9a53-1037cc2d878b.__CR0,0,970,600_PT0_SX970_V1___.jpg\"><img decoding=\"async\" alt=\"Vista a\u00e9rea de un avi\u00f3n no tripulado volando sobre un paisaje verde con una carretera sinuosa. El mapa muestra puntos de referencia numerados que muestran el \u00abmodo de punto de vuelo\u00bb para la navegaci\u00f3n automatizada de drones\" src=\"https:\/\/m.media-amazon.com\/images\/S\/aplus-media-library-service-media\/97f643b8-44df-419f-9a53-1037cc2d878b.__CR0,0,970,600_PT0_SX970_V1___.jpg\">                                                                    <\/p>\n<p>                                                                             <img decoding=\"async\" alt=\"drone\" src=\"https:\/\/images-na.ssl-images-amazon.com\/images\/G\/01\/x-locale\/common\/grey-pixel.gif\" class=\"a-spacing-base a-lazy-loaded\" data-src=\"https:\/\/m.media-amazon.com\/images\/S\/aplus-media-library-service-media\/9431a775-807a-4a9a-8c7c-97b2c24deaed.__CR0,0,970,600_PT0_SX970_V1___.jpg\"><img decoding=\"async\" alt=\"drone\" src=\"https:\/\/m.media-amazon.com\/images\/S\/aplus-media-library-service-media\/9431a775-807a-4a9a-8c7c-97b2c24deaed.__CR0,0,970,600_PT0_SX970_V1___.jpg\">                                                                    <\/p>\n<p> Batteries                                            \u200f                                            :                                            \u200e                                            2 AAAA batteries required. (included)   <br \/> Product Dimensions                                            \u200f                                            :                                            \u200e                                            29 x 30 x 6.5 cm; 135 g   <br \/> Date First Available                                            \u200f                                            :                                            \u200e                                            31 Oct. 2025   <br \/> Manufacturer                                            \u200f                                            :                                            \u200e                                            HURSVIE   <br \/> ASIN                                            \u200f                                            :                                            \u200e                                            B0FPFMZ2W7   <br \/> Manufacturer reference                                            \u200f                                            :                                            \u200e                                            F15N   <br \/>       Best Sellers Rank:  36,211 in Toys &#038; Games (See Top 100 in Toys &#038; Games)    186 in Remote &#038; App-Controlled Drones      <br \/>  Customer reviews:                                                                                            3.2               3.2 out of 5 stars                                  (9)                                              var dpAcrHasRegisteredArcLinkClickAction;                    P.when(&#8216;A&#8217;, &#8216;ready&#8217;).execute(function(A) {                        if (dpAcrHasRegisteredArcLinkClickAction !== true) {                            dpAcrHasRegisteredArcLinkClickAction = true;                            A.declarative(                                &#8216;acrLink-click-metrics&#8217;, &#8216;click&#8217;,                                { \u00aballowLinkDefault\u00bb: true },                                function (event) {                                    if (window.ue) {                                        ue.count(\u00abacrLinkClickCount\u00bb, (ue.count(\u00abacrLinkClickCount\u00bb) || 0) + 1);                                    }                                }                            );                        }                    });                                             P.when(&#8216;A&#8217;, &#8216;cf&#8217;).execute(function(A) {                A.declarative(&#8216;acrStarsLink-click-metrics&#8217;, &#8216;click&#8217;, { \u00aballowLinkDefault\u00bb : true },  function(event){                    if(window.ue) {                        ue.count(\u00abacrStarsLinkWithPopoverClickCount\u00bb, (ue.count(\u00abacrStarsLinkWithPopoverClickCount\u00bb) || 0) + 1);                    }                });            });                          <\/p>\n<p>\u3010Adjustable 1080P HD Camera Drone\u3011 This drone comes equipped with a freely adjustable 1080P HD camera. With real-time transmission, this drone with camera allows you to effortlessly capture stunning scenery and record precious moments shared with family and friends at parties.<br \/>\u3010Long Flight Time Drone\u3011 This drone for kids features two rechargeable lithium batteries: each battery has a autonomy of 15 minutes (total flight time approx. 30 minutes). This drone with camera features IC overload protection, which ensures safe charging. Important: Prolonged accelerated movements or excessive turns accelerate battery wear.<br \/>\u3010Intelligent Obstacle Avoidance &#038; One Button Takeoff\/Landing\u3011 The drone with camera integrates sensors to scan obstacles and automatically adjust the route. This drone for kids features the one-button take-off and landing function: just press the button on the remote control once to take off and press it again to land smoothly.<br \/>\u3010Three Speed Levels &#038; Low Battery Alarm\u3011 The drone for kids offers three speeds: slow (great for learning), medium (experienced pilots) and high (exciting adventures). The drone with camera incorporates low battery alarm, which automatically warns when charging is low, ensuring safe landings and preventing sudden blackouts.<br \/>\u3010Drone with Brushless Motor\u3011 Our drone for kids features a high-performance brushless motor, which delivers stable flights even in windy conditions, runs quietly and dissipates heat quickly to ensure long time fun.<br \/>\u3010Gift Idea\u3011The kids drone stands out with smart folding design, compact to store in bags\/backpacks. PERFECT FOR PARKS\/INDOORS &#8211; Get out and fly! Practical and fun drone is an ideal gift for kids on birthdays and occasions.<\/p>\n\n","protected":false},"excerpt":{"rendered":"<p> Product Description Batteries \u200f : \u200e 2 AAAA batteries required. (included) Product Dimensions \u200f :<\/p>","protected":false},"featured_media":38760,"comment_status":"open","ping_status":"closed","template":"","meta":[],"product_brand":[],"product_cat":[98],"product_tag":[705,935,1254,2845,3450,307,7201,3041,1089,681,2854,2852,2855,2853,2842,2844,2848,2846,2850,2838,2849,2839,4612,2840,363,2843,1169,2851,1613,2841,2847,10427,6485],"class_list":{"0":"post-38759","1":"product","2":"type-product","3":"status-publish","4":"has-post-thumbnail","6":"product_cat-drones","7":"product_tag-1080p","8":"product_tag-adults","9":"product_tag-batteries","10":"product_tag-beginner-drone","11":"product_tag-birthday","12":"product_tag-black","13":"product_tag-boy","14":"product_tag-brushless","15":"product_tag-button","16":"product_tag-camera","17":"product_tag-dji-drone","18":"product_tag-dji-mavic","19":"product_tag-dji-mini-2","20":"product_tag-drone","21":"product_tag-drone-accessories","22":"product_tag-drone-battery","23":"product_tag-drone-gimbal","24":"product_tag-drone-propellers","25":"product_tag-drone-spare-parts","26":"product_tag-drone-with-camera","27":"product_tag-drones-under-200","28":"product_tag-foldable-drone","29":"product_tag-folding","30":"product_tag-fpv-drone","31":"product_tag-gifts","32":"product_tag-hd-drone","33":"product_tag-kids","34":"product_tag-mini-drone","35":"product_tag-motor","36":"product_tag-quadcopter","37":"product_tag-remote-control-drone","38":"product_tag-takeofflanding","39":"product_tag-toy","41":"first","42":"instock","43":"shipping-taxable","44":"product-type-external"},"_links":{"self":[{"href":"https:\/\/comprasyconsejos.store\/en\/wp-json\/wp\/v2\/product\/38759","targetHints":{"allow":["GET"]}}],"collection":[{"href":"https:\/\/comprasyconsejos.store\/en\/wp-json\/wp\/v2\/product"}],"about":[{"href":"https:\/\/comprasyconsejos.store\/en\/wp-json\/wp\/v2\/types\/product"}],"replies":[{"embeddable":true,"href":"https:\/\/comprasyconsejos.store\/en\/wp-json\/wp\/v2\/comments?post=38759"}],"version-history":[{"count":0,"href":"https:\/\/comprasyconsejos.store\/en\/wp-json\/wp\/v2\/product\/38759\/revisions"}],"wp:featuredmedia":[{"embeddable":true,"href":"https:\/\/comprasyconsejos.store\/en\/wp-json\/wp\/v2\/media\/38760"}],"wp:attachment":[{"href":"https:\/\/comprasyconsejos.store\/en\/wp-json\/wp\/v2\/media?parent=38759"}],"wp:term":[{"taxonomy":"product_brand","embeddable":true,"href":"https:\/\/comprasyconsejos.store\/en\/wp-json\/wp\/v2\/product_brand?post=38759"},{"taxonomy":"product_cat","embeddable":true,"href":"https:\/\/comprasyconsejos.store\/en\/wp-json\/wp\/v2\/product_cat?post=38759"},{"taxonomy":"product_tag","embeddable":true,"href":"https:\/\/comprasyconsejos.store\/en\/wp-json\/wp\/v2\/product_tag?post=38759"}],"curies":[{"name":"wp","href":"https:\/\/api.w.org\/{rel}","templated":true}]}}