{"id":38787,"date":"2026-03-07T11:36:44","date_gmt":"2026-03-07T11:36:44","guid":{"rendered":"https:\/\/comprasyconsejos.store\/product\/raviad-3-in-1-multi-charging-cable-nylon-multi-usb-charger-cable-multiple-micro-usb-type-c-compatible-with-samsung-galaxy-s10-s9-s8-s7-s6-huawei-p30-p20-p10-redmi-note-7-mi-a3-a2-a1\/"},"modified":"2026-03-07T11:36:53","modified_gmt":"2026-03-07T11:36:53","slug":"raviad-3-in-1-multi-charging-cable-nylon-multi-usb-charger-cable-multiple-micro-usb-type-c-compatible-with-samsung-galaxy-s10-s9-s8-s7-s6-huawei-p30-p20-p10-redmi-note-7-mi-a3-a2-a1","status":"publish","type":"product","link":"https:\/\/comprasyconsejos.store\/en\/product\/raviad-3-in-1-multi-charging-cable-nylon-multi-usb-charger-cable-multiple-micro-usb-type-c-compatible-with-samsung-galaxy-s10-s9-s8-s7-s6-huawei-p30-p20-p10-redmi-note-7-mi-a3-a2-a1\/","title":{"rendered":"RAVIAD 3 in 1 Multi Charging Cable, Nylon Multi USB Charger Cable Multiple Micro USB Type C Compatible with Samsung Galaxy S10\/S9\/S8\/S7\/S6, Huawei P30\/P20\/P10, Redmi Note 7\/Mi A3\/A2\/A1"},"content":{"rendered":"<p>Price: <span style=\"color:#b12704\"><del>\u20ac6.99<\/del> - \u20ac5.99<\/span><br \/><i><small>(as of Mar 07, 2026 11:36:44 UTC &#8211; <span class=\"wp_automatic_amazon_disclaimer\" title=\"Product prices and availability are accurate as of the date\/time indicated and are subject to change. Any price and availability information displayed on [relevant Amazon Site(s), as applicable] at the time of purchase will apply to the purchase of this product.\">Details<\/span>)<\/small><\/i><\/p>\n<p><a href=\"https:\/\/amazon.es\/dp\/B07VFGP5DL?tag=man008-21\"><img decoding=\"async\" src=\"https:\/\/valvepress.s3.amazonaws.com\/imgs\/buy_now.png\"><\/a><br \/>\n<\/p>\n<p>                                             Product Description   <\/p>\n<p>                                                                             <img decoding=\"async\" alt=\"3 en 1 Multi Cable de Carga\" src=\"https:\/\/images-na.ssl-images-amazon.com\/images\/G\/01\/x-locale\/common\/grey-pixel.gif\" class=\"a-spacing-base a-lazy-loaded\" data-src=\"https:\/\/m.media-amazon.com\/images\/S\/aplus-media-library-service-media\/302a2ba8-24dd-4535-95b1-337177f588b9.__CR0,0,1940,1200_PT0_SX970_V1___.jpg\"><img decoding=\"async\" alt=\"3 en 1 Multi Cable de Carga\" src=\"https:\/\/m.media-amazon.com\/images\/S\/aplus-media-library-service-media\/302a2ba8-24dd-4535-95b1-337177f588b9.__CR0,0,1940,1200_PT0_SX970_V1___.jpg\">                                                                    <\/p>\n<p>                                                  <img decoding=\"async\" alt=\"3 en 1 Multi Cable de Carga\" src=\"https:\/\/images-na.ssl-images-amazon.com\/images\/G\/01\/x-locale\/common\/grey-pixel.gif\" class=\"a-lazy-loaded\" data-src=\"https:\/\/m.media-amazon.com\/images\/S\/aplus-media-library-service-media\/4b450cd4-26c6-4142-b36c-1250779964da.__CR0,0,600,600_PT0_SX300_V1___.jpg\"><img decoding=\"async\" alt=\"3 en 1 Multi Cable de Carga\" src=\"https:\/\/m.media-amazon.com\/images\/S\/aplus-media-library-service-media\/4b450cd4-26c6-4142-b36c-1250779964da.__CR0,0,600,600_PT0_SX300_V1___.jpg\">  <\/p>\n<h3 class=\"a-spacing-mini\"> Lista de compatibilidad (parcial) <\/h3>\n<p> Puerto USB C: <\/p>\n<p> Samsng Galaxy S20\/S10\/S9\/S9 Plus Note 9\/S8\/S8 Plus Note 8\/9\/A8\/A8 Plus(2018) <\/p>\n<p> Huawei P30\/ P20\/ 20 Pro\/ P9\/ P9 Plus, Huawei P Smart\/ P10 Lite\/ G9 Lite, Moto G5 Plus <\/p>\n<p> Moto z force,Moto z2 play, Googgle Pixel\/XL\/2\/2 XL, LG5\/ G6\/V20\/V30 <\/p>\n<p> Puerto de Phone: <\/p>\n<p> Phone 12 pro max\/11 pro max\/ XS\/ XR \/X\/8\/7\/6\/6S\/Plus\/SE\/5S\/5C\/5\/4 <\/p>\n<p> Pad Air \/Air2\/Air 2013, pad Mini \/2\/3\/ 4 <\/p>\n<p> Puerto micro: <\/p>\n<p> Nexus\/HTC\/Motorola\/Nokia\/Sony\/Honor\/OPPO\/Huawei\/Kindle\/Bluetooth speakers\/MP3\/Cameras <\/p>\n<p> Samsng Galaxy Tab,Tab2, Tab3,Tab4, Samsng S2, S3, S3 Mini,S4\/5\/6 galaxy3\/4\/5 <\/p>\n<p>                                                                             <img decoding=\"async\" alt=\"3 en 1 Multi Cable de Carga\" src=\"https:\/\/images-na.ssl-images-amazon.com\/images\/G\/01\/x-locale\/common\/grey-pixel.gif\" class=\"a-spacing-base a-lazy-loaded\" data-src=\"https:\/\/m.media-amazon.com\/images\/S\/aplus-media-library-service-media\/23fe39b5-de55-42e6-a469-e016a18dcd3c.__CR0,0,970,600_PT0_SX970_V1___.jpg\"><img decoding=\"async\" alt=\"3 en 1 Multi Cable de Carga\" src=\"https:\/\/m.media-amazon.com\/images\/S\/aplus-media-library-service-media\/23fe39b5-de55-42e6-a469-e016a18dcd3c.__CR0,0,970,600_PT0_SX970_V1___.jpg\">                                                                    <\/p>\n<p class=\"apm-text-center\">\n                                                      <img decoding=\"async\" alt=\"3 en 1 Multi Cable de Carga\" src=\"https:\/\/images-na.ssl-images-amazon.com\/images\/G\/01\/x-locale\/common\/grey-pixel.gif\" class=\"a-spacing-mini a-lazy-loaded\" data-src=\"https:\/\/m.media-amazon.com\/images\/S\/aplus-media-library-service-media\/a5fd6b7b-4697-4179-91ae-049e870cc56a.__CR0,0,600,600_PT0_SX300_V1___.jpg\"><img decoding=\"async\" alt=\"3 en 1 Multi Cable de Carga\" src=\"https:\/\/m.media-amazon.com\/images\/S\/aplus-media-library-service-media\/a5fd6b7b-4697-4179-91ae-049e870cc56a.__CR0,0,600,600_PT0_SX300_V1___.jpg\">  <\/p>\n<p> Carga simult\u00e1nea 5V\/3A <\/p>\n<\/p>\n<p>El cable USB multifunci\u00f3n 3 en 1 admite hasta 3 A de corriente y puede cargar r\u00e1pidamente 3 dispositivos al mismo tiempo.      <\/p>\n<p> Nota: este cable de carga multifuncional es solo para cargar y no admite la transferencia de datos. <\/p>\n<p class=\"apm-text-center\">\n                                                      <img decoding=\"async\" alt=\"3 en 1 Multi Cable de Carga\" src=\"https:\/\/images-na.ssl-images-amazon.com\/images\/G\/01\/x-locale\/common\/grey-pixel.gif\" class=\"a-spacing-mini a-lazy-loaded\" data-src=\"https:\/\/m.media-amazon.com\/images\/S\/aplus-media-library-service-media\/20c724ea-bea6-4214-8d9d-88eb25da6967.__CR0,0,600,600_PT0_SX300_V1___.jpg\"><img decoding=\"async\" alt=\"3 en 1 Multi Cable de Carga\" src=\"https:\/\/m.media-amazon.com\/images\/S\/aplus-media-library-service-media\/20c724ea-bea6-4214-8d9d-88eb25da6967.__CR0,0,600,600_PT0_SX300_V1___.jpg\">  <\/p>\n<p> Cable USB M\u00faltiple 3 en 1 <\/p>\n<\/p>\n<p>Un cable de datos puede cargar 3 dispositivos de puerto diferentes, incluidos dispositivos conectados iP, Micro USB y USB tipo C, para satisfacer las necesidades de carga de diferentes interfaces.     <\/p>\n<p class=\"apm-text-center\">\n                                                      <img decoding=\"async\" alt=\"3 en 1 Multi Cable de Carga\" src=\"https:\/\/images-na.ssl-images-amazon.com\/images\/G\/01\/x-locale\/common\/grey-pixel.gif\" class=\"a-spacing-mini a-lazy-loaded\" data-src=\"https:\/\/m.media-amazon.com\/images\/S\/aplus-media-library-service-media\/41ead429-2f7e-4a6c-bda7-9691ba4a9cee.__CR0,0,600,600_PT0_SX300_V1___.jpg\"><img decoding=\"async\" alt=\"3 en 1 Multi Cable de Carga\" src=\"https:\/\/m.media-amazon.com\/images\/S\/aplus-media-library-service-media\/41ead429-2f7e-4a6c-bda7-9691ba4a9cee.__CR0,0,600,600_PT0_SX300_V1___.jpg\">  <\/p>\n<p> Mayor Durabilidad <\/p>\n<\/p>\n<p>Fabricado con nailon trenzado para una excelente resistencia a la torsi\u00f3n y la abrasi\u00f3n, puede soportar al menos 10 000 pruebas de flexi\u00f3n de 90 grados. El dise\u00f1o del cable de carga m\u00faltiple puede soportar m\u00e1s de 10 000 inserciones, lo que le permite enchufar y desenchufar dispositivos con facilidad.     <\/p>\n<p>                         Add To Basket  <\/p>\n<p>                         Add To Basket  <\/p>\n<p>                         Add To Basket  <\/p>\n<p>                             Customer Reviews  <\/p>\n<p>                    4.3 out of 5 stars  1,317  <\/p>\n<p>                    4.4 out of 5 stars  19,306  <\/p>\n<p>                    4.3 out of 5 stars  1,073  <\/p>\n<p>                    4.4 out of 5 stars  4,028  <\/p>\n<p>                             Price  <\/p>\n<p>                                    \u20ac5.99\u20ac5.99                  \u20ac5.99\u20ac5.99                  \u20ac5.99\u20ac5.99<br \/>\n                                            \u2014 no data<\/p>\n<p>                             color<br \/>\n                                Rosa               Negro               Plata               Verde              <\/p>\n<p>                             conector<br \/>\n                                Phone\/Type C\/Micro               Phone\/Type C\/Micro               Phone\/Type C\/Micro               Phone\/Type C\/Micro              <\/p>\n<p>                             Modelos compatibles<br \/>\n                                Realme, Samsung, Xiaomi, OPPO, HUAWEI, Motorola, Sony, Kindle               Realme, Samsung, Xiaomi, OPPO, HUAWEI, Motorola, Sony, Kindle               Realme, Samsung, Xiaomi, OPPO, HUAWEI, Motorola, Sony, Kindle               Realme, Samsung, Xiaomi, OPPO, HUAWEI, Motorola, Sony, Kindle              <\/p>\n<p> Product Dimensions                                            \u200f                                            :                                            \u200e                                            9.3 x 9 x 0.8 cm; 30 g   <br \/> Date First Available                                            \u200f                                            :                                            \u200e                                            27 Aug. 2019   <br \/> Manufacturer                                            \u200f                                            :                                            \u200e                                            RAVIAD   <br \/> ASIN                                            \u200f                                            :                                            \u200e                                            B07VFGP5DL   <br \/> Item model number                                            \u200f                                            :                                            \u200e                                            RAVD-001-GW-18   <br \/> Country of origin                                            \u200f                                            :                                            \u200e                                            China   <br \/>       Best Sellers Rank:  530 in USB Cables       <br \/>  Customer reviews:                                                                                            4.4               4.4 out of 5 stars                                  (20,322)                                              var dpAcrHasRegisteredArcLinkClickAction;                    P.when(&#8216;A&#8217;, &#8216;ready&#8217;).execute(function(A) {                        if (dpAcrHasRegisteredArcLinkClickAction !== true) {                            dpAcrHasRegisteredArcLinkClickAction = true;                            A.declarative(                                &#8216;acrLink-click-metrics&#8217;, &#8216;click&#8217;,                                { \u00aballowLinkDefault\u00bb: true },                                function (event) {                                    if (window.ue) {                                        ue.count(\u00abacrLinkClickCount\u00bb, (ue.count(\u00abacrLinkClickCount\u00bb) || 0) + 1);                                    }                                }                            );                        }                    });                                             P.when(&#8216;A&#8217;, &#8216;cf&#8217;).execute(function(A) {                A.declarative(&#8216;acrStarsLink-click-metrics&#8217;, &#8216;click&#8217;, { \u00aballowLinkDefault\u00bb : true },  function(event){                    if(window.ue) {                        ue.count(\u00abacrStarsLinkWithPopoverClickCount\u00bb, (ue.count(\u00abacrStarsLinkWithPopoverClickCount\u00bb) || 0) + 1);                    }                });            });                          <\/p>\n<p>3 in 1 Multiple USB Cable: RAVIAD Multi Charging USB Cable Including connector, Micro USB and USB Type-C ports, you don&#8217;t need to carry different cables to charge different port devices. Make your digital life simpler and more convenient.<br \/>High Speed Charging: Supports a maximum charge of 5V\/3A to charge your 3 devices faster at the same time. Support Sync data transfer cable, speed up to 480Mbps. They do not support data transmission.ad: Supports a maximum charge of 5V\/3A to charge your 3 devices faster at the same time. Support Sync data transfer cable, speed up to 480Mbps. They do not support data transmission.<br \/>Perfect Compatible: Multi USB cable compatible with Samsung Galaxy S10\/ S9\/ S8\/ A50\/ A40\/ S7\/ S6, Note 9\/ Note 8, A5\/ A3, Mi 9 Mi A2 Mi A1 Mi 8, Huawei P30\/ P20\/ Mate 20, Honor 9\/ Honor View 10, LG G7\/ G6, OnePlus 6T, HTC, Nokia and more.<br \/>Excellent Durability: The wire connector is made of stable material with zinc alloy, anti-rust, anti-rust. Nylon braided composite cable has excellent anti-twisting and abrasion-proof property, after 8000 times tested and proven bending performance.<br \/>Safe &#038; Reliable: Our 3-in-1 Multi USB Cable integrates multiple protection functions to ensure extra safety, so you and your family can charge your devices without worry at any time.<\/p>\n\n","protected":false},"excerpt":{"rendered":"<p> Product Description Lista de compatibilidad (parcial) Puerto USB C: Samsng Galaxy S20\/S10\/S9\/S9 Plus Note 9\/S8\/S8<\/p>","protected":false},"featured_media":38788,"comment_status":"open","ping_status":"closed","template":"","meta":[],"product_brand":[],"product_cat":[69],"product_tag":[11643,11644,182,152,138,2047,201,2044,165,2052,2037,7057,1424,311,241,2054,2046,253,219,11642,2049,11640,5677,11641,249,168,133,2050,2042,2040],"class_list":{"0":"post-38787","1":"product","2":"type-product","3":"status-publish","4":"has-post-thumbnail","6":"product_cat-cables-adapters","7":"product_tag-7mi","8":"product_tag-a3a2a1","9":"product_tag-cable","10":"product_tag-charger","11":"product_tag-charging","12":"product_tag-charging-cable","13":"product_tag-compatible","14":"product_tag-displayport-cable","15":"product_tag-galaxy","16":"product_tag-hdmi-adapter","17":"product_tag-hdmi-cable","18":"product_tag-huawei","19":"product_tag-micro","20":"product_tag-multi","21":"product_tag-multiple","22":"product_tag-multiport-adapter","23":"product_tag-network-cable","24":"product_tag-note","25":"product_tag-nylon","26":"product_tag-p30p20p10","27":"product_tag-power-cable","28":"product_tag-raviad","29":"product_tag-redmi","30":"product_tag-s10s9s8s7s6","31":"product_tag-samsung","32":"product_tag-type","33":"product_tag-usb","34":"product_tag-usb-adapter","35":"product_tag-usb-c-cable","36":"product_tag-usb-cable","38":"first","39":"instock","40":"sale","41":"shipping-taxable","42":"product-type-external"},"_links":{"self":[{"href":"https:\/\/comprasyconsejos.store\/en\/wp-json\/wp\/v2\/product\/38787","targetHints":{"allow":["GET"]}}],"collection":[{"href":"https:\/\/comprasyconsejos.store\/en\/wp-json\/wp\/v2\/product"}],"about":[{"href":"https:\/\/comprasyconsejos.store\/en\/wp-json\/wp\/v2\/types\/product"}],"replies":[{"embeddable":true,"href":"https:\/\/comprasyconsejos.store\/en\/wp-json\/wp\/v2\/comments?post=38787"}],"version-history":[{"count":0,"href":"https:\/\/comprasyconsejos.store\/en\/wp-json\/wp\/v2\/product\/38787\/revisions"}],"wp:featuredmedia":[{"embeddable":true,"href":"https:\/\/comprasyconsejos.store\/en\/wp-json\/wp\/v2\/media\/38788"}],"wp:attachment":[{"href":"https:\/\/comprasyconsejos.store\/en\/wp-json\/wp\/v2\/media?parent=38787"}],"wp:term":[{"taxonomy":"product_brand","embeddable":true,"href":"https:\/\/comprasyconsejos.store\/en\/wp-json\/wp\/v2\/product_brand?post=38787"},{"taxonomy":"product_cat","embeddable":true,"href":"https:\/\/comprasyconsejos.store\/en\/wp-json\/wp\/v2\/product_cat?post=38787"},{"taxonomy":"product_tag","embeddable":true,"href":"https:\/\/comprasyconsejos.store\/en\/wp-json\/wp\/v2\/product_tag?post=38787"}],"curies":[{"name":"wp","href":"https:\/\/api.w.org\/{rel}","templated":true}]}}