{"id":38818,"date":"2026-03-07T12:15:06","date_gmt":"2026-03-07T12:15:06","guid":{"rendered":"https:\/\/comprasyconsejos.store\/product\/escaner-de-tarjetas-pro-para-tarjetas-de-intercambio-soporte-para-escaner-de-tarjetas-mtg-y-tcg-con-luz-led-y-base-magnetica-escanea-rapidamente-y-comprueba-el-precio-de-tarjetas-coleccionables-sin\/"},"modified":"2026-03-07T12:15:12","modified_gmt":"2026-03-07T12:15:12","slug":"escaner-de-tarjetas-pro-para-tarjetas-de-intercambio-soporte-para-escaner-de-tarjetas-mtg-y-tcg-con-luz-led-y-base-magnetica-escanea-rapidamente-y-comprueba-el-precio-de-tarjetas-coleccionables-sin","status":"publish","type":"product","link":"https:\/\/comprasyconsejos.store\/en\/product\/escaner-de-tarjetas-pro-para-tarjetas-de-intercambio-soporte-para-escaner-de-tarjetas-mtg-y-tcg-con-luz-led-y-base-magnetica-escanea-rapidamente-y-comprueba-el-precio-de-tarjetas-coleccionables-sin\/","title":{"rendered":"Esc\u00e1ner de tarjetas Pro para tarjetas de intercambio, soporte para esc\u00e1ner de tarjetas MTG y TCG con luz LED y base magn\u00e9tica, escanea r\u00e1pidamente y comprueba el precio de tarjetas coleccionables sin"},"content":{"rendered":"<p>Price: <span style=\"color:#b12704\">\u20ac48.39<\/span><br \/><i><small>(as of Mar 07, 2026 12:15:06 UTC &#8211; <span class=\"wp_automatic_amazon_disclaimer\" title=\"Product prices and availability are accurate as of the date\/time indicated and are subject to change. Any price and availability information displayed on [relevant Amazon Site(s), as applicable] at the time of purchase will apply to the purchase of this product.\">Details<\/span>)<\/small><\/i><\/p>\n<p><a href=\"https:\/\/amazon.es\/dp\/B0F5WF6946?tag=man008-21\"><img decoding=\"async\" src=\"https:\/\/valvepress.s3.amazonaws.com\/imgs\/buy_now.png\"><\/a><br \/>\n<br \/>\n    <span>Esc\u00e1ner de tarjetas Pro para tarjetas de intercambio, soporte para esc\u00e1ner de tarjetas MTG y TCG con luz LED y base magn\u00e9tica, escanea r\u00e1pidamente y comprueba el precio de tarjetas coleccionables sin manga, compatible con aplicaciones ManaBox y Magic TCG<\/span>    <br \/> Package Dimensions                                            \u200f                                            :                                            \u200e                                            17.7 x 15.09 x 9.8 cm; 349 g   <br \/> Manufacturer                                            \u200f                                            :                                            \u200e                                            OSTENBIG   <br \/> ASIN                                            \u200f                                            :                                            \u200e                                            B0F5WF6946   <br \/> Manufacturer reference                                            \u200f                                            :                                            \u200e                                            QH-Scan-001   <br \/>  Customer reviews:                                                                                            3.7               3.7 out of 5 stars                                  (207)                                              var dpAcrHasRegisteredArcLinkClickAction;                    P.when(&#8216;A&#8217;, &#8216;ready&#8217;).execute(function(A) {                        if (dpAcrHasRegisteredArcLinkClickAction !== true) {                            dpAcrHasRegisteredArcLinkClickAction = true;                            A.declarative(                                &#8216;acrLink-click-metrics&#8217;, &#8216;click&#8217;,                                { \u00aballowLinkDefault\u00bb: true },                                function (event) {                                    if (window.ue) {                                        ue.count(\u00abacrLinkClickCount\u00bb, (ue.count(\u00abacrLinkClickCount\u00bb) || 0) + 1);                                    }                                }                            );                        }                    });                                             P.when(&#8216;A&#8217;, &#8216;cf&#8217;).execute(function(A) {                A.declarative(&#8216;acrStarsLink-click-metrics&#8217;, &#8216;click&#8217;, { \u00aballowLinkDefault\u00bb : true },  function(event){                    if(window.ue) {                        ue.count(\u00abacrStarsLinkWithPopoverClickCount\u00bb, (ue.count(\u00abacrStarsLinkWithPopoverClickCount\u00bb) || 0) + 1);                    }                });            });                          <\/p>\n<p>Escaneo eficiente: nuestro exclusivo dise\u00f1o de base inclinada permite que las tarjetas se deslicen suavemente a lo largo en la ranura de escaneo, funcionamiento m\u00e1s fluido. Este dise\u00f1o reduce la fricci\u00f3n, por lo que es m\u00e1s f\u00e1cil escanear, ordenar y comprobar el precio de tu colecci\u00f3n de tarjetas intercambiables. Totalmente compatible con aplicaciones de escaneo como ManaBox y Magic TCG Scanner.<br \/>Luz LED ajustable para un escaneo claro: este esc\u00e1ner de tarjetas MTG cuenta con una tira de luz LED enchufable con tres niveles de brillo, lo que te permite ajustar tanto la posici\u00f3n como la intensidad para un escaneo \u00f3ptimo en cualquier condici\u00f3n de iluminaci\u00f3n. Reduce el deslumbramiento y las sombras.<br \/>Construcci\u00f3n resistente y ligera: este soporte para esc\u00e1ner de tarjetas coleccionables est\u00e1 impreso en 3D con material PLA ligero. Su estructura reforzada proporciona el equilibrio entre portabilidad y estabilidad.<br \/>Configuraci\u00f3n f\u00e1cil de usar: no requiere herramientas, simplemente coloca la luz LED y monta tu tel\u00e9fono. Desliza una tarjeta sin manga por la rampa y abre tu aplicaci\u00f3n de escaneo MTG (como ManaBox). La aplicaci\u00f3n comprobar\u00e1 el precio de la tarjeta. Ya sea construyendo una baraja o catalogando tu colecci\u00f3n, este esc\u00e1ner de tarjetas hace que el proceso sea simple para los coleccionistas de TCG.<br \/>Amplia compatibilidad: el soporte para esc\u00e1ner de tarjetas es compatible con tel\u00e9fonos inteligentes. Simplemente abre tu aplicaci\u00f3n de escaneo MTG preferida como ManaBox: coloca tu tel\u00e9fono en el soporte y alinea la c\u00e1mara con la ranura para tarjetas para comenzar a escanear en cuesti\u00f3n de segundos.<\/p>\n\n","protected":false},"excerpt":{"rendered":"<p> Esc\u00e1ner de tarjetas Pro para tarjetas de intercambio, soporte para esc\u00e1ner de tarjetas MTG y<\/p>","protected":false},"featured_media":38819,"comment_status":"open","ping_status":"closed","template":"","meta":[],"product_brand":[],"product_cat":[60],"product_tag":[4186,1990,11655,11653,3994,1982,11651,7551,1989,1983,1986,11648,428,4813,5541,11649,1987,3954,1984,1985,11654,163,11652,1991,5021,4824,5322,11650,1988],"class_list":{"0":"post-38818","1":"product","2":"type-product","3":"status-publish","4":"has-post-thumbnail","6":"product_cat-scanners","7":"product_tag-base","8":"product_tag-best-scanner","9":"product_tag-coleccionables","10":"product_tag-comprueba","11":"product_tag-con","12":"product_tag-document-scanner","13":"product_tag-escanea","14":"product_tag-escaner","15":"product_tag-fast-document-scanner","16":"product_tag-flatbed-scanner","17":"product_tag-high-resolution-scanner","18":"product_tag-intercambio","19":"product_tag-led","20":"product_tag-luz","21":"product_tag-magnetica","22":"product_tag-mtg","23":"product_tag-office-scanner","24":"product_tag-para","25":"product_tag-photo-scanner","26":"product_tag-portable-scanner","27":"product_tag-precio","28":"product_tag-pro","29":"product_tag-rapidamente","30":"product_tag-scanner-price","31":"product_tag-sin","32":"product_tag-soporte","33":"product_tag-tarjetas","34":"product_tag-tcg","35":"product_tag-usb-scanner","37":"first","38":"instock","39":"shipping-taxable","40":"product-type-external"},"_links":{"self":[{"href":"https:\/\/comprasyconsejos.store\/en\/wp-json\/wp\/v2\/product\/38818","targetHints":{"allow":["GET"]}}],"collection":[{"href":"https:\/\/comprasyconsejos.store\/en\/wp-json\/wp\/v2\/product"}],"about":[{"href":"https:\/\/comprasyconsejos.store\/en\/wp-json\/wp\/v2\/types\/product"}],"replies":[{"embeddable":true,"href":"https:\/\/comprasyconsejos.store\/en\/wp-json\/wp\/v2\/comments?post=38818"}],"version-history":[{"count":0,"href":"https:\/\/comprasyconsejos.store\/en\/wp-json\/wp\/v2\/product\/38818\/revisions"}],"wp:featuredmedia":[{"embeddable":true,"href":"https:\/\/comprasyconsejos.store\/en\/wp-json\/wp\/v2\/media\/38819"}],"wp:attachment":[{"href":"https:\/\/comprasyconsejos.store\/en\/wp-json\/wp\/v2\/media?parent=38818"}],"wp:term":[{"taxonomy":"product_brand","embeddable":true,"href":"https:\/\/comprasyconsejos.store\/en\/wp-json\/wp\/v2\/product_brand?post=38818"},{"taxonomy":"product_cat","embeddable":true,"href":"https:\/\/comprasyconsejos.store\/en\/wp-json\/wp\/v2\/product_cat?post=38818"},{"taxonomy":"product_tag","embeddable":true,"href":"https:\/\/comprasyconsejos.store\/en\/wp-json\/wp\/v2\/product_tag?post=38818"}],"curies":[{"name":"wp","href":"https:\/\/api.w.org\/{rel}","templated":true}]}}