{"id":38832,"date":"2026-03-07T12:28:08","date_gmt":"2026-03-07T12:28:08","guid":{"rendered":"https:\/\/comprasyconsejos.store\/product\/black-ink-cartridge-42-ml-portable-inkjet-printer-12-7mm-fast-drying-for-wood-acrylic-aluminum-paper-plastic-metal-glass-labels\/"},"modified":"2026-03-07T12:28:12","modified_gmt":"2026-03-07T12:28:12","slug":"black-ink-cartridge-42-ml-portable-inkjet-printer-12-7mm-fast-drying-for-wood-acrylic-aluminum-paper-plastic-metal-glass-labels","status":"publish","type":"product","link":"https:\/\/comprasyconsejos.store\/en\/product\/black-ink-cartridge-42-ml-portable-inkjet-printer-12-7mm-fast-drying-for-wood-acrylic-aluminum-paper-plastic-metal-glass-labels\/","title":{"rendered":"Black Ink Cartridge 42 Ml Portable Inkjet Printer 12.7mm Fast Drying for Wood, Acrylic, Aluminum, Paper, Plastic, Metal, Glass, Labels,"},"content":{"rendered":"<p>Price: <span style=\"color:#b12704\">\u20ac49.46<\/span><br \/><i><small>(as of Mar 07, 2026 12:28:08 UTC &#8211; <span class=\"wp_automatic_amazon_disclaimer\" title=\"Product prices and availability are accurate as of the date\/time indicated and are subject to change. Any price and availability information displayed on [relevant Amazon Site(s), as applicable] at the time of purchase will apply to the purchase of this product.\">Details<\/span>)<\/small><\/i><\/p>\n<p><a href=\"https:\/\/amazon.es\/dp\/B0DNWRQZYB?tag=man008-21\"><img decoding=\"async\" src=\"https:\/\/valvepress.s3.amazonaws.com\/imgs\/buy_now.png\"><\/a><br \/>\n<\/p>\n<p>                                             Product Description   <\/p>\n<p>                                                                             <img decoding=\"async\" alt=\"1019240010111-1\" src=\"https:\/\/images-na.ssl-images-amazon.com\/images\/G\/01\/x-locale\/common\/grey-pixel.gif\" class=\"a-spacing-base a-lazy-loaded\" data-src=\"https:\/\/m.media-amazon.com\/images\/S\/aplus-media-library-service-media\/d4567c6a-9f97-4c69-b55f-7a0e17f4d4c6.__CR0,0,970,600_PT0_SX970_V1___.jpg\"><img decoding=\"async\" alt=\"1019240010111-1\" src=\"https:\/\/m.media-amazon.com\/images\/S\/aplus-media-library-service-media\/d4567c6a-9f97-4c69-b55f-7a0e17f4d4c6.__CR0,0,970,600_PT0_SX970_V1___.jpg\">                                         <\/p>\n<h3 class=\"a-spacing-mini\"> Cartucho de Tinta Negra de 42 Ml Impresora de Inyeccin de Tinta Porttil de 12,7 Mm, Secado Rpido para Madera, Acrlico, Aluminio, Papel, Plstico, Metal, Vidrio, Etiquetas, <\/h3>\n<p>                                                  <img decoding=\"async\" alt=\"YT\" src=\"https:\/\/images-na.ssl-images-amazon.com\/images\/G\/01\/x-locale\/common\/grey-pixel.gif\" class=\"a-lazy-loaded\" data-src=\"https:\/\/m.media-amazon.com\/images\/S\/aplus-media-library-service-media\/bc83bfa9-b125-4210-9106-618a362c4a98.__CR0,0,300,300_PT0_SX300_V1___.jpg\"><img decoding=\"async\" alt=\"YT\" src=\"https:\/\/m.media-amazon.com\/images\/S\/aplus-media-library-service-media\/bc83bfa9-b125-4210-9106-618a362c4a98.__CR0,0,300,300_PT0_SX300_V1___.jpg\">  <\/p>\n<p>[Tinta de gran capacidad de 42 ml] Este cartucho de tinta negra puede imprimir 1200 p\u00e1ginas de papel a4 con alta eficiencia e impresi\u00f3n clara. <\/p>\n<p>[Rendimiento de secado r\u00e1pido] Ahorre tiempo con tinta de secado r\u00e1pido que garantiza una impresi\u00f3n suave y sin obstrucciones. <\/p>\n<p>[Instalaci\u00f3n c\u00f3moda] Con una carcasa de ABS, este cartucho es compacto y f\u00e1cil de reemplazar. <\/p>\n<p class=\"apm-text-center\">\n                                                      <img decoding=\"async\" alt=\"Dispositivo electr\u00f3nico o adaptador negro con detalles en azul que se muestra desde varios \u00e1ngulos sobre un fondo blanco.\" src=\"https:\/\/images-na.ssl-images-amazon.com\/images\/G\/01\/x-locale\/common\/grey-pixel.gif\" class=\"a-spacing-mini a-lazy-loaded\" data-src=\"https:\/\/m.media-amazon.com\/images\/S\/aplus-media-library-service-media\/2ae46a4f-cd1b-4fe1-8318-5b765c72bcc7.__CR0,0,300,300_PT0_SX300_V1___.jpg\"><img decoding=\"async\" alt=\"Dispositivo electr\u00f3nico o adaptador negro con detalles en azul que se muestra desde varios \u00e1ngulos sobre un fondo blanco.\" src=\"https:\/\/m.media-amazon.com\/images\/S\/aplus-media-library-service-media\/2ae46a4f-cd1b-4fe1-8318-5b765c72bcc7.__CR0,0,300,300_PT0_SX300_V1___.jpg\">  <\/p>\n<p class=\"apm-text-center\">\n                                                      <img decoding=\"async\" alt=\"1019240010111-2\" src=\"https:\/\/images-na.ssl-images-amazon.com\/images\/G\/01\/x-locale\/common\/grey-pixel.gif\" class=\"a-spacing-mini a-lazy-loaded\" data-src=\"https:\/\/m.media-amazon.com\/images\/S\/aplus-media-library-service-media\/05263f23-98d5-4ab3-b8e7-5a380ad588de.__CR0,0,300,300_PT0_SX300_V1___.jpg\"><img decoding=\"async\" alt=\"1019240010111-2\" src=\"https:\/\/m.media-amazon.com\/images\/S\/aplus-media-library-service-media\/05263f23-98d5-4ab3-b8e7-5a380ad588de.__CR0,0,300,300_PT0_SX300_V1___.jpg\">  <\/p>\n<p class=\"apm-text-center\">\n                                                      <img decoding=\"async\" alt=\"1019240010111-3\" src=\"https:\/\/images-na.ssl-images-amazon.com\/images\/G\/01\/x-locale\/common\/grey-pixel.gif\" class=\"a-spacing-mini a-lazy-loaded\" data-src=\"https:\/\/m.media-amazon.com\/images\/S\/aplus-media-library-service-media\/3d49e28a-257e-4706-8997-fa2277b55f3a.__CR0,0,300,300_PT0_SX300_V1___.jpg\"><img decoding=\"async\" alt=\"1019240010111-3\" src=\"https:\/\/m.media-amazon.com\/images\/S\/aplus-media-library-service-media\/3d49e28a-257e-4706-8997-fa2277b55f3a.__CR0,0,300,300_PT0_SX300_V1___.jpg\">  <\/p>\n<p class=\"apm-text-center\">\n                                                      <img decoding=\"async\" alt=\"1\" src=\"https:\/\/images-na.ssl-images-amazon.com\/images\/G\/01\/x-locale\/common\/grey-pixel.gif\" class=\"a-spacing-mini a-lazy-loaded\" data-src=\"https:\/\/m.media-amazon.com\/images\/S\/aplus-media-library-service-media\/16931583-1c34-41aa-8023-a2d82bf6c660.__CR0,0,300,300_PT0_SX300_V1___.jpg\"><img decoding=\"async\" alt=\"1\" src=\"https:\/\/m.media-amazon.com\/images\/S\/aplus-media-library-service-media\/16931583-1c34-41aa-8023-a2d82bf6c660.__CR0,0,300,300_PT0_SX300_V1___.jpg\">  <\/p>\n<p class=\"apm-text-center\">\n                                                      <img decoding=\"async\" alt=\"1019240010111-2\" src=\"https:\/\/images-na.ssl-images-amazon.com\/images\/G\/01\/x-locale\/common\/grey-pixel.gif\" class=\"a-spacing-mini a-lazy-loaded\" data-src=\"https:\/\/m.media-amazon.com\/images\/S\/aplus-media-library-service-media\/7788fa3e-beac-4630-911c-5237bf574f43.__CR0,0,300,300_PT0_SX300_V1___.jpg\"><img decoding=\"async\" alt=\"1019240010111-2\" src=\"https:\/\/m.media-amazon.com\/images\/S\/aplus-media-library-service-media\/7788fa3e-beac-4630-911c-5237bf574f43.__CR0,0,300,300_PT0_SX300_V1___.jpg\">  <\/p>\n<p class=\"apm-text-center\">\n                                                      <img decoding=\"async\" alt=\"Vista en esquina del dispositivo o soporte de pl\u00e1stico negro que contiene lo que parece ser papel o documentaci\u00f3n.\" src=\"https:\/\/images-na.ssl-images-amazon.com\/images\/G\/01\/x-locale\/common\/grey-pixel.gif\" class=\"a-spacing-mini a-lazy-loaded\" data-src=\"https:\/\/m.media-amazon.com\/images\/S\/aplus-media-library-service-media\/ce08b710-3e97-43c4-a5d2-52384701e8d7.__CR0,0,300,300_PT0_SX300_V1___.jpg\"><img decoding=\"async\" alt=\"Vista en esquina del dispositivo o soporte de pl\u00e1stico negro que contiene lo que parece ser papel o documentaci\u00f3n.\" src=\"https:\/\/m.media-amazon.com\/images\/S\/aplus-media-library-service-media\/ce08b710-3e97-43c4-a5d2-52384701e8d7.__CR0,0,300,300_PT0_SX300_V1___.jpg\">  <\/p>\n<p>1. ALTA EFICIENCIA: El cartucho de tinta negro tiene una gran capacidad de tinta de 42 ML y puede imprimir 1200 p\u00e1ginas de papel A4 (5% por hoja), con alta eficiencia, impresi\u00f3n clara y fuerte adherencia. <\/p>\n<p> 2. ALTO RENDIMIENTO: Este El cartucho de tinta tiene un rendimiento de secado r\u00e1pido, lo que ahorra mucho tiempo de secado. Con colores brillantes y delicados, la impresi\u00f3n es m\u00e1s suave y no obstruye la salida de tinta. <\/p>\n<p> 3. MODELOS APLICABLES: Este cartucho de tinta negro es adecuado para la impresora de inyecci\u00f3n de tinta port\u00e1til SC12 SC12T CP12 CP12W SC12KJ de 12,7 mm, que tiene buena compatibilidad y puede ser reemplazado directamente despu\u00e9s de su uso. <\/p>\n<p> 4. MATERIALES APLICABLES: Este cartucho de tinta es adecuado para imprimir en materiales absorbentes y no absorbentes, incluyendo madera, acr\u00edlico, aluminio, porcelana, papel, pl\u00e1stico, metal, tela, vidrio, etiquetas, cuero, etc. <\/p>\n<p> 5. PIEZA DE REPUESTO: Este cartucho de tinta cuenta con una carcasa de ABS, que es compacta, liviana y conveniente de instalar y reemplazar. Puede reemplazar directamente los cartuchos de tinta viejos o da\u00f1ados. <\/p>\n<p>  <\/p>\n<p> Especificaci\u00f3n: <\/p>\n<p> Tipo de art\u00edculo: Cartucho de tinta <\/p>\n<p> Modelo: HT06 <\/p>\n<p> Capacidad: 42ML <\/p>\n<p> Color: Negro <\/p>\n<p> Material: ABS <\/p>\n<p> Modelo aplicable: Para SC12, SC12T, CP12, CP12W, SC12KJ (cartucho de tinta no cifrado universal para impresora de inyecci\u00f3n de tinta port\u00e1til de 12,7 mm) <\/p>\n<p> Aplicaci\u00f3n: El cartucho de tinta es adecuado para imprimir en materiales que absorben agua y no absorben agua, incluyendo madera, materiales acr\u00edlicos, aluminio, cer\u00e1mica, telas, papel, pl\u00e1stico, metal, tela, vidrio, etiquetas, cuero, etc. <\/p>\n<p>  <\/p>\n<p> C\u00f3mo Uso: <\/p>\n<p> Saque el producto y \u00faselo directamente. <\/p>\n<p>  <\/p>\n<p> Lista de Empaque: <\/p>\n<p> 1 x cartucho de tinta <\/p>\n<p>[Quick Dry Performance] Save time with fast-drying ink that ensures smooth, clog-free printing.<br \/>[Versatile Use] Print on a variety of materials such as wood, metal, fabric, glass and more.<br \/>[Good Compatibility] Suitable for sc12, cp12 and more portable inkjet printers for easy replacement.<br \/>[Convenient Installation] With an ABS housing, this cartridge is compact and easy to replace.<br \/>[40ml Large Capacity Ink] This black ink cartridge can print 1200 pages of a4 paper with high efficiency and clear printing.<\/p>\n\n","protected":false},"excerpt":{"rendered":"<p> Product Description Cartucho de Tinta Negra de 42 Ml Impresora de Inyeccin de Tinta Porttil<\/p>","protected":false},"featured_media":38833,"comment_status":"open","ping_status":"closed","template":"","meta":[],"product_brand":[],"product_cat":[57],"product_tag":[6463,9777,435,2140,307,2903,2134,2126,2731,137,1677,2129,1980,1953,1961,2145,2142,1853,2343,2143,1965,2132,1145,290,1962,2136,2995],"class_list":{"0":"post-38832","1":"product","2":"type-product","3":"status-publish","4":"has-post-thumbnail","6":"product_cat-inkjet-printers","7":"product_tag-12-7mm","8":"product_tag-acrylic","9":"product_tag-aluminum","10":"product_tag-best-inkjet-printer","11":"product_tag-black","12":"product_tag-cartridge","13":"product_tag-cheap-inkjet-printer","14":"product_tag-color-inkjet-printer","15":"product_tag-drying","16":"product_tag-fast","17":"product_tag-glass","18":"product_tag-home-inkjet-printer","19":"product_tag-ink","20":"product_tag-ink-tank-printer","21":"product_tag-inkjet","22":"product_tag-inkjet-printer","23":"product_tag-inkjet-printer-price","24":"product_tag-labels","25":"product_tag-metal","26":"product_tag-office-inkjet-printer","27":"product_tag-paper","28":"product_tag-photo-inkjet-printer","29":"product_tag-plastic","30":"product_tag-portable","31":"product_tag-printer","32":"product_tag-wireless-inkjet-printer","33":"product_tag-wood","35":"first","36":"instock","37":"shipping-taxable","38":"product-type-external"},"_links":{"self":[{"href":"https:\/\/comprasyconsejos.store\/en\/wp-json\/wp\/v2\/product\/38832","targetHints":{"allow":["GET"]}}],"collection":[{"href":"https:\/\/comprasyconsejos.store\/en\/wp-json\/wp\/v2\/product"}],"about":[{"href":"https:\/\/comprasyconsejos.store\/en\/wp-json\/wp\/v2\/types\/product"}],"replies":[{"embeddable":true,"href":"https:\/\/comprasyconsejos.store\/en\/wp-json\/wp\/v2\/comments?post=38832"}],"version-history":[{"count":0,"href":"https:\/\/comprasyconsejos.store\/en\/wp-json\/wp\/v2\/product\/38832\/revisions"}],"wp:featuredmedia":[{"embeddable":true,"href":"https:\/\/comprasyconsejos.store\/en\/wp-json\/wp\/v2\/media\/38833"}],"wp:attachment":[{"href":"https:\/\/comprasyconsejos.store\/en\/wp-json\/wp\/v2\/media?parent=38832"}],"wp:term":[{"taxonomy":"product_brand","embeddable":true,"href":"https:\/\/comprasyconsejos.store\/en\/wp-json\/wp\/v2\/product_brand?post=38832"},{"taxonomy":"product_cat","embeddable":true,"href":"https:\/\/comprasyconsejos.store\/en\/wp-json\/wp\/v2\/product_cat?post=38832"},{"taxonomy":"product_tag","embeddable":true,"href":"https:\/\/comprasyconsejos.store\/en\/wp-json\/wp\/v2\/product_tag?post=38832"}],"curies":[{"name":"wp","href":"https:\/\/api.w.org\/{rel}","templated":true}]}}