{"id":38864,"date":"2026-03-07T13:33:48","date_gmt":"2026-03-07T13:33:48","guid":{"rendered":"https:\/\/comprasyconsejos.store\/product\/lg-27up85np-w-beu-4k-uhd-monitor-27-inches-ips-led-panel-3840x2160-hdmix2-dpx1-usb-cx1-usb-ax2-5ms-240hz-universal-connectivity-adjustable-tilt-white\/"},"modified":"2026-03-07T13:34:00","modified_gmt":"2026-03-07T13:34:00","slug":"lg-27up85np-w-beu-4k-uhd-monitor-27-inches-ips-led-panel-3840x2160-hdmix2-dpx1-usb-cx1-usb-ax2-5ms-240hz-universal-connectivity-adjustable-tilt-white","status":"publish","type":"product","link":"https:\/\/comprasyconsejos.store\/en\/product\/lg-27up85np-w-beu-4k-uhd-monitor-27-inches-ips-led-panel-3840x2160-hdmix2-dpx1-usb-cx1-usb-ax2-5ms-240hz-universal-connectivity-adjustable-tilt-white\/","title":{"rendered":"LG 27UP85NP-W.BEU &#8211; 4K UHD Monitor 27 inches, IPS LED Panel: 3840&#215;2160, HDMIx2, DPx1, USB-Cx1, USB-Ax2, 5ms, 240Hz, Universal Connectivity, Adjustable Tilt, White"},"content":{"rendered":"<p>Price: <span style=\"color:#b12704\">\u20ac359.95<\/span><br \/><i><small>(as of Mar 07, 2026 13:33:49 UTC &#8211; <span class=\"wp_automatic_amazon_disclaimer\" title=\"Product prices and availability are accurate as of the date\/time indicated and are subject to change. Any price and availability information displayed on [relevant Amazon Site(s), as applicable] at the time of purchase will apply to the purchase of this product.\">Details<\/span>)<\/small><\/i><\/p>\n<p><a href=\"https:\/\/amazon.es\/dp\/B0BXBCJ58S?tag=man008-21\"><img decoding=\"async\" src=\"https:\/\/valvepress.s3.amazonaws.com\/imgs\/buy_now.png\"><\/a><br \/>\n<\/p>\n<p>                                             From the manufacturer   <\/p>\n<p>                                                                                                       <img decoding=\"async\" alt=\"Lg, 27UP85NP-W, Monitor para creadores, LG 27UP85NP-W, monitor pc, monitor\" src=\"https:\/\/images-na.ssl-images-amazon.com\/images\/G\/01\/x-locale\/common\/grey-pixel.gif\" class=\"a-lazy-loaded\" data-src=\"https:\/\/m.media-amazon.com\/images\/S\/aplus-media-library-service-media\/827ca8ca-8ba1-41e9-9885-1431eb5a22c8.__CR1,0,1464,600_PT0_SX1464_V1___.png\"><img decoding=\"async\" alt=\"Lg, 27UP85NP-W, Monitor para creadores, LG 27UP85NP-W, monitor pc, monitor\" src=\"https:\/\/m.media-amazon.com\/images\/S\/aplus-media-library-service-media\/827ca8ca-8ba1-41e9-9885-1431eb5a22c8.__CR1,0,1464,600_PT0_SX1464_V1___.png\">                                               <\/p>\n<p>                                                                                     <img decoding=\"async\" alt=\"Lg, 27UP85NP-W, Monitor para creadores, LG 27UP85NP-W, monitor pc, monitor\" src=\"https:\/\/m.media-amazon.com\/images\/S\/aplus-media-library-service-media\/0838f81e-d657-43f0-bea6-5c5dc8900e6b.__CR1,0,1464,600_PT0_SX1464_V1___.png\">                                                    Colores vivos y detalles exactos                                         <\/p>\n<p class=\"aplus-p3\"> El monitor LG 4K UHD 27UP85NP, compatible con VESA DisplayHDR 400, ofrece un amplio espectro de brillo y contraste, para que la inmersi\u00f3n visual sea impresionante con  HDR. <\/p>\n<p>                                                                                     <img decoding=\"async\" alt=\"Lg, 27UP85NP-W, Monitor para creadores, LG 27UP85NP-W, monitor pc, monitor\" src=\"https:\/\/m.media-amazon.com\/images\/S\/aplus-media-library-service-media\/5d9523fa-fb88-4c85-a17f-abfd6df9d2b6.__CR1,0,1464,600_PT0_SX1464_V1___.png\">                                                     Efecto HDR para contenido SDR                                         <\/p>\n<p class=\"aplus-p3\"> Puede transformar pr\u00e1cticamente todo el contenido est\u00e1ndar en v\u00eddeo de calidad HDR directamente desde la pantalla. Mediante un algoritmo de calidad de imagen. <\/p>\n<p>                                                                                     <img decoding=\"async\" alt=\"Lg, 27UP85NP-W, Monitor para creadores, LG 27UP85NP-W, monitor pc, monitor\" src=\"https:\/\/m.media-amazon.com\/images\/S\/aplus-media-library-service-media\/f9a09d98-9ece-4bb6-a8be-3039b6072db6.__CR1,0,1464,600_PT0_SX1464_V1___.png\">                                                    Colores reales y amplio \u00e1ngulo de visi\u00f3n                                         <\/p>\n<p class=\"aplus-p3\"> La pantalla IPS de LG tiene una precisi\u00f3n de color extraordinaria,  cubriendo un 95% del espectro DCI-P3. Adem\u00e1s, el \u00e1ngulo de visi\u00f3n es m\u00e1s  amplio. <\/p>\n<p>                                                                                     <img decoding=\"async\" alt=\"Lg, 27UP85NP-W, Monitor para creadores, LG 27UP85NP-W, monitor pc, monitor\" src=\"https:\/\/m.media-amazon.com\/images\/S\/aplus-media-library-service-media\/cbc1cf69-3c1f-4dbf-8cf2-6dc7b3e880d8.__CR1,0,1464,600_PT0_SX1464_V1___.png\">                                                    Calibraci\u00f3n de color                                         <\/p>\n<p class=\"aplus-p3\"> Optimiza el rendimiento del color con Hardware Calibration mediante el  software LG Calibration Studio, aprovechando al m\u00e1ximo la consistencia y  el amplio espectro de color de la pantalla LG IPS 4K. <\/p>\n<p>                                                                                                       <img decoding=\"async\" alt=\"Lg, 27UP85NP-W, Monitor para creadores, LG 27UP85NP-W, monitor pc, monitor\" src=\"https:\/\/images-na.ssl-images-amazon.com\/images\/G\/01\/x-locale\/common\/grey-pixel.gif\" class=\"a-lazy-loaded\" data-src=\"https:\/\/m.media-amazon.com\/images\/S\/aplus-media-library-service-media\/895c10e7-eba1-4ef1-a4a1-877950e435bb.__CR1,0,1464,600_PT0_SX1464_V1___.png\"><img decoding=\"async\" alt=\"Lg, 27UP85NP-W, Monitor para creadores, LG 27UP85NP-W, monitor pc, monitor\" src=\"https:\/\/m.media-amazon.com\/images\/S\/aplus-media-library-service-media\/895c10e7-eba1-4ef1-a4a1-877950e435bb.__CR1,0,1464,600_PT0_SX1464_V1___.png\">                                               <\/p>\n<p>                                                                                                       <img decoding=\"async\" alt=\"Lg, 27UP85NP-W, Monitor para creadores, LG 27UP85NP-W, monitor pc, monitor\" src=\"https:\/\/images-na.ssl-images-amazon.com\/images\/G\/01\/x-locale\/common\/grey-pixel.gif\" class=\"a-lazy-loaded\" data-src=\"https:\/\/m.media-amazon.com\/images\/S\/aplus-media-library-service-media\/a1740437-10a3-4f66-8b8e-39ee9fc3e2a3.__CR1,0,1464,600_PT0_SX1464_V1___.png\"><img decoding=\"async\" alt=\"Lg, 27UP85NP-W, Monitor para creadores, LG 27UP85NP-W, monitor pc, monitor\" src=\"https:\/\/m.media-amazon.com\/images\/S\/aplus-media-library-service-media\/a1740437-10a3-4f66-8b8e-39ee9fc3e2a3.__CR1,0,1464,600_PT0_SX1464_V1___.png\">                                                 Videojuegos en 4K y HDR                                             Inmersiva experiencia gaming                                        <\/p>\n<p class=\"aplus-p2 aplus-module-2-description\"> El monitor LG 4K UHD 27UP85NP impulsa la nueva era de videojuegos 4K  HDR, que adem\u00e1s de ofrecerte unas im\u00e1genes impecables, te ayuda a tener  una ventaja competitiva gracias a caracter\u00edsticas como el AMD FreeSync,  el modo Juego, Dynamic Action Sync y Black Stabilizer. <\/p>\n<p>                                                                                              <img decoding=\"async\" alt=\"Lg, 27UP85NP-W, Monitor para creadores, LG 27UP85NP-W, monitor pc, monitor\" src=\"https:\/\/images-na.ssl-images-amazon.com\/images\/G\/01\/x-locale\/common\/grey-pixel.gif\" class=\"a-lazy-loaded\" data-src=\"https:\/\/m.media-amazon.com\/images\/S\/aplus-media-library-service-media\/eda2e8eb-dccf-43c6-95f0-6dc6c87cbf86.__CR0,0,650,350_PT0_SX650_V1___.png\"><img decoding=\"async\" alt=\"Lg, 27UP85NP-W, Monitor para creadores, LG 27UP85NP-W, monitor pc, monitor\" src=\"https:\/\/m.media-amazon.com\/images\/S\/aplus-media-library-service-media\/eda2e8eb-dccf-43c6-95f0-6dc6c87cbf86.__CR0,0,650,350_PT0_SX650_V1___.png\">                                            M\u00e1s n\u00edtido, m\u00e1s fluido y m\u00e1s r\u00e1pido                                         <\/p>\n<p class=\"aplus-p3\"> Con la tecnolog\u00eda AMD FreeSync los gamers pueden experimentar un  movimiento fluido y perfecto en los juegos de alta resoluci\u00f3n y ritmo  r\u00e1pido. Adem\u00e1s, elimina pr\u00e1cticamente los cuadros interrumpidos y la  fragmentaci\u00f3n de la imagen. <\/p>\n<p>                                           <img decoding=\"async\" alt=\"Lg, 27UP85NP-W, Monitor para creadores, LG 27UP85NP-W, monitor pc, monitor\" src=\"https:\/\/images-na.ssl-images-amazon.com\/images\/G\/01\/x-locale\/common\/grey-pixel.gif\" class=\"a-lazy-loaded\" data-src=\"https:\/\/m.media-amazon.com\/images\/S\/aplus-media-library-service-media\/87292ae8-4f75-45ff-93a8-7c60c0d0ce61.__CR0,0,650,350_PT0_SX650_V1___.png\"><img decoding=\"async\" alt=\"Lg, 27UP85NP-W, Monitor para creadores, LG 27UP85NP-W, monitor pc, monitor\" src=\"https:\/\/m.media-amazon.com\/images\/S\/aplus-media-library-service-media\/87292ae8-4f75-45ff-93a8-7c60c0d0ce61.__CR0,0,650,350_PT0_SX650_V1___.png\">                                             Interacci\u00f3n en tiempo real y sin retrasos                                         <\/p>\n<p class=\"aplus-p3\"> inimiza el retraso de entrada con Dynamic Action Sync para que los  jugadores puedan captar cada uno de los momentos en tiempo real. <\/p>\n<p class=\"aplus-p3\"> Black Stabilizer proporciona a los jugadores una visibilidad completa, incluso en las escenas de negros profundos. <\/p>\n<p>                                                                                                       <img decoding=\"async\" alt=\"Lg, 27UP85NP-W, Monitor para creadores, LG 27UP85NP-W, monitor pc, monitor\" src=\"https:\/\/images-na.ssl-images-amazon.com\/images\/G\/01\/x-locale\/common\/grey-pixel.gif\" class=\"a-lazy-loaded\" data-src=\"https:\/\/m.media-amazon.com\/images\/S\/aplus-media-library-service-media\/85c182dc-b9bd-48c6-a287-f4d0dfa5ef52.__CR1,0,1464,600_PT0_SX1464_V1___.png\"><img decoding=\"async\" alt=\"Lg, 27UP85NP-W, Monitor para creadores, LG 27UP85NP-W, monitor pc, monitor\" src=\"https:\/\/m.media-amazon.com\/images\/S\/aplus-media-library-service-media\/85c182dc-b9bd-48c6-a287-f4d0dfa5ef52.__CR1,0,1464,600_PT0_SX1464_V1___.png\">                                                 Contenidos m\u00e1s reales                                             Tus contenidos favoritos en 4K UHD                                        <\/p>\n<p class=\"aplus-p2 aplus-module-2-description\"> Contenido HDR disponible para m\u00faltiples servicios de streaming. Disfruta de tus contenidos favoritos en 4K  gracias a la tecnolog\u00eda VESA DisplayHDR 400  compatible con el espectro DCI-P3. <\/p>\n<p class=\"aplus-p2 aplus-module-2-description\"> Puedes personalizar tus opciones de pantalla gracias a la interfaz OnScreen Control. <\/p>\n<p>                                                                                                       <img decoding=\"async\" alt=\"Lg, 27UP85NP-W, Monitor para creadores, LG 27UP85NP-W, monitor pc, monitor\" src=\"https:\/\/images-na.ssl-images-amazon.com\/images\/G\/01\/x-locale\/common\/grey-pixel.gif\" class=\"a-lazy-loaded\" data-src=\"https:\/\/m.media-amazon.com\/images\/S\/aplus-media-library-service-media\/a8decd7a-0b0c-45b7-9f79-3033d776686f.__CR1,0,1464,600_PT0_SX1464_V1___.png\"><img decoding=\"async\" alt=\"Lg, 27UP85NP-W, Monitor para creadores, LG 27UP85NP-W, monitor pc, monitor\" src=\"https:\/\/m.media-amazon.com\/images\/S\/aplus-media-library-service-media\/a8decd7a-0b0c-45b7-9f79-3033d776686f.__CR1,0,1464,600_PT0_SX1464_V1___.png\">                                               <\/p>\n<p> Product Dimensions                                            \u200f                                            :                                            \u200e                                            45.9 x 70.31 x 56.9 cm; 8.9 kg   <br \/> Manufacturer                                            \u200f                                            :                                            \u200e                                            LG Electronics   <br \/> ASIN                                            \u200f                                            :                                            \u200e                                            B0BXBCJ58S   <br \/> Item model number                                            \u200f                                            :                                            \u200e                                            27UP85NP-W.BEU   <br \/> Country of origin                                            \u200f                                            :                                            \u200e                                            Germany   <br \/> Guaranteed software updates until                                            \u200f                                            :                                            \u200e                                            unknown   <br \/>  Customer reviews:                                                                                            4.5               4.5 out of 5 stars                                  (121)                                              var dpAcrHasRegisteredArcLinkClickAction;                    P.when(&#8216;A&#8217;, &#8216;ready&#8217;).execute(function(A) {                        if (dpAcrHasRegisteredArcLinkClickAction !== true) {                            dpAcrHasRegisteredArcLinkClickAction = true;                            A.declarative(                                &#8216;acrLink-click-metrics&#8217;, &#8216;click&#8217;,                                { \u00aballowLinkDefault\u00bb: true },                                function (event) {                                    if (window.ue) {                                        ue.count(\u00abacrLinkClickCount\u00bb, (ue.count(\u00abacrLinkClickCount\u00bb) || 0) + 1);                                    }                                }                            );                        }                    });                                             P.when(&#8216;A&#8217;, &#8216;cf&#8217;).execute(function(A) {                A.declarative(&#8216;acrStarsLink-click-metrics&#8217;, &#8216;click&#8217;, { \u00aballowLinkDefault\u00bb : true },  function(event){                    if(window.ue) {                        ue.count(\u00abacrStarsLinkWithPopoverClickCount\u00bb, (ue.count(\u00abacrStarsLinkWithPopoverClickCount\u00bb) || 0) + 1);                    }                });            });                          <\/p>\n<p>Resoluci\u00f3n 4K UltraHD de 3840 x 2160px ideal para edici\u00f3n de contenidos en alta calidad.<br \/>Muestra por encima del 95% del espectro de color DCI-P3.<br \/>Colores m\u00e1s vivos y mejor contraste con VESA DisplayHDR 400.<br \/>USB Tipo-C, compatible con todas las marcas y 96W de potencia de carga.<br \/>Panel IPS que permite colores constantes a 178\u00ba de \u00e1ngulo de visi\u00f3n.<\/p>\n\n","protected":false},"excerpt":{"rendered":"<p> From the manufacturer Colores vivos y detalles exactos El monitor LG 4K UHD 27UP85NP, compatible<\/p>","protected":false},"featured_media":38865,"comment_status":"open","ping_status":"closed","template":"","meta":[],"product_brand":[],"product_cat":[53],"product_tag":[1298,11662,1804,3145,1801,1802,1805,1803,1799,1807,1811,876,1806,1143,4907,1929,1611,703,428,844,1033,1808,1183,684,1800,1357,11664,11663,205],"class_list":{"0":"post-38864","1":"product","2":"type-product","3":"status-publish","4":"has-post-thumbnail","6":"product_cat-4k-monitors","7":"product_tag-240hz","8":"product_tag-27up85npw-beu","9":"product_tag-32-inch-4k-monitor","10":"product_tag-3840x2160","11":"product_tag-3840x2160-monitor","12":"product_tag-4k-gaming-monitor","13":"product_tag-4k-hdr-monitor","14":"product_tag-4k-ips-monitor","15":"product_tag-4k-monitor","16":"product_tag-4k-monitor-price","17":"product_tag-5ms","18":"product_tag-adjustable","19":"product_tag-best-4k-monitor","20":"product_tag-connectivity","21":"product_tag-dpx1","22":"product_tag-hdmix2","23":"product_tag-inches","24":"product_tag-ips","25":"product_tag-led","26":"product_tag-monitor","27":"product_tag-panel","28":"product_tag-professional-4k-monitor","29":"product_tag-tilt","30":"product_tag-uhd","31":"product_tag-uhd-monitor","32":"product_tag-universal","33":"product_tag-usbax2","34":"product_tag-usbcx1","35":"product_tag-white","37":"first","38":"instock","39":"shipping-taxable","40":"product-type-external"},"_links":{"self":[{"href":"https:\/\/comprasyconsejos.store\/en\/wp-json\/wp\/v2\/product\/38864","targetHints":{"allow":["GET"]}}],"collection":[{"href":"https:\/\/comprasyconsejos.store\/en\/wp-json\/wp\/v2\/product"}],"about":[{"href":"https:\/\/comprasyconsejos.store\/en\/wp-json\/wp\/v2\/types\/product"}],"replies":[{"embeddable":true,"href":"https:\/\/comprasyconsejos.store\/en\/wp-json\/wp\/v2\/comments?post=38864"}],"version-history":[{"count":0,"href":"https:\/\/comprasyconsejos.store\/en\/wp-json\/wp\/v2\/product\/38864\/revisions"}],"wp:featuredmedia":[{"embeddable":true,"href":"https:\/\/comprasyconsejos.store\/en\/wp-json\/wp\/v2\/media\/38865"}],"wp:attachment":[{"href":"https:\/\/comprasyconsejos.store\/en\/wp-json\/wp\/v2\/media?parent=38864"}],"wp:term":[{"taxonomy":"product_brand","embeddable":true,"href":"https:\/\/comprasyconsejos.store\/en\/wp-json\/wp\/v2\/product_brand?post=38864"},{"taxonomy":"product_cat","embeddable":true,"href":"https:\/\/comprasyconsejos.store\/en\/wp-json\/wp\/v2\/product_cat?post=38864"},{"taxonomy":"product_tag","embeddable":true,"href":"https:\/\/comprasyconsejos.store\/en\/wp-json\/wp\/v2\/product_tag?post=38864"}],"curies":[{"name":"wp","href":"https:\/\/api.w.org\/{rel}","templated":true}]}}