{"id":38902,"date":"2026-03-07T14:17:56","date_gmt":"2026-03-07T14:17:56","guid":{"rendered":"https:\/\/comprasyconsejos.store\/product\/asus-rog-strix-1200w-platinum-fully-modular-power-supply-80-plus-platinum-atx-3-1-gan-mosfet-gpu-first-intelligent-voltage-stabilizer-10-year-coverage\/"},"modified":"2026-03-07T14:18:37","modified_gmt":"2026-03-07T14:18:37","slug":"asus-rog-strix-1200w-platinum-fully-modular-power-supply-80-plus-platinum-atx-3-1-gan-mosfet-gpu-first-intelligent-voltage-stabilizer-10-year-coverage","status":"publish","type":"product","link":"https:\/\/comprasyconsejos.store\/en\/product\/asus-rog-strix-1200w-platinum-fully-modular-power-supply-80-plus-platinum-atx-3-1-gan-mosfet-gpu-first-intelligent-voltage-stabilizer-10-year-coverage\/","title":{"rendered":"ASUS ROG Strix 1200W Platinum Fully Modular Power Supply, 80 Plus Platinum, ATX 3.1, GAN MOSFET, GPU-First Intelligent Voltage Stabilizer, 10 Year Coverage"},"content":{"rendered":"<p>Price: <span style=\"color:#b12704\"><del>\u20ac269.90<\/del> - \u20ac248.00<\/span><br \/><i><small>(as of Mar 07, 2026 14:17:57 UTC &#8211; <span class=\"wp_automatic_amazon_disclaimer\" title=\"Product prices and availability are accurate as of the date\/time indicated and are subject to change. Any price and availability information displayed on [relevant Amazon Site(s), as applicable] at the time of purchase will apply to the purchase of this product.\">Details<\/span>)<\/small><\/i><\/p>\n<p><a href=\"https:\/\/amazon.es\/dp\/B09T9P4MSL?tag=man008-21\"><img decoding=\"async\" src=\"https:\/\/valvepress.s3.amazonaws.com\/imgs\/buy_now.png\"><\/a><br \/>\n<\/p>\n<p>                                             From the manufacturer   <\/p>\n<p>The video showcases the product in use.The video guides you through product setup.The video compares multiple products.The video shows the product being unpacked. ROG Strix 1200W Platinum video Merchant video<\/p>\n<p>                                                                                                       <img decoding=\"async\" alt=\"aplus content image\" src=\"https:\/\/images-na.ssl-images-amazon.com\/images\/G\/01\/x-locale\/common\/grey-pixel.gif\" class=\"a-lazy-loaded\" data-src=\"https:\/\/m.media-amazon.com\/images\/S\/aplus-media-library-service-media\/bb7d7891-087b-4b08-b525-bea9fe5e8d93.__CR0,0,1464,600_PT0_SX1464_V1___.jpg\"><img decoding=\"async\" alt=\"aplus content image\" src=\"https:\/\/m.media-amazon.com\/images\/S\/aplus-media-library-service-media\/bb7d7891-087b-4b08-b525-bea9fe5e8d93.__CR0,0,1464,600_PT0_SX1464_V1___.jpg\">                                                                                    Estabilidad superior. Eficiencia de alto nivel                                        <\/p>\n<p class=\"aplus-p2 aplus-module-2-description\"> La ROG Strix Platinum proporciona rendimiento y estabilidad de alto nivel, con MOSFET GaN para una eficiencia energ\u00e9tica incre\u00edble. El estabilizador de voltaje inteligente asegura un flujo constante de energ\u00eda a la GPU. Adem\u00e1s, es compatible con ATX 3.1 para admitir el hardware m\u00e1s reciente. <\/p>\n<p>                                                                                                                    <img decoding=\"async\" alt=\"aplus content image\" src=\"https:\/\/m.media-amazon.com\/images\/S\/aplus-media-library-service-media\/a8ff72c7-b05e-4064-9cd3-7cd9832ab9a5.__CR0,0,1464,600_PT0_SX1464_V1___.jpg\">                                                                                           GaN MOSFET\u200b                                       <\/p>\n<p class=\"description aplus-p1\"> El MOSFET de GaN proporciona hasta un 30% m\u00e1s de eficiencia energ\u00e9tica. <\/p>\n<p>                                                      <img decoding=\"async\" alt=\"aplus content image\" src=\"https:\/\/m.media-amazon.com\/images\/S\/aplus-media-library-service-media\/01b162eb-55cd-40ba-960c-eca18f4e78eb.__CR0,0,1464,600_PT0_SX1464_V1___.jpg\">                                                                                           Sensor de tensi\u00f3n de GPU                                       <\/p>\n<p class=\"description aplus-p1\"> Hasta un 45% m\u00e1s de estabilidad para un rendimiento sin problemas en situaciones exigentes. <\/p>\n<p>                                                      <img decoding=\"async\" alt=\"aplus content image\" src=\"https:\/\/m.media-amazon.com\/images\/S\/aplus-media-library-service-media\/7152152e-81d1-4ef4-8871-47d2aef27f18.__CR0,0,1464,600_PT0_SX1464_V1___.jpg\">                                                                                           Pines de cobre de alto rendimiento                                       <\/p>\n<p class=\"description aplus-p1\"> Reducci\u00f3n de la temperatura hasta un 29% (hasta 12,28\u00b0C) para un rendimiento y estabilidad \u00f3ptimos. <\/p>\n<p>                                                      <img decoding=\"async\" alt=\"El texto dice \u00abCompatible con ATX 3.1\u00bb. Los cables negros de la fuente de alimentaci\u00f3n del ordenador con varios conectores se muestran sobre un fondo oscuro.\" src=\"https:\/\/m.media-amazon.com\/images\/S\/aplus-media-library-service-media\/347c7228-9b7b-48af-b8ab-1cf4d7da1df8.__CR0,0,1464,600_PT0_SX1464_V1___.jpg\">                                                                                           Compatible con ATX 3.1                                       <\/p>\n<p class=\"description aplus-p1\"> ATX 3.1 introduce un nivel de regulaci\u00f3n de voltaje y corriente m\u00e1s estricto. <\/p>\n<p>                                                      <img decoding=\"async\" alt=\"Imagen del producto que muestra una fuente de alimentaci\u00f3n met\u00e1lica oscura con la insignia de certificaci\u00f3n \u00ab80 PLUS\u00bb y la marca ROG (Republic of Gamers) con una est\u00e9tica de juego angular.\" src=\"https:\/\/m.media-amazon.com\/images\/S\/aplus-media-library-service-media\/2bcba379-40ad-436f-850e-6015e6c9911a.__CR0,0,1464,600_PT0_SX1464_V1___.jpg\">                                                                                           80 PLUS Platinum y Cybenetics Platinum                                       <\/p>\n<p class=\"description aplus-p1\"> Los condensadores japoneses de baja ESR mejoran la eficiencia y reducen el calor. <\/p>\n<p>                            1 GaN MOSFET\u200b <\/p>\n<p>                            2 Sensor de tensi\u00f3n de GPU <\/p>\n<p>                            3 Pines de cobre <\/p>\n<p>                            4 Compatible con ATX 3.1 <\/p>\n<p>                            5 Eficiencia Platino <\/p>\n<p>                                                                                                       <img decoding=\"async\" alt=\"El texto dice \u00abCIBERN\u00c9TICA\u00bb en texto blanco dentro de una insignia hexagonal azul claro sobre fondo negro.\" src=\"https:\/\/images-na.ssl-images-amazon.com\/images\/G\/01\/x-locale\/common\/grey-pixel.gif\" class=\"a-lazy-loaded\" data-src=\"https:\/\/m.media-amazon.com\/images\/S\/aplus-media-library-service-media\/86ab4952-7fbe-4e7f-867a-7be1d11450bb.__CR0,0,1464,600_PT0_SX1464_V1___.jpg\"><img decoding=\"async\" alt=\"El texto dice \u00abCIBERN\u00c9TICA\u00bb en texto blanco dentro de una insignia hexagonal azul claro sobre fondo negro.\" src=\"https:\/\/m.media-amazon.com\/images\/S\/aplus-media-library-service-media\/86ab4952-7fbe-4e7f-867a-7be1d11450bb.__CR0,0,1464,600_PT0_SX1464_V1___.jpg\">                                                                                    Homologaci\u00f3n Cybenetics Lambda A                                        <\/p>\n<p class=\"aplus-p2 aplus-module-2-description\"> De media, la fuente de alimentaci\u00f3n ROG Strix 1200W Platinum emite menos de 25 dB de ruido, lo que le ha valido la codiciada homologaci\u00f3n Cybenetics Lambda A. <\/p>\n<p>                                                                                     <img decoding=\"async\" alt=\"aplus content image\" src=\"https:\/\/m.media-amazon.com\/images\/S\/aplus-media-library-service-media\/c3837018-a989-46e8-be1c-1461ba279b22.__CR0,0,1464,600_PT0_SX1464_V1___.jpg\">                                                    Disipadores ROG                                         <\/p>\n<p class=\"aplus-p3\"> Los disipadores ROG facilitan temperaturas m\u00e1s bajas, una mayor vida \u00fatil de los componentes y un funcionamiento prolongado a 0 dB. <\/p>\n<p>                                                                                     <img decoding=\"async\" alt=\"aplus content image\" src=\"https:\/\/m.media-amazon.com\/images\/S\/aplus-media-library-service-media\/59ccc46a-eb0a-47a1-8399-26b6b8e05c59.__CR0,0,1464,600_PT0_SX1464_V1___.jpg\">                                                    Rodamientos dobles de bolas para ventiladores                                         <\/p>\n<p class=\"aplus-p3\"> Los rodamientos dobles de bolas tienen una vida \u00fatil de 80. 000 horas, superando a otros tipos. Aseguran una refrigeraci\u00f3n fiable con poco ruido para la ROG STRIX Platinum. <\/p>\n<p>                                                            Experience                                            <img decoding=\"async\" alt=\"aplus content image\" src=\"https:\/\/images-na.ssl-images-amazon.com\/images\/G\/01\/x-locale\/common\/grey-pixel.gif\" class=\"a-lazy-loaded\" data-src=\"https:\/\/m.media-amazon.com\/images\/S\/aplus-media-library-service-media\/b25f20ee-20bd-4954-960e-0eebb2d0f0c3.__CR0,0,300,225_PT0_SX300_V1___.jpg\"><img decoding=\"async\" alt=\"aplus content image\" src=\"https:\/\/m.media-amazon.com\/images\/S\/aplus-media-library-service-media\/b25f20ee-20bd-4954-960e-0eebb2d0f0c3.__CR0,0,300,225_PT0_SX300_V1___.jpg\">                                            Cables trenzados                                         <\/p>\n<p class=\"aplus-p3\"> Fabricados con material blando, estos cables trenzados son flexibles y cumplen con las normativas UL1581 y UL758. <\/p>\n<p>                                           <img decoding=\"async\" alt=\"aplus content image\" src=\"https:\/\/images-na.ssl-images-amazon.com\/images\/G\/01\/x-locale\/common\/grey-pixel.gif\" class=\"a-lazy-loaded\" data-src=\"https:\/\/m.media-amazon.com\/images\/S\/aplus-media-library-service-media\/25c8da24-7e04-44cc-9715-5fa337a4d712.__CR0,0,300,225_PT0_SX300_V1___.jpg\"><img decoding=\"async\" alt=\"aplus content image\" src=\"https:\/\/m.media-amazon.com\/images\/S\/aplus-media-library-service-media\/25c8da24-7e04-44cc-9715-5fa337a4d712.__CR0,0,300,225_PT0_SX300_V1___.jpg\">                                            DIY f\u00e1cil de usar                                         <\/p>\n<p class=\"aplus-p3\"> Con un clip entre los conectores 4+4 y un esquema de colores \u00fanico, el cable de alimentaci\u00f3n de la CPU facilita la identificaci\u00f3n y conexi\u00f3n. <\/p>\n<p>                                           <img decoding=\"async\" alt=\"aplus content image\" src=\"https:\/\/images-na.ssl-images-amazon.com\/images\/G\/01\/x-locale\/common\/grey-pixel.gif\" class=\"a-lazy-loaded\" data-src=\"https:\/\/m.media-amazon.com\/images\/S\/aplus-media-library-service-media\/71636805-765c-4d0a-9fed-d67a3f4c97f5.__CR0,0,300,225_PT0_SX300_V1___.jpg\"><img decoding=\"async\" alt=\"aplus content image\" src=\"https:\/\/m.media-amazon.com\/images\/S\/aplus-media-library-service-media\/71636805-765c-4d0a-9fed-d67a3f4c97f5.__CR0,0,300,225_PT0_SX300_V1___.jpg\">                                            Personalizaci\u00f3n cosm\u00e9tica                                         <\/p>\n<p class=\"aplus-p3\"> Personaliza tu propia PSU con las pegatinas incluidas y elige tus colores preferidos. <\/p>\n<p>                                           <img decoding=\"async\" alt=\"aplus content image\" src=\"https:\/\/images-na.ssl-images-amazon.com\/images\/G\/01\/x-locale\/common\/grey-pixel.gif\" class=\"a-lazy-loaded\" data-src=\"https:\/\/m.media-amazon.com\/images\/S\/aplus-media-library-service-media\/a105bbf0-1ac0-4cec-a411-c91faa1d798b.__CR0,0,300,225_PT0_SX300_V1___.jpg\"><img decoding=\"async\" alt=\"aplus content image\" src=\"https:\/\/m.media-amazon.com\/images\/S\/aplus-media-library-service-media\/a105bbf0-1ac0-4cec-a411-c91faa1d798b.__CR0,0,300,225_PT0_SX300_V1___.jpg\">                                            10 a\u00f1os de seguridad                                         <\/p>\n<p class=\"aplus-p3\"> Estamos tan seguros de la fiabilidad de la ROG Strix 1200W Platinum que la cubrimos por 10 a\u00f1os. <\/p>\n<h3 class=\"a-text-center aplus-h1 a-text-bold\">   <\/h3>\n<p>                         Add To Basket  <\/p>\n<p>                         Add To Basket  <\/p>\n<p>                                     Customer Reviews  <\/p>\n<p>                    4.7 out of 5 stars  242  <\/p>\n<p>                    4.4 out of 5 stars  39  <\/p>\n<p>                \u2014                                     <\/p>\n<p>                \u2014<br \/>\n                                     Price  <\/p>\n<p>                                                        \u20ac248.00\u20ac248.00     <\/p>\n<p>                                                        \u20ac443.99\u20ac443.99     <\/p>\n<p>                                                        \u2014    <\/p>\n<p>                                                        \u2014    <\/p>\n<p>                                     Maximum Power\u200b  <\/p>\n<p>                                                1200W\u200b    <\/p>\n<p>                                                1200W\u200b    <\/p>\n<p>                                                1200W\u200b    <\/p>\n<p>                                                1200W\u200b    <\/p>\n<p>                                     Efficiency\u200b  <\/p>\n<p>                                                80 PLUS Platinum\u200b    <\/p>\n<p>                                                80 PLUS Platinum\u200b    <\/p>\n<p>                                                80 PLUS Gold    <\/p>\n<p>                                                80 PLUS Gold    <\/p>\n<p>                                     Intel Form Factor\u200b  <\/p>\n<p>                                                ATX12V\u200b    <\/p>\n<p>                                                ATX12V\u200b    <\/p>\n<p>                                                ATX12V\u200b    <\/p>\n<p>                                                ATX12V\u200b    <\/p>\n<p>                                     Intel Form Factor\u200b  <\/p>\n<p>                                                160 x 150 x 86\u200b    <\/p>\n<p>                                                190 x 150 x 86\u200b    <\/p>\n<p>                                                180 x 150 x 86    <\/p>\n<p>                                                150 x 150 x 85\u200b    <\/p>\n<p>                                     Fan Stop Function\u200b  <\/p>\n<p>                                                Yes (below 40% load)\u200b    <\/p>\n<p>                                                Yes (below 50% load)\u200b    <\/p>\n<p>                                                Yes (below 50% load)\u200b    <\/p>\n<p>                                                Yes (below 40% load)\u200b    <\/p>\n<p>                                     RGB Lighting\u200b  <\/p>\n<p>                                                N\/A    <\/p>\n<p>                                                ARGB Aura Sync\u200b    <\/p>\n<p>                                                ARGB Aura Sync\u200b    <\/p>\n<p>                                                N\/A    <\/p>\n<p>                                     Protection  <\/p>\n<p>                                                10 years    <\/p>\n<p>                                                10 years    <\/p>\n<p>                                                10 years    <\/p>\n<p>                                                10 years    <\/p>\n<p> Product Dimensions                                            \u200f                                            :                                            \u200e                                            16 x 15 x 8.6 cm; 1.84 kg   <br \/> Manufacturer                                            \u200f                                            :                                            \u200e                                            ASUS   <br \/> ASIN                                            \u200f                                            :                                            \u200e                                            B09T9P4MSL   <br \/> Item model number                                            \u200f                                            :                                            \u200e                                            90YE00W0-B0NA00   <br \/> Guaranteed software updates until                                            \u200f                                            :                                            \u200e                                            unknown   <br \/>  Customer reviews:                                                                                            4.7               4.7 out of 5 stars                                  (242)                                              var dpAcrHasRegisteredArcLinkClickAction;                    P.when(&#8216;A&#8217;, &#8216;ready&#8217;).execute(function(A) {                        if (dpAcrHasRegisteredArcLinkClickAction !== true) {                            dpAcrHasRegisteredArcLinkClickAction = true;                            A.declarative(                                &#8216;acrLink-click-metrics&#8217;, &#8216;click&#8217;,                                { \u00aballowLinkDefault\u00bb: true },                                function (event) {                                    if (window.ue) {                                        ue.count(\u00abacrLinkClickCount\u00bb, (ue.count(\u00abacrLinkClickCount\u00bb) || 0) + 1);                                    }                                }                            );                        }                    });                                             P.when(&#8216;A&#8217;, &#8216;cf&#8217;).execute(function(A) {                A.declarative(&#8216;acrStarsLink-click-metrics&#8217;, &#8216;click&#8217;, { \u00aballowLinkDefault\u00bb : true },  function(event){                    if(window.ue) {                        ue.count(\u00abacrStarsLinkWithPopoverClickCount\u00bb, (ue.count(\u00abacrStarsLinkWithPopoverClickCount\u00bb) || 0) + 1);                    }                });            });                          <\/p>\n<p>The GaN MOSFET provides superior energy efficiency up to 30% and a more organized internal layout for cooler operation.<br \/>The \u00abGPU-First\u00bb voltage sensor with patented intelligent voltage stabilizer improves voltage delivery by up to 45% to your graphics card for smoother gameplay and unwavering performance.<br \/>Large ROG heatsinks cover critical components, providing lower temperatures and noise than reference designs.<br \/>Dual ball bearings on fans can last up to twice as long as sleeve bearing designs.<br \/>0dB technology allows you to enjoy light games in relative silence.<\/p>\n\n","protected":false},"excerpt":{"rendered":"<p> From the manufacturer The video showcases the product in use.The video guides you through product<\/p>","protected":false},"featured_media":38903,"comment_status":"open","ping_status":"closed","template":"","meta":[],"product_brand":[],"product_cat":[79],"product_tag":[3089,1488,1490,1495,850,1458,1499,1500,3113,1502,1494,154,11619,3102,1503,1492,6286,1498,1031,143,1485,824,1293,2519,1294,1505,6287,1128],"class_list":{"0":"post-38902","1":"product","2":"type-product","3":"status-publish","4":"has-post-thumbnail","6":"product_cat-pc-power-supply-unit","7":"product_tag-1200w","8":"product_tag-650w-psu","9":"product_tag-750w-psu","10":"product_tag-80-plus-gold-psu","11":"product_tag-asus","12":"product_tag-atx","13":"product_tag-best-psu","14":"product_tag-computer-power-unit","15":"product_tag-coverage","16":"product_tag-fully","17":"product_tag-gaming-power-supply","18":"product_tag-gan","19":"product_tag-gpufirst","20":"product_tag-intelligent","21":"product_tag-modular","22":"product_tag-modular-psu","23":"product_tag-mosfet","24":"product_tag-pc-power-supply-price","25":"product_tag-platinum","26":"product_tag-power","27":"product_tag-power-supply","28":"product_tag-psu","29":"product_tag-rog","30":"product_tag-stabilizer","31":"product_tag-strix","32":"product_tag-supply","33":"product_tag-voltage","34":"product_tag-year","36":"first","37":"instock","38":"sale","39":"shipping-taxable","40":"product-type-external"},"_links":{"self":[{"href":"https:\/\/comprasyconsejos.store\/en\/wp-json\/wp\/v2\/product\/38902","targetHints":{"allow":["GET"]}}],"collection":[{"href":"https:\/\/comprasyconsejos.store\/en\/wp-json\/wp\/v2\/product"}],"about":[{"href":"https:\/\/comprasyconsejos.store\/en\/wp-json\/wp\/v2\/types\/product"}],"replies":[{"embeddable":true,"href":"https:\/\/comprasyconsejos.store\/en\/wp-json\/wp\/v2\/comments?post=38902"}],"version-history":[{"count":0,"href":"https:\/\/comprasyconsejos.store\/en\/wp-json\/wp\/v2\/product\/38902\/revisions"}],"wp:featuredmedia":[{"embeddable":true,"href":"https:\/\/comprasyconsejos.store\/en\/wp-json\/wp\/v2\/media\/38903"}],"wp:attachment":[{"href":"https:\/\/comprasyconsejos.store\/en\/wp-json\/wp\/v2\/media?parent=38902"}],"wp:term":[{"taxonomy":"product_brand","embeddable":true,"href":"https:\/\/comprasyconsejos.store\/en\/wp-json\/wp\/v2\/product_brand?post=38902"},{"taxonomy":"product_cat","embeddable":true,"href":"https:\/\/comprasyconsejos.store\/en\/wp-json\/wp\/v2\/product_cat?post=38902"},{"taxonomy":"product_tag","embeddable":true,"href":"https:\/\/comprasyconsejos.store\/en\/wp-json\/wp\/v2\/product_tag?post=38902"}],"curies":[{"name":"wp","href":"https:\/\/api.w.org\/{rel}","templated":true}]}}