{"id":38956,"date":"2026-03-07T17:45:34","date_gmt":"2026-03-07T17:45:34","guid":{"rendered":"https:\/\/comprasyconsejos.store\/product\/doogee-u11-pro-android-16-tablet-11-inch-30gb256gb-2tb-tf-tablet-for-kids-8580mah-octa-core-tablets-gaming-gemini-ai-hd-90hz-13mp5mp-wifi-5g-widevine-l1-otg-face-id-gms-gps-3-5mm-jack\/"},"modified":"2026-03-07T17:45:45","modified_gmt":"2026-03-07T17:45:45","slug":"doogee-u11-pro-android-16-tablet-11-inch-30gb256gb-2tb-tf-tablet-for-kids-8580mah-octa-core-tablets-gaming-gemini-ai-hd-90hz-13mp5mp-wifi-5g-widevine-l1-otg-face-id-gms-gps-3-5mm-jack","status":"publish","type":"product","link":"https:\/\/comprasyconsejos.store\/en\/product\/doogee-u11-pro-android-16-tablet-11-inch-30gb256gb-2tb-tf-tablet-for-kids-8580mah-octa-core-tablets-gaming-gemini-ai-hd-90hz-13mp5mp-wifi-5g-widevine-l1-otg-face-id-gms-gps-3-5mm-jack\/","title":{"rendered":"DOOGEE U11 Pro Android 16 Tablet 11 Inch, 30GB+256GB\/2TB TF Tablet for Kids, 8580mAh Octa Core Tablets Gaming Gemini AI, HD 90Hz, 13MP+5MP, WiFi 5G\/Widevine L1\/OTG\/Face ID\/GMS\/GPS\/3.5mm Jack"},"content":{"rendered":"<p>Price: <span style=\"color:#b12704\"><del>\u20ac199.99<\/del> - \u20ac139.99<\/span><br \/><i><small>(as of Mar 07, 2026 17:45:34 UTC &#8211; <span class=\"wp_automatic_amazon_disclaimer\" title=\"Product prices and availability are accurate as of the date\/time indicated and are subject to change. Any price and availability information displayed on [relevant Amazon Site(s), as applicable] at the time of purchase will apply to the purchase of this product.\">Details<\/span>)<\/small><\/i><\/p>\n<p><a href=\"https:\/\/amazon.es\/dp\/B0FQTHPH1P?tag=man008-21\"><img decoding=\"async\" src=\"https:\/\/valvepress.s3.amazonaws.com\/imgs\/buy_now.png\"><\/a><br \/>\n<\/p>\n<p>                                             From the brand   <\/p>\n<p>                                              <img decoding=\"async\" alt=\"Captura de pantalla de los resultados de b\u00fasqueda o las m\u00e9tricas de Google con el encabezado \u00abTOP 1\u00bb y los datos estad\u00edsticos mostrados en una interfaz azul.\" src=\"https:\/\/images-na.ssl-images-amazon.com\/images\/G\/01\/x-locale\/common\/grey-pixel.gif\" class=\"a-lazy-loaded\" data-src=\"https:\/\/m.media-amazon.com\/images\/S\/aplus-media-library-service-media\/9d77e7f5-62c5-42c8-a7b4-6b473c2cc478.__CR0,0,1464,625_PT0_SX1464_V1___.jpg\"><img decoding=\"async\" alt=\"Captura de pantalla de los resultados de b\u00fasqueda o las m\u00e9tricas de Google con el encabezado \u00abTOP 1\u00bb y los datos estad\u00edsticos mostrados en una interfaz azul.\" src=\"https:\/\/m.media-amazon.com\/images\/S\/aplus-media-library-service-media\/9d77e7f5-62c5-42c8-a7b4-6b473c2cc478.__CR0,0,1464,625_PT0_SX1464_V1___.jpg\">  <\/p>\n<p>                                              <img decoding=\"async\" alt=\"\" src=\"https:\/\/images-na.ssl-images-amazon.com\/images\/G\/01\/x-locale\/common\/grey-pixel.gif\" class=\"a-lazy-loaded\" data-src=\"https:\/\/m.media-amazon.com\/images\/S\/aplus-media-library-service-media\/719dc4e0-3cff-4240-90a9-c193e8fd7053.__CR0,0,362,453_PT0_SX362_V1___.jpg\"><img decoding=\"async\" alt=\"\" src=\"https:\/\/m.media-amazon.com\/images\/S\/aplus-media-library-service-media\/719dc4e0-3cff-4240-90a9-c193e8fd7053.__CR0,0,362,453_PT0_SX362_V1___.jpg\">  <\/p>\n<h3> DOOGEE&#8211;OFFICIAL <\/h3>\n<p> La creencia de Doogee es crear un tel\u00e9fono m\u00f3vil que siempre sea impermeable, siempre duradero. <\/p>\n<p>                                              <img decoding=\"async\" alt=\"El texto dice \u00abDOOGEE U11 Pro\u00bb. Composici\u00f3n publicitaria que muestra un elegante dispositivo port\u00e1til negro desde varios \u00e1ngulos con pantalla de especificaciones.\" src=\"https:\/\/images-na.ssl-images-amazon.com\/images\/G\/01\/x-locale\/common\/grey-pixel.gif\" class=\"a-lazy-loaded\" data-src=\"https:\/\/m.media-amazon.com\/images\/S\/aplus-media-library-service-media\/2d03f81d-170b-475b-bc71-3bff3cf478ca.__CR151,0,1199,1500_PT0_SX362_V1___.jpg\"><img decoding=\"async\" alt=\"El texto dice \u00abDOOGEE U11 Pro\u00bb. Composici\u00f3n publicitaria que muestra un elegante dispositivo port\u00e1til negro desde varios \u00e1ngulos con pantalla de especificaciones.\" src=\"https:\/\/m.media-amazon.com\/images\/S\/aplus-media-library-service-media\/2d03f81d-170b-475b-bc71-3bff3cf478ca.__CR151,0,1199,1500_PT0_SX362_V1___.jpg\">  <\/p>\n<h3> U11Pro Tablet 11 Pulgadas 30GB <\/h3>\n<h3> U11Pro Tablet con Teclado 30GB <\/h3>\n<h3> U11 Tablet 11 Pulgadas 16GB <\/h3>\n<p>                                              <img decoding=\"async\" alt=\"aplus content image\" src=\"https:\/\/images-na.ssl-images-amazon.com\/images\/G\/01\/x-locale\/common\/grey-pixel.gif\" class=\"a-lazy-loaded\" data-src=\"https:\/\/m.media-amazon.com\/images\/S\/aplus-media-library-service-media\/96d488a3-fe44-4ec0-b791-119ae7c70dda.__CR0,0,362,453_PT0_SX362_V1___.jpg\"><img decoding=\"async\" alt=\"aplus content image\" src=\"https:\/\/m.media-amazon.com\/images\/S\/aplus-media-library-service-media\/96d488a3-fe44-4ec0-b791-119ae7c70dda.__CR0,0,362,453_PT0_SX362_V1___.jpg\">  <\/p>\n<p>                                              <img decoding=\"async\" alt=\"El texto dice \u00abDOOGEE\u00bb. Vistas m\u00faltiples de una tableta o dispositivo electr\u00f3nico de color azul claro mientras se sostiene y se muestra.\" src=\"https:\/\/images-na.ssl-images-amazon.com\/images\/G\/01\/x-locale\/common\/grey-pixel.gif\" class=\"a-lazy-loaded\" data-src=\"https:\/\/m.media-amazon.com\/images\/S\/aplus-media-library-service-media\/40ffada8-7ba5-40cd-af74-0f35bf85621c.__CR0,0,362,453_PT0_SX362_V1___.jpg\"><img decoding=\"async\" alt=\"El texto dice \u00abDOOGEE\u00bb. Vistas m\u00faltiples de una tableta o dispositivo electr\u00f3nico de color azul claro mientras se sostiene y se muestra.\" src=\"https:\/\/m.media-amazon.com\/images\/S\/aplus-media-library-service-media\/40ffada8-7ba5-40cd-af74-0f35bf85621c.__CR0,0,362,453_PT0_SX362_V1___.jpg\">  <\/p>\n<p>                                              <img decoding=\"async\" alt=\"aplus content image\" src=\"https:\/\/images-na.ssl-images-amazon.com\/images\/G\/01\/x-locale\/common\/grey-pixel.gif\" class=\"a-lazy-loaded\" data-src=\"https:\/\/m.media-amazon.com\/images\/S\/aplus-media-library-service-media\/0a753bd3-a92e-4ddb-989d-faf991ce08c7.__CR0,0,362,453_PT0_SX362_V1___.jpg\"><img decoding=\"async\" alt=\"aplus content image\" src=\"https:\/\/m.media-amazon.com\/images\/S\/aplus-media-library-service-media\/0a753bd3-a92e-4ddb-989d-faf991ce08c7.__CR0,0,362,453_PT0_SX362_V1___.jpg\">  <\/p>\n<p>                                              <img decoding=\"async\" alt=\"El texto dice \u00abImagen 1\u00bb. Colecci\u00f3n de fotos que muestran la funci\u00f3n de duplicaci\u00f3n de pantalla de un dispositivo m\u00f3vil, que muestran varias escenas y personas que utilizan el dispositivo en diferentes entornos.\" src=\"https:\/\/images-na.ssl-images-amazon.com\/images\/G\/01\/x-locale\/common\/grey-pixel.gif\" class=\"a-lazy-loaded\" data-src=\"https:\/\/m.media-amazon.com\/images\/S\/aplus-media-library-service-media\/34fdec85-edc7-43cc-a1da-32e96c1548b3.__CR0,0,362,453_PT0_SX362_V1___.jpg\"><img decoding=\"async\" alt=\"El texto dice \u00abImagen 1\u00bb. Colecci\u00f3n de fotos que muestran la funci\u00f3n de duplicaci\u00f3n de pantalla de un dispositivo m\u00f3vil, que muestran varias escenas y personas que utilizan el dispositivo en diferentes entornos.\" src=\"https:\/\/m.media-amazon.com\/images\/S\/aplus-media-library-service-media\/34fdec85-edc7-43cc-a1da-32e96c1548b3.__CR0,0,362,453_PT0_SX362_V1___.jpg\">  <\/p>\n<p>                                              <img decoding=\"async\" alt=\"aplus content image\" src=\"https:\/\/images-na.ssl-images-amazon.com\/images\/G\/01\/x-locale\/common\/grey-pixel.gif\" class=\"a-lazy-loaded\" data-src=\"https:\/\/m.media-amazon.com\/images\/S\/aplus-media-library-service-media\/eae91f97-c802-456b-9616-eed84c5d8639.__CR0,0,362,453_PT0_SX362_V1___.jpg\"><img decoding=\"async\" alt=\"aplus content image\" src=\"https:\/\/m.media-amazon.com\/images\/S\/aplus-media-library-service-media\/eae91f97-c802-456b-9616-eed84c5d8639.__CR0,0,362,453_PT0_SX362_V1___.jpg\">  <\/p>\n<p>                                                         Nuestro comienzo?                                       <\/p>\n<p> DOOGEE se fund\u00f3 en marzo de 2013, la creencia de DOOGEE es crear un tel\u00e9fono m\u00f3vil que sea resistente al agua para siempre y que nunca se da\u00f1e. <\/p>\n<p>                                                         \u00bfPor qu\u00e9 usar DOOGEE?                                       <\/p>\n<p> Para ofrecer la experiencia perfecta a cada usuario, nos dedicamos a defender \u00abCALIDAD, EXPERIENCIA\u00bb. <\/p>\n<p>                                                         \u00bfQu\u00e9 podemos proporcionar?                                       <\/p>\n<p> Para ofrecer la experiencia perfecta a cada usuario, especialmente en la calidad, todos los productos de DOOGEE deben pasar por el proceso de pruebas de alto nivel e inspecci\u00f3n de calidad de alta tecnolog\u00eda. <\/p>\n<p>                                              <img decoding=\"async\" alt=\"El texto dice \u00abDOOGEE\u00bb y \u00abOSAR POR OSAR\u00bb. Material de marketing en espa\u00f1ol que describe los tel\u00e9fonos inteligentes y el liderazgo de la industria, con texto blanco sobre fondo oscuro.\" src=\"https:\/\/images-na.ssl-images-amazon.com\/images\/G\/01\/x-locale\/common\/grey-pixel.gif\" class=\"a-lazy-loaded\" data-src=\"https:\/\/m.media-amazon.com\/images\/S\/aplus-media-library-service-media\/037a2a2c-208e-4d17-8a2e-e87bc5f29d48.__CR0,0,362,453_PT0_SX362_V1___.jpg\"><img decoding=\"async\" alt=\"El texto dice \u00abDOOGEE\u00bb y \u00abOSAR POR OSAR\u00bb. Material de marketing en espa\u00f1ol que describe los tel\u00e9fonos inteligentes y el liderazgo de la industria, con texto blanco sobre fondo oscuro.\" src=\"https:\/\/m.media-amazon.com\/images\/S\/aplus-media-library-service-media\/037a2a2c-208e-4d17-8a2e-e87bc5f29d48.__CR0,0,362,453_PT0_SX362_V1___.jpg\">  <\/p>\n<p>                                              <img decoding=\"async\" alt=\"El texto dice \u00abDOOGEE\u00bb, \u00ab\u00bfPor qu\u00e9 elegir DOOGEE?\u00bb , &amp;#39;Resistente al agua, a los golpes y al polvo&amp;#39;, &amp;#39;Bater\u00eda de larga duraci\u00f3n&amp;#39;, &amp;#39;Apariencia personalizada&amp;#39;. Las caracter\u00edsticas del producto se muestran con iconos.\" src=\"https:\/\/images-na.ssl-images-amazon.com\/images\/G\/01\/x-locale\/common\/grey-pixel.gif\" class=\"a-lazy-loaded\" data-src=\"https:\/\/m.media-amazon.com\/images\/S\/aplus-media-library-service-media\/247573ce-557e-4e50-8905-98122baf9583.__CR0,0,362,453_PT0_SX362_V1___.jpg\"><img decoding=\"async\" alt=\"El texto dice \u00abDOOGEE\u00bb, \u00ab\u00bfPor qu\u00e9 elegir DOOGEE?\u00bb , &amp;#39;Resistente al agua, a los golpes y al polvo&amp;#39;, &amp;#39;Bater\u00eda de larga duraci\u00f3n&amp;#39;, &amp;#39;Apariencia personalizada&amp;#39;. Las caracter\u00edsticas del producto se muestran con iconos.\" src=\"https:\/\/m.media-amazon.com\/images\/S\/aplus-media-library-service-media\/247573ce-557e-4e50-8905-98122baf9583.__CR0,0,362,453_PT0_SX362_V1___.jpg\">  <\/p>\n<p>                                              <img decoding=\"async\" alt=\"aplus content image\" src=\"https:\/\/images-na.ssl-images-amazon.com\/images\/G\/01\/x-locale\/common\/grey-pixel.gif\" class=\"a-lazy-loaded\" data-src=\"https:\/\/m.media-amazon.com\/images\/S\/aplus-media-library-service-media\/0970e9b2-0123-49f4-ac28-50da520116af.__CR0,0,362,453_PT0_SX362_V1___.jpg\"><img decoding=\"async\" alt=\"aplus content image\" src=\"https:\/\/m.media-amazon.com\/images\/S\/aplus-media-library-service-media\/0970e9b2-0123-49f4-ac28-50da520116af.__CR0,0,362,453_PT0_SX362_V1___.jpg\">  <\/p>\n<p>                                              <img decoding=\"async\" alt=\"aplus content image\" src=\"https:\/\/images-na.ssl-images-amazon.com\/images\/G\/01\/x-locale\/common\/grey-pixel.gif\" class=\"a-lazy-loaded\" data-src=\"https:\/\/m.media-amazon.com\/images\/S\/aplus-media-library-service-media\/943cc552-36d9-46ac-9f7c-215e05d6bc63.__CR0,0,362,453_PT0_SX362_V1___.jpg\"><img decoding=\"async\" alt=\"aplus content image\" src=\"https:\/\/m.media-amazon.com\/images\/S\/aplus-media-library-service-media\/943cc552-36d9-46ac-9f7c-215e05d6bc63.__CR0,0,362,453_PT0_SX362_V1___.jpg\">  <\/p>\n<p> Batteries                                            \u200f                                            :                                            \u200e                                            1 C batteries required. (included)   <br \/> Package Dimensions                                            \u200f                                            :                                            \u200e                                            32.9 x 19.2 x 3.7 cm; 537 g   <br \/> Manufacturer                                            \u200f                                            :                                            \u200e                                            DOOGEE   <br \/> ASIN                                            \u200f                                            :                                            \u200e                                            B0FQTHPH1P   <br \/> Item model number                                            \u200f                                            :                                            \u200e                                            U11PRO   <br \/> Country of origin                                            \u200f                                            :                                            \u200e                                            China   <br \/> Guaranteed software updates until                                            \u200f                                            :                                            \u200e                                            unknown   <br \/>  Customer reviews:                                                                                            4.3               4.3 out of 5 stars                                  (15)                                              var dpAcrHasRegisteredArcLinkClickAction;                    P.when(&#8216;A&#8217;, &#8216;ready&#8217;).execute(function(A) {                        if (dpAcrHasRegisteredArcLinkClickAction !== true) {                            dpAcrHasRegisteredArcLinkClickAction = true;                            A.declarative(                                &#8216;acrLink-click-metrics&#8217;, &#8216;click&#8217;,                                { \u00aballowLinkDefault\u00bb: true },                                function (event) {                                    if (window.ue) {                                        ue.count(\u00abacrLinkClickCount\u00bb, (ue.count(\u00abacrLinkClickCount\u00bb) || 0) + 1);                                    }                                }                            );                        }                    });                                             P.when(&#8216;A&#8217;, &#8216;cf&#8217;).execute(function(A) {                A.declarative(&#8216;acrStarsLink-click-metrics&#8217;, &#8216;click&#8217;, { \u00aballowLinkDefault\u00bb : true },  function(event){                    if(window.ue) {                        ue.count(\u00abacrStarsLinkWithPopoverClickCount\u00bb, (ue.count(\u00abacrStarsLinkWithPopoverClickCount\u00bb) || 0) + 1);                    }                });            });                          <\/p>\n<p>\u3010Android 16 Tablet with Gemini AI + Octa-Core Processor\u3011The DOOGEE U11 Pro tablet 11 inch features Android 16 and Gemini AI, able to understand and generate text, offer real-time translation, summarize information, answer questions and manage tasks efficiently. Its powerful Octa-Core Unisoc T7200 processor makes it ideal for multitasking and running demanding apps. This DOOGEE tablet is only 7.9mm thick and weighs 538g, making it slim, lightweight and portable.<br \/>\u301030GB RAM + 256GB ROM\/2TB TF\u3011The U11 Pro Android 16 tablet 11 inch features 30GB RAM (6GB physical + 24GB virtual), delivering smooth performance in multitasking, games and demanding apps. In addition, the Android tablet includes 256GB ROM and support TF card up to 2TB, provides unlimited storage space for media files, documents and apps. This wifi tablet is ideal as a children&#8217;s tablet, girls tablet or children&#8217;s tablet, standing out among many cheap and good tablets.<br \/>\u30108580mAh Battery + Fast Charging + OTG\u3011DOOGEE U11 Pro Android 16 tablet equips 8580mAh battery for long time use. Fast charging allows you to recover power in less time, and OTG function powers other devices. Ideal as a 10+ inch tablet for travel, work or entertainment. This android tablet 11 inch kids combines power and autonomy, being one of the most complete cheap and good tablets, perfect for those looking for cheap tablet with long life.<br \/>\u301011 Inch HD 90Hz Tablet + Eye Protection\u3011The DOOGEE U11 Pro large tablet features 11 inch HD IPS screen that offers clear and detailed images. The 11-inch tablet supports 90Hz, ideal for gaming tablet, videos and smooth navigation. Eye protection mode reduces blue light, taking care of eyesight in long time use. Perfect as a tablet for kids or tablet for girls, it combines quality and convenience, being a prominent option in Android 16 cheap and good tablet.<br \/>\u301013MP Main Camera + 5MP Front &#038; Face ID\u3011The DOOGEE U11 Pro tablet 11 inch kids integrates 13MP rear camera for sharp and detailed photos, and 5MP front for clear video calls. Ideal as a child&#8217;s tablet or tablet for girls who need fluid communication. Includes Face ID for security and speed. This DOOGEE tablet is one of the most balanced cheap and good tablets, useful for study, leisure or work in tablet format 256gb and tablet 5g wifi.<br \/>\u3010Widevine L1 + Dual Speakers + 5G WiFi\u3011With Widevine L1, the DOOGEE U11 Pro Android tablet plays streaming in high quality. Its stereo speakers deliver clear, immersive sound. It is a 5G WiFi tablet with fast and stable connection, ideal for games, work and leisure. This cheap tablet is perfect as a tablet for boys or tablet for girls, standing out among cheap tablets for its performance, and offering great multimedia experience in tablet format 10+ inch and tablet 256GB.<br \/>\u3010Split Screen + GPS + WPS + 3.5mm Jack\u3011DOOGEE tablet includes WPS Office for documents, sheets and presentations. Its split screen allows you to switch work and entertainment efficiently. Includes 3.5mm connector and Beidou, Galileo, Glonass and GPS navigation. It is a 6GB RAM tablet that combines storage and power in tablet format 11-inch and 10+ inch tablet, ideal as a children&#8217;s tablet, gaming tablet or large tablet among cheap high-performance tablets.<\/p>\n\n","protected":false},"excerpt":{"rendered":"<p> From the brand DOOGEE&#8211;OFFICIAL La creencia de Doogee es crear un tel\u00e9fono m\u00f3vil que siempre<\/p>","protected":false},"featured_media":38957,"comment_status":"open","ping_status":"closed","template":"","meta":[],"product_brand":[],"product_cat":[93],"product_tag":[651,4998,9825,11675,6723,833,391,646,648,650,698,6113,617,655,912,11676,584,4851,1169,6120,6118,163,647,157,652,653,649,654,917,6721,543],"class_list":{"0":"post-38956","1":"product","2":"type-product","3":"status-publish","4":"has-post-thumbnail","6":"product_cat-android-tablets","7":"product_tag-10-inch-tablet","8":"product_tag-13mp5mp","9":"product_tag-30gb256gb2tb","10":"product_tag-5gwidevine","11":"product_tag-8580mah","12":"product_tag-90hz","13":"product_tag-android","14":"product_tag-android-tablet","15":"product_tag-best-android-tablet","16":"product_tag-budget-android-tablet","17":"product_tag-core","18":"product_tag-doogee","19":"product_tag-gaming","20":"product_tag-gaming-tablet","21":"product_tag-gemini","22":"product_tag-idgmsgps3-5mm","23":"product_tag-inch","24":"product_tag-jack","25":"product_tag-kids","26":"product_tag-l1otgface","27":"product_tag-octa","28":"product_tag-pro","29":"product_tag-samsung-android-tablet","30":"product_tag-tablet","31":"product_tag-tablet-for-kids","32":"product_tag-tablet-for-study","33":"product_tag-tablet-with-sim","34":"product_tag-tablet-with-stylus","35":"product_tag-tablets","36":"product_tag-u11","37":"product_tag-wifi","39":"first","40":"instock","41":"sale","42":"shipping-taxable","43":"product-type-external"},"_links":{"self":[{"href":"https:\/\/comprasyconsejos.store\/en\/wp-json\/wp\/v2\/product\/38956","targetHints":{"allow":["GET"]}}],"collection":[{"href":"https:\/\/comprasyconsejos.store\/en\/wp-json\/wp\/v2\/product"}],"about":[{"href":"https:\/\/comprasyconsejos.store\/en\/wp-json\/wp\/v2\/types\/product"}],"replies":[{"embeddable":true,"href":"https:\/\/comprasyconsejos.store\/en\/wp-json\/wp\/v2\/comments?post=38956"}],"version-history":[{"count":0,"href":"https:\/\/comprasyconsejos.store\/en\/wp-json\/wp\/v2\/product\/38956\/revisions"}],"wp:featuredmedia":[{"embeddable":true,"href":"https:\/\/comprasyconsejos.store\/en\/wp-json\/wp\/v2\/media\/38957"}],"wp:attachment":[{"href":"https:\/\/comprasyconsejos.store\/en\/wp-json\/wp\/v2\/media?parent=38956"}],"wp:term":[{"taxonomy":"product_brand","embeddable":true,"href":"https:\/\/comprasyconsejos.store\/en\/wp-json\/wp\/v2\/product_brand?post=38956"},{"taxonomy":"product_cat","embeddable":true,"href":"https:\/\/comprasyconsejos.store\/en\/wp-json\/wp\/v2\/product_cat?post=38956"},{"taxonomy":"product_tag","embeddable":true,"href":"https:\/\/comprasyconsejos.store\/en\/wp-json\/wp\/v2\/product_tag?post=38956"}],"curies":[{"name":"wp","href":"https:\/\/api.w.org\/{rel}","templated":true}]}}