{"id":38968,"date":"2026-03-07T18:10:13","date_gmt":"2026-03-07T18:10:13","guid":{"rendered":"https:\/\/comprasyconsejos.store\/product\/offtek-8gb-memoria-ram-de-repuesto-para-hp-compaq-spectre-14-3200eb-ultrabook-ddr3-12800-memoria-para-portatil\/"},"modified":"2026-03-07T18:10:15","modified_gmt":"2026-03-07T18:10:15","slug":"offtek-8gb-memoria-ram-de-repuesto-para-hp-compaq-spectre-14-3200eb-ultrabook-ddr3-12800-memoria-para-portatil","status":"publish","type":"product","link":"https:\/\/comprasyconsejos.store\/en\/product\/offtek-8gb-memoria-ram-de-repuesto-para-hp-compaq-spectre-14-3200eb-ultrabook-ddr3-12800-memoria-para-portatil\/","title":{"rendered":"OFFTEK 8GB Memoria RAM de Repuesto para HP-Compaq Spectre 14-3200eb Ultrabook (DDR3-12800) Memoria para port\u00e1til"},"content":{"rendered":"<p>Price: <span style=\"color:#b12704\">\u20ac33.47<\/span><br \/><i><small>(as of Mar 07, 2026 18:10:13 UTC &#8211; <span class=\"wp_automatic_amazon_disclaimer\" title=\"Product prices and availability are accurate as of the date\/time indicated and are subject to change. Any price and availability information displayed on [relevant Amazon Site(s), as applicable] at the time of purchase will apply to the purchase of this product.\">Details<\/span>)<\/small><\/i><\/p>\n<p><a href=\"https:\/\/amazon.es\/dp\/B06XNJKW6K?tag=man008-21\"><img decoding=\"async\" src=\"https:\/\/valvepress.s3.amazonaws.com\/imgs\/buy_now.png\"><\/a><br \/>\n<\/p>\n<p>                                             Product Description   <\/p>\n<p>                                                         <img decoding=\"async\" alt=\"Logotipo Offtek \" src=\"https:\/\/images-na.ssl-images-amazon.com\/images\/G\/01\/x-locale\/common\/grey-pixel.gif\" class=\"a-lazy-loaded\" data-src=\"https:\/\/m.media-amazon.com\/images\/S\/aplus-media-library-service-media\/1a73099e-7d7a-457f-82be-60816771ebf7.__CR0,0,600,180_PT0_SX600_V1___.png\"><img decoding=\"async\" alt=\"Logotipo Offtek \" src=\"https:\/\/m.media-amazon.com\/images\/S\/aplus-media-library-service-media\/1a73099e-7d7a-457f-82be-60816771ebf7.__CR0,0,600,180_PT0_SX600_V1___.png\">      <\/p>\n<p>                                                  <img decoding=\"async\" alt=\"Memoria del port\u00e1til OFFTEK en la ranura\" src=\"https:\/\/images-na.ssl-images-amazon.com\/images\/G\/01\/x-locale\/common\/grey-pixel.gif\" class=\"a-lazy-loaded\" data-src=\"https:\/\/m.media-amazon.com\/images\/S\/aplus-media-library-service-media\/ca2fafb0-9710-4fee-868c-be89613ace23.__CR0,0,970,300_PT0_SX970_V1___.png\"><img decoding=\"async\" alt=\"Memoria del port\u00e1til OFFTEK en la ranura\" src=\"https:\/\/m.media-amazon.com\/images\/S\/aplus-media-library-service-media\/ca2fafb0-9710-4fee-868c-be89613ace23.__CR0,0,970,300_PT0_SX970_V1___.png\">  <\/p>\n<h3> Memoria para computadora port\u00e1til Offtek <\/h3>\n<p> La forma m\u00e1s f\u00e1cil de potenciar su m\u00e1quina. <\/p>\n<p>                                                      <img decoding=\"async\" alt=\"Memoria del port\u00e1til OFFTEK \" src=\"https:\/\/images-na.ssl-images-amazon.com\/images\/G\/01\/x-locale\/common\/grey-pixel.gif\" class=\"a-spacing-mini a-lazy-loaded\" data-src=\"https:\/\/m.media-amazon.com\/images\/S\/aplus-media-library-service-media\/fa172faa-6227-4794-929b-172c2997b168.__CR0,0,300,300_PT0_SX300_V1___.png\"><img decoding=\"async\" alt=\"Memoria del port\u00e1til OFFTEK \" src=\"https:\/\/m.media-amazon.com\/images\/S\/aplus-media-library-service-media\/fa172faa-6227-4794-929b-172c2997b168.__CR0,0,300,300_PT0_SX300_V1___.png\">  <\/p>\n<h3 class=\"a-spacing-mini\"> La forma m\u00e1s f\u00e1cil de aumentar el rendimiento. <\/h3>\n<p>                                           \u00bfSu computadora port\u00e1til funciona con lentitud?                                     <\/p>\n<p class=\"a-spacing-base\"> Los m\u00f3dulos de memoria est\u00e1n dise\u00f1ados para aumentar el rendimiento de las computadoras. <\/p>\n<p class=\"a-spacing-base\"> Las memorias para port\u00e1tiles de Offtek har\u00e1n que su m\u00e1quina funcione m\u00e1s r\u00e1pido y m\u00e1s f\u00e1cil que nunca. <\/p>\n<p>                                                         \u00bfPor qu\u00e9 deber\u00eda actualizar mi PC?                                        Mejorar el rendimiento general de la m\u00e1quina.       Permitir una mayor multitarea       Extiende la vida de la m\u00e1quina       Produzca tiempos de inicio m\u00e1s r\u00e1pidos       Disminuci\u00f3n de la latencia en los juegos.       Productividad incrementada       <\/p>\n<p class=\"apm-text-center\">\n                                                      <img decoding=\"async\" alt=\"Laptop en la mesa con tableta y tel\u00e9fono celular\" src=\"https:\/\/images-na.ssl-images-amazon.com\/images\/G\/01\/x-locale\/common\/grey-pixel.gif\" class=\"a-spacing-mini a-lazy-loaded\" data-src=\"https:\/\/m.media-amazon.com\/images\/S\/aplus-media-library-service-media\/a7ddc0e8-9602-4ff7-8332-f4c94d31dfd2.__CR0,0,300,300_PT0_SX300_V1___.png\"><img decoding=\"async\" alt=\"Laptop en la mesa con tableta y tel\u00e9fono celular\" src=\"https:\/\/m.media-amazon.com\/images\/S\/aplus-media-library-service-media\/a7ddc0e8-9602-4ff7-8332-f4c94d31dfd2.__CR0,0,300,300_PT0_SX300_V1___.png\">  <\/p>\n<p>                                                    Multitarea con facilidad                                       <\/p>\n<p> Al agregar RAM adicional, no solo extiende la vida \u00fatil de la m\u00e1quina, sino que tambi\u00e9n mejora la capacidad de la PC para ejecutar m\u00faltiples aplicaciones. <\/p>\n<p> La memoria Offtek le permitir\u00e1 ejecutar f\u00e1cilmente aplicaciones con uso intensivo de datos. <\/p>\n<p class=\"apm-text-center\">\n                                                      <img decoding=\"async\" alt=\"Modulo de RAM OFFTEK instalada en la ranura del port\u00e1til\" src=\"https:\/\/images-na.ssl-images-amazon.com\/images\/G\/01\/x-locale\/common\/grey-pixel.gif\" class=\"a-spacing-mini a-lazy-loaded\" data-src=\"https:\/\/m.media-amazon.com\/images\/S\/aplus-media-library-service-media\/bb93959e-79cf-4ad3-b550-8cea0ecc4555.__CR0,0,300,300_PT0_SX300_V1___.png\"><img decoding=\"async\" alt=\"Modulo de RAM OFFTEK instalada en la ranura del port\u00e1til\" src=\"https:\/\/m.media-amazon.com\/images\/S\/aplus-media-library-service-media\/bb93959e-79cf-4ad3-b550-8cea0ecc4555.__CR0,0,300,300_PT0_SX300_V1___.png\">  <\/p>\n<p>                                                    Instalaci\u00f3n Plug and Play                                       <\/p>\n<p> No hay configuraci\u00f3n, no hay que esperar a que las cosas se actualicen y guarden. Es simplemente Plug and Play. <\/p>\n<p> Agregar memoria es la actualizaci\u00f3n m\u00e1s f\u00e1cil y econ\u00f3mica disponible para su m\u00e1quina para obtener el mejor aumento de rendimiento. <\/p>\n<p class=\"apm-text-center\">\n                                                      <img decoding=\"async\" alt=\"wafer en silicona comprobada en el laboratorio\" src=\"https:\/\/images-na.ssl-images-amazon.com\/images\/G\/01\/x-locale\/common\/grey-pixel.gif\" class=\"a-spacing-mini a-lazy-loaded\" data-src=\"https:\/\/m.media-amazon.com\/images\/S\/aplus-media-library-service-media\/c06373e1-e9d1-4108-ba01-1c7119900027.__CR0,0,300,300_PT0_SX300_V1___.png\"><img decoding=\"async\" alt=\"wafer en silicona comprobada en el laboratorio\" src=\"https:\/\/m.media-amazon.com\/images\/S\/aplus-media-library-service-media\/c06373e1-e9d1-4108-ba01-1c7119900027.__CR0,0,300,300_PT0_SX300_V1___.png\">  <\/p>\n<p>                                                    M\u00f3dulos de la m\u00e1s alta calidad                                       <\/p>\n<p> Como ocurre con la mayor\u00eda de las cosas, no todos las memorias son iguales. En Offtek, hacemos un esfuerzo adicional para asegurarnos de que las actualizaciones de ram que proporcionamos sean de primera calidad y pasen por rigurosos controles de calidad antes de que se nos d\u00e9 permiso para enviar a nuestros clientes. <\/p>\n<p>                                                  <img decoding=\"async\" alt=\"Logotipo de la marca Offtek Simply Memory\" src=\"https:\/\/images-na.ssl-images-amazon.com\/images\/G\/01\/x-locale\/common\/grey-pixel.gif\" class=\"a-lazy-loaded\" data-src=\"https:\/\/m.media-amazon.com\/images\/S\/aplus-media-library-service-media\/e2556606-907d-4d4d-9cae-0d5ba0d4fc66.__CR0,0,300,300_PT0_SX300_V1___.png\"><img decoding=\"async\" alt=\"Logotipo de la marca Offtek Simply Memory\" src=\"https:\/\/m.media-amazon.com\/images\/S\/aplus-media-library-service-media\/e2556606-907d-4d4d-9cae-0d5ba0d4fc66.__CR0,0,300,300_PT0_SX300_V1___.png\">  <\/p>\n<h3 class=\"a-spacing-mini\"> \u00bfPor qu\u00e9 offtek deber\u00eda ser su primera opci\u00f3n para la memoria RAM? <\/h3>\n<p> Con m\u00e1s de 21 a\u00f1os de experiencia en la industria de la memoria, Offtek ha proporcionado actualizaciones de memoria a m\u00e1s de 750.000 clientes. Queremos que todos nuestros clientes se sientan c\u00f3modos haciendo pedidos con nosotros y creemos que al brindar un soporte al cliente excepcional, nuestros clientes seguir\u00e1n siendo clientes leales y nos recomendar\u00e1n con sus amigos y sus familias. <\/p>\n<p> Product Dimensions                                            \u200f                                            :                                            \u200e                                            6.6 x 1.09 x 4.44 cm; 9.07 g   <br \/> Manufacturer                                            \u200f                                            :                                            \u200e                                            Offtek   <br \/> ASIN                                            \u200f                                            :                                            \u200e                                            B06XNJKW6K   <br \/> Manufacturer reference                                            \u200f                                            :                                            \u200e                                            1590687-HP-8192   <br \/> Country\/Region of Origin                                            \u200f                                            :                                            \u200e                                            Hong Kong   <br \/> Guaranteed software updates until                                            \u200f                                            :                                            \u200e                                            unknown   <\/p>\n<p>F\u00e1cil instalaci\u00f3n. La RAM es una de las formas m\u00e1s f\u00e1ciles de actualizar su m\u00e1quina. No se requiere actualizaci\u00f3n de software o sistema operativo. (Plug &#038; Play). Gu\u00edas de instalaci\u00f3n de OFFTEK.<br \/>Mejore el rendimiento general de la m\u00e1quina. Tiempos de puesta en marcha m\u00e1s r\u00e1pidos. Productividad incrementada. Aumento de la multitarea. Prolonga la vida de la m\u00e1quina.<br \/>Garant\u00eda limitada de por vida: aseg\u00farese de que su memoria dure toda la vida. Nuestra garant\u00eda limitada de por vida garantiza que si su memoria falla, la reemplazaremos o repararemos sin cargo siempre que siga fabricada.<br \/>La memoria OFFTEK se fabrica con componentes de primera calidad. Las pruebas a nivel de m\u00f3dulo garantizan una fiabilidad a largo plazo respaldada por m\u00e1s de 25 a\u00f1os de experiencia en memoria.<br \/>100% de compatibilidad: cada producto de memoria dise\u00f1ado espec\u00edficamente para su m\u00e1quina se prueba individualmente para garantizar el 100% de confiabilidad y compatibilidad con su computadora y sistema operativo.<\/p>\n\n","protected":false},"excerpt":{"rendered":"<p> Product Description Memoria para computadora port\u00e1til Offtek La forma m\u00e1s f\u00e1cil de potenciar su m\u00e1quina.<\/p>","protected":false},"featured_media":38969,"comment_status":"open","ping_status":"closed","template":"","meta":[],"product_brand":[],"product_cat":[87],"product_tag":[11677,622,557,555,7885,6103,550,556,3992,6101,3954,4217,554,587,6102,549,8714,548,552,553,551],"class_list":{"0":"post-38968","1":"product","2":"type-product","3":"status-publish","4":"has-post-thumbnail","6":"product_cat-ultrabook","7":"product_tag-143200eb","8":"product_tag-8gb","9":"product_tag-best-ultrabook","10":"product_tag-business-ultrabook","11":"product_tag-ddr312800","12":"product_tag-hpcompaq","13":"product_tag-lightweight-ultrabook","14":"product_tag-long-battery-ultrabook","15":"product_tag-memoria","16":"product_tag-offtek","17":"product_tag-para","18":"product_tag-portatil","19":"product_tag-premium-ultrabook","20":"product_tag-ram","21":"product_tag-repuesto","22":"product_tag-slim-ultrabook","23":"product_tag-spectre","24":"product_tag-ultrabook","25":"product_tag-ultrabook-14-inch","26":"product_tag-ultrabook-i7","27":"product_tag-ultrabook-with-ssd","29":"first","30":"instock","31":"shipping-taxable","32":"product-type-external"},"_links":{"self":[{"href":"https:\/\/comprasyconsejos.store\/en\/wp-json\/wp\/v2\/product\/38968","targetHints":{"allow":["GET"]}}],"collection":[{"href":"https:\/\/comprasyconsejos.store\/en\/wp-json\/wp\/v2\/product"}],"about":[{"href":"https:\/\/comprasyconsejos.store\/en\/wp-json\/wp\/v2\/types\/product"}],"replies":[{"embeddable":true,"href":"https:\/\/comprasyconsejos.store\/en\/wp-json\/wp\/v2\/comments?post=38968"}],"version-history":[{"count":0,"href":"https:\/\/comprasyconsejos.store\/en\/wp-json\/wp\/v2\/product\/38968\/revisions"}],"wp:featuredmedia":[{"embeddable":true,"href":"https:\/\/comprasyconsejos.store\/en\/wp-json\/wp\/v2\/media\/38969"}],"wp:attachment":[{"href":"https:\/\/comprasyconsejos.store\/en\/wp-json\/wp\/v2\/media?parent=38968"}],"wp:term":[{"taxonomy":"product_brand","embeddable":true,"href":"https:\/\/comprasyconsejos.store\/en\/wp-json\/wp\/v2\/product_brand?post=38968"},{"taxonomy":"product_cat","embeddable":true,"href":"https:\/\/comprasyconsejos.store\/en\/wp-json\/wp\/v2\/product_cat?post=38968"},{"taxonomy":"product_tag","embeddable":true,"href":"https:\/\/comprasyconsejos.store\/en\/wp-json\/wp\/v2\/product_tag?post=38968"}],"curies":[{"name":"wp","href":"https:\/\/api.w.org\/{rel}","templated":true}]}}