{"id":39018,"date":"2026-03-07T20:43:01","date_gmt":"2026-03-07T20:43:01","guid":{"rendered":"https:\/\/comprasyconsejos.store\/product\/usb-type-c-cable-2pack-2m-3-1a-charger-type-c-nylon-braided-fast-charging-and-synchronization-usb-c-cable-for-samsung-s10-s9-s8-note-10-note-9-huawei-p30-p20-mate-20-xperia-xz\/"},"modified":"2026-03-07T20:43:07","modified_gmt":"2026-03-07T20:43:07","slug":"usb-type-c-cable-2pack-2m-3-1a-charger-type-c-nylon-braided-fast-charging-and-synchronization-usb-c-cable-for-samsung-s10-s9-s8-note-10-note-9-huawei-p30-p20-mate-20-xperia-xz","status":"publish","type":"product","link":"https:\/\/comprasyconsejos.store\/en\/product\/usb-type-c-cable-2pack-2m-3-1a-charger-type-c-nylon-braided-fast-charging-and-synchronization-usb-c-cable-for-samsung-s10-s9-s8-note-10-note-9-huawei-p30-p20-mate-20-xperia-xz\/","title":{"rendered":"USB Type C Cable, [2Pack 2M] 3.1A Charger Type C Nylon Braided Fast Charging and Synchronization USB C Cable for Samsung S10\/S9\/S8\/Note 10\/Note 9, Huawei P30\/P20\/Mate 20, Xperia XZ"},"content":{"rendered":"<p>Price: <span style=\"color:#b12704\"><del>\u20ac9.00<\/del> - \u20ac6.18<\/span><br \/><i><small>(as of Mar 07, 2026 20:43:01 UTC &#8211; <span class=\"wp_automatic_amazon_disclaimer\" title=\"Product prices and availability are accurate as of the date\/time indicated and are subject to change. Any price and availability information displayed on [relevant Amazon Site(s), as applicable] at the time of purchase will apply to the purchase of this product.\">Details<\/span>)<\/small><\/i><\/p>\n<p><a href=\"https:\/\/amazon.es\/dp\/B08C2QCR7Q?tag=man008-21\"><img decoding=\"async\" src=\"https:\/\/valvepress.s3.amazonaws.com\/imgs\/buy_now.png\"><\/a><br \/>\n<\/p>\n<p>                                             Product Description   <\/p>\n<p>                                                                             <img decoding=\"async\" alt=\"un cable de carga USB para un smartphone\" src=\"https:\/\/images-na.ssl-images-amazon.com\/images\/G\/01\/x-locale\/common\/grey-pixel.gif\" class=\"a-spacing-base a-lazy-loaded\" data-src=\"https:\/\/m.media-amazon.com\/images\/S\/aplus-media-library-service-media\/ac81bdc9-5d46-4bf8-a609-61154adae88a.__CR0,0,2750,1701_PT0_SX970_V1___.jpg\"><img decoding=\"async\" alt=\"un cable de carga USB para un smartphone\" src=\"https:\/\/m.media-amazon.com\/images\/S\/aplus-media-library-service-media\/ac81bdc9-5d46-4bf8-a609-61154adae88a.__CR0,0,2750,1701_PT0_SX970_V1___.jpg\">                                                                    <\/p>\n<p class=\"apm-text-center\">\n                                                      <img decoding=\"async\" alt=\"3. Cable de carga USB de 11 pulgadas con cargador de tel\u00e9fono\" src=\"https:\/\/images-na.ssl-images-amazon.com\/images\/G\/01\/x-locale\/common\/grey-pixel.gif\" class=\"a-spacing-mini a-lazy-loaded\" data-src=\"https:\/\/m.media-amazon.com\/images\/S\/aplus-media-library-service-media\/bddc26c5-f37b-497e-a2c8-41abc2a7ee5a.__CR0,0,1500,1500_PT0_SX300_V1___.jpg\"><img decoding=\"async\" alt=\"3. Cable de carga USB de 11 pulgadas con cargador de tel\u00e9fono\" src=\"https:\/\/m.media-amazon.com\/images\/S\/aplus-media-library-service-media\/bddc26c5-f37b-497e-a2c8-41abc2a7ee5a.__CR0,0,1500,1500_PT0_SX300_V1___.jpg\">  <\/p>\n<p>                                                    Carga r\u00e1pida y sincronizaci\u00f3n\uff1a                                       <\/p>\n<p> Cable USB C compatible con carga segura de alta velocidad de hasta 5 V\/3.1A y transferencia de datos r\u00e1pida con hasta 480 Mbps. Cable USB tipo C sin problemas todas tus necesidades. <\/p>\n<p class=\"apm-text-center\">\n                                                      <img decoding=\"async\" alt=\"cable usb tipo c\" src=\"https:\/\/images-na.ssl-images-amazon.com\/images\/G\/01\/x-locale\/common\/grey-pixel.gif\" class=\"a-spacing-mini a-lazy-loaded\" data-src=\"https:\/\/m.media-amazon.com\/images\/S\/aplus-media-library-service-media\/6a3addab-39cc-4839-9270-167e788aef1c.__CR0,0,1500,1500_PT0_SX300_V1___.jpg\"><img decoding=\"async\" alt=\"cable usb tipo c\" src=\"https:\/\/m.media-amazon.com\/images\/S\/aplus-media-library-service-media\/6a3addab-39cc-4839-9270-167e788aef1c.__CR0,0,1500,1500_PT0_SX300_V1___.jpg\">  <\/p>\n<p>                                                    Fuerte, flexible y extremadamente durabilidad:                                       <\/p>\n<p> Cable de carga USB C El conector de aluminio resistente ofrece una larga vida \u00fatil y garantiza una conexi\u00f3n perfecta. Los cables est\u00e1n trenzados de nailon de alta calidad, que son antitorsi\u00f3n y resistencia a la abrasi\u00f3n. <\/p>\n<p class=\"apm-text-center\">\n                                                      <img decoding=\"async\" alt=\"cable usb tipo c\" src=\"https:\/\/images-na.ssl-images-amazon.com\/images\/G\/01\/x-locale\/common\/grey-pixel.gif\" class=\"a-spacing-mini a-lazy-loaded\" data-src=\"https:\/\/m.media-amazon.com\/images\/S\/aplus-media-library-service-media\/656ba38c-32f1-4858-88d4-87732e3dbc0e.__CR0,0,1500,1500_PT0_SX300_V1___.jpg\"><img decoding=\"async\" alt=\"cable usb tipo c\" src=\"https:\/\/m.media-amazon.com\/images\/S\/aplus-media-library-service-media\/656ba38c-32f1-4858-88d4-87732e3dbc0e.__CR0,0,1500,1500_PT0_SX300_V1___.jpg\">  <\/p>\n<p>                                                    Conector de ajuste perfecto:                                       <\/p>\n<p> Chip inteligente integrado que puede detectar autom\u00e1ticamente varios dispositivos y proporcionar un voltaje estable y corriente estable para mayor protecci\u00f3n y durabilidad. <\/p>\n<p>                                                  <img decoding=\"async\" alt=\"cable usb tipo c\" src=\"https:\/\/images-na.ssl-images-amazon.com\/images\/G\/01\/x-locale\/common\/grey-pixel.gif\" class=\"a-lazy-loaded\" data-src=\"https:\/\/m.media-amazon.com\/images\/S\/aplus-media-library-service-media\/c248d2a6-45cc-45b7-ab44-2ce5311680ec.__CR0,0,2835,2835_PT0_SX300_V1___.jpg\"><img decoding=\"async\" alt=\"cable usb tipo c\" src=\"https:\/\/m.media-amazon.com\/images\/S\/aplus-media-library-service-media\/c248d2a6-45cc-45b7-ab44-2ce5311680ec.__CR0,0,2835,2835_PT0_SX300_V1___.jpg\">  <\/p>\n<h3 class=\"a-spacing-mini\"> Dispositivos compatibles: <\/h3>\n<p> Samsung Galaxy S10+, S10, S9, S9+, S8, S8 Plus, Note 9, Note 8, A3 2017, A5 2017, A7 2017, Huawei P30 Pro, Mate 20 Pro, P20 Lite, P20, Mate 20 Lite, Mate 10 Pro, Mate. 9\/P30. \/ P20\/ P10 Motorola Moto G7\/ Moto G6\/ Moto z3 play Sony Xperia XZ\/ XZ2\/ XA2\/ XZ Premium Honor View 20\/ View 10\/ 10\/ 9\/ 8 XIAOMI MI MI A1\/ MI A2\/ Mi Mix 3 LG G7\/ G6\/ G5\/ V30\/ V20 OnePlus 6T\/ 6\/ Nexus 5\/5T. 6P\/5X. <\/p>\n<p>                                                                             <img decoding=\"async\" alt=\"cable usb tipo c\" src=\"https:\/\/images-na.ssl-images-amazon.com\/images\/G\/01\/x-locale\/common\/grey-pixel.gif\" class=\"a-spacing-base a-lazy-loaded\" data-src=\"https:\/\/m.media-amazon.com\/images\/S\/aplus-media-library-service-media\/d288f94b-4c60-4fad-91bf-2ad55417246c.__CR0,286,1500,928_PT0_SX970_V1___.jpg\"><img decoding=\"async\" alt=\"cable usb tipo c\" src=\"https:\/\/m.media-amazon.com\/images\/S\/aplus-media-library-service-media\/d288f94b-4c60-4fad-91bf-2ad55417246c.__CR0,286,1500,928_PT0_SX970_V1___.jpg\">                                                                    <\/p>\n<p> Package Dimensions                                            \u200f                                            :                                            \u200e                                            23.2 x 12.4 x 1.3 cm; 5 g   <br \/> Date First Available                                            \u200f                                            :                                            \u200e                                            18 Aug. 2020   <br \/> Manufacturer                                            \u200f                                            :                                            \u200e                                            GIANAC   <br \/> ASIN                                            \u200f                                            :                                            \u200e                                            B08C2QCR7Q   <br \/> Item model number                                            \u200f                                            :                                            \u200e                                            ML-2M   <br \/> Country of origin                                            \u200f                                            :                                            \u200e                                            China   <br \/>       Best Sellers Rank:  5 in USB Cables       <br \/>  Customer reviews:                                                                                            4.5               4.5 out of 5 stars                                  (19,931)                                              var dpAcrHasRegisteredArcLinkClickAction;                    P.when(&#8216;A&#8217;, &#8216;ready&#8217;).execute(function(A) {                        if (dpAcrHasRegisteredArcLinkClickAction !== true) {                            dpAcrHasRegisteredArcLinkClickAction = true;                            A.declarative(                                &#8216;acrLink-click-metrics&#8217;, &#8216;click&#8217;,                                { \u00aballowLinkDefault\u00bb: true },                                function (event) {                                    if (window.ue) {                                        ue.count(\u00abacrLinkClickCount\u00bb, (ue.count(\u00abacrLinkClickCount\u00bb) || 0) + 1);                                    }                                }                            );                        }                    });                                             P.when(&#8216;A&#8217;, &#8216;cf&#8217;).execute(function(A) {                A.declarative(&#8216;acrStarsLink-click-metrics&#8217;, &#8216;click&#8217;, { \u00aballowLinkDefault\u00bb : true },  function(event){                    if(window.ue) {                        ue.count(\u00abacrStarsLinkWithPopoverClickCount\u00bb, (ue.count(\u00abacrStarsLinkWithPopoverClickCount\u00bb) || 0) + 1);                    }                });            });                          <\/p>\n<p>\u3010High Quality Standard\u3011USB Type C Cable The robust aluminium connector offers a long service life and ensures a perfect connection. The cables are braided from high-quality nylon, which are anti-twisting and abrasion resistance. After testing, bent to 90 degrees and bent to 9000 times.<br \/>\u3010Sync &#038; Charge\u3011Our cables meet USB specifications according to Type C version 1.1, 56KG, and 22AWG.<br \/>\u3010Perfect 2M+2M\u30112 Pack (2m+2m) USB Type C Charger Cable is perfect for any occasion, at home, office, car and all outdoor activities; One order contains 2 cables. \u3010Durability\u3011Longer than original cables; High-quality nylon GIANAC cable, at least 10,000 times 90 degrees tilt.<br \/>\u3010Perfect Compatibility\u3011Perfectly compatible with all currently available USB-C devices &#8211; New MacBook, ChromeBook Google Pixel 2xl, Pixel C, Nexus 5X \/ 6P, OnePlus 2 \/ 3T, Samsung Galaxy S10 \/ S9 \/ S8 \/ S8+ \/ Note 8 \/ A5 2017 \/ A7 2017, Huawei P30 \/ P9. \/ P10 \/ P20, HTC 10 \/ U11, Sony Xperia XZ, LG G5 \/ G6, Lenovo Zuk Z1, HP Pavilion X2 (Not fit Huawei SuperCharge, OnePlus Dash Charge and Moto TurboPower)<br \/>\u3010What You Will Receive\u3011If you have any questions or concerns, please contact us, we will solve your problem as soon as possible.<\/p>\n\n","protected":false},"excerpt":{"rendered":"<p> Product Description Carga r\u00e1pida y sincronizaci\u00f3n\uff1a Cable USB C compatible con carga segura de alta<\/p>","protected":false},"featured_media":39019,"comment_status":"open","ping_status":"closed","template":"","meta":[],"product_brand":[],"product_cat":[69],"product_tag":[11086,206,3565,220,182,152,138,2047,2044,137,2052,2037,7057,2054,2046,219,11087,2049,11085,249,11084,168,133,2050,2042,2040,11088],"class_list":{"0":"post-39018","1":"product","2":"type-product","3":"status-publish","4":"has-post-thumbnail","6":"product_cat-cables-adapters","7":"product_tag-10note","8":"product_tag-2pack","9":"product_tag-3-1a","10":"product_tag-braided","11":"product_tag-cable","12":"product_tag-charger","13":"product_tag-charging","14":"product_tag-charging-cable","15":"product_tag-displayport-cable","16":"product_tag-fast","17":"product_tag-hdmi-adapter","18":"product_tag-hdmi-cable","19":"product_tag-huawei","20":"product_tag-multiport-adapter","21":"product_tag-network-cable","22":"product_tag-nylon","23":"product_tag-p30p20mate","24":"product_tag-power-cable","25":"product_tag-s10s9s8note","26":"product_tag-samsung","27":"product_tag-synchronization","28":"product_tag-type","29":"product_tag-usb","30":"product_tag-usb-adapter","31":"product_tag-usb-c-cable","32":"product_tag-usb-cable","33":"product_tag-xperia","35":"first","36":"instock","37":"sale","38":"shipping-taxable","39":"product-type-external"},"_links":{"self":[{"href":"https:\/\/comprasyconsejos.store\/en\/wp-json\/wp\/v2\/product\/39018","targetHints":{"allow":["GET"]}}],"collection":[{"href":"https:\/\/comprasyconsejos.store\/en\/wp-json\/wp\/v2\/product"}],"about":[{"href":"https:\/\/comprasyconsejos.store\/en\/wp-json\/wp\/v2\/types\/product"}],"replies":[{"embeddable":true,"href":"https:\/\/comprasyconsejos.store\/en\/wp-json\/wp\/v2\/comments?post=39018"}],"version-history":[{"count":0,"href":"https:\/\/comprasyconsejos.store\/en\/wp-json\/wp\/v2\/product\/39018\/revisions"}],"wp:featuredmedia":[{"embeddable":true,"href":"https:\/\/comprasyconsejos.store\/en\/wp-json\/wp\/v2\/media\/39019"}],"wp:attachment":[{"href":"https:\/\/comprasyconsejos.store\/en\/wp-json\/wp\/v2\/media?parent=39018"}],"wp:term":[{"taxonomy":"product_brand","embeddable":true,"href":"https:\/\/comprasyconsejos.store\/en\/wp-json\/wp\/v2\/product_brand?post=39018"},{"taxonomy":"product_cat","embeddable":true,"href":"https:\/\/comprasyconsejos.store\/en\/wp-json\/wp\/v2\/product_cat?post=39018"},{"taxonomy":"product_tag","embeddable":true,"href":"https:\/\/comprasyconsejos.store\/en\/wp-json\/wp\/v2\/product_tag?post=39018"}],"curies":[{"name":"wp","href":"https:\/\/api.w.org\/{rel}","templated":true}]}}