{"id":39032,"date":"2026-03-07T21:21:28","date_gmt":"2026-03-07T21:21:28","guid":{"rendered":"https:\/\/comprasyconsejos.store\/product\/ventilador-de-refrigeracion-led-para-pc-luz-led-de-80-mm-12-v-4-pines-ventilador-de-refrigeracion-silencioso-para-carcasa-de-pc-ventiladores-internos-de-cpu-silenciosos-para-blue\/"},"modified":"2026-03-07T21:21:35","modified_gmt":"2026-03-07T21:21:35","slug":"ventilador-de-refrigeracion-led-para-pc-luz-led-de-80-mm-12-v-4-pines-ventilador-de-refrigeracion-silencioso-para-carcasa-de-pc-ventiladores-internos-de-cpu-silenciosos-para-blue","status":"publish","type":"product","link":"https:\/\/comprasyconsejos.store\/en\/product\/ventilador-de-refrigeracion-led-para-pc-luz-led-de-80-mm-12-v-4-pines-ventilador-de-refrigeracion-silencioso-para-carcasa-de-pc-ventiladores-internos-de-cpu-silenciosos-para-blue\/","title":{"rendered":"Ventilador de Refrigeraci\u00f3n LED para PC, Luz LED de 80 Mm, 12 V, 4 Pines, Ventilador de Refrigeraci\u00f3n Silencioso para Carcasa de PC, Ventiladores Internos de CPU Silenciosos para (BLUE)"},"content":{"rendered":"<p>Price: <span style=\"color:#b12704\">\u20ac7.63<\/span><br \/><i><small>(as of Mar 07, 2026 21:21:28 UTC &#8211; <span class=\"wp_automatic_amazon_disclaimer\" title=\"Product prices and availability are accurate as of the date\/time indicated and are subject to change. Any price and availability information displayed on [relevant Amazon Site(s), as applicable] at the time of purchase will apply to the purchase of this product.\">Details<\/span>)<\/small><\/i><\/p>\n<p><a href=\"https:\/\/amazon.es\/dp\/B0GD2C9ZY4?tag=man008-21\"><img decoding=\"async\" src=\"https:\/\/valvepress.s3.amazonaws.com\/imgs\/buy_now.png\"><\/a><br \/>\n<br \/>\n    <span>Especificaci\u00f3n:<br \/> Caracter\u00edsticas:<br \/> Ventilador especialmente dise\u00f1ado con luz LED fr\u00eda para enfriar la carcasa de la computadora.<br \/> Aplicaci\u00f3n silenciosa de 11 dB para enfriamiento de la carcasa de la computadora.<br \/> El ventilador de la carcasa ofrece hasta 46 CFM de flujo de aire.<br \/> Viene con una interfaz de alimentaci\u00f3n de 4 pines.<br \/> Este ventilador de carcasa de 80 mm con luz LED fr\u00eda le brinda un efecto visual especial por la noche.<br \/> Especificaciones:<br \/> Color del LED: azul, colorido(Opcional)<br \/> Material: ABS<br \/> Dimensiones\u200b(mm): 80(L) x 80(W) x 25(H) \/ 3.15 x 3.15 x 0.98 pulgadas<br \/> Tipo de rodamiento: Hidr\u00e1um\u00e1tico<br \/> Voltaje nominal: 12 V<br \/> Corriente nominal: 0.18\u00b10.02 Amp<br \/> Flujo de aire\u200b: 46 CFM<br \/> Ruido:11 dBA\u00b110%<br \/> Velocidad: 2500 RPM\u00b115%<br \/> Vida \u00fatil: 30.000 horas<br \/> Paquete incluido:<br \/> 1 x ventilador de caja de PC de 80 mm<br \/><\/span>    <br \/> Package Dimensions                                            \u200f                                            :                                            \u200e                                            10 x 10 x 4 cm; 54 g   <br \/> Date First Available                                            \u200f                                            :                                            \u200e                                            29 Dec. 2025   <br \/> Manufacturer                                            \u200f                                            :                                            \u200e                                            Sxhlseller   <br \/> ASIN                                            \u200f                                            :                                            \u200e                                            B0GD2C9ZY4   <br \/> Item model number                                            \u200f                                            :                                            \u200e                                            Sxhlsellerdychpu47gr-01   <br \/> Country of origin                                            \u200f                                            :                                            \u200e                                            China   <\/p>\n<p>Este ventilador de caja de 80 mm con luz LED fr\u00eda le brinda un efecto visual especial por la noche.<br \/>Viene con una interfaz de alimentaci\u00f3n de 4 pines.<br \/>Aplicaci\u00f3n silenciosa de 11 dB-A para refrigeraci\u00f3n de carcasas de ordenadores.<br \/>El ventilador de caja ofrece hasta 46 CFM de flujo de aire.<br \/>Ventilador especialmente dise\u00f1ado con luz LED fr\u00eda para enfriar la carcasa de la computadora.<\/p>\n\n","protected":false},"excerpt":{"rendered":"<p> Especificaci\u00f3n: Caracter\u00edsticas: Ventilador especialmente dise\u00f1ado con luz LED fr\u00eda para enfriar la carcasa de la<\/p>","protected":false},"featured_media":39033,"comment_status":"open","ping_status":"closed","template":"","meta":[],"product_brand":[],"product_cat":[65],"product_tag":[2003,2005,2013,367,6735,1998,2015,2009,598,2011,11689,428,4813,3954,2000,6674,2007,5790,2001,4207,11690,4204,11535],"class_list":{"0":"post-39032","1":"product","2":"type-product","3":"status-publish","4":"has-post-thumbnail","6":"product_cat-case-fan","7":"product_tag-120mm-case-fan","8":"product_tag-140mm-case-fan","9":"product_tag-best-case-fan","10":"product_tag-blue","11":"product_tag-carcasa","12":"product_tag-case-fan","13":"product_tag-computer-cooling-fan","14":"product_tag-cooling-fan-for-pc","15":"product_tag-cpu","16":"product_tag-high-airflow-case-fan","17":"product_tag-internos","18":"product_tag-led","19":"product_tag-luz","20":"product_tag-para","21":"product_tag-pc-case-fan","22":"product_tag-pines","23":"product_tag-quiet-case-fan","24":"product_tag-refrigeracion","25":"product_tag-rgb-case-fan","26":"product_tag-silencioso","27":"product_tag-silenciosos","28":"product_tag-ventilador","29":"product_tag-ventiladores","31":"first","32":"instock","33":"shipping-taxable","34":"product-type-external"},"_links":{"self":[{"href":"https:\/\/comprasyconsejos.store\/en\/wp-json\/wp\/v2\/product\/39032","targetHints":{"allow":["GET"]}}],"collection":[{"href":"https:\/\/comprasyconsejos.store\/en\/wp-json\/wp\/v2\/product"}],"about":[{"href":"https:\/\/comprasyconsejos.store\/en\/wp-json\/wp\/v2\/types\/product"}],"replies":[{"embeddable":true,"href":"https:\/\/comprasyconsejos.store\/en\/wp-json\/wp\/v2\/comments?post=39032"}],"version-history":[{"count":0,"href":"https:\/\/comprasyconsejos.store\/en\/wp-json\/wp\/v2\/product\/39032\/revisions"}],"wp:featuredmedia":[{"embeddable":true,"href":"https:\/\/comprasyconsejos.store\/en\/wp-json\/wp\/v2\/media\/39033"}],"wp:attachment":[{"href":"https:\/\/comprasyconsejos.store\/en\/wp-json\/wp\/v2\/media?parent=39032"}],"wp:term":[{"taxonomy":"product_brand","embeddable":true,"href":"https:\/\/comprasyconsejos.store\/en\/wp-json\/wp\/v2\/product_brand?post=39032"},{"taxonomy":"product_cat","embeddable":true,"href":"https:\/\/comprasyconsejos.store\/en\/wp-json\/wp\/v2\/product_cat?post=39032"},{"taxonomy":"product_tag","embeddable":true,"href":"https:\/\/comprasyconsejos.store\/en\/wp-json\/wp\/v2\/product_tag?post=39032"}],"curies":[{"name":"wp","href":"https:\/\/api.w.org\/{rel}","templated":true}]}}