{"id":39041,"date":"2026-03-07T21:27:46","date_gmt":"2026-03-07T21:27:46","guid":{"rendered":"https:\/\/comprasyconsejos.store\/product\/sk700v-white-cpu-heatsink-am5-cpu-cooler-with-digital-display-exclusive-for-am5-cpu-fan-120-mm-with-7-heatpipes-and-total-ram-freedom-5-years-warranty-white\/"},"modified":"2026-03-07T21:27:56","modified_gmt":"2026-03-07T21:27:56","slug":"sk700v-white-cpu-heatsink-am5-cpu-cooler-with-digital-display-exclusive-for-am5-cpu-fan-120-mm-with-7-heatpipes-and-total-ram-freedom-5-years-warranty-white","status":"publish","type":"product","link":"https:\/\/comprasyconsejos.store\/en\/product\/sk700v-white-cpu-heatsink-am5-cpu-cooler-with-digital-display-exclusive-for-am5-cpu-fan-120-mm-with-7-heatpipes-and-total-ram-freedom-5-years-warranty-white\/","title":{"rendered":"SK700V White CPU Heatsink AM5: CPU Cooler with Digital Display Exclusive for AM5 \u2013 CPU Fan 120 mm with 7 HeatPipes and Total RAM Freedom, 5 Years Warranty, White"},"content":{"rendered":"<p>Price: <span style=\"color:#b12704\">\u20ac89.99<\/span><br \/><i><small>(as of Mar 07, 2026 21:27:46 UTC &#8211; <span class=\"wp_automatic_amazon_disclaimer\" title=\"Product prices and availability are accurate as of the date\/time indicated and are subject to change. Any price and availability information displayed on [relevant Amazon Site(s), as applicable] at the time of purchase will apply to the purchase of this product.\">Details<\/span>)<\/small><\/i><\/p>\n<p><a href=\"https:\/\/amazon.es\/dp\/B0F1FRLMKR?tag=man008-21\"><img decoding=\"async\" src=\"https:\/\/valvepress.s3.amazonaws.com\/imgs\/buy_now.png\"><\/a><br \/>\n<\/p>\n<p>                                             Product Description   <\/p>\n<p>                                                                     Sudokoo SK700V Blanco Disipador de CPU para AM5,CPU Cooler, 7 HeatPipes                                            <img decoding=\"async\" alt=\"El texto dice \u00abSK7000B BLANCO\u00bb. Im\u00e1genes t\u00e9cnicas del producto que muestran varios \u00e1ngulos y componentes de lo que parece ser un dispositivo electr\u00f3nico.\" src=\"https:\/\/images-na.ssl-images-amazon.com\/images\/G\/01\/x-locale\/common\/grey-pixel.gif\" class=\"a-lazy-loaded\" data-src=\"https:\/\/m.media-amazon.com\/images\/S\/aplus-media-library-service-media\/49f37390-3231-4e6d-a117-68a3566938eb.__CR0,0,1464,600_PT0_SX1464_V1___.jpg\"><img decoding=\"async\" alt=\"El texto dice \u00abSK7000B BLANCO\u00bb. Im\u00e1genes t\u00e9cnicas del producto que muestran varios \u00e1ngulos y componentes de lo que parece ser un dispositivo electr\u00f3nico.\" src=\"https:\/\/m.media-amazon.com\/images\/S\/aplus-media-library-service-media\/49f37390-3231-4e6d-a117-68a3566938eb.__CR0,0,1464,600_PT0_SX1464_V1___.jpg\">                                         <\/p>\n<p class=\"aplus-description aplus-container-3 aplus-p1\"> Alcanza el m\u00e1ximo rendimiento de tu CPU con el Sudokoo SK700V Blanco centrado en AM5, que cuenta con 220W de potencia m\u00e1xima de refrigeraci\u00f3n y un flujo de aire mejorado para una reducci\u00f3n eficaz de la temperatura en aplicaciones de sistemas exigentes. <\/p>\n<p>                                                                                                                  <img decoding=\"async\" alt=\"aplus content image\" src=\"https:\/\/m.media-amazon.com\/images\/S\/aplus-media-library-service-media\/7f83e159-e55b-4ee6-b5ce-af1aa147ac2d.__CR0,0,1464,600_PT0_SX1464_V1___.jpg\">                                                      <img decoding=\"async\" alt=\"Interfaz oscura que muestra varios medidores y medidores digitales. La pantalla circular central muestra las lecturas de temperatura. Los paneles circundantes muestran porcentajes, gr\u00e1ficos e indicadores de estado\" src=\"https:\/\/m.media-amazon.com\/images\/S\/aplus-media-library-service-media\/0c8c64ce-2cf0-46ae-ac0b-5df370e97aa3.__CR0,0,1464,600_PT0_SX1464_V1___.jpg\">                                                      <img decoding=\"async\" alt=\"Interfaz de software de monitoreo de computadoras que muestra datos de temperatura, potencia y frecuencia de la CPU en tiempo real. Panel de control de tem\u00e1tica oscura con el texto amarillo \u00abTIEMPO REAL MONITORIZACI\u00d3N\" src=\"https:\/\/m.media-amazon.com\/images\/S\/aplus-media-library-service-media\/43b6c574-72e1-4e1e-b6e0-34ae3794e2f7.__CR0,0,1464,600_PT0_SX1464_V1___.jpg\">                                                      <\/p>\n<p class=\"aplus-p3\"> en tiempo real <\/p>\n<p>                                                                                                                              <img decoding=\"async\" alt=\"Pantalla digital que muestra las lecturas de temperatura con tres paneles. Panel superior: 36 \u00b0C, medio: 36 \u00b0C, inferior: 54 \u00b0C. El texto en espa\u00f1ol advierte sobre altas temperaturas\" src=\"https:\/\/m.media-amazon.com\/images\/S\/aplus-media-library-service-media\/5effbbfc-14cb-4d25-b4b0-96797fa46fd1.__CR0,0,1464,600_PT0_SX1464_V1___.jpg\">                                                      <\/p>\n<p class=\"aplus-p3\"> Alta temperatura <\/p>\n<p>                            1 Pantalla Digital <\/p>\n<p>                            2 Interfaz MasterCraft <\/p>\n<p>                            3 Monitorizaci\u00f3n <\/p>\n<p>                            4 Advertencia <\/p>\n<p>                                                                              <img decoding=\"async\" alt=\"aplus content image\" src=\"https:\/\/m.media-amazon.com\/images\/S\/aplus-media-library-service-media\/be9165f7-e408-4bc7-81d2-e4c1132e6325.__CR0,0,1464,600_PT0_SX1464_V1___.jpg\">                                                    <img decoding=\"async\" alt=\"Tabla comparativa de eficiencia entre motores monof\u00e1sicos y trif\u00e1sicos. El gr\u00e1fico muestra un motor trif\u00e1sico con mayor eficiencia. Incluye la imagen del motor y\" src=\"https:\/\/m.media-amazon.com\/images\/S\/aplus-media-library-service-media\/3b175e48-3fc5-4598-94a4-e6aa9cec1774.__CR0,0,1464,600_PT0_SX1464_V1___.jpg\">                                                    <img decoding=\"async\" alt=\"SK700V-ES\" src=\"https:\/\/m.media-amazon.com\/images\/S\/aplus-media-library-service-media\/a23708f7-7200-4e5a-9883-fb9fef412ac0.__CR0,0,1464,600_PT0_SX1464_V1___.jpg\">                       <\/p>\n<p>                       1 Silencio          2 Alta Eficiencia          3 ISTT                       <\/p>\n<p>                                                                                                                <img decoding=\"async\" alt=\"aplus content image\" src=\"https:\/\/m.media-amazon.com\/images\/S\/aplus-media-library-service-media\/28021407-efa2-4c9d-a102-9f8df0eec9df.__CR0,0,1464,600_PT0_SX1464_V1___.jpg\">                                                    <img decoding=\"async\" alt=\"aplus content image\" src=\"https:\/\/m.media-amazon.com\/images\/S\/aplus-media-library-service-media\/c423bcff-5025-47a1-90ee-7613491bca72.__CR0,0,1464,600_PT0_SX1464_V1___.jpg\">                                                    <img decoding=\"async\" alt=\"aplus content image\" src=\"https:\/\/m.media-amazon.com\/images\/S\/aplus-media-library-service-media\/d0cb1a36-057d-481f-869f-cfcd5a3a9573.__CR0,0,1464,600_PT0_SX1464_V1___.jpg\"><br \/>\n                            1 F\u00e1cil instalaci\u00f3n <\/p>\n<p>                            2 Flujo de Calor <\/p>\n<p>                            3 Soporte Anti-Curvatura <\/p>\n<p>The video showcases the product in use.The video guides you through product setup.The video compares multiple products.The video shows the product being unpacked. SK700V WH CPU Cooler Merchant video<\/p>\n<p>                                                                                  <img decoding=\"async\" alt=\"Estuche compacto para juegos de PC blanco con panel lateral transparente, iluminado por una luz azul, que muestra los componentes internos del ordenador.\" src=\"https:\/\/m.media-amazon.com\/images\/S\/aplus-media-library-service-media\/53b9bafe-887c-44b2-991b-d0f000f04e74.__CR0,0,1464,600_PT0_SX1464_V1___.jpg\">       <\/p>\n<p>                                                                                  <img decoding=\"async\" alt=\"aplus content image\" src=\"https:\/\/m.media-amazon.com\/images\/S\/aplus-media-library-service-media\/af5759bf-ebf1-4661-9931-92f534f6e9a7.__CR0,0,1464,600_PT0_SX1464_V1___.jpg\">       <\/p>\n<p>                                                                                  <img decoding=\"async\" alt=\"Primer plano del hardware de la computadora que muestra los efectos de iluminaci\u00f3n RGB y los componentes del sistema de refrigeraci\u00f3n dentro de una carcasa de PC.\" src=\"https:\/\/m.media-amazon.com\/images\/S\/aplus-media-library-service-media\/1565f3f1-0e4a-418d-8a1a-b93715e3865c.__CR0,0,1464,600_PT0_SX1464_V1___.jpg\">       <\/p>\n<h3 class=\"a-size-extra-large a-spacing-base a-text-center\"> Especificaciones de Sudokoo SK700V Blanco <\/h3>\n<p>                                                        Compatibilidad con z\u00f3calos                                    AMD AM5 (Para otros sockets de AMD\/Intel, puede adquirir el kit de montaje Sudokoo espec\u00edfico, dise\u00f1ado especialmente para este producto.)                                        Dimensiones del producto                                    146\u00d797\u00d7164 mm                                        Peso neto                                    1353 g                                        Tubo de calor                                    \u00d86 mm\u00d77 pcs                                        Dimensiones del ventilador                                    120\u00d7120\u00d725 mm                                        Velocidad del ventilador                                    500~2200 RPM\u00b110% 0 RPM &lt;5 % PWM                                        Flujo de aire del ventilador                                    66.29 CFM                                                         Presi\u00f3n del aire delventilador                                    3.74 mmAq                                        Ruido del ventilador                                    \u226432.5 dB(A)                                        Conector del ventilador                                    4-pin PWM                                        Tipo de cojinete                                    Fluid Dynamic Bearing                                        Voltaje nominal del ventilador                                    12 VDC                                        Corriente nominal del ventilad                                    0.25 A\u00b110%                                        Consumo de energ\u00eda del ventila                                    3 W                     <\/p>\n<p> Product Dimensions                                            \u200f                                            :                                            \u200e                                            14.6 x 9.7 x 16.4 cm; 1.35 kg   <br \/> Manufacturer                                            \u200f                                            :                                            \u200e                                            Sudokoo   <br \/> ASIN                                            \u200f                                            :                                            \u200e                                            B0F1FRLMKR   <br \/> Item model number                                            \u200f                                            :                                            \u200e                                            SK700V WH Amazon   <br \/> Country of origin                                            \u200f                                            :                                            \u200e                                            China   <br \/> Guaranteed software updates until                                            \u200f                                            :                                            \u200e                                            unknown   <br \/>  Customer reviews:                                                                                            4.5               4.5 out of 5 stars                                  (212)                                              var dpAcrHasRegisteredArcLinkClickAction;                    P.when(&#8216;A&#8217;, &#8216;ready&#8217;).execute(function(A) {                        if (dpAcrHasRegisteredArcLinkClickAction !== true) {                            dpAcrHasRegisteredArcLinkClickAction = true;                            A.declarative(                                &#8216;acrLink-click-metrics&#8217;, &#8216;click&#8217;,                                { \u00aballowLinkDefault\u00bb: true },                                function (event) {                                    if (window.ue) {                                        ue.count(\u00abacrLinkClickCount\u00bb, (ue.count(\u00abacrLinkClickCount\u00bb) || 0) + 1);                                    }                                }                            );                        }                    });                                             P.when(&#8216;A&#8217;, &#8216;cf&#8217;).execute(function(A) {                A.declarative(&#8216;acrStarsLink-click-metrics&#8217;, &#8216;click&#8217;, { \u00aballowLinkDefault\u00bb : true },  function(event){                    if(window.ue) {                        ue.count(\u00abacrStarsLinkWithPopoverClickCount\u00bb, (ue.count(\u00abacrStarsLinkWithPopoverClickCount\u00bb) || 0) + 1);                    }                });            });                          <\/p>\n<p>\u3010EXCLUSIVE AM5 COMPATIBILITY\u3011This AM5 heatsink is designed exclusively for AMD AM5 sockets, ONLY compatible with AM5. Attention! : This AM5 CPU cooler is not compatible with MSI MAG B850M Mortar board (WIFI). Enjoy a 5-year warranty on your high-performance air cooler.<br \/>\u3010AM5 CPU ANTI-FLEXION PROTECTION\u3011The bracket can support the weight of the radiator and prevent the CPU from bending. Please install it on the CPU when the motherboard is placed horizontally, not vertically.<br \/>\u3010REAL TIME MONITORING WITH DIGITAL DISPLAY\u3011 The Sudokoo SK700V AM5 CPU Heatsink with integrated digital display revolutionizes real-time thermal monitoring, displaying essential data such as temperature (\u00b0C\/\u00b0F), frequency and processor load directly on your screen. This innovative AM5 CPU cooler is controlled by Sudokoo Control Center MasterCraft software (exclusive for Windows 10\/11), offering an adjustable PWM CPU fan and a single tower air cooler design that combines peak performance with advanced monitoring.<br \/>\u3010QUIET AND PERFORMANCE\u3011The AM5 SK700V CPU Cooler offers the perfect balance of silence and extreme performance for your gaming setup. This AM5 CPU cooler incorporates an innovative 4-pole, 6-slot FOC CPU fan that intelligently regulates its speed between 500-2200RPM, stopping completely below 5% load to ensure totally quiet operation during light tasks.<br \/>\u3010NO RAM INTERFERENCE\u3011This AM5 CPU cooler offers unlimited space for RAM modules, even RGB devices. The perfect AM5 CPU cooler for builds gaming.<br \/>\u3010ULTRA SIMPLE TOOL-FREE INSTALLATION\u3011The AM5 SK700V CPU cooler offers a revolutionary tool-free installation system, allowing you to mount this AM5 CPU cooler in seconds thanks to its patented sliding mechanism.<br \/>\u3010UNLOCK THE MAXIMUM POTENTIAL OF YOUR CPU\u3011The Sudokoo SK700V heatsink is specially designed to unleash the full performance of AM5, offering extreme cooling capacity of 220W TDP &#8211; ideal for systems with aggressive overclocking.<\/p>\n\n","protected":false},"excerpt":{"rendered":"<p> Product Description Sudokoo SK700V Blanco Disipador de CPU para AM5,CPU Cooler, 7 HeatPipes Alcanza el<\/p>","protected":false},"featured_media":39042,"comment_status":"open","ping_status":"closed","template":"","meta":[],"product_brand":[],"product_cat":[66],"product_tag":[1554,2008,2010,1668,598,2002,2014,1997,2016,1865,561,7332,910,11692,3594,1301,2006,1999,2012,587,2004,11691,4537,725,205,2277],"class_list":{"0":"post-39041","1":"product","2":"type-product","3":"status-publish","4":"has-post-thumbnail","6":"product_cat-cpu-fan","7":"product_tag-am5","8":"product_tag-amd-cpu-cooler","9":"product_tag-best-cpu-fan","10":"product_tag-cooler","11":"product_tag-cpu","12":"product_tag-cpu-air-cooler","13":"product_tag-cpu-cooling-fan","14":"product_tag-cpu-fan","15":"product_tag-cpu-fan-price","16":"product_tag-digital","17":"product_tag-display","18":"product_tag-exclusive","19":"product_tag-fan","20":"product_tag-freedom","21":"product_tag-heatpipes","22":"product_tag-heatsink","23":"product_tag-intel-cpu-fan","24":"product_tag-processor-fan","25":"product_tag-quiet-cpu-cooler","26":"product_tag-ram","27":"product_tag-rgb-cpu-cooler","28":"product_tag-sk700v","29":"product_tag-total","30":"product_tag-warranty","31":"product_tag-white","32":"product_tag-years","34":"first","35":"instock","36":"shipping-taxable","37":"product-type-external"},"_links":{"self":[{"href":"https:\/\/comprasyconsejos.store\/en\/wp-json\/wp\/v2\/product\/39041","targetHints":{"allow":["GET"]}}],"collection":[{"href":"https:\/\/comprasyconsejos.store\/en\/wp-json\/wp\/v2\/product"}],"about":[{"href":"https:\/\/comprasyconsejos.store\/en\/wp-json\/wp\/v2\/types\/product"}],"replies":[{"embeddable":true,"href":"https:\/\/comprasyconsejos.store\/en\/wp-json\/wp\/v2\/comments?post=39041"}],"version-history":[{"count":0,"href":"https:\/\/comprasyconsejos.store\/en\/wp-json\/wp\/v2\/product\/39041\/revisions"}],"wp:featuredmedia":[{"embeddable":true,"href":"https:\/\/comprasyconsejos.store\/en\/wp-json\/wp\/v2\/media\/39042"}],"wp:attachment":[{"href":"https:\/\/comprasyconsejos.store\/en\/wp-json\/wp\/v2\/media?parent=39041"}],"wp:term":[{"taxonomy":"product_brand","embeddable":true,"href":"https:\/\/comprasyconsejos.store\/en\/wp-json\/wp\/v2\/product_brand?post=39041"},{"taxonomy":"product_cat","embeddable":true,"href":"https:\/\/comprasyconsejos.store\/en\/wp-json\/wp\/v2\/product_cat?post=39041"},{"taxonomy":"product_tag","embeddable":true,"href":"https:\/\/comprasyconsejos.store\/en\/wp-json\/wp\/v2\/product_tag?post=39041"}],"curies":[{"name":"wp","href":"https:\/\/api.w.org\/{rel}","templated":true}]}}