{"id":39144,"date":"2026-03-08T00:31:30","date_gmt":"2026-03-08T00:31:30","guid":{"rendered":"https:\/\/comprasyconsejos.store\/product\/eleganz-armario-para-ordenador-con-cajon-de-roble-ahumado-30-x-44-x-74-cm-material-de-madera-muebles-de-oficina-para-oficinas-grandes-duradero-y-ahorra-espacio\/"},"modified":"2026-03-08T00:31:37","modified_gmt":"2026-03-08T00:31:37","slug":"eleganz-armario-para-ordenador-con-cajon-de-roble-ahumado-30-x-44-x-74-cm-material-de-madera-muebles-de-oficina-para-oficinas-grandes-duradero-y-ahorra-espacio","status":"publish","type":"product","link":"https:\/\/comprasyconsejos.store\/en\/product\/eleganz-armario-para-ordenador-con-cajon-de-roble-ahumado-30-x-44-x-74-cm-material-de-madera-muebles-de-oficina-para-oficinas-grandes-duradero-y-ahorra-espacio\/","title":{"rendered":"Eleganz Armario para ordenador con caj\u00f3n de roble ahumado, 30 x 44 x 74 cm, material de madera, muebles de oficina para oficinas grandes, duradero y ahorra espacio"},"content":{"rendered":"<p>Price: <span style=\"color:#b12704\">\u20ac78.74<\/span><br \/><i><small>(as of Mar 08, 2026 00:31:31 UTC &#8211; <span class=\"wp_automatic_amazon_disclaimer\" title=\"Product prices and availability are accurate as of the date\/time indicated and are subject to change. Any price and availability information displayed on [relevant Amazon Site(s), as applicable] at the time of purchase will apply to the purchase of this product.\">Details<\/span>)<\/small><\/i><\/p>\n<p><a href=\"https:\/\/amazon.es\/dp\/B0GC4ZH5TW?tag=man008-21\"><img decoding=\"async\" src=\"https:\/\/valvepress.s3.amazonaws.com\/imgs\/buy_now.png\"><\/a><br \/>\n<br \/>\n    <span>El pr\u00e1ctico armario para ordenador en roble ahumado ofrece un espacio de almacenamiento \u00f3ptimo para su oficina en casa o en la oficina grande. Con su dise\u00f1o moderno y resistente material de madera, se adapta perfectamente a cualquier entorno de trabajo. Material de alta calidad y mano de obra El armario est\u00e1 hecho de material de madera duradero con una superficie lisa, que es resistente a la humedad y a la deformaci\u00f3n. Su construcci\u00f3n robusta garantiza una capacidad de carga total de 60 kg, ideal para equipos pesados de ordenadores y equipos de oficina. Pr\u00e1cticas dimensiones y divisi\u00f3n Con 30 x 44 x 74 cm (ancho x profundidad x alto), el armario ahorra espacio es perfecto para peque\u00f1as \u00e1reas de trabajo. El compartimento abierto de 52,5 cm de alto ofrece espacio para PC en torre, mientras que el caj\u00f3n (capacidad de carga de 5 kg) mantiene los cables y accesorios ordenados. El estante superior mantiene los documentos a mano. Funciones inteligentes El vers\u00e1til gabinete de PC protege los dispositivos de ca\u00eddas y ara\u00f1azos. La superficie f\u00e1cil de limpiar ahorra tiempo en el mantenimiento. El soporte de pared incluido mantiene el armario de forma segura, esencial para hogares a prueba de ni\u00f1os y oficinas ocupadas. Organice su espacio de trabajo de forma eficiente con este elegante armario para ordenadores, ordene ahora y disfrute de la combinaci\u00f3n perfecta de funcionalidad y dise\u00f1o moderno<\/span>    <br \/>Armario para ordenador de alta calidad hecho de madera duradera con aspecto de roble ahumado. Este robusto armario para PC convence por su material resistente a la humedad (30 x 44 x 74 cm) y soporta hasta 60 kg. Ideal para soluciones de muebles duraderos en la oficina en casa seg\u00fan las tendencias actuales.<br \/>Soluci\u00f3n de almacenamiento \u00f3ptima con un compartimento para dispositivos de 52,5 cm de alto y un caj\u00f3n de 5 kg. El armario para ordenador ahorra espacio (30 cm de ancho) organiza los gabinetes, cables y accesorios perfectos para oficinas grandes o peque\u00f1as oficinas.<br \/>Dise\u00f1o moderno en roble ahumado con estante multifuncional: se adapta como un elegante escritorio de ordenador a una decoraci\u00f3n minimalista y crea un orden est\u00e9tico en el sal\u00f3n y el trabajo gracias a su superficie lisa.<br \/>F\u00e1cil de montar con fusible de montaje en pared: el pr\u00e1ctico armario para PC se instala r\u00e1pidamente y se limpia f\u00e1cilmente con un pa\u00f1o h\u00famedo. Perfecto para cambiar escenarios de uso entre armario t\u00e9cnico y mesa auxiliar.<br \/>Incluye embalaje resistente para un transporte seguro: este vers\u00e1til mueble es ideal como regalo para los instaladores de oficina en casa o como complemento optimizador de espacio para los sistemas de oficina existentes.<\/p>\n\n","protected":false},"excerpt":{"rendered":"<p> El pr\u00e1ctico armario para ordenador en roble ahumado ofrece un espacio de almacenamiento \u00f3ptimo para<\/p>","protected":false},"featured_media":39145,"comment_status":"open","ping_status":"closed","template":"","meta":[],"product_brand":[],"product_cat":[74],"product_tag":[11117,11709,1370,7045,1364,1371,7046,1367,3994,11711,7044,10409,1363,7051,7047,3122,1365,1369,11710,7048,7050,6108,3954,1362,1366,11708,1368],"class_list":{"0":"post-39144","1":"product","2":"type-product","3":"status-publish","4":"has-post-thumbnail","6":"product_cat-cases","7":"product_tag-ahorra","8":"product_tag-ahumado","9":"product_tag-airflow-pc-case","10":"product_tag-armario","11":"product_tag-atx-case","12":"product_tag-best-pc-case","13":"product_tag-cajon","14":"product_tag-computer-cabinet","15":"product_tag-con","16":"product_tag-duradero","17":"product_tag-eleganz","18":"product_tag-espacio","19":"product_tag-gaming-pc-case","20":"product_tag-grandes","21":"product_tag-madera","22":"product_tag-material","23":"product_tag-mid-tower-case","24":"product_tag-mini-itx-case","25":"product_tag-muebles","26":"product_tag-oficina","27":"product_tag-oficinas","28":"product_tag-ordenador","29":"product_tag-para","30":"product_tag-pc-case","31":"product_tag-rgb-pc-case","32":"product_tag-roble","33":"product_tag-tempered-glass-case","35":"first","36":"instock","37":"shipping-taxable","38":"product-type-external"},"_links":{"self":[{"href":"https:\/\/comprasyconsejos.store\/en\/wp-json\/wp\/v2\/product\/39144","targetHints":{"allow":["GET"]}}],"collection":[{"href":"https:\/\/comprasyconsejos.store\/en\/wp-json\/wp\/v2\/product"}],"about":[{"href":"https:\/\/comprasyconsejos.store\/en\/wp-json\/wp\/v2\/types\/product"}],"replies":[{"embeddable":true,"href":"https:\/\/comprasyconsejos.store\/en\/wp-json\/wp\/v2\/comments?post=39144"}],"version-history":[{"count":0,"href":"https:\/\/comprasyconsejos.store\/en\/wp-json\/wp\/v2\/product\/39144\/revisions"}],"wp:featuredmedia":[{"embeddable":true,"href":"https:\/\/comprasyconsejos.store\/en\/wp-json\/wp\/v2\/media\/39145"}],"wp:attachment":[{"href":"https:\/\/comprasyconsejos.store\/en\/wp-json\/wp\/v2\/media?parent=39144"}],"wp:term":[{"taxonomy":"product_brand","embeddable":true,"href":"https:\/\/comprasyconsejos.store\/en\/wp-json\/wp\/v2\/product_brand?post=39144"},{"taxonomy":"product_cat","embeddable":true,"href":"https:\/\/comprasyconsejos.store\/en\/wp-json\/wp\/v2\/product_cat?post=39144"},{"taxonomy":"product_tag","embeddable":true,"href":"https:\/\/comprasyconsejos.store\/en\/wp-json\/wp\/v2\/product_tag?post=39144"}],"curies":[{"name":"wp","href":"https:\/\/api.w.org\/{rel}","templated":true}]}}