{"id":39168,"date":"2026-03-08T02:08:07","date_gmt":"2026-03-08T02:08:07","guid":{"rendered":"https:\/\/comprasyconsejos.store\/product\/seymac-stock-case-for-samsung-galaxy-tab-a11-plus-a9-plus-11-2025-2023-heavy-duty-case-with-screen-protector-rotating-stand-hand-strap-and-pencil-holder-black\/"},"modified":"2026-03-08T02:08:13","modified_gmt":"2026-03-08T02:08:13","slug":"seymac-stock-case-for-samsung-galaxy-tab-a11-plus-a9-plus-11-2025-2023-heavy-duty-case-with-screen-protector-rotating-stand-hand-strap-and-pencil-holder-black","status":"publish","type":"product","link":"https:\/\/comprasyconsejos.store\/en\/product\/seymac-stock-case-for-samsung-galaxy-tab-a11-plus-a9-plus-11-2025-2023-heavy-duty-case-with-screen-protector-rotating-stand-hand-strap-and-pencil-holder-black\/","title":{"rendered":"SEYMAC stock Case for Samsung Galaxy Tab A11+ Plus\/A9+ Plus 11\u00bb 2025\/2023, Heavy Duty Case with Screen Protector, Rotating Stand\/Hand Strap and Pencil Holder, Black"},"content":{"rendered":"<p>Price: <span style=\"color:#b12704\">\u20ac28.99<\/span><br \/><i><small>(as of Mar 08, 2026 02:08:07 UTC &#8211; <span class=\"wp_automatic_amazon_disclaimer\" title=\"Product prices and availability are accurate as of the date\/time indicated and are subject to change. Any price and availability information displayed on [relevant Amazon Site(s), as applicable] at the time of purchase will apply to the purchase of this product.\">Details<\/span>)<\/small><\/i><\/p>\n<p><a href=\"https:\/\/amazon.es\/dp\/B0CLRV1CJ6?tag=man008-21\"><img decoding=\"async\" src=\"https:\/\/valvepress.s3.amazonaws.com\/imgs\/buy_now.png\"><\/a><br \/>\n<\/p>\n<p>                                             Product Description   <\/p>\n<h3 class=\"a-text-center aplus-container-3 aplus-h1 a-text-bold\"> Funda de protecci\u00f3n robusta para Samsung Galaxy Tab A11+ Plus\/A9+ Plus 11\u00bb 2025 <\/h3>\n<p>The video showcases the product in use.The video guides you through product setup.The video compares multiple products.The video shows the product being unpacked. Funda para Galaxy tab A11+ Plus\/A9+ Plus 11\u00bb 2025 Merchant video<\/p>\n<p class=\"aplus-description aplus-container-3 aplus-p1\"> Compatibilidad: \u00daNICAMENTE para Samsung Galaxy Tab A11+ Plus\/A9+ Plus de 11&#8243; 2025. <\/p>\n<p class=\"aplus-description aplus-container-3 aplus-p1\"> Modelo: SM-X210 \/ SM-X216 \/ SM-X218 \/ SM-X230 \/ SM-X235 \/ SM-X236 \/ SM-X238. <\/p>\n<p>                                                                                                       <img decoding=\"async\" alt=\"aplus content image\" src=\"https:\/\/images-na.ssl-images-amazon.com\/images\/G\/01\/x-locale\/common\/grey-pixel.gif\" class=\"a-lazy-loaded\" data-src=\"https:\/\/m.media-amazon.com\/images\/S\/aplus-media-library-service-media\/ba262a81-b1dc-4848-8083-0c9940e2d166.__CR0,0,1464,600_PT0_SX1464_V1___.png\"><img decoding=\"async\" alt=\"aplus content image\" src=\"https:\/\/m.media-amazon.com\/images\/S\/aplus-media-library-service-media\/ba262a81-b1dc-4848-8083-0c9940e2d166.__CR0,0,1464,600_PT0_SX1464_V1___.png\">                                               <\/p>\n<p>                                                                     Correa de mu\u00f1eca giratoria y ajustable 360\u00b0 y soporte para mayor comodidad                                            <img decoding=\"async\" alt=\"aplus content image\" src=\"https:\/\/images-na.ssl-images-amazon.com\/images\/G\/01\/x-locale\/common\/grey-pixel.gif\" class=\"a-lazy-loaded\" data-src=\"https:\/\/m.media-amazon.com\/images\/S\/aplus-media-library-service-media\/a0983c67-5f03-4f16-b501-3668859ec542.__CR0,0,1464,600_PT0_SX1464_V1___.png\"><img decoding=\"async\" alt=\"aplus content image\" src=\"https:\/\/m.media-amazon.com\/images\/S\/aplus-media-library-service-media\/a0983c67-5f03-4f16-b501-3668859ec542.__CR0,0,1464,600_PT0_SX1464_V1___.png\">                                               <\/p>\n<p>                                                                                                       <img decoding=\"async\" alt=\"Serie de manecillas que demuestran la funcionalidad del soporte para tabletas, que muestran m\u00faltiples \u00e1ngulos de visi\u00f3n y posiciones para una funda protectora negra con soporte incorporado.\" src=\"https:\/\/images-na.ssl-images-amazon.com\/images\/G\/01\/x-locale\/common\/grey-pixel.gif\" class=\"a-lazy-loaded\" data-src=\"https:\/\/m.media-amazon.com\/images\/S\/aplus-media-library-service-media\/b90fe6b7-f578-44ba-9488-e3d5303a3b97.__CR0,0,1464,600_PT0_SX1464_V1___.png\"><img decoding=\"async\" alt=\"Serie de manecillas que demuestran la funcionalidad del soporte para tabletas, que muestran m\u00faltiples \u00e1ngulos de visi\u00f3n y posiciones para una funda protectora negra con soporte incorporado.\" src=\"https:\/\/m.media-amazon.com\/images\/S\/aplus-media-library-service-media\/b90fe6b7-f578-44ba-9488-e3d5303a3b97.__CR0,0,1464,600_PT0_SX1464_V1___.png\">                                               <\/p>\n<p>                                                                                                                <img decoding=\"async\" alt=\"El texto dice \u00abCORREA DE HOMBRO AJUSTABLE\u00bb y \u00abCORREA DE HOMBRO PORT\u00c1TIL\u00bb. La fotograf\u00eda del producto muestra la bolsa o funda turquesa de la c\u00e1mara llev\u00e1ndola al aire libre sobre un fondo rocoso.\" src=\"https:\/\/m.media-amazon.com\/images\/S\/aplus-media-library-service-media\/8bdf8d51-5108-43bc-a6e1-12d280038800.__CR0,0,1464,600_PT0_SX1464_V1___.png\">                                                    <img decoding=\"async\" alt=\"El texto dice: \u00abSOPORTE PARA L\u00c1PIZ \u00d3PTICO INTEGRADO\u00bb. Las im\u00e1genes del producto muestran una funda para tableta o dispositivo con marco azul que destaca la funci\u00f3n de almacenamiento del l\u00e1piz capacitivo.\" src=\"https:\/\/m.media-amazon.com\/images\/S\/aplus-media-library-service-media\/289690ef-1ca1-4db7-96ca-14c56ad3829b.__CR0,0,1464,600_PT0_SX1464_V1___.png\">                                                    <img decoding=\"async\" alt=\"El texto dice \u00abSHOCK\u00bb y \u00abABSORBING\u00bb. Capturas de primer plano de un dispositivo negro y verde ne\u00f3n con superficie de agarre texturizada.\" src=\"https:\/\/m.media-amazon.com\/images\/S\/aplus-media-library-service-media\/4e9a412e-7d20-4cca-b4dd-efdca824cf19.__CR0,0,1464,600_PT0_SX1464_V1___.png\"><br \/>\n                            1 Bandolera <\/p>\n<p>                            2 Soporte para l\u00e1piz \u00f3ptico <\/p>\n<p>                            3 Protecci\u00f3n total <\/p>\n<h3 class=\"a-text-center aplus-container-3 aplus-h1 a-text-bold\"> V\u00eddeo de instalaci\u00f3n de la funda para la Samsung Galaxy Tab A11+\/A9+ 11 pulgadas <\/h3>\n<p>The video showcases the product in use.The video guides you through product setup.The video compares multiple products.The video shows the product being unpacked. Funda para galaxy tab a11+\/a9+ 11\u00bb 2025\/2023 Merchant video<\/p>\n<h3 class=\"a-text-center aplus-h1 a-text-bold\"> SEYMAC stock Funda antigolpes para amsung Galaxy <\/h3>\n<p>                         Add To Basket  <\/p>\n<p>                         Add To Basket  <\/p>\n<p>                         Add To Basket  <\/p>\n<p>                         Add To Basket  <\/p>\n<p>                         Add To Basket  <\/p>\n<p>                                     Customer Reviews  <\/p>\n<p>                    4.5 out of 5 stars  4,089  <\/p>\n<p>                    4.5 out of 5 stars  4,089  <\/p>\n<p>                    4.5 out of 5 stars  4,089  <\/p>\n<p>                    4.5 out of 5 stars  4,089  <\/p>\n<p>                    4.5 out of 5 stars  4,089  <\/p>\n<p>                                     Price  <\/p>\n<p>                                                        \u20ac28.99\u20ac28.99     <\/p>\n<p>                                                        \u20ac26.99\u20ac26.99     <\/p>\n<p>                                                        \u20ac29.99\u20ac29.99     <\/p>\n<p>                                                        \u20ac29.99\u20ac29.99     <\/p>\n<p>                                                        \u20ac34.99\u20ac34.99     <\/p>\n<p>                                     Modelo compatible  <\/p>\n<p>                                                Tab A11 Plus\/A9 Plus 11\u00bb    <\/p>\n<p>                                                Tab A11\/A9 8.7\u00bb    <\/p>\n<p>                                                Tab S10 Lite 10.9\u00bb    <\/p>\n<p>                                                Tab S11 11\u00bb    <\/p>\n<p>                                                Tab S10 FE+ 13.1 11\u00bb    <\/p>\n<p>                                     Soporte ajustable  <\/p>\n<p>                                                    \u2714       <\/p>\n<p>                                                    \u2714       <\/p>\n<p>                                                    \u2714       <\/p>\n<p>                                                    \u2714       <\/p>\n<p>                                                    \u2714       <\/p>\n<p>                                     Portal\u00e1pices  <\/p>\n<p>                                                    \u2714       <\/p>\n<p>                                                    \u2714       <\/p>\n<p>                                                    \u2714       <\/p>\n<p>                                                    \u2714       <\/p>\n<p>                                                    \u2714       <\/p>\n<p>                                     Protector de pantalla  <\/p>\n<p>                                                    \u2714       <\/p>\n<p>                                                    \u2714       <\/p>\n<p>                                                    \u2714       <\/p>\n<p>                                                    \u2714       <\/p>\n<p>                                                    \u2714       <\/p>\n<p>                                     Drag\u00f3n  <\/p>\n<p>                                                    \u2714       <\/p>\n<p>                                                    \u2714       <\/p>\n<p>                                                    \u2714       <\/p>\n<p>                                                    \u2714       <\/p>\n<p>                                                    \u2714       <\/p>\n<p>                                     Bandolera  <\/p>\n<p>                                                    \u2714       <\/p>\n<p>                                                    \u2714       <\/p>\n<p>                                                    \u2714       <\/p>\n<p>                                                    \u2714       <\/p>\n<p>                                                    \u2714       <\/p>\n<p>                                     Protecci\u00f3n corporal completa  <\/p>\n<p>                                                    \u2714       <\/p>\n<p>                                                    \u2714       <\/p>\n<p>                                                    \u2714       <\/p>\n<p>                                                    \u2714       <\/p>\n<p>                                                    \u2714       <\/p>\n<p> Product Dimensions                                            \u200f                                            :                                            \u200e                                            25 x 18 x 2.3 cm; 447 g   <br \/> Date First Available                                            \u200f                                            :                                            \u200e                                            25 Oct. 2023   <br \/> Manufacturer                                            \u200f                                            :                                            \u200e                                            SEYMAC Stock   <br \/> ASIN                                            \u200f                                            :                                            \u200e                                            B0CLRV1CJ6   <br \/> Item model number                                            \u200f                                            :                                            \u200e                                            Case for Samsung Galaxy Tab A   <br \/> Country of origin                                            \u200f                                            :                                            \u200e                                            China   <br \/>       Best Sellers Rank:  46 in Tablet Cases       <br \/>  Customer reviews:                                                                                            4.5               4.5 out of 5 stars                                  (4,089)                                              var dpAcrHasRegisteredArcLinkClickAction;                    P.when(&#8216;A&#8217;, &#8216;ready&#8217;).execute(function(A) {                        if (dpAcrHasRegisteredArcLinkClickAction !== true) {                            dpAcrHasRegisteredArcLinkClickAction = true;                            A.declarative(                                &#8216;acrLink-click-metrics&#8217;, &#8216;click&#8217;,                                { \u00aballowLinkDefault\u00bb: true },                                function (event) {                                    if (window.ue) {                                        ue.count(\u00abacrLinkClickCount\u00bb, (ue.count(\u00abacrLinkClickCount\u00bb) || 0) + 1);                                    }                                }                            );                        }                    });                                             P.when(&#8216;A&#8217;, &#8216;cf&#8217;).execute(function(A) {                A.declarative(&#8216;acrStarsLink-click-metrics&#8217;, &#8216;click&#8217;, { \u00aballowLinkDefault\u00bb : true },  function(event){                    if(window.ue) {                        ue.count(\u00abacrStarsLinkWithPopoverClickCount\u00bb, (ue.count(\u00abacrStarsLinkWithPopoverClickCount\u00bb) || 0) + 1);                    }                });            });                          <\/p>\n<p>[Compatibility]: Case for Samsung Galaxy Tab A11+ Plus 11 inch 2025 \/ A9+ Plus 11 inch 2023 (Model: SM-X230 \/ SM-X235 \/ SM-X236 \/ SM-X238 \/ SM-X210 \/ SM-X216 \/ SM-X218). NOT for Tab A11\/A9 8.7\u00bb or any other model<br \/>[Soft Hand Strap\/ Portable Shoulder Sorrea\/ Rotating Kickstand]: The Samsung Tab A11+ Plus\/A9+ Plus case offers optimal protection and added comfort while gaming or working. Hang it wherever you want to enjoy the ultimate hands-free entertainment experience. The 360-degree rotating stand offers multi-angle viewing and a soft grip, making it easy to use your tablet while traveling or working<br \/>[Material]:The Galaxy Tab A11+ Plus\/A9+ Plus case is made of high-quality thermoplastic polycarbonate, non-slip silicone and built-in screen protector, which provides full protection for your tablet. Shock resistant and durable, offers a pleasant touch feeling<br \/>[Perfect Design] The case allows easy access to all buttons, controls and ports without having to remove the tablet. Drop protection prevents it from dropping and port plugs prevent dust from entering the Galaxy Tab A11+ Plus\/A9+ Plus case<br \/>[Customer Service]: If you have any problems with product use, installation or size mismatch etc., please let us know and we will help you solve the problem immediately<\/p>\n\n","protected":false},"excerpt":{"rendered":"<p> Product Description Funda de protecci\u00f3n robusta para Samsung Galaxy Tab A11+ Plus\/A9+ Plus 11\u00bb 2025<\/p>","protected":false},"featured_media":39169,"comment_status":"open","ping_status":"closed","template":"","meta":[],"product_brand":[],"product_cat":[93],"product_tag":[651,9406,646,648,307,650,994,3361,165,655,3360,1566,1178,11717,1021,4114,249,647,842,11716,11718,8315,2744,831,652,653,649,654],"class_list":{"0":"post-39168","1":"product","2":"type-product","3":"status-publish","4":"has-post-thumbnail","6":"product_cat-android-tablets","7":"product_tag-10-inch-tablet","8":"product_tag-a11","9":"product_tag-android-tablet","10":"product_tag-best-android-tablet","11":"product_tag-black","12":"product_tag-budget-android-tablet","13":"product_tag-case","14":"product_tag-duty","15":"product_tag-galaxy","16":"product_tag-gaming-tablet","17":"product_tag-heavy","18":"product_tag-holder","19":"product_tag-pencil","20":"product_tag-plusa9","21":"product_tag-protector","22":"product_tag-rotating","23":"product_tag-samsung","24":"product_tag-samsung-android-tablet","25":"product_tag-screen","26":"product_tag-seymac","27":"product_tag-standhand","28":"product_tag-stock","29":"product_tag-strap","30":"product_tag-tab","31":"product_tag-tablet-for-kids","32":"product_tag-tablet-for-study","33":"product_tag-tablet-with-sim","34":"product_tag-tablet-with-stylus","36":"first","37":"instock","38":"shipping-taxable","39":"product-type-external"},"_links":{"self":[{"href":"https:\/\/comprasyconsejos.store\/en\/wp-json\/wp\/v2\/product\/39168","targetHints":{"allow":["GET"]}}],"collection":[{"href":"https:\/\/comprasyconsejos.store\/en\/wp-json\/wp\/v2\/product"}],"about":[{"href":"https:\/\/comprasyconsejos.store\/en\/wp-json\/wp\/v2\/types\/product"}],"replies":[{"embeddable":true,"href":"https:\/\/comprasyconsejos.store\/en\/wp-json\/wp\/v2\/comments?post=39168"}],"version-history":[{"count":0,"href":"https:\/\/comprasyconsejos.store\/en\/wp-json\/wp\/v2\/product\/39168\/revisions"}],"wp:featuredmedia":[{"embeddable":true,"href":"https:\/\/comprasyconsejos.store\/en\/wp-json\/wp\/v2\/media\/39169"}],"wp:attachment":[{"href":"https:\/\/comprasyconsejos.store\/en\/wp-json\/wp\/v2\/media?parent=39168"}],"wp:term":[{"taxonomy":"product_brand","embeddable":true,"href":"https:\/\/comprasyconsejos.store\/en\/wp-json\/wp\/v2\/product_brand?post=39168"},{"taxonomy":"product_cat","embeddable":true,"href":"https:\/\/comprasyconsejos.store\/en\/wp-json\/wp\/v2\/product_cat?post=39168"},{"taxonomy":"product_tag","embeddable":true,"href":"https:\/\/comprasyconsejos.store\/en\/wp-json\/wp\/v2\/product_tag?post=39168"}],"curies":[{"name":"wp","href":"https:\/\/api.w.org\/{rel}","templated":true}]}}