{"id":39182,"date":"2026-03-08T03:54:42","date_gmt":"2026-03-08T03:54:42","guid":{"rendered":"https:\/\/comprasyconsejos.store\/product\/xiaomi-redmi-buds-6-active-wireless-earbuds-noise-cancelling-lightweight-up-to-36-hours-of-runtime-bluetooth-5-3-blue-es-version\/"},"modified":"2026-03-08T03:54:45","modified_gmt":"2026-03-08T03:54:45","slug":"xiaomi-redmi-buds-6-active-wireless-earbuds-noise-cancelling-lightweight-up-to-36-hours-of-runtime-bluetooth-5-3-blue-es-version","status":"publish","type":"product","link":"https:\/\/comprasyconsejos.store\/en\/product\/xiaomi-redmi-buds-6-active-wireless-earbuds-noise-cancelling-lightweight-up-to-36-hours-of-runtime-bluetooth-5-3-blue-es-version\/","title":{"rendered":"XIAOMI Redmi Buds 6 Active \u2013 Wireless Earbuds, Noise Cancelling, Lightweight, Up to 36 Hours of Runtime, Bluetooth 5.3, Blue (ES Version)"},"content":{"rendered":"<p>Price: <span style=\"color:#b12704\">\u20ac14.99<\/span><br \/><i><small>(as of Mar 08, 2026 03:54:42 UTC &#8211; <span class=\"wp_automatic_amazon_disclaimer\" title=\"Product prices and availability are accurate as of the date\/time indicated and are subject to change. Any price and availability information displayed on [relevant Amazon Site(s), as applicable] at the time of purchase will apply to the purchase of this product.\">Details<\/span>)<\/small><\/i><\/p>\n<p><a href=\"https:\/\/amazon.es\/dp\/B0D6YS25GB?tag=man008-21\"><img decoding=\"async\" src=\"https:\/\/valvepress.s3.amazonaws.com\/imgs\/buy_now.png\"><\/a><br \/>\n<\/p>\n<p>                                             From the manufacturer   <\/p>\n<p>                                                                                                       <img decoding=\"async\" alt=\"aplus content image\" src=\"https:\/\/images-na.ssl-images-amazon.com\/images\/G\/01\/x-locale\/common\/grey-pixel.gif\" class=\"a-lazy-loaded\" data-src=\"https:\/\/m.media-amazon.com\/images\/S\/aplus-media-library-service-media\/5d706d6a-b78f-40eb-a9ab-0cea32a50e8f.__CR0,0,1464,600_PT0_SX1464_V1___.jpg\"><img decoding=\"async\" alt=\"aplus content image\" src=\"https:\/\/m.media-amazon.com\/images\/S\/aplus-media-library-service-media\/5d706d6a-b78f-40eb-a9ab-0cea32a50e8f.__CR0,0,1464,600_PT0_SX1464_V1___.jpg\">                                               <\/p>\n<p>                                                                                                       <img decoding=\"async\" alt=\"El texto dice: \u00ab130h\u00bb. Dise\u00f1o infogr\u00e1fico o publicitario con varios paneles que contienen texto e ilustraciones.\" src=\"https:\/\/images-na.ssl-images-amazon.com\/images\/G\/01\/x-locale\/common\/grey-pixel.gif\" class=\"a-lazy-loaded\" data-src=\"https:\/\/m.media-amazon.com\/images\/S\/aplus-media-library-service-media\/9aaca9cc-a7cb-44b9-908a-f0e50e0f5942.__CR0,0,1464,600_PT0_SX1464_V1___.jpg\"><img decoding=\"async\" alt=\"El texto dice: \u00ab130h\u00bb. Dise\u00f1o infogr\u00e1fico o publicitario con varios paneles que contienen texto e ilustraciones.\" src=\"https:\/\/m.media-amazon.com\/images\/S\/aplus-media-library-service-media\/9aaca9cc-a7cb-44b9-908a-f0e50e0f5942.__CR0,0,1464,600_PT0_SX1464_V1___.jpg\">                                               <\/p>\n<p>                                                                                                              <img decoding=\"async\" alt=\"aplus content image\" src=\"https:\/\/m.media-amazon.com\/images\/S\/aplus-media-library-service-media\/efb197fc-bfce-46e8-8c1f-7da9838a0120.__CR0,0,1464,600_PT0_SX1464_V1___.jpg\">                                                    <img decoding=\"async\" alt=\"aplus content image\" src=\"https:\/\/m.media-amazon.com\/images\/S\/aplus-media-library-service-media\/4e63ae29-7521-46da-97e7-611f5e27cba7.__CR0,0,1464,600_PT0_SX1464_V1___.jpg\"><br \/>\n                            1 Driver 14,2 mm <\/p>\n<p>                            2 5 modos EQ <\/p>\n<p>                                                                                                       <img decoding=\"async\" alt=\"aplus content image\" src=\"https:\/\/images-na.ssl-images-amazon.com\/images\/G\/01\/x-locale\/common\/grey-pixel.gif\" class=\"a-lazy-loaded\" data-src=\"https:\/\/m.media-amazon.com\/images\/S\/aplus-media-library-service-media\/ccac8b17-7ef3-4ab2-8fa7-99579be3d531.__CR0,0,1464,600_PT0_SX1464_V1___.jpg\"><img decoding=\"async\" alt=\"aplus content image\" src=\"https:\/\/m.media-amazon.com\/images\/S\/aplus-media-library-service-media\/ccac8b17-7ef3-4ab2-8fa7-99579be3d531.__CR0,0,1464,600_PT0_SX1464_V1___.jpg\">                                               <\/p>\n<p>                                                                                                       <img decoding=\"async\" alt=\"aplus content image\" src=\"https:\/\/images-na.ssl-images-amazon.com\/images\/G\/01\/x-locale\/common\/grey-pixel.gif\" class=\"a-lazy-loaded\" data-src=\"https:\/\/m.media-amazon.com\/images\/S\/aplus-media-library-service-media\/13b234a8-9c96-46ea-af2c-65e21aaca413.__CR0,0,1464,600_PT0_SX1464_V1___.jpg\"><img decoding=\"async\" alt=\"aplus content image\" src=\"https:\/\/m.media-amazon.com\/images\/S\/aplus-media-library-service-media\/13b234a8-9c96-46ea-af2c-65e21aaca413.__CR0,0,1464,600_PT0_SX1464_V1___.jpg\">                                               <\/p>\n<p>                                                                                                              <img decoding=\"async\" alt=\"El texto dice \u00abDise\u00f1o ligero y semieterno\u00bb. Imagen de marketing del producto que muestra un dise\u00f1o de auriculares inal\u00e1mbricos con una est\u00e9tica minimalista.\" src=\"https:\/\/m.media-amazon.com\/images\/S\/aplus-media-library-service-media\/ebd34995-70db-4cb9-96b2-4b7abedbe1ac.__CR0,0,1464,600_PT0_SX1464_V1___.jpg\">                                                    <img decoding=\"async\" alt=\"aplus content image\" src=\"https:\/\/m.media-amazon.com\/images\/S\/aplus-media-library-service-media\/8156f227-7cd3-4481-8991-0ca145c724f2.__CR0,0,1464,600_PT0_SX1464_V1___.jpg\"><br \/>\n                            1 Semi intrauditivo <\/p>\n<p>                            2 Estilo vers\u00e1til <\/p>\n<p>                                                                                                                    <img decoding=\"async\" alt=\"aplus content image\" src=\"https:\/\/m.media-amazon.com\/images\/S\/aplus-media-library-service-media\/a1a856bf-597d-47b7-a6ef-b31a849e8a6a.__CR0,0,1464,600_PT0_SX1464_V1___.jpg\">                                                    <img decoding=\"async\" alt=\"El texto dice \u00abPulse para solicitar el activador de uso\u00bb. Funda de carga compacta blanca con auriculares inal\u00e1mbricos visibles a trav\u00e9s de una ventana transparente.\" src=\"https:\/\/m.media-amazon.com\/images\/S\/aplus-media-library-service-media\/470a57c5-3217-43a8-9361-b5b062f2ef31.__CR0,0,1464,600_PT0_SX1464_V1___.jpg\">                                                    <img decoding=\"async\" alt=\"Pantalla de producto de auriculares inal\u00e1mbricos que muestra auriculares blancos en varios \u00e1ngulos. Las especificaciones t\u00e9cnicas y las caracter\u00edsticas del producto se muestran a trav\u00e9s de m\u00faltiples vistas del producto.\" src=\"https:\/\/m.media-amazon.com\/images\/S\/aplus-media-library-service-media\/325127b9-a93c-426b-be39-07e299db69d0.__CR0,0,1464,600_PT0_SX1464_V1___.jpg\">                                                    <img decoding=\"async\" alt=\"aplus content image\" src=\"https:\/\/m.media-amazon.com\/images\/S\/aplus-media-library-service-media\/89f0885e-30b3-4d03-a231-0449c3a5ef72.__CR0,0,1464,600_PT0_SX1464_V1___.jpg\">                                                    <img decoding=\"async\" alt=\"aplus content image\" src=\"https:\/\/m.media-amazon.com\/images\/S\/aplus-media-library-service-media\/969488e6-2c7c-43c0-9a87-90e332f9b803.__CR0,0,1464,600_PT0_SX1464_V1___.jpg\"><br \/>\n                            1 Google Fast Pair <\/p>\n<p>                            2 Asistente Activa <\/p>\n<p>                            3  <\/p>\n<p>                            4 Bluetooth 5.4 <\/p>\n<p>                            5 App Xiaomi Earphone <\/p>\n<p> Batteries                                            \u200f                                            :                                            \u200e                                            1 C batteries required. (included)   <br \/> Is discontinued by manufacturer                                            \u200f                                            :                                            \u200e                                            No   <br \/> Language                                            \u200f                                            :                                            \u200e                                            German   <br \/> Product Dimensions                                            \u200f                                            :                                            \u200e                                            3.2 x 1.78 x 1.85 cm; 43 g   <br \/> Manufacturer                                            \u200f                                            :                                            \u200e                                            Xiaomi   <br \/> ASIN                                            \u200f                                            :                                            \u200e                                            B0D6YS25GB   <br \/> Item model number                                            \u200f                                            :                                            \u200e                                            BHR8394GL   <br \/> Country\/Region of Origin                                            \u200f                                            :                                            \u200e                                            China   <br \/> Guaranteed software updates until                                            \u200f                                            :                                            \u200e                                            unknown   <br \/>  Customer reviews:                                                                                            4.3               4.3 out of 5 stars                                  (40,624)                                              var dpAcrHasRegisteredArcLinkClickAction;                    P.when(&#8216;A&#8217;, &#8216;ready&#8217;).execute(function(A) {                        if (dpAcrHasRegisteredArcLinkClickAction !== true) {                            dpAcrHasRegisteredArcLinkClickAction = true;                            A.declarative(                                &#8216;acrLink-click-metrics&#8217;, &#8216;click&#8217;,                                { \u00aballowLinkDefault\u00bb: true },                                function (event) {                                    if (window.ue) {                                        ue.count(\u00abacrLinkClickCount\u00bb, (ue.count(\u00abacrLinkClickCount\u00bb) || 0) + 1);                                    }                                }                            );                        }                    });                                             P.when(&#8216;A&#8217;, &#8216;cf&#8217;).execute(function(A) {                A.declarative(&#8216;acrStarsLink-click-metrics&#8217;, &#8216;click&#8217;, { \u00aballowLinkDefault\u00bb : true },  function(event){                    if(window.ue) {                        ue.count(\u00abacrStarsLinkWithPopoverClickCount\u00bb, (ue.count(\u00abacrStarsLinkWithPopoverClickCount\u00bb) || 0) + 1);                    }                });            });                          <\/p>\n<p>The 14.2mm dynamic speaker delivers superior low frequency response and high sound pressure level, providing richer and deeper bass. Tuned in Xiaomi&#8217;s Acoustic Lab, it features five EQ settings that suit different styles.<br \/>2 beamforming microphones design and DNN ENC acoustic algorithm, which effectively filters out ambient noise for clearer calls. The double perforation of the microphones ensures effective filtering of wind noise, even at 4 m\/s<br \/>It supports 6 hours autonomy on a single charge, and when combined with the charging case, the total autonomy can reach 30 hours<br \/>Compact and portable, easy to carry, a fashion accessory that you will always want with you and Compatible with the Xiaomi Earbuds app, it is the ideal companion for your phone.<br \/>Weighing less than 4 grams, the headphones are designed for comfortable and prolonged use<\/p>\n\n","protected":false},"excerpt":{"rendered":"<p> From the manufacturer 1 Driver 14,2 mm 2 5 modos EQ 1 Semi intrauditivo 2<\/p>","protected":false},"featured_media":39183,"comment_status":"open","ping_status":"closed","template":"","meta":[],"product_brand":[],"product_cat":[104],"product_tag":[932,367,726,10541,934,727,4046,147,3004,3003,3015,3008,3007,3010,3011,3000,3001,3013,3016,3014,3005,3002,3009,3017,3006,956,933,5677,3012,2634,724,226,5338],"class_list":{"0":"post-39182","1":"product","2":"type-product","3":"status-publish","4":"has-post-thumbnail","6":"product_cat-apple-iphone","7":"product_tag-active","8":"product_tag-blue","9":"product_tag-bluetooth","10":"product_tag-buds","11":"product_tag-cancelling","12":"product_tag-earbuds","13":"product_tag-hours","14":"product_tag-iphone","15":"product_tag-iphone-13-accessories","16":"product_tag-iphone-14-case","17":"product_tag-iphone-adapter","18":"product_tag-iphone-battery-pack","19":"product_tag-iphone-cable","20":"product_tag-iphone-camera-lens","21":"product_tag-iphone-car-mount","22":"product_tag-iphone-case","23":"product_tag-iphone-charger","24":"product_tag-iphone-earbuds","25":"product_tag-iphone-gaming-controller","26":"product_tag-iphone-magsafe","27":"product_tag-iphone-pro-max-case","28":"product_tag-iphone-screen-protector","29":"product_tag-iphone-tempered-glass","30":"product_tag-iphone-tripod","31":"product_tag-iphone-wireless-charger","32":"product_tag-lightweight","33":"product_tag-noise","34":"product_tag-redmi","35":"product_tag-refurbished-iphone","36":"product_tag-runtime","37":"product_tag-version","38":"product_tag-wireless","39":"product_tag-xiaomi","41":"first","42":"instock","43":"shipping-taxable","44":"product-type-external"},"_links":{"self":[{"href":"https:\/\/comprasyconsejos.store\/en\/wp-json\/wp\/v2\/product\/39182","targetHints":{"allow":["GET"]}}],"collection":[{"href":"https:\/\/comprasyconsejos.store\/en\/wp-json\/wp\/v2\/product"}],"about":[{"href":"https:\/\/comprasyconsejos.store\/en\/wp-json\/wp\/v2\/types\/product"}],"replies":[{"embeddable":true,"href":"https:\/\/comprasyconsejos.store\/en\/wp-json\/wp\/v2\/comments?post=39182"}],"version-history":[{"count":0,"href":"https:\/\/comprasyconsejos.store\/en\/wp-json\/wp\/v2\/product\/39182\/revisions"}],"wp:featuredmedia":[{"embeddable":true,"href":"https:\/\/comprasyconsejos.store\/en\/wp-json\/wp\/v2\/media\/39183"}],"wp:attachment":[{"href":"https:\/\/comprasyconsejos.store\/en\/wp-json\/wp\/v2\/media?parent=39182"}],"wp:term":[{"taxonomy":"product_brand","embeddable":true,"href":"https:\/\/comprasyconsejos.store\/en\/wp-json\/wp\/v2\/product_brand?post=39182"},{"taxonomy":"product_cat","embeddable":true,"href":"https:\/\/comprasyconsejos.store\/en\/wp-json\/wp\/v2\/product_cat?post=39182"},{"taxonomy":"product_tag","embeddable":true,"href":"https:\/\/comprasyconsejos.store\/en\/wp-json\/wp\/v2\/product_tag?post=39182"}],"curies":[{"name":"wp","href":"https:\/\/api.w.org\/{rel}","templated":true}]}}