{"id":39206,"date":"2026-03-08T04:58:11","date_gmt":"2026-03-08T04:58:11","guid":{"rendered":"https:\/\/comprasyconsejos.store\/product\/ax1800-wifi-6-adapter-high-gain-usb-wifi-dongle-for-desktop-pc-laptop-long-range-wireless-network-adapter-5ghz-1201mbps-2-4g-574mbps-mu-mimo-wi-fi-6-usb\/"},"modified":"2026-03-08T04:58:16","modified_gmt":"2026-03-08T04:58:16","slug":"ax1800-wifi-6-adapter-high-gain-usb-wifi-dongle-for-desktop-pc-laptop-long-range-wireless-network-adapter-5ghz-1201mbps-2-4g-574mbps-mu-mimo-wi-fi-6-usb","status":"publish","type":"product","link":"https:\/\/comprasyconsejos.store\/en\/product\/ax1800-wifi-6-adapter-high-gain-usb-wifi-dongle-for-desktop-pc-laptop-long-range-wireless-network-adapter-5ghz-1201mbps-2-4g-574mbps-mu-mimo-wi-fi-6-usb\/","title":{"rendered":"AX1800 WiFi 6 Adapter High Gain USB WiFi Dongle for Desktop PC Laptop Long Range Wireless Network Adapter 5GHz 1201Mbps 2.4G 574Mbps MU-MIMO Wi-Fi 6 USB"},"content":{"rendered":"<p>Price: <span style=\"color:#b12704\">\u20ac39.15<\/span><br \/><i><small>(as of Mar 08, 2026 04:58:11 UTC &#8211; <span class=\"wp_automatic_amazon_disclaimer\" title=\"Product prices and availability are accurate as of the date\/time indicated and are subject to change. Any price and availability information displayed on [relevant Amazon Site(s), as applicable] at the time of purchase will apply to the purchase of this product.\">Details<\/span>)<\/small><\/i><\/p>\n<p><a href=\"https:\/\/amazon.es\/dp\/B0BKSN4RBC?tag=man008-21\"><img decoding=\"async\" src=\"https:\/\/valvepress.s3.amazonaws.com\/imgs\/buy_now.png\"><\/a><br \/>\n<\/p>\n<p>                                             Product Description   <\/p>\n<p class=\"a-spacing-none aplus-accent1 title a-text-bold\"> Antena WiFi 6 USB de 1800Mbps <\/p>\n<h3 class=\"aplus-h1 a-text-bold\"> Aumenta el rendimiento WiFi <\/h3>\n<p><\/p>\n<p class=\"aplus-p2\"> Este Antena WiFi 6 USB de 1800Mbps est\u00e1 dise\u00f1ado para ofrecer un gran aumento de la velocidad y la cobertura WiFi en su ordenador de sobremesa o port\u00e1til. Al a\u00f1adir tecnolog\u00edas WiFi 6 como OFDMA, MU-MIMO de 4 canales y Beamforming, su antiguo PC puede actualizarse f\u00e1cilmente con una conexi\u00f3n WiFi 6 de nivel superior. La \u00faltima encriptaci\u00f3n WPA3 protege sus datos personales de las amenazas de internet. <\/p>\n<p>The video showcases the product in use.The video guides you through product setup.The video compares multiple products.The video shows the product being unpacked.<\/p>\n<p>                                                                                                       <img decoding=\"async\" alt=\"antena wifi usb\" src=\"https:\/\/images-na.ssl-images-amazon.com\/images\/G\/01\/x-locale\/common\/grey-pixel.gif\" class=\"a-lazy-loaded\" data-src=\"https:\/\/m.media-amazon.com\/images\/S\/aplus-media-library-service-media\/c7abeeb2-b815-4c4e-8812-61c23c85150c.__CR0,0,1464,600_PT0_SX1464_V1___.jpg\"><img decoding=\"async\" alt=\"antena wifi usb\" src=\"https:\/\/m.media-amazon.com\/images\/S\/aplus-media-library-service-media\/c7abeeb2-b815-4c4e-8812-61c23c85150c.__CR0,0,1464,600_PT0_SX1464_V1___.jpg\">                                                                                    Velocidades de Doble Banda m\u00e1s R\u00e1pidas                                        <\/p>\n<p class=\"aplus-p2 aplus-module-2-description\"> Con una velocidad de 1201Mbps en la banda WiFi de 5 GHz o de 574 Mbps en la banda WiFi de 2.4 GHz, este adaptador WiFi 6 USB ofrece una conectividad flexible de doble banda para su PC. Disfrute de velocidades WiFi 6 mejoradas para streaming, juegos y subidas sin lag. <\/p>\n<p>                                                                                                       <img decoding=\"async\" alt=\"antena wifi largo alcance\" src=\"https:\/\/images-na.ssl-images-amazon.com\/images\/G\/01\/x-locale\/common\/grey-pixel.gif\" class=\"a-lazy-loaded\" data-src=\"https:\/\/m.media-amazon.com\/images\/S\/aplus-media-library-service-media\/41c3747f-498f-476d-a4bc-2969d7396517.__CR0,0,1464,600_PT0_SX1464_V1___.jpg\"><img decoding=\"async\" alt=\"antena wifi largo alcance\" src=\"https:\/\/m.media-amazon.com\/images\/S\/aplus-media-library-service-media\/41c3747f-498f-476d-a4bc-2969d7396517.__CR0,0,1464,600_PT0_SX1464_V1___.jpg\">                                                                                    Crea una Conexi\u00f3n WiFi Eficiente                                        <\/p>\n<p class=\"aplus-p2 aplus-module-2-description\"> Al a\u00f1adir la nueva tecnolog\u00eda WiFi 6 OFDMA a su PC, la conexi\u00f3n WiFi entre su PC y el router WiFi 6 o el sistema Mesh ser\u00e1 m\u00e1s eficiente y r\u00e1pida. Su PC ser\u00e1 capaz de obtener un mayor rendimiento de red que antes. <\/p>\n<p>                                                                                                       <img decoding=\"async\" alt=\"wifi 6 usb\" src=\"https:\/\/images-na.ssl-images-amazon.com\/images\/G\/01\/x-locale\/common\/grey-pixel.gif\" class=\"a-lazy-loaded\" data-src=\"https:\/\/m.media-amazon.com\/images\/S\/aplus-media-library-service-media\/babe96b7-66a0-4e06-9bee-c9225bd5e46e.__CR0,0,1464,600_PT0_SX1464_V1___.jpg\"><img decoding=\"async\" alt=\"wifi 6 usb\" src=\"https:\/\/m.media-amazon.com\/images\/S\/aplus-media-library-service-media\/babe96b7-66a0-4e06-9bee-c9225bd5e46e.__CR0,0,1464,600_PT0_SX1464_V1___.jpg\">                                               <\/p>\n<p>                                                                <img decoding=\"async\" alt=\"\" src=\"https:\/\/images-na.ssl-images-amazon.com\/images\/G\/01\/x-locale\/common\/grey-pixel.gif\" class=\"a-lazy-loaded\" data-src=\"https:\/\/m.media-amazon.com\/images\/S\/aplus-media-library-service-media\/c744d602-ebdd-4f02-84a9-1523d9671e6b.__CR0,0,1464,600_PT0_SX1464_V1___.jpg\"><img decoding=\"async\" alt=\"\" src=\"https:\/\/m.media-amazon.com\/images\/S\/aplus-media-library-service-media\/c744d602-ebdd-4f02-84a9-1523d9671e6b.__CR0,0,1464,600_PT0_SX1464_V1___.jpg\">        <\/p>\n<p>                                                                                                               Es f\u00e1cil de instalar<br \/>\n                                                                                  <img decoding=\"async\" alt=\"Paso 1\" src=\"https:\/\/m.media-amazon.com\/images\/S\/aplus-media-library-service-media\/bcb66dbd-1eb9-49fc-9801-9c74493b761d.__CR0,0,1464,600_PT0_SX1464_V1___.jpg\">                                                    Paso 1                                                <\/p>\n<p>                                                                                  <img decoding=\"async\" alt=\"Paso 2\" src=\"https:\/\/m.media-amazon.com\/images\/S\/aplus-media-library-service-media\/58a7e123-ded9-479a-a8c1-9f6ff68fa1d0.__CR0,0,1464,600_PT0_SX1464_V1___.jpg\">                                                    Paso 2                                                <\/p>\n<p>                                                                                  <img decoding=\"async\" alt=\"antena wifi usb; antena wifi largo alcance\" src=\"https:\/\/m.media-amazon.com\/images\/S\/aplus-media-library-service-media\/26e8123d-e96f-4d53-a853-dedd16f484be.__CR0,0,1464,600_PT0_SX1464_V1___.jpg\">                                                    Paso 3                                                <\/p>\n<p> Product Dimensions                                            \u200f                                            :                                            \u200e                                            9.91 x 8.64 x 20.57 cm; 95.4 g   <br \/> Manufacturer                                            \u200f                                            :                                            \u200e                                            ioGiant Technology LLC   <br \/> ASIN                                            \u200f                                            :                                            \u200e                                            B0BKSN4RBC   <br \/> Item model number                                            \u200f                                            :                                            \u200e                                            \u200e1800Mbps High Gain USB WiFi 6 Adapter   <br \/> Country\/Region of Origin                                            \u200f                                            :                                            \u200e                                            China   <br \/> Guaranteed software updates until                                            \u200f                                            :                                            \u200e                                            unknown   <br \/>  Customer reviews:                                                                                            4.0               4.0 out of 5 stars                                  (427)                                              var dpAcrHasRegisteredArcLinkClickAction;                    P.when(&#8216;A&#8217;, &#8216;ready&#8217;).execute(function(A) {                        if (dpAcrHasRegisteredArcLinkClickAction !== true) {                            dpAcrHasRegisteredArcLinkClickAction = true;                            A.declarative(                                &#8216;acrLink-click-metrics&#8217;, &#8216;click&#8217;,                                { \u00aballowLinkDefault\u00bb: true },                                function (event) {                                    if (window.ue) {                                        ue.count(\u00abacrLinkClickCount\u00bb, (ue.count(\u00abacrLinkClickCount\u00bb) || 0) + 1);                                    }                                }                            );                        }                    });                                             P.when(&#8216;A&#8217;, &#8216;cf&#8217;).execute(function(A) {                A.declarative(&#8216;acrStarsLink-click-metrics&#8217;, &#8216;click&#8217;, { \u00aballowLinkDefault\u00bb : true },  function(event){                    if(window.ue) {                        ue.count(\u00abacrStarsLinkWithPopoverClickCount\u00bb, (ue.count(\u00abacrStarsLinkWithPopoverClickCount\u00bb) || 0) + 1);                    }                });            });                          <\/p>\n<p>1800Mbps WiFi 6 Speeds &#8211; Enjoy ultra-fast WiFi on your PC with this WiFi 6 USB Antenna, which breaks the gigabit barrier with speeds up to 1201Mbps on the 5GHz band or 574Mbps on the 2.4GHz band<br \/>Zero latency: WiFi 6 MU-MIMO provides four simultaneous data strings for data transmission, ensuring high download and upload speeds for your computer on a multi-device network. Experience the ultimate 4K\/8K streaming, seamless charging and smooth gaming with this WiFi 6 USB<br \/>More powerful WiFi: WiFi signals pass through the walls and floor of the whole house thanks to the 2 high-gain antennas. This WiFi 6 network adapter offers true WiFi freedom for your old desktop or laptop computer<br \/>Flawless Coverage: Thanks to Beamforming technology, this USB WiFi 6 adapter creates a strong signal connection with your WiFi router from long distances. Get a reliable connection in every corner of your home or office<br \/>SIMPLE INSTALLATION This WiFi 6 USB antenna is easy to install on Windows 11\/10 with its pre-loaded driver<\/p>\n\n","protected":false},"excerpt":{"rendered":"<p> Product Description Antena WiFi 6 USB de 1800Mbps Aumenta el rendimiento WiFi Este Antena WiFi<\/p>","protected":false},"featured_media":39207,"comment_status":"open","ping_status":"closed","template":"","meta":[],"product_brand":[],"product_cat":[72],"product_tag":[2218,768,2219,2141,144,3580,787,2127,2110,2216,197,2116,159,2114,180,2118,2092,1719,2112,1279,133,2108,543,2104,2120,2102,226,2106],"class_list":{"0":"post-39206","1":"product","2":"type-product","3":"status-publish","4":"has-post-thumbnail","6":"product_cat-wifi-sticks","7":"product_tag-1201mbps","8":"product_tag-2-4g","9":"product_tag-574mbps","10":"product_tag-5ghz","11":"product_tag-adapter","12":"product_tag-ax1800","13":"product_tag-desktop","14":"product_tag-dongle","15":"product_tag-dual-band-wifi-adapter","16":"product_tag-gain","17":"product_tag-high","18":"product_tag-high-speed-wifi-usb","19":"product_tag-laptop","20":"product_tag-laptop-wifi-adapter","21":"product_tag-long","22":"product_tag-mini-wifi-adapter","23":"product_tag-mumimo","24":"product_tag-network","25":"product_tag-pc-wifi-adapter","26":"product_tag-range","27":"product_tag-usb","28":"product_tag-usb-wifi-dongle","29":"product_tag-wifi","30":"product_tag-wifi-stick","31":"product_tag-wifi-stick-price","32":"product_tag-wifi-usb-adapter","33":"product_tag-wireless","34":"product_tag-wireless-usb-adapter","36":"first","37":"instock","38":"shipping-taxable","39":"product-type-external"},"_links":{"self":[{"href":"https:\/\/comprasyconsejos.store\/en\/wp-json\/wp\/v2\/product\/39206","targetHints":{"allow":["GET"]}}],"collection":[{"href":"https:\/\/comprasyconsejos.store\/en\/wp-json\/wp\/v2\/product"}],"about":[{"href":"https:\/\/comprasyconsejos.store\/en\/wp-json\/wp\/v2\/types\/product"}],"replies":[{"embeddable":true,"href":"https:\/\/comprasyconsejos.store\/en\/wp-json\/wp\/v2\/comments?post=39206"}],"version-history":[{"count":0,"href":"https:\/\/comprasyconsejos.store\/en\/wp-json\/wp\/v2\/product\/39206\/revisions"}],"wp:featuredmedia":[{"embeddable":true,"href":"https:\/\/comprasyconsejos.store\/en\/wp-json\/wp\/v2\/media\/39207"}],"wp:attachment":[{"href":"https:\/\/comprasyconsejos.store\/en\/wp-json\/wp\/v2\/media?parent=39206"}],"wp:term":[{"taxonomy":"product_brand","embeddable":true,"href":"https:\/\/comprasyconsejos.store\/en\/wp-json\/wp\/v2\/product_brand?post=39206"},{"taxonomy":"product_cat","embeddable":true,"href":"https:\/\/comprasyconsejos.store\/en\/wp-json\/wp\/v2\/product_cat?post=39206"},{"taxonomy":"product_tag","embeddable":true,"href":"https:\/\/comprasyconsejos.store\/en\/wp-json\/wp\/v2\/product_tag?post=39206"}],"curies":[{"name":"wp","href":"https:\/\/api.w.org\/{rel}","templated":true}]}}