{"id":39218,"date":"2026-03-08T05:09:17","date_gmt":"2026-03-08T05:09:17","guid":{"rendered":"https:\/\/comprasyconsejos.store\/product\/cable-matters-vesa-certified-54gbps-displayport-2-1-cable-3m-dp54-cable-with-8k-165hz-4k-500hz-in-black-with-freesync-g-sync-and-hdr-for-gaming-monitor-pc-rtx-4080-4090-rx-7900\/"},"modified":"2026-03-08T05:09:20","modified_gmt":"2026-03-08T05:09:20","slug":"cable-matters-vesa-certified-54gbps-displayport-2-1-cable-3m-dp54-cable-with-8k-165hz-4k-500hz-in-black-with-freesync-g-sync-and-hdr-for-gaming-monitor-pc-rtx-4080-4090-rx-7900","status":"publish","type":"product","link":"https:\/\/comprasyconsejos.store\/en\/product\/cable-matters-vesa-certified-54gbps-displayport-2-1-cable-3m-dp54-cable-with-8k-165hz-4k-500hz-in-black-with-freesync-g-sync-and-hdr-for-gaming-monitor-pc-rtx-4080-4090-rx-7900\/","title":{"rendered":"Cable Matters VESA Certified 54Gbps DisplayPort 2.1 Cable 3m, DP54 Cable with, 8K 165Hz, 4K 500Hz in Black with FreeSync, G-SYNC and HDR for Gaming Monitor, PC, RTX 4080\/4090, RX 7900"},"content":{"rendered":"<p>Price: <span style=\"color:#b12704\">\u20ac22.99<\/span><br \/><i><small>(as of Mar 08, 2026 05:09:17 UTC &#8211; <span class=\"wp_automatic_amazon_disclaimer\" title=\"Product prices and availability are accurate as of the date\/time indicated and are subject to change. Any price and availability information displayed on [relevant Amazon Site(s), as applicable] at the time of purchase will apply to the purchase of this product.\">Details<\/span>)<\/small><\/i><\/p>\n<p><a href=\"https:\/\/amazon.es\/dp\/B0D9XXH2HJ?tag=man008-21\"><img decoding=\"async\" src=\"https:\/\/valvepress.s3.amazonaws.com\/imgs\/buy_now.png\"><\/a><br \/>\n<\/p>\n<p>                                             Product Description   <\/p>\n<p>                                                                                                       <img decoding=\"async\" alt=\"Cable DisplayPort 2.1 con certificaci\u00f3n VESA de Cable Matters\" src=\"https:\/\/images-na.ssl-images-amazon.com\/images\/G\/01\/x-locale\/common\/grey-pixel.gif\" class=\"a-lazy-loaded\" data-src=\"https:\/\/m.media-amazon.com\/images\/S\/aplus-media-library-service-media\/be031c21-9516-46e5-8302-89e545569912.__CR0,0,1464,600_PT0_SX1464_V1___.jpg\"><img decoding=\"async\" alt=\"Cable DisplayPort 2.1 con certificaci\u00f3n VESA de Cable Matters\" src=\"https:\/\/m.media-amazon.com\/images\/S\/aplus-media-library-service-media\/be031c21-9516-46e5-8302-89e545569912.__CR0,0,1464,600_PT0_SX1464_V1___.jpg\">                                               <\/p>\n<p>                                                                                                       <img decoding=\"async\" alt=\"Cable DisplayPort 2.1 con certificaci\u00f3n VESA de Cable Matters\" src=\"https:\/\/images-na.ssl-images-amazon.com\/images\/G\/01\/x-locale\/common\/grey-pixel.gif\" class=\"a-lazy-loaded\" data-src=\"https:\/\/m.media-amazon.com\/images\/S\/aplus-media-library-service-media\/38af56c4-ae60-499c-8b8e-c42bc627301e.__CR0,0,1464,600_PT0_SX1464_V1___.jpg\"><img decoding=\"async\" alt=\"Cable DisplayPort 2.1 con certificaci\u00f3n VESA de Cable Matters\" src=\"https:\/\/m.media-amazon.com\/images\/S\/aplus-media-library-service-media\/38af56c4-ae60-499c-8b8e-c42bc627301e.__CR0,0,1464,600_PT0_SX1464_V1___.jpg\">                                               <\/p>\n<p>                                                                                                       <img decoding=\"async\" alt=\"una pantalla de ordenador con las palabras `` doh z\u00bb en ella\" src=\"https:\/\/images-na.ssl-images-amazon.com\/images\/G\/01\/x-locale\/common\/grey-pixel.gif\" class=\"a-lazy-loaded\" data-src=\"https:\/\/m.media-amazon.com\/images\/S\/aplus-media-library-service-media\/97411f4b-ffb0-452e-a1ac-7cce198deb7c.__CR0,0,1464,600_PT0_SX1464_V1___.jpg\"><img decoding=\"async\" alt=\"una pantalla de ordenador con las palabras `` doh z\u00bb en ella\" src=\"https:\/\/m.media-amazon.com\/images\/S\/aplus-media-library-service-media\/97411f4b-ffb0-452e-a1ac-7cce198deb7c.__CR0,0,1464,600_PT0_SX1464_V1___.jpg\">                                               <\/p>\n<p>                                                                                                       <img decoding=\"async\" alt=\"captura de pantalla de una nave espacial\" src=\"https:\/\/images-na.ssl-images-amazon.com\/images\/G\/01\/x-locale\/common\/grey-pixel.gif\" class=\"a-lazy-loaded\" data-src=\"https:\/\/m.media-amazon.com\/images\/S\/aplus-media-library-service-media\/1d196eb5-dec3-4af6-94c1-b48008e43016.__CR0,0,1464,600_PT0_SX1464_V1___.jpg\"><img decoding=\"async\" alt=\"captura de pantalla de una nave espacial\" src=\"https:\/\/m.media-amazon.com\/images\/S\/aplus-media-library-service-media\/1d196eb5-dec3-4af6-94c1-b48008e43016.__CR0,0,1464,600_PT0_SX1464_V1___.jpg\">                                               <\/p>\n<p>                                                                                                       <img decoding=\"async\" alt=\"Cable DisplayPort 2.1 con certificaci\u00f3n VESA de Cable Matters\" src=\"https:\/\/images-na.ssl-images-amazon.com\/images\/G\/01\/x-locale\/common\/grey-pixel.gif\" class=\"a-lazy-loaded\" data-src=\"https:\/\/m.media-amazon.com\/images\/S\/aplus-media-library-service-media\/f2102841-78f9-4ba9-b9ae-dc36f0d53ba5.__CR0,0,1464,600_PT0_SX1464_V1___.jpg\"><img decoding=\"async\" alt=\"Cable DisplayPort 2.1 con certificaci\u00f3n VESA de Cable Matters\" src=\"https:\/\/m.media-amazon.com\/images\/S\/aplus-media-library-service-media\/f2102841-78f9-4ba9-b9ae-dc36f0d53ba5.__CR0,0,1464,600_PT0_SX1464_V1___.jpg\">                                               <\/p>\n<p>                                             Ad\u00e9ntrese en el futuro de DisplayPort                                         <\/p>\n<p class=\"description\"> El cable DisplayPort 2.1 con certificaci\u00f3n VESA de Cable Matters aprovecha la \u00faltima versi\u00f3n de DisplayPort y el conjunto de funciones para ofrecer un rendimiento y unas capacidades inigualables. Disfrute de v\u00eddeo de ultra alta resoluci\u00f3n, audio impecable y funciones DisplayPort avanzadas con este cable DisplayPort certificado por VESA. <\/p>\n<p class=\"description\"> Certificado VESA \uff1aEste cable ha sido probado y certificado para cumplir con los est\u00e1ndares VESA \/ Certificado seg\u00fan los est\u00e1ndares DP56 para un ancho de banda m\u00e1ximo de 56Gbps. <\/p>\n<p class=\"description\"> V\u00eddeo de ultra alta resoluci\u00f3n\uff1aConduce un monitor de ultra alta resoluci\u00f3n con la \u00faltima tecnolog\u00eda DisplayPort \/ Admite hasta un monitor 8K 165Hz o 4K 500Hz. <\/p>\n<p class=\"description\"> Audio n\u00edtido\uff1a Disfruta de audio con sonido envolvente de alta calidad a trav\u00e9s de DisplayPort \/ Con\u00e9ctate a monitores con altavoces integrados <\/p>\n<p class=\"description\"> Colores HDR espectaculares\uff1a Profundidad de color de 10 bits\/12 bits \/ Espacios de color y brillo aumentados \/ Asignaci\u00f3n din\u00e1mica de colores \/ Compatibilidad con Dolby Vision HDR <\/p>\n<p class=\"description\"> Funciones DisplayPort avanzadas\uff1a Este cable DisplayPort 2.1 es compatible con funciones como G-Sync y FreeSync para jugar sin l\u00e1grimas \/ Disfruta de v\u00eddeo de ultra alta resoluci\u00f3n para vivir la experiencia de juego definitiva <\/p>\n<p class=\"description\"> Compatibilidad DisplayPort\uff1a Los cables DisplayPort 2.1 son compatibles con dispositivos y puertos DP m\u00e1s antiguos \/ Compatible con versiones anteriores de DisplayPort 2.0, 1.4 y 1.2 <\/p>\n<h3 class=\"a-text-center aplus-h1 a-text-bold\"> Comparaci\u00f3n de productos <\/h3>\n<p>                         Add To Basket  <\/p>\n<p>                         Add To Basket  <\/p>\n<p>                         Add To Basket  <\/p>\n<p>                         Add To Basket  <\/p>\n<p>                         Add To Basket  <\/p>\n<p>                         Add To Basket  <\/p>\n<p>                         Add To Basket  <\/p>\n<p>                                     Customer Reviews  <\/p>\n<p>                    4.8 out of 5 stars  213  <\/p>\n<p>                    4.7 out of 5 stars  42  <\/p>\n<p>                    4.6 out of 5 stars  428  <\/p>\n<p>                    4.6 out of 5 stars  167  <\/p>\n<p>                    4.4 out of 5 stars  219  <\/p>\n<p>                    4.1 out of 5 stars  200  <\/p>\n<p>                    4.6 out of 5 stars  476  <\/p>\n<p>                                     Price  <\/p>\n<p>                                                        \u20ac22.99\u20ac22.99     <\/p>\n<p>                                                        \u20ac14.99\u20ac14.99     <\/p>\n<p>                                                        \u20ac17.99\u20ac17.99     <\/p>\n<p>                                                        \u20ac39.99\u20ac39.99     <\/p>\n<p>                                                        \u20ac33.99\u20ac33.99     <\/p>\n<p>                                                        \u20ac17.12\u20ac17.12     <\/p>\n<p>                                                        \u20ac32.99\u20ac32.99     <\/p>\n<p>                                     Resoluci\u00f3n de v\u00eddeo  <\/p>\n<p>                                                8K@165Hz, 4K@500Hz    <\/p>\n<p>                                                8K@120Hz, 4K@240Hz    <\/p>\n<p>                                                16K@60Hz, 8K@240Hz    <\/p>\n<p>                                                16K@60Hz, 8K@240Hz    <\/p>\n<p>                                                8K@60Hz, 4K@144Hz    <\/p>\n<p>                                                8K@60Hz, 4K@144Hz    <\/p>\n<p>                                                8K@60Hz, 4K@144Hz    <\/p>\n<p>                                     Soporte HDR  <\/p>\n<p>                                                    \u2714       <\/p>\n<p>                                                    \u2714       <\/p>\n<p>                                                    \u2714       <\/p>\n<p>                                                    \u2714       <\/p>\n<p>                                                    \u2714       <\/p>\n<p>                                                    \u2714       <\/p>\n<p>                                                    \u2714       <\/p>\n<p>                                     Chipset activo  <\/p>\n<p>                                                    \u2718      <\/p>\n<p>                                                    \u2718      <\/p>\n<p>                                                    \u2718      <\/p>\n<p>                                                    \u2718      <\/p>\n<p>                                                    \u2714       <\/p>\n<p>                                                    \u2714       <\/p>\n<p>                                                    \u2714       <\/p>\n<p>                                     Longitudes disponibles  <\/p>\n<p>                                                9.8 Feet    <\/p>\n<p>                                                3.3 Feet \/ 6.6 Feet    <\/p>\n<p>                                                3.3 Feet    <\/p>\n<p>                                                6 inches    <\/p>\n<p>                                                6 Feet    <\/p>\n<p>                                                    \u2014    <\/p>\n<p>                                                    \u2014    <\/p>\n<p>                                     Modelo  <\/p>\n<p>                                                102096    <\/p>\n<p>                                                102065    <\/p>\n<p>                                                102095    <\/p>\n<p>                                                201386    <\/p>\n<p>                                                201336    <\/p>\n<p>                                                201397    <\/p>\n<p>                                                201086    <\/p>\n<p> Package Dimensions                                            \u200f                                            :                                            \u200e                                            23.6 x 18.5 x 2.9 cm; 220 g   <br \/> Date First Available                                            \u200f                                            :                                            \u200e                                            24 July 2024   <br \/> Manufacturer                                            \u200f                                            :                                            \u200e                                            Cable Matters   <br \/> ASIN                                            \u200f                                            :                                            \u200e                                            B0D9XXH2HJ   <br \/> Item model number                                            \u200f                                            :                                            \u200e                                            102096-3m   <br \/> Country of origin                                            \u200f                                            :                                            \u200e                                            China   <br \/>       Best Sellers Rank:  106 in DisplayPort Cables       <br \/>  Customer reviews:                                                                                            4.8               4.8 out of 5 stars                                  (213)                                              var dpAcrHasRegisteredArcLinkClickAction;                    P.when(&#8216;A&#8217;, &#8216;ready&#8217;).execute(function(A) {                        if (dpAcrHasRegisteredArcLinkClickAction !== true) {                            dpAcrHasRegisteredArcLinkClickAction = true;                            A.declarative(                                &#8216;acrLink-click-metrics&#8217;, &#8216;click&#8217;,                                { \u00aballowLinkDefault\u00bb: true },                                function (event) {                                    if (window.ue) {                                        ue.count(\u00abacrLinkClickCount\u00bb, (ue.count(\u00abacrLinkClickCount\u00bb) || 0) + 1);                                    }                                }                            );                        }                    });                                             P.when(&#8216;A&#8217;, &#8216;cf&#8217;).execute(function(A) {                A.declarative(&#8216;acrStarsLink-click-metrics&#8217;, &#8216;click&#8217;, { \u00aballowLinkDefault\u00bb : true },  function(event){                    if(window.ue) {                        ue.count(\u00abacrStarsLinkWithPopoverClickCount\u00bb, (ue.count(\u00abacrStarsLinkWithPopoverClickCount\u00bb) || 0) + 1);                    }                });            });                          <\/p>\n<p>Impressive 8K or 4K resolution: Step into the future of DisplayPort connectivity with this DP54 cable; Display Port 2.1 cable supports data transmission up to 54Gbps for 8K 165Hz, 4K 500Hz video with Display Stream Compression (DSC) enabled.<br \/>VESA Certified: Display Port 2.1 cable is VESA certified; VESA certified DisplayPort 2.1 cable is certified to DP54 standard; UHBR 13.5 transmission mode offers 54Gbps data transfer; Backward compatible with DisplayPort 2.0, 1.4, and 1.2.<br \/>All Latest DP 2.1 Features: Certified DP 2.1 cable supports the latest DisplayPort features, including FreeSync and G-Sync for tear-free gaming and ultra-high resolutions and ultra-fast refresh rates for maximum gaming performance; Supports 10-bit\/12-bit color depth, Dolby Vision HDR.<br \/>Flawless Audio Support: The audio features of this DP 2.1 cable include surround sound audio support for flawless sound; Connect with confidence with this cable.<br \/>SUPERIOR LATCHED CONSTRUCTION: The superior construction of this DisplayPort 2.1 cable includes gold-plated connectors for maximum durability, a locking latch to ensure a secure connection, and shielding to ensure error-free video streaming.<\/p>\n\n","protected":false},"excerpt":{"rendered":"<p> Product Description Ad\u00e9ntrese en el futuro de DisplayPort El cable DisplayPort 2.1 con certificaci\u00f3n VESA<\/p>","protected":false},"featured_media":39219,"comment_status":"open","ping_status":"closed","template":"","meta":[],"product_brand":[],"product_cat":[69],"product_tag":[3745,7372,11726,307,182,186,2047,1099,2044,11727,1922,617,1304,2052,2037,1813,7808,844,2054,2046,2049,621,2050,2042,2040,2342],"class_list":{"0":"post-39218","1":"product","2":"type-product","3":"status-publish","4":"has-post-thumbnail","6":"product_cat-cables-adapters","7":"product_tag-165hz","8":"product_tag-500hz","9":"product_tag-54gbps","10":"product_tag-black","11":"product_tag-cable","12":"product_tag-certified","13":"product_tag-charging-cable","14":"product_tag-displayport","15":"product_tag-displayport-cable","16":"product_tag-dp54","17":"product_tag-freesync","18":"product_tag-gaming","19":"product_tag-gsync","20":"product_tag-hdmi-adapter","21":"product_tag-hdmi-cable","22":"product_tag-hdr","23":"product_tag-matters","24":"product_tag-monitor","25":"product_tag-multiport-adapter","26":"product_tag-network-cable","27":"product_tag-power-cable","28":"product_tag-rtx","29":"product_tag-usb-adapter","30":"product_tag-usb-c-cable","31":"product_tag-usb-cable","32":"product_tag-vesa","34":"first","35":"instock","36":"shipping-taxable","37":"product-type-external"},"_links":{"self":[{"href":"https:\/\/comprasyconsejos.store\/en\/wp-json\/wp\/v2\/product\/39218","targetHints":{"allow":["GET"]}}],"collection":[{"href":"https:\/\/comprasyconsejos.store\/en\/wp-json\/wp\/v2\/product"}],"about":[{"href":"https:\/\/comprasyconsejos.store\/en\/wp-json\/wp\/v2\/types\/product"}],"replies":[{"embeddable":true,"href":"https:\/\/comprasyconsejos.store\/en\/wp-json\/wp\/v2\/comments?post=39218"}],"version-history":[{"count":0,"href":"https:\/\/comprasyconsejos.store\/en\/wp-json\/wp\/v2\/product\/39218\/revisions"}],"wp:featuredmedia":[{"embeddable":true,"href":"https:\/\/comprasyconsejos.store\/en\/wp-json\/wp\/v2\/media\/39219"}],"wp:attachment":[{"href":"https:\/\/comprasyconsejos.store\/en\/wp-json\/wp\/v2\/media?parent=39218"}],"wp:term":[{"taxonomy":"product_brand","embeddable":true,"href":"https:\/\/comprasyconsejos.store\/en\/wp-json\/wp\/v2\/product_brand?post=39218"},{"taxonomy":"product_cat","embeddable":true,"href":"https:\/\/comprasyconsejos.store\/en\/wp-json\/wp\/v2\/product_cat?post=39218"},{"taxonomy":"product_tag","embeddable":true,"href":"https:\/\/comprasyconsejos.store\/en\/wp-json\/wp\/v2\/product_tag?post=39218"}],"curies":[{"name":"wp","href":"https:\/\/api.w.org\/{rel}","templated":true}]}}