{"id":39240,"date":"2026-03-08T05:28:00","date_gmt":"2026-03-08T05:28:00","guid":{"rendered":"https:\/\/comprasyconsejos.store\/product\/be-quiet-dark-rock-pro-5-air-cooler-7-high-performance-heat-pipes-2-silent-wings-pwm-fans-one-speed-switch-great-compatibility-with-ram-and-vrm-heatsinks\/"},"modified":"2026-03-08T05:28:03","modified_gmt":"2026-03-08T05:28:03","slug":"be-quiet-dark-rock-pro-5-air-cooler-7-high-performance-heat-pipes-2-silent-wings-pwm-fans-one-speed-switch-great-compatibility-with-ram-and-vrm-heatsinks","status":"publish","type":"product","link":"https:\/\/comprasyconsejos.store\/en\/product\/be-quiet-dark-rock-pro-5-air-cooler-7-high-performance-heat-pipes-2-silent-wings-pwm-fans-one-speed-switch-great-compatibility-with-ram-and-vrm-heatsinks\/","title":{"rendered":"be quiet! Dark Rock Pro 5 Air Cooler, 7 High Performance Heat Pipes, 2 Silent Wings PWM Fans, One Speed Switch, Great Compatibility with RAM and VRM Heatsinks"},"content":{"rendered":"<p>Price: <span style=\"color:#b12704\">\u20ac85.99<\/span><br \/><i><small>(as of Mar 08, 2026 05:28:00 UTC &#8211; <span class=\"wp_automatic_amazon_disclaimer\" title=\"Product prices and availability are accurate as of the date\/time indicated and are subject to change. Any price and availability information displayed on [relevant Amazon Site(s), as applicable] at the time of purchase will apply to the purchase of this product.\">Details<\/span>)<\/small><\/i><\/p>\n<p><a href=\"https:\/\/amazon.es\/dp\/B0CJY3DYQ3?tag=man008-21\"><img decoding=\"async\" src=\"https:\/\/valvepress.s3.amazonaws.com\/imgs\/buy_now.png\"><\/a><br \/>\n<\/p>\n<p>                                             Product Description   <\/p>\n<p>                                                  <img decoding=\"async\" alt=\"Dark_Rock_Pro_5_Header_970x300px\" src=\"https:\/\/images-na.ssl-images-amazon.com\/images\/G\/01\/x-locale\/common\/grey-pixel.gif\" class=\"a-lazy-loaded\" data-src=\"https:\/\/m.media-amazon.com\/images\/S\/aplus-media-library-service-media\/5947c704-1673-48f9-943a-bea919171e68.__CR0,0,970,300_PT0_SX970_V1___.jpg\"><img decoding=\"async\" alt=\"Dark_Rock_Pro_5_Header_970x300px\" src=\"https:\/\/m.media-amazon.com\/images\/S\/aplus-media-library-service-media\/5947c704-1673-48f9-943a-bea919171e68.__CR0,0,970,300_PT0_SX970_V1___.jpg\">  <\/p>\n<h3 class=\"a-spacing-small\"> Rendimiento y silencio sin concesiones <\/h3>\n<p class=\"apm-text-center\">\n                                                      <img decoding=\"async\" alt=\"01_Dark_Rock_Pro_5_Highlight_Visual\" src=\"https:\/\/images-na.ssl-images-amazon.com\/images\/G\/01\/x-locale\/common\/grey-pixel.gif\" class=\"a-spacing-mini a-lazy-loaded\" data-src=\"https:\/\/m.media-amazon.com\/images\/S\/aplus-media-library-service-media\/7b73126c-95d1-4e21-9c09-3a2a98998aee.__CR0,0,1000,1000_PT0_SX300_V1___.jpg\"><img decoding=\"async\" alt=\"01_Dark_Rock_Pro_5_Highlight_Visual\" src=\"https:\/\/m.media-amazon.com\/images\/S\/aplus-media-library-service-media\/7b73126c-95d1-4e21-9c09-3a2a98998aee.__CR0,0,1000,1000_PT0_SX300_V1___.jpg\">  <\/p>\n<p>                                                    INMENSA POTENCIA DE REFRIGERACI\u00d3N                                       <\/p>\n<p> Incluso con sistemas muy overclockeados <\/p>\n<p> Dark Rock Pro 5 incorpora 7 tubos de calor de cobre de alto rendimiento y un revestimiento negro especial con part\u00edculas cer\u00e1micas. Como resultado, este disipador de gama alta mantiene tu CPU al m\u00e1ximo rendimiento en todo momento, incluso en sistemas muy overclockeados y estaciones de trabajo exigentes. <\/p>\n<p class=\"apm-text-center\">\n                                                      <img decoding=\"async\" alt=\"02_Dark_Rock_Pro_5_Highlight_Visual\" src=\"https:\/\/images-na.ssl-images-amazon.com\/images\/G\/01\/x-locale\/common\/grey-pixel.gif\" class=\"a-spacing-mini a-lazy-loaded\" data-src=\"https:\/\/m.media-amazon.com\/images\/S\/aplus-media-library-service-media\/13cb2475-d827-4948-87d6-9b469b0138fd.__CR0,0,1000,1000_PT0_SX300_V1___.jpg\"><img decoding=\"async\" alt=\"02_Dark_Rock_Pro_5_Highlight_Visual\" src=\"https:\/\/m.media-amazon.com\/images\/S\/aplus-media-library-service-media\/13cb2475-d827-4948-87d6-9b469b0138fd.__CR0,0,1000,1000_PT0_SX300_V1___.jpg\">  <\/p>\n<p>                                                    VENTILADORES SILENT WINGS PWM                                       <\/p>\n<p> Para un funcionamiento pr\u00e1cticamente inaudible <\/p>\n<p> Los 2 ventiladores Silent Wings PWM incorporan avanzados cojinetes fluidodin\u00e1micos, motores suaves de 6 polos y aspas optimizadas para el flujo de aire. Gracias a la reducida distancia entre las aspas del ventilador y el bastidor, el ventilador frontal proporciona una presi\u00f3n de aire extremadamente alta. La salida en forma de embudo del bastidor permite una distribuci\u00f3n ideal del aire. El marco de goma del ventilador evita que las vibraciones se transmitan al disipador de calor, lo que reduce el ruido general. <\/p>\n<p class=\"apm-text-center\">\n                                                      <img decoding=\"async\" alt=\"03_Dark_Rock_Pro_5_Highlight_Visual\" src=\"https:\/\/images-na.ssl-images-amazon.com\/images\/G\/01\/x-locale\/common\/grey-pixel.gif\" class=\"a-spacing-mini a-lazy-loaded\" data-src=\"https:\/\/m.media-amazon.com\/images\/S\/aplus-media-library-service-media\/2c9eec14-4251-463e-92b1-f590422e33b2.__CR0,0,1000,1000_PT0_SX300_V1___.jpg\"><img decoding=\"async\" alt=\"03_Dark_Rock_Pro_5_Highlight_Visual\" src=\"https:\/\/m.media-amazon.com\/images\/S\/aplus-media-library-service-media\/2c9eec14-4251-463e-92b1-f590422e33b2.__CR0,0,1000,1000_PT0_SX300_V1___.jpg\">  <\/p>\n<p>                                                    INTERRUPTOR DE VELOCIDAD                                       <\/p>\n<p> Haz que sea la nevera que necesitas <\/p>\n<p> Un conmutador de velocidad permite elegir entre 2 modos, cada uno de los cuales afecta a la velocidad m\u00e1xima del ventilador y a la curva PWM. El Modo Silencioso proporciona una velocidad m\u00e1xima del ventilador de hasta 1500 rpm y es la elecci\u00f3n perfecta para aplicaciones normales. El Modo Rendimiento permite a los ventiladores Silent Wings girar hasta 2000 rpm y desatar toda la potencia del Dark Rock Pro 5. <\/p>\n<h3 class=\"a-spacing-small\"> C\u00d3MODO MANEJO <\/h3>\n<p class=\"apm-text-center\">\n                                                      <img decoding=\"async\" alt=\"04_Dark_Rock_Pro_5_Highlight_Visual\" src=\"https:\/\/images-na.ssl-images-amazon.com\/images\/G\/01\/x-locale\/common\/grey-pixel.gif\" class=\"a-spacing-mini a-lazy-loaded\" data-src=\"https:\/\/m.media-amazon.com\/images\/S\/aplus-media-library-service-media\/d409519d-1e2d-4d7a-a48c-089d3fb18246.__CR0,0,1000,1000_PT0_SX300_V1___.jpg\"><img decoding=\"async\" alt=\"04_Dark_Rock_Pro_5_Highlight_Visual\" src=\"https:\/\/m.media-amazon.com\/images\/S\/aplus-media-library-service-media\/d409519d-1e2d-4d7a-a48c-089d3fb18246.__CR0,0,1000,1000_PT0_SX300_V1___.jpg\">  <\/p>\n<p>                                                    C\u00d3MODO MANEJO                                       <\/p>\n<p> La instalaci\u00f3n es pan comido <\/p>\n<p> Gracias a sus ingeniosas caracter\u00edsticas, el concepto de instalaci\u00f3n es sencillo y elegante. La cubierta superior de malla desmontable con ventilador central integrado se inserta desde arriba. Un kit de montaje completamente negro con puente de montaje preinstalado y tornillos de fijaci\u00f3n combina a la perfecci\u00f3n con el dise\u00f1o negro del refrigerador. <\/p>\n<p class=\"apm-text-center\">\n                                                      <img decoding=\"async\" alt=\"05_Dark_Rock_Pro_5_Highlight_Visual\" src=\"https:\/\/images-na.ssl-images-amazon.com\/images\/G\/01\/x-locale\/common\/grey-pixel.gif\" class=\"a-spacing-mini a-lazy-loaded\" data-src=\"https:\/\/m.media-amazon.com\/images\/S\/aplus-media-library-service-media\/86ae2c31-5e26-4328-9335-0d6b6936e774.__CR0,0,1000,1000_PT0_SX300_V1___.jpg\"><img decoding=\"async\" alt=\"05_Dark_Rock_Pro_5_Highlight_Visual\" src=\"https:\/\/m.media-amazon.com\/images\/S\/aplus-media-library-service-media\/86ae2c31-5e26-4328-9335-0d6b6936e774.__CR0,0,1000,1000_PT0_SX300_V1___.jpg\">  <\/p>\n<p>                                                    DISE\u00d1O IC\u00d3NICO                                       <\/p>\n<p> Indiscutible en forma y funci\u00f3n <\/p>\n<p> Los refrigeradores Dark Rock han sido reconocidos por su dise\u00f1o distintivo durante muchos a\u00f1os. Dark Rock Pro 5 sigue respectivamente este dise\u00f1o y puede ser reconocido como un Dark Rock inmediatamente. No obstante, Dark Rock Pro 5 a\u00f1ade sus propios acentos a la rica historia de los disipadores de gama alta be quiet! <\/p>\n<p class=\"apm-text-center\">\n                                                      <img decoding=\"async\" alt=\"06_Dark_Rock_Pro_5_Highlight_Visual\" src=\"https:\/\/images-na.ssl-images-amazon.com\/images\/G\/01\/x-locale\/common\/grey-pixel.gif\" class=\"a-spacing-mini a-lazy-loaded\" data-src=\"https:\/\/m.media-amazon.com\/images\/S\/aplus-media-library-service-media\/c549b48c-186f-42e4-b3e3-0864477930cb.__CR0,0,1000,1000_PT0_SX300_V1___.jpg\"><img decoding=\"async\" alt=\"06_Dark_Rock_Pro_5_Highlight_Visual\" src=\"https:\/\/m.media-amazon.com\/images\/S\/aplus-media-library-service-media\/c549b48c-186f-42e4-b3e3-0864477930cb.__CR0,0,1000,1000_PT0_SX300_V1___.jpg\">  <\/p>\n<p>                                                    COMPATIBLE CON PASTA T\u00c9RMICA DE METAL L\u00cdQUIDO                                       <\/p>\n<p> Potencia de refrigeraci\u00f3n inimaginable <\/p>\n<p> Gracias a una base niquelada, Dark Rock Pro 5 es compatible con pasta t\u00e9rmica de metal l\u00edquido como DC2 Pro. Las propiedades del compuesto de metal l\u00edquido combinadas con Dark Rock Pro 5 permiten a las CPU de gama alta rendir a niveles a\u00fan m\u00e1s altos. <\/p>\n<p> Batteries                                            \u200f                                            :                                            \u200e                                            AA batteries required.   <br \/> Language                                            \u200f                                            :                                            \u200e                                            English   <br \/> Product Dimensions                                            \u200f                                            :                                            \u200e                                            10 x 5 x 1.27 cm; 1.36 kg   <br \/> Date First Available                                            \u200f                                            :                                            \u200e                                            13 Oct. 2023   <br \/> Manufacturer                                            \u200f                                            :                                            \u200e                                            be quiet!   <br \/> ASIN                                            \u200f                                            :                                            \u200e                                            B0CJY3DYQ3   <br \/> Item model number                                            \u200f                                            :                                            \u200e                                            BK036   <br \/> Country of origin                                            \u200f                                            :                                            \u200e                                            China   <br \/>       Best Sellers Rank:  1,256 in Computers (See Top 100 in Computers)    14 in CPU Fans      <br \/>  Customer reviews:                                                                                            4.7               4.7 out of 5 stars                                  (16,499)                                              var dpAcrHasRegisteredArcLinkClickAction;                    P.when(&#8216;A&#8217;, &#8216;ready&#8217;).execute(function(A) {                        if (dpAcrHasRegisteredArcLinkClickAction !== true) {                            dpAcrHasRegisteredArcLinkClickAction = true;                            A.declarative(                                &#8216;acrLink-click-metrics&#8217;, &#8216;click&#8217;,                                { \u00aballowLinkDefault\u00bb: true },                                function (event) {                                    if (window.ue) {                                        ue.count(\u00abacrLinkClickCount\u00bb, (ue.count(\u00abacrLinkClickCount\u00bb) || 0) + 1);                                    }                                }                            );                        }                    });                                             P.when(&#8216;A&#8217;, &#8216;cf&#8217;).execute(function(A) {                A.declarative(&#8216;acrStarsLink-click-metrics&#8217;, &#8216;click&#8217;, { \u00aballowLinkDefault\u00bb : true },  function(event){                    if(window.ue) {                        ue.count(\u00abacrStarsLinkWithPopoverClickCount\u00bb, (ue.count(\u00abacrStarsLinkWithPopoverClickCount\u00bb) || 0) + 1);                    }                });            });                          <\/p>\n<p>Dark Rock Pro 5 incorporates 7 high-performance copper heat pipes and a special black coating with ceramic particles. As a result, this high-end cooler keeps your CPU at peak performance at all times, even in heavily overclocked systems and demanding workstations.<br \/>The 2 Silent Wings PWM fans incorporate advanced fluidodynamic bearings, smooth 6-pole motors and airflow-optimized blades. Thanks to the reduced distance between the fan blades and the frame, the front fan provides extremely high air pressure. The rubber frame of the fan prevents vibrations from being transmitted to the heat sink, which reduces overall noise.<br \/>A speed switch allows you to choose between 2 modes, each of which affects the maximum fan speed and PWM curve. Quiet Mode provides a maximum fan speed of up to 1500 rpm and is the perfect choice for normal applications. Performance Mode allows Silent Wings fans to spin up to 2000 rpm and unleash the full power of the Dark Rock Pro 5.<br \/>Thanks to its ingenious features, the installation concept is simple and elegant. Detachable mesh top cover with built-in center fan is inserted from above. An all-black mounting kit with pre-installed mounting bridge and fixing screws matches perfectly with the refrigerator&#8217;s black design.<br \/>Dark Rock refrigerators have been recognized for their distinctive design for many years. Dark Rock Pro 5 respectively follows this design and can be recognized as a Dark Rock immediately. Nonetheless, Dark Rock Pro 5 adds its own accents to the rich history of high-end heatsinks be quiet!<\/p>\n\n","protected":false},"excerpt":{"rendered":"<p> Product Description Rendimiento y silencio sin concesiones INMENSA POTENCIA DE REFRIGERACI\u00d3N Incluso con sistemas muy<\/p>","protected":false},"featured_media":39241,"comment_status":"open","ping_status":"closed","template":"","meta":[],"product_brand":[],"product_cat":[66],"product_tag":[216,2008,2010,2458,1668,2002,2014,1997,2016,6357,1378,6064,1123,3301,197,2006,1551,2022,163,1999,2023,769,2012,587,2004,3152,1010,198,1062,5311,2886],"class_list":{"0":"post-39240","1":"product","2":"type-product","3":"status-publish","4":"has-post-thumbnail","6":"product_cat-cpu-fan","7":"product_tag-air","8":"product_tag-amd-cpu-cooler","9":"product_tag-best-cpu-fan","10":"product_tag-compatibility","11":"product_tag-cooler","12":"product_tag-cpu-air-cooler","13":"product_tag-cpu-cooling-fan","14":"product_tag-cpu-fan","15":"product_tag-cpu-fan-price","16":"product_tag-dark","17":"product_tag-fans","18":"product_tag-great","19":"product_tag-heat","20":"product_tag-heatsinks","21":"product_tag-high","22":"product_tag-intel-cpu-fan","23":"product_tag-performance","24":"product_tag-pipes","25":"product_tag-pro","26":"product_tag-processor-fan","27":"product_tag-pwm","28":"product_tag-quiet","29":"product_tag-quiet-cpu-cooler","30":"product_tag-ram","31":"product_tag-rgb-cpu-cooler","32":"product_tag-rock","33":"product_tag-silent","34":"product_tag-speed","35":"product_tag-switch","36":"product_tag-vrm","37":"product_tag-wings","39":"first","40":"instock","41":"shipping-taxable","42":"product-type-external"},"_links":{"self":[{"href":"https:\/\/comprasyconsejos.store\/en\/wp-json\/wp\/v2\/product\/39240","targetHints":{"allow":["GET"]}}],"collection":[{"href":"https:\/\/comprasyconsejos.store\/en\/wp-json\/wp\/v2\/product"}],"about":[{"href":"https:\/\/comprasyconsejos.store\/en\/wp-json\/wp\/v2\/types\/product"}],"replies":[{"embeddable":true,"href":"https:\/\/comprasyconsejos.store\/en\/wp-json\/wp\/v2\/comments?post=39240"}],"version-history":[{"count":0,"href":"https:\/\/comprasyconsejos.store\/en\/wp-json\/wp\/v2\/product\/39240\/revisions"}],"wp:featuredmedia":[{"embeddable":true,"href":"https:\/\/comprasyconsejos.store\/en\/wp-json\/wp\/v2\/media\/39241"}],"wp:attachment":[{"href":"https:\/\/comprasyconsejos.store\/en\/wp-json\/wp\/v2\/media?parent=39240"}],"wp:term":[{"taxonomy":"product_brand","embeddable":true,"href":"https:\/\/comprasyconsejos.store\/en\/wp-json\/wp\/v2\/product_brand?post=39240"},{"taxonomy":"product_cat","embeddable":true,"href":"https:\/\/comprasyconsejos.store\/en\/wp-json\/wp\/v2\/product_cat?post=39240"},{"taxonomy":"product_tag","embeddable":true,"href":"https:\/\/comprasyconsejos.store\/en\/wp-json\/wp\/v2\/product_tag?post=39240"}],"curies":[{"name":"wp","href":"https:\/\/api.w.org\/{rel}","templated":true}]}}