{"id":39246,"date":"2026-03-08T05:33:14","date_gmt":"2026-03-08T05:33:14","guid":{"rendered":"https:\/\/comprasyconsejos.store\/product\/pro-folding-scan-box-scan-documents-easily-and-quickly-with-mobile-mobile-scanner-holder\/"},"modified":"2026-03-08T05:33:24","modified_gmt":"2026-03-08T05:33:24","slug":"pro-folding-scan-box-scan-documents-easily-and-quickly-with-mobile-mobile-scanner-holder","status":"publish","type":"product","link":"https:\/\/comprasyconsejos.store\/en\/product\/pro-folding-scan-box-scan-documents-easily-and-quickly-with-mobile-mobile-scanner-holder\/","title":{"rendered":"Pro | Folding Scan Box | Scan Documents Easily and Quickly with Mobile | Mobile Scanner Holder"},"content":{"rendered":"<p>Price: <span style=\"color:#b12704\">\u20ac26.39<\/span><br \/><i><small>(as of Mar 08, 2026 05:33:14 UTC &#8211; <span class=\"wp_automatic_amazon_disclaimer\" title=\"Product prices and availability are accurate as of the date\/time indicated and are subject to change. Any price and availability information displayed on [relevant Amazon Site(s), as applicable] at the time of purchase will apply to the purchase of this product.\">Details<\/span>)<\/small><\/i><\/p>\n<p><a href=\"https:\/\/amazon.es\/dp\/B07RV3KZ91?tag=man008-21\"><img decoding=\"async\" src=\"https:\/\/valvepress.s3.amazonaws.com\/imgs\/buy_now.png\"><\/a><br \/>\n<\/p>\n<p>                                             Product Description   <\/p>\n<p>                                                                             <img decoding=\"async\" alt=\"Scanlio - Esc\u00e1ner\" src=\"https:\/\/images-na.ssl-images-amazon.com\/images\/G\/01\/x-locale\/common\/grey-pixel.gif\" class=\"a-spacing-base a-lazy-loaded\" data-src=\"https:\/\/m.media-amazon.com\/images\/S\/aplus-media-library-service-media\/455cc6b4-6b7f-4582-9c3b-e254ac213eb7.__CR0,0,970,600_PT0_SX970_V1___.jpg\"><img decoding=\"async\" alt=\"Scanlio - Esc\u00e1ner\" src=\"https:\/\/m.media-amazon.com\/images\/S\/aplus-media-library-service-media\/455cc6b4-6b7f-4582-9c3b-e254ac213eb7.__CR0,0,970,600_PT0_SX970_V1___.jpg\">                                                                    <\/p>\n<p>                                                  <img decoding=\"async\" alt=\"Escanear documentos\" src=\"https:\/\/images-na.ssl-images-amazon.com\/images\/G\/01\/x-locale\/common\/grey-pixel.gif\" class=\"a-lazy-loaded\" data-src=\"https:\/\/m.media-amazon.com\/images\/S\/aplus-media-library-service-media\/0ccc96e1-4213-42a9-b9c0-61d27769165a.__CR0,0,300,300_PT0_SX300_V1___.jpg\"><img decoding=\"async\" alt=\"Escanear documentos\" src=\"https:\/\/m.media-amazon.com\/images\/S\/aplus-media-library-service-media\/0ccc96e1-4213-42a9-b9c0-61d27769165a.__CR0,0,300,300_PT0_SX300_V1___.jpg\">  <\/p>\n<p> Escanee documentos de forma f\u00e1cil y r\u00e1pida con el tel\u00e9fono m\u00f3vil de la mejor calidad. <\/p>\n<p> \u00bfBuscas una soluci\u00f3n inteligente y r\u00e1pida para escanear documentos, recibos, cartas, etc.? Entonces este esc\u00e1ner de documentos para smartphones y tabletas es exactamente lo que necesitas. El esc\u00e1ner SCANLIO es una pr\u00e1ctica caja de escaneo m\u00f3vil que le permite escanear documentos de hasta DIN A4 sin vibraciones. <\/p>\n<p>                                                  <img decoding=\"async\" alt=\"Soporte de escaneo.\" src=\"https:\/\/images-na.ssl-images-amazon.com\/images\/G\/01\/x-locale\/common\/grey-pixel.gif\" class=\"a-spacing-mini a-lazy-loaded\" data-src=\"https:\/\/m.media-amazon.com\/images\/S\/aplus-media-library-service-media\/a8599ab4-b1b8-4e88-8693-eead83d9c7b6.__CR0,0,300,300_PT0_SX300_V1___.jpg\"><img decoding=\"async\" alt=\"Soporte de escaneo.\" src=\"https:\/\/m.media-amazon.com\/images\/S\/aplus-media-library-service-media\/a8599ab4-b1b8-4e88-8693-eead83d9c7b6.__CR0,0,300,300_PT0_SX300_V1___.jpg\">  <\/p>\n<p> Lo que distingue a Scanlio: <\/p>\n<p> Pl\u00e1stico transl\u00facido, plegable y port\u00e1til, muy plano cuando est\u00e1 plegado, f\u00e1cil de montar y desmontar. <\/p>\n<p> As\u00ed de sencillo: <\/p>\n<p> Coloca el tel\u00e9fono o la tableta en la parte superior y coloca los documentos sobre el fondo negro, utiliza la aplicaci\u00f3n escaneada (para cualquier aplicaci\u00f3n de escaneo). <\/p>\n<p>                                                                             <img decoding=\"async\" alt=\"Scanlio Pro.\" src=\"https:\/\/images-na.ssl-images-amazon.com\/images\/G\/01\/x-locale\/common\/grey-pixel.gif\" class=\"a-spacing-base a-lazy-loaded\" data-src=\"https:\/\/m.media-amazon.com\/images\/S\/aplus-media-library-service-media\/826156ff-2702-4af6-a79b-82f9cec0d631.__CR0,0,970,600_PT0_SX970_V1___.jpg\"><img decoding=\"async\" alt=\"Scanlio Pro.\" src=\"https:\/\/m.media-amazon.com\/images\/S\/aplus-media-library-service-media\/826156ff-2702-4af6-a79b-82f9cec0d631.__CR0,0,970,600_PT0_SX970_V1___.jpg\">                                                                    <\/p>\n<p> Is discontinued by manufacturer                                            \u200f                                            :                                            \u200e                                            No   <br \/> Product Dimensions                                            \u200f                                            :                                            \u200e                                            30 x 40 x 32.5 cm; 520 g   <br \/> Manufacturer                                            \u200f                                            :                                            \u200e                                            SCANLIO   <br \/> ASIN                                            \u200f                                            :                                            \u200e                                            B07RV3KZ91   <br \/> Item model number                                            \u200f                                            :                                            \u200e                                            CNTech   <br \/> Guaranteed software updates until                                            \u200f                                            :                                            \u200e                                            unknown   <br \/>  Customer reviews:                                                                                            4.0               4.0 out of 5 stars                                  (429)                                              var dpAcrHasRegisteredArcLinkClickAction;                    P.when(&#8216;A&#8217;, &#8216;ready&#8217;).execute(function(A) {                        if (dpAcrHasRegisteredArcLinkClickAction !== true) {                            dpAcrHasRegisteredArcLinkClickAction = true;                            A.declarative(                                &#8216;acrLink-click-metrics&#8217;, &#8216;click&#8217;,                                { \u00aballowLinkDefault\u00bb: true },                                function (event) {                                    if (window.ue) {                                        ue.count(\u00abacrLinkClickCount\u00bb, (ue.count(\u00abacrLinkClickCount\u00bb) || 0) + 1);                                    }                                }                            );                        }                    });                                             P.when(&#8216;A&#8217;, &#8216;cf&#8217;).execute(function(A) {                A.declarative(&#8216;acrStarsLink-click-metrics&#8217;, &#8216;click&#8217;, { \u00aballowLinkDefault\u00bb : true },  function(event){                    if(window.ue) {                        ue.count(\u00abacrStarsLinkWithPopoverClickCount\u00bb, (ue.count(\u00abacrStarsLinkWithPopoverClickCount\u00bb) || 0) + 1);                    }                });            });                          <\/p>\n<p>SCAN DOCUMENTS WITH MOBILE &#8211; Do you want to scan documents easily and quickly with the best quality using your mobile? Then now use the SCANLIO Pro as a scan box for your smartphone. The scanning aid for shake-free scans.<br \/>PLACE THE MOBILE, SCAN, READY. Scanning with the mobile scanner holder couldn&#8217;t be easier: Mount the SCANLIO, place your phone or tablet on the SCANLIO so that it is aligned parallel with the document, insert the document, and use the scan app.<br \/>MOBILE SCANNING BOX &#8211; FOLDABLE AND PORTABLE &#8211; The SCANLIO, made of translucent plastic, fits on any table (desktop), quickly assembles and disassembles and stores in a folded state after use.<br \/>SUITABLE FOR ANY SCANNING APPLICATION: The SCANLIO works with all common smartphones and tablets. Before scanning, download and install a scan app, and you&#8217;re done!<br \/>Box contents &#8211; Scanlio Pro with base, distance separator, manual.<\/p>\n\n","protected":false},"excerpt":{"rendered":"<p> Product Description Escanee documentos de forma f\u00e1cil y r\u00e1pida con el tel\u00e9fono m\u00f3vil de la<\/p>","protected":false},"featured_media":39247,"comment_status":"open","ping_status":"closed","template":"","meta":[],"product_brand":[],"product_cat":[60],"product_tag":[1990,411,1982,6241,10799,1989,1983,4612,1986,1566,1275,1987,1984,1985,163,11730,3475,840,1991,1988],"class_list":{"0":"post-39246","1":"product","2":"type-product","3":"status-publish","4":"has-post-thumbnail","6":"product_cat-scanners","7":"product_tag-best-scanner","8":"product_tag-box","9":"product_tag-document-scanner","10":"product_tag-documents","11":"product_tag-easily","12":"product_tag-fast-document-scanner","13":"product_tag-flatbed-scanner","14":"product_tag-folding","15":"product_tag-high-resolution-scanner","16":"product_tag-holder","17":"product_tag-mobile","18":"product_tag-office-scanner","19":"product_tag-photo-scanner","20":"product_tag-portable-scanner","21":"product_tag-pro","22":"product_tag-quickly","23":"product_tag-scan","24":"product_tag-scanner","25":"product_tag-scanner-price","26":"product_tag-usb-scanner","28":"first","29":"instock","30":"shipping-taxable","31":"product-type-external"},"_links":{"self":[{"href":"https:\/\/comprasyconsejos.store\/en\/wp-json\/wp\/v2\/product\/39246","targetHints":{"allow":["GET"]}}],"collection":[{"href":"https:\/\/comprasyconsejos.store\/en\/wp-json\/wp\/v2\/product"}],"about":[{"href":"https:\/\/comprasyconsejos.store\/en\/wp-json\/wp\/v2\/types\/product"}],"replies":[{"embeddable":true,"href":"https:\/\/comprasyconsejos.store\/en\/wp-json\/wp\/v2\/comments?post=39246"}],"version-history":[{"count":0,"href":"https:\/\/comprasyconsejos.store\/en\/wp-json\/wp\/v2\/product\/39246\/revisions"}],"wp:featuredmedia":[{"embeddable":true,"href":"https:\/\/comprasyconsejos.store\/en\/wp-json\/wp\/v2\/media\/39247"}],"wp:attachment":[{"href":"https:\/\/comprasyconsejos.store\/en\/wp-json\/wp\/v2\/media?parent=39246"}],"wp:term":[{"taxonomy":"product_brand","embeddable":true,"href":"https:\/\/comprasyconsejos.store\/en\/wp-json\/wp\/v2\/product_brand?post=39246"},{"taxonomy":"product_cat","embeddable":true,"href":"https:\/\/comprasyconsejos.store\/en\/wp-json\/wp\/v2\/product_cat?post=39246"},{"taxonomy":"product_tag","embeddable":true,"href":"https:\/\/comprasyconsejos.store\/en\/wp-json\/wp\/v2\/product_tag?post=39246"}],"curies":[{"name":"wp","href":"https:\/\/api.w.org\/{rel}","templated":true}]}}