{"id":39272,"date":"2026-03-08T06:00:27","date_gmt":"2026-03-08T06:00:27","guid":{"rendered":"https:\/\/comprasyconsejos.store\/product\/pantum-bp2309w-wifi-monochrome-laser-printer-small-for-home-and-office-a4-20-ppm-wi-fi-direct-bluetooth-usb-airprint-mopria-with-1-original-start-toner\/"},"modified":"2026-03-08T06:00:30","modified_gmt":"2026-03-08T06:00:30","slug":"pantum-bp2309w-wifi-monochrome-laser-printer-small-for-home-and-office-a4-20-ppm-wi-fi-direct-bluetooth-usb-airprint-mopria-with-1-original-start-toner","status":"publish","type":"product","link":"https:\/\/comprasyconsejos.store\/en\/product\/pantum-bp2309w-wifi-monochrome-laser-printer-small-for-home-and-office-a4-20-ppm-wi-fi-direct-bluetooth-usb-airprint-mopria-with-1-original-start-toner\/","title":{"rendered":"PANTUM BP2309W WiFi Monochrome Laser Printer, Small for Home and Office (A4, 20 ppm, Wi-Fi Direct, Bluetooth, USB, AirPrint, Mopria), with 1 Original Start Toner"},"content":{"rendered":"<p>Price: <span style=\"color:#b12704\">\u20ac92.99<\/span><br \/><i><small>(as of Mar 08, 2026 06:00:27 UTC &#8211; <span class=\"wp_automatic_amazon_disclaimer\" title=\"Product prices and availability are accurate as of the date\/time indicated and are subject to change. Any price and availability information displayed on [relevant Amazon Site(s), as applicable] at the time of purchase will apply to the purchase of this product.\">Details<\/span>)<\/small><\/i><\/p>\n<p><a href=\"https:\/\/amazon.es\/dp\/B0CRV239PH?tag=man008-21\"><img decoding=\"async\" src=\"https:\/\/valvepress.s3.amazonaws.com\/imgs\/buy_now.png\"><\/a><br \/>\n<\/p>\n<p>                                             From the brand   <\/p>\n<p>                                              <img decoding=\"async\" alt=\"\" src=\"https:\/\/images-na.ssl-images-amazon.com\/images\/G\/01\/x-locale\/common\/grey-pixel.gif\" class=\"a-lazy-loaded\" data-src=\"https:\/\/m.media-amazon.com\/images\/S\/aplus-media-library-service-media\/afc88212-d108-4feb-9627-dd77aa133cde.__CR0,0,1464,625_PT0_SX1464_V1___.jpg\"><img decoding=\"async\" alt=\"\" src=\"https:\/\/m.media-amazon.com\/images\/S\/aplus-media-library-service-media\/afc88212-d108-4feb-9627-dd77aa133cde.__CR0,0,1464,625_PT0_SX1464_V1___.jpg\">  <\/p>\n<h3> El deseo de PANTUM <\/h3>\n<p> En PANTUM, para nosotros, el medio ambiente nunca es una ocurrencia tard\u00eda. <\/p>\n<p> Estamos comprometidos a ayudarlo a tomar decisiones ambientales m\u00e1s inteligentes. <\/p>\n<p>                                              <img decoding=\"async\" alt=\"\" src=\"https:\/\/images-na.ssl-images-amazon.com\/images\/G\/01\/x-locale\/common\/grey-pixel.gif\" class=\"a-lazy-loaded\" data-src=\"https:\/\/m.media-amazon.com\/images\/S\/aplus-media-library-service-media\/473a8c73-32a3-45cd-af46-cdcc44573df1.__CR1267,617,1233,1543_PT0_SX362_V1___.jpg\"><img decoding=\"async\" alt=\"\" src=\"https:\/\/m.media-amazon.com\/images\/S\/aplus-media-library-service-media\/473a8c73-32a3-45cd-af46-cdcc44573df1.__CR1267,617,1233,1543_PT0_SX362_V1___.jpg\">  <\/p>\n<h3> L\u00cdNEA DE PRODUCTOS COMPLETA <\/h3>\n<p> Singe-function to Multi-function <\/p>\n<p> Mono to Color <\/p>\n<p> Hardware to Printing Solutions <\/p>\n<h3> B\/N Simplicidad Bluetooth&amp;WI-FI <\/h3>\n<p class=\"apm-brand-story-stores-link\">\n<h3> Impresi\u00f3n r\u00e1pida a doble cara B\/N <\/h3>\n<p class=\"apm-brand-story-stores-link\">\n<h3> Color Impresi\u00f3n a doble cara WIFI <\/h3>\n<p class=\"apm-brand-story-stores-link\">\n<p>                                              <img decoding=\"async\" alt=\"\" src=\"https:\/\/images-na.ssl-images-amazon.com\/images\/G\/01\/x-locale\/common\/grey-pixel.gif\" class=\"a-lazy-loaded\" data-src=\"https:\/\/m.media-amazon.com\/images\/S\/aplus-media-library-service-media\/3fe203b6-0f9e-4797-8d49-52eb4c24da70.__CR848,0,1303,600_PT0_SX315_V1___.jpg\"><img decoding=\"async\" alt=\"\" src=\"https:\/\/m.media-amazon.com\/images\/S\/aplus-media-library-service-media\/3fe203b6-0f9e-4797-8d49-52eb4c24da70.__CR848,0,1303,600_PT0_SX315_V1___.jpg\">  <\/p>\n<p> Pantum es una empresa internacional que dise\u00f1a, fabrica y vende impresoras l\u00e1ser y cartuchos de t\u00f3ner fabricados en China. <\/p>\n<p> Las impresoras l\u00e1ser de la marca Pantum cuentan con tecnolog\u00edas b\u00e1sicas avanzadas y amplios sistemas de patentes desarrollados de forma aut\u00f3noma. <\/p>\n<p> La empresa se ha fijado el objetivo de ofrecer a los usuariossoluciones de impresi\u00f3n confiables, asequibles y de ahorro energ\u00e9tico. <\/p>\n<p> Product Dimensions                                            \u200f                                            :                                            \u200e                                            22 x 33.7 x 17.8 cm; 4.8 kg   <br \/> Manufacturer                                            \u200f                                            :                                            \u200e                                            PANTUM   <br \/> ASIN                                            \u200f                                            :                                            \u200e                                            B0CRV239PH   <br \/> Item model number                                            \u200f                                            :                                            \u200e                                            BP2309W   <br \/> Country\/Region of Origin                                            \u200f                                            :                                            \u200e                                            China   <br \/> Guaranteed software updates until                                            \u200f                                            :                                            \u200e                                            unknown   <br \/>  Customer reviews:                                                                                            4.4               4.4 out of 5 stars                                  (1,133)                                              var dpAcrHasRegisteredArcLinkClickAction;                    P.when(&#8216;A&#8217;, &#8216;ready&#8217;).execute(function(A) {                        if (dpAcrHasRegisteredArcLinkClickAction !== true) {                            dpAcrHasRegisteredArcLinkClickAction = true;                            A.declarative(                                &#8216;acrLink-click-metrics&#8217;, &#8216;click&#8217;,                                { \u00aballowLinkDefault\u00bb: true },                                function (event) {                                    if (window.ue) {                                        ue.count(\u00abacrLinkClickCount\u00bb, (ue.count(\u00abacrLinkClickCount\u00bb) || 0) + 1);                                    }                                }                            );                        }                    });                                             P.when(&#8216;A&#8217;, &#8216;cf&#8217;).execute(function(A) {                A.declarative(&#8216;acrStarsLink-click-metrics&#8217;, &#8216;click&#8217;, { \u00aballowLinkDefault\u00bb : true },  function(event){                    if(window.ue) {                        ue.count(\u00abacrStarsLinkWithPopoverClickCount\u00bb, (ue.count(\u00abacrStarsLinkWithPopoverClickCount\u00bb) || 0) + 1);                    }                });            });                          <\/p>\n<p>Pantum Mono 2.0-Wireless laser printer with manual duplex printing, black print speed up to 20 pages per minute, also features connectivity options such as USB 2.0 and wireless printing, ideal for home printing, corporate offices and more.<br \/>Easily install drivers for Win8.1\/Win10\/Win11. Supports one-click driver installation for other Windows and Mac systems.<br \/>Wireless printing: print wirelessly from desktops, laptops, smartphones and tablets; connect to your device using WI-FI, Pantum APP, Bluetooth, AirPrint and Mopria to print documents directly. Note: WI-FI only supports 2.4G.<br \/>Toner &#8211; The PANTUM BP2309W laser printer is compatible with PANTUM TL-A2319 (1,000 pages) and TL-A2319H (1,600 pages) original toner cartridges. Professional toner technology to reduce environmental damage. Standard one year warranty from the date of purchase.<br \/>Includes &#8211; Includes 500-page initial toner cartridge (5% coverage according to ISO\/IEC 19752), USB cable, power cable, driver installation disk, and user manual. Standard two-year warranty from date of purchase.<br \/>Printing &#8211; Starting speed less than 7.8 seconds, laser, manual, resolution up to 1200 x 600 dpi, print A4, A5, A6 plain paper, envelopes, postcards, labels and custom sizes from 60 to 163 g\/m\u00b2.<\/p>\n\n","protected":false},"excerpt":{"rendered":"<p> From the brand El deseo de PANTUM En PANTUM, para nosotros, el medio ambiente nunca<\/p>","protected":false},"featured_media":39273,"comment_status":"open","ping_status":"closed","template":"","meta":[],"product_brand":[],"product_cat":[59],"product_tag":[5527,1946,1954,726,11733,1125,626,1951,1953,1978,1977,7099,1948,585,1950,457,5525,3332,1962,1955,1949,293,11514,1981,133,543,1952,1947],"class_list":{"0":"post-39272","1":"product","2":"type-product","3":"status-publish","4":"has-post-thumbnail","6":"product_cat-printers-all-in-one","7":"product_tag-airprint","8":"product_tag-all-in-one-printer","9":"product_tag-best-all-in-one-printer","10":"product_tag-bluetooth","11":"product_tag-bp2309w","12":"product_tag-direct","13":"product_tag-home","14":"product_tag-home-printer","15":"product_tag-ink-tank-printer","16":"product_tag-laser","17":"product_tag-monochrome","18":"product_tag-mopria","19":"product_tag-multifunction-printer","20":"product_tag-office","21":"product_tag-office-printer","22":"product_tag-original","23":"product_tag-pantum","24":"product_tag-ppm","25":"product_tag-printer","26":"product_tag-printer-price","27":"product_tag-printer-scanner-copier","28":"product_tag-small","29":"product_tag-start","30":"product_tag-toner","31":"product_tag-usb","32":"product_tag-wifi","33":"product_tag-wifi-printer","34":"product_tag-wireless-printer","36":"first","37":"instock","38":"shipping-taxable","39":"product-type-external"},"_links":{"self":[{"href":"https:\/\/comprasyconsejos.store\/en\/wp-json\/wp\/v2\/product\/39272","targetHints":{"allow":["GET"]}}],"collection":[{"href":"https:\/\/comprasyconsejos.store\/en\/wp-json\/wp\/v2\/product"}],"about":[{"href":"https:\/\/comprasyconsejos.store\/en\/wp-json\/wp\/v2\/types\/product"}],"replies":[{"embeddable":true,"href":"https:\/\/comprasyconsejos.store\/en\/wp-json\/wp\/v2\/comments?post=39272"}],"version-history":[{"count":0,"href":"https:\/\/comprasyconsejos.store\/en\/wp-json\/wp\/v2\/product\/39272\/revisions"}],"wp:featuredmedia":[{"embeddable":true,"href":"https:\/\/comprasyconsejos.store\/en\/wp-json\/wp\/v2\/media\/39273"}],"wp:attachment":[{"href":"https:\/\/comprasyconsejos.store\/en\/wp-json\/wp\/v2\/media?parent=39272"}],"wp:term":[{"taxonomy":"product_brand","embeddable":true,"href":"https:\/\/comprasyconsejos.store\/en\/wp-json\/wp\/v2\/product_brand?post=39272"},{"taxonomy":"product_cat","embeddable":true,"href":"https:\/\/comprasyconsejos.store\/en\/wp-json\/wp\/v2\/product_cat?post=39272"},{"taxonomy":"product_tag","embeddable":true,"href":"https:\/\/comprasyconsejos.store\/en\/wp-json\/wp\/v2\/product_tag?post=39272"}],"curies":[{"name":"wp","href":"https:\/\/api.w.org\/{rel}","templated":true}]}}